{"id":10138,"date":"2023-01-17T21:43:40","date_gmt":"2023-01-17T19:43:40","guid":{"rendered":"https:\/\/ukrmova.iul-nasu.org.ua\/?page_id=10138"},"modified":"2023-01-23T13:01:45","modified_gmt":"2023-01-23T11:01:45","slug":"kategoryzatsiya-lingvistychnoyi-kontseptosfery-rid-imennyka","status":"publish","type":"page","link":"https:\/\/ukrmova.iul-nasu.org.ua\/en\/https-ukrmova-iul-nasu-org-ua-https-ukrmova-iul-nasu-org-ua-vypusky-zhurnalu-html-html-html-html\/2022-2\/zhurnal-ukrayinska-mova-4-84-2022\/kategoryzatsiya-lingvistychnoyi-kontseptosfery-rid-imennyka.html","title":{"rendered":"\u0421ategorization of the linguistic conceptual sphere: gender of nouns"},"content":{"rendered":"<em><strong>Iryna Kazymyrova<\/strong><\/em>, Candidate of Sciences in Philology, Senior Researcher in the Department of Grammar and Scientific Terminology, Institute of the Ukrainian Language of the National Academy of Sciences of Ukraine<br \/>\n4 Hrushevs\u02b9kyi St., Kyiv 01001, Ukraine<\/p>\n<p>\u0415-mail: kazymyrovai@gmail.com<br \/>\nhttps\/\/orcid.org\/0000-0001-6309-0363<\/p>\n<p><strong>Heading:<\/strong>\u00a0Articles<br \/>\n<strong>Language:<\/strong>\u00a0Ukrainian<\/p>\n<p><strong>Abstract<\/strong>: The article reveals the nature of such fundamental problems of cognitive linguistics as linguistic categorization. The connection between the conceptualization and categorization processes as mental procedures of obtaining, processing, storing and reproducing information is shown. It is emphasized that hierarchical relations are objectified, particularly in dictionaries of linguistic terms. The formation of grammatical categories is qualified as secondary categorization. The development of nominations for the designation of the grammatical gender category in the Ukrainian language and, accordingly, the peculiarities of categorization of this class of words has been reproduced. It is noted that a linguistic term can be represented as an element of a system in which hierarchical relations are fixed. The main types of hierarchical relations between linguistic concepts are generic (hyper-hyponymous) and partitive (part and whole) relations. These relations are quite stable and independent of the context. It is proved that the study of the evolution of the grammatical categories of the Ukrainian language, which is based on the fixation and analysis of terminological nominations from different times, makes it possible to highlight the peculiarities of the mental processes that accompany their formation and modern functioning.<\/p>\n<p><strong>Keywords<\/strong>: cognitive linguistics, categorization, linguistic term, grammatical gender category, historical terminology<\/p>\n<p><strong>LEGEND<\/strong><br \/>\nDiachan\u2033, 1865 \u2014 Diachan\u2033, P. (1865). Metodychna hramatyka iazyka malo-ruskoho. Lviv (in Ukrainian).<br \/>\nHolovats\u02b9kyi, 1849 \u2014 Holovats\u02b9kyi, Ia. (1849). Hrammatyka Ruskoho Iazyka. Lviv (in Ukrainian).<br \/>\nHrLZ, 1596 \u2014 Zyzanii, L. (1980). Hramatyka slovens\u02b9ka. (V. V. Nimchuk, Ed.). Kyiv: Naukova dumka. (Original work published 1596) (in Old Russian).<br \/>\nHrMS, 1619 \u2014 Smotryts\u02b9kyi, M. (1979). Hrammatiky Slavenskyia pravylnoe S\u03c5ntagma. (V. V. Nimchuk, Ed.). (Original work published 1619) (in Old Russian).<br \/>\nKrymskii, 1907 \u2014 Krymskii, A. (1907). Ukrainskaia grammatika dlia uchenikov vysshykh klassov\u2033, gimnazii i seminarii Pridn\u0463prov\u02b9ia (Vol. 2(1): lessons 1\u20145) Moscow: Typohrafiia Viach. Al. Hat tsun\u2033 (in Russian).<br \/>\nKurylo, 1921 \u2014 Kurylo, O. (1921). Pochatkova hramatyka ukra\u00bfns\u02b9ko\u00bf movy (Vol. 2). Lviv \u2014 Vinnytsia: Podillia. https:\/\/elib.nlu.org.ua\/object.html?id=9628 (in Ukrainian).<br \/>\nLewicki, 1834 \u2014 Lewicki, J. (1834). Grammatik der ruthenischen oder klein russischen Sprache in Galizien (Mit einer Kupfertafel). Przemysl: Gedruckt in der griech. kath. bish\u00f6flichen Buchdruckerey (in German).<br \/>\nLozinski, 1846 \u2014 Lozinski, I. (1846). Grammatyka iezyka ruskiego (maloruskiego). Przemysl (in Polish).<br \/>\nMoh\u0463l\u02b9n\u0463tsky, 1823 \u2014 Moh\u0463l\u02b9n\u0463tsky, I. (1910). Hrammatyka \u0469zyka \u03a3lavieno-ru\u03a3koh\u0460. Fil\u02b9ol\u02b9ogichni pratsi Ivana Mohyl\u02b9nyts\u02b9koho: Ukra\u00bfns\u02b9ko-rus\u02b9kyi arkhyv (Vol. 5, pp. 71\u2014225). Lviv: Ist.-fil\u02b9os. sektsiia Nauk. t-va im. Shevchenka (in Old Russian).<br \/>\nOhiienko, 1908 \u2014 Ohiienko, I. (1908). Ukra\u0457ns\u02b9ka hramatychna terminol\u02b9ogiia: Istorychnyi slovnyk ukra\u0457ns\u02b9ko\u0457 hramatychno\u0457 terminol\u02b9ogi\u0457 z peredmovoiu pro istoriiu rozvytku \u0457\u0457. Kyiv (in Ukrainian).<br \/>\nOhonovs\u02b9kyi, 1889 \u2014 Ohonovs\u02b9kyi, O. (1889). Hramatyka ruskoho iazyka dlia shkol\u2033 serednykh\u2033. Lviv: Nakladom fondu kraevoho (in Old Russian).<br \/>\nPartytsk\u0457i, 1873 \u2014 Partytsk\u0457i, Om. (1873). Hramatyka iazyka ruskoho dlia uzhytku v\u2033 shkolakh\u2033 liudovykh\u2033 v\u2033 Halychyne. Lviv (in Old Russian).<br \/>\nSherstiuk, 1907 \u2014 Sherstiuk, H. P. (1907). Korotka hramatyka dlia shkoly (Vol. 1). Poltava: Ukra\u00bfns\u02b9kyi uchytel\u02b9 (in Ukrainian).<br \/>\nSimovych, 1918 \u2014 Simovych, V. I. (1918). Praktychna hramatyka ukra\u00bfns\u02b9ko\u00bf movy. Rashtat: Vydannia Tovarystva \u201cUkra\u00bfns\u02b9kyi Rukh\u201d (in Ukrainian).<br \/>\nSyniavs\u02b9kyi, 1931 \u2014 Syniavs\u02b9kyi, O. (1931). Elementy Shevchenkovo\u00bf movy, \u00bfkh pokhodzhennia i znachinnia. Kul\u02b9tura Ukra\u0457ns\u02b9koho Slova, 1, 7\u201451. Kharkiv \u2014 Kyiv: Literatura i mystetstvo. https:\/\/elib.nlu.org.ua\/object.html?id=9626 (in Ukrainian).<br \/>\nSyniavs\u02b9kyi, 1941 \u2014 Syniavs\u02b9kyi, O. (1941). Normy ukra\u0457ns\u02b9ko\u0457 literaturno\u0457 movy. Lviv: Ukra\u0457ns\u02b9ke vydavnytstvo (in Ukrainian).<br \/>\nWagilewicz, 1845 \u2014 Wagilewicz, J. (1845). Grammatyka iezyka Maloruskiego w Galicii. Lviv: Instytut Staropugianski (in Polish).<br \/>\nZaloznyi, 1906 \u2014 Zaloznyi, P. F. (1906). Korotka hramatyka ukra\u0457ns\u02b9ko\u0457 movy (Vol. 1). Poltava (in Ukrainian).<br \/>\n\u0391\u0394\u0395\u039b\u03a6\u039f\u03a4\u0397\u03a3, 1591 \u2014 \u0391\u0394\u0395\u039b\u03a6\u039f\u03a4\u0397\u03a3. Hrammatika dobrohlaholyvaho ellyno-slovenskaho iazyka. Sovershennaho iskustva osmi chastei slova. Ko nakazan\u0457iu mnohoimenitomu Ros(s)iiskomu rodu. (1591). Lviv: V drukarny Bratskoi (in Old Russian).<\/p>\n<p><strong>REFEREN\u0421\u0415S<\/strong><br \/>\nBerlin, B., &amp; Kay, P. (1969). Basic Color Terms: Their Universality and Evolution. Berkeley: University of California Press.<br \/>\nBiskub, I. P. (2014). Linhvistychna katehoryzatsiia: Vid Arystotelia do IMAL (Isolatingmonocategorial-associational languagge). Studia Philologica, 3, 11\u201418. http:\/\/nbuv.gov.ua\/UJRN\/stfil_2014_3_3 (in Ukrainian).<br \/>\nBoiarskaia, E. L. (2011). Kategorizatsiia kak bazovaia kognitivnaia protsedura. Vestnik BFU im. I. Kanta, 2, 18\u201428 (in Russian).<br \/>\nBoldyrev, N. N. (1994). O pon\u00f8ati\u00f8ah formy, struktury i sistemy \u00f8azyka v lingvistike. In R. P. Milrud (Ed.), Poniatiinyi apparat i praktika konkretnyh lingvisticheskih issledovanii: Mezhvuzovskii sbornik nauchnykh truduv (pp. 12\u201420). Tambov: Izdatel\u02b9stvo Tambovskogo universiteta (in Russian).<br \/>\nBoldyrev, N. N. (2006). \u00b2azykovye kategorii kak format znaniia. Voprosy Kognitivnoi Lingvistiki, 2, 5\u201422 (in Russian).<br \/>\nBoldyrev, N. N. (2007). Reprezentatsiia znanii v sisteme iazyka. Voprosy Kognitivnoi Lingvistiki, 4, 17\u201428 (in Russian).<br \/>\n\u0421ruse, D. A. (1990). Prototype theory and lexical semantics. In S. Tsohatzidis (Ed.), Meanings and prototypes: studies in linguistic categorization (\u0440\u0440. 382\u2014402). London \u2014 New York: Routledge.<br \/>\nDziuba, E. V. (2015). Lingvokognitivnaia kategorizatsiia v russkom iazykovom soznanii. Ekaterinburg: Ural\u02b9skii GPU (in Russian).<br \/>\nGumbol\u02b9dt, V. fon. (2000). Izbrannye trudy po iazykoznaniiu. 2nd ed. Moscow: Progress (in Russian).<br \/>\nG\u0435eraerts, D. (2006). Cognitive Linguistics. Basic Readings. Selignow Verlagsservice. Hryshchenko, A. P. (Ed.). (1997). Suchasna ukra\u0457ns\u02b9ka literaturna mova: Pidruchnyk. Kyiv: Vyshcha shkola (in Ukrainian).<br \/>\nIvashchenko, V. L. (2006). Kontseptual\u02b9na reprezentatsiia frahmentiv znannia v naukovo-mystets\u02b9kii kartyni svitu (Na materiali ukra\u0457ns\u02b9ko\u0457 mystetstvoznavcho\u0457 terminolohi\u0457). Kyiv: Vydavnychyi Dim Dmytra Buraho (in Ukrainian).<br \/>\nIvashkevich, I. (2011). Dialektika razvitiia kategorii: Kategorizatsiia klassicheskaia vs. kategorizatsiia prototipicheskaia. Trudy Fakulteta Mezhdunarodnykh Otnoshenii: Nauchnyi Sbornik, 2, 138\u2014141. Minsk: BGUS (in Russian).<br \/>\nKay, P. (1999). The Emergence of Basic Color Lexicons Hypothesis. In A. Borg (Ed.), The Language of Color in the Mediterranean (\u0440\u0440. 53\u201469). Stockholm: Almqvist and Wiksell International.<br \/>\nKay, P., Berlin, B., Maffi L., &amp; Merrifield, W. (1997). Color naming across language. Color Categories in Thought and Language. (C. L. Hardin &amp; L. Maffi, Eds.) (\u0440\u0440. 21\u201458). Cambridge: Cambridge University Press.<br \/>\nKazymyrova, I. A. (2021). Kontseptsiia istorychnoho slovnyka linhvistychnykh terminiv. Ukra\u0457ns\u02b9ka Mova, 2(78), 90\u2014101. https:\/\/do\u00b3.\u00eerg\/10.15407\/ukrmova2021.02.090 (in Ukrainian).<br \/>\nKubriakova, E. S. (1997). Chasti rechi s kognitivnoi tochki zreniia. Moscow: RAN. Institut iazykoz naniia (in Russian).<br \/>\nKubriakova, E. S. (2004). Iazyk i znanie. Na puti polucheniia znanii o iazyke: Chasti rechi s kogni tivnoi tochki zreniia. Rol\u02b9 iazyka v poznanii mira. Moscow: Iazyki slavianskoi kul\u02b9tury (in Russian).<br \/>\nKubriakova, E. S., Dem\u02b9iankov, V. Z., Pankrats, Iu. G., &amp; Luzina, L. G. (1997). Kratkii slovar\u02b9 kognitivnykh terminov. Moscow: Filologicheskii fakul\u02b9tet MGU im. M. V. Lomonosova (in Russian).<br \/>\nLabov, W. (1973). \u0422he boundaries of words and their meanings. In C.-J. Bailey &amp; R. W. Shuy (Eds.), New Ways of Analysing Variation of English (pp. 340\u2014373). Washington, DC: Georgetown University Press.<br \/>\nLakoff, G. (1987). Women, Fire, and Dangerous Things: What Categories Reveal about the Mind. Chicago: University of Chicago Press.<br \/>\nMihailova, L. M. (2008). Kategorizatsiia kak sposob formirovaniia kontsepta \u00abgovorenie\u00bb v sovremennom angliiskom iazyke. Gumanitarnye i Sotsial\u02b9nye Nauki, 1, 86\u201490 (in Russian).<br \/>\nMoskalenko, N. A. (1959). Narys istori\u0457 ukra\u0457ns\u02b9ko\u0457 hramatychno\u0457 terminolohi\u0457. Kyiv: Radians\u02b9ka shkola (in Ukrainian).<br \/>\nNimchuk, V. V. (1980). Systematychnyi pidruchnyk tserkovnoslov\u2033iansko\u0457 movy \u00abHrammatika slovenska\u00bb L. Zyzaniia. In Lavrentii Zyzanii, Hramatyka slovenska. Kyiv: Naukova Dumka (in Ukrainian).<br \/>\nRos\u0441h, E. (1975\u0430). Cognitive reference points. Cognitive Psychology, 7, 532\u2014547.<br \/>\nRos\u0441h, E. (1975b). Human categorization. Advances in Cross-Cultural Psychology, 23\u201457. London.<br \/>\nRos\u0441h, E. N. (1973). Natural categories. Cognitive Psychology, 4, 328\u2014350.<br \/>\nRos\u0441h, E. N. (1978). Principles of categorization. In E. N. Rosh &amp; B. B. Lloyd, Cognition and Categorization (pp. 27\u201448). Hillsdale: Lawrence Erlbaum.<br \/>\nRos\u0441h, E. N. (1983). Prototype Classification and Logical Classification: The Two Systems. In E. K. Scholnick (\u0415d.), New Trends in Conceptual Representation: Challenges to Piaget\u2019s Theory? (pp. 73\u201486). Hillsdale: Lawrence Erlbaum Associates.<br \/>\nRusanivs\u02b9kyi, V. M. (2007). Hramatychna katehoriia. In V. M. Rusanivs\u02b9kyi (Ed.), Ukra\u0457ns\u02b9ka mova: Entsyklopediia (pp. 119\u2014120). Kyiv: Ukra\u0457ns\u02b9ka entsyklopediia im. M. P. Bazhana (in Ukrainian).<br \/>\nSelivanova, E. A. (2014). Kategorialnaia informatsiia kak kliuch enigmaticheskogo diskursa krossvordov. Movoznavchyi Visnyk, 18, 153\u2014161. http:\/\/nbuv.gov.ua\/UJRN\/Mv_2014_18_27 (in Russian).<br \/>\nStasiuk, T. V. (2019). Terminolohiia novitnikh tekhnolohii: Linhvosotsiokohnityvnyi aspekt. Dnipro: Zhurfond (in Ukrainian).<br \/>\nTalmi, L. (1998). Otnoshenie grammatiki k poznaniiu. Vestnik Moskovskogo Universiteta. Seriia: Filologiia, 1, 91\u2014115 (in Russian).<br \/>\nVinogradov, V. A. (1990). Taksonomiia. In V. N. Iartseva (Ed.), Lingvisticheskii entsiklopedicheskii slovar\u02b9 (p. 504). Moscow: Sovetskaia entsiklopediia (in Russian).<br \/>\nVitgenshtein, L. (1994). Filosofskie raboty (Vol. 1: Filosofskie issledovaniia (1953), pp. 165\u2014409). Moscow: Gnozis (in Russian).","protected":false},"excerpt":{"rendered":"<p>Iryna Kazymyrova, Candidate of Sciences in Philology, Senior Researcher in the Department of Grammar and Scientific Terminology, Institute of the Ukrainian Language of the National Academy of Sciences of Ukraine 4 Hrushevs\u02b9kyi St., Kyiv 01001, Ukraine \u0415-mail: kazymyrovai@gmail.com https\/\/orcid.org\/0000-0001-6309-0363 Heading:\u00a0Articles Language:\u00a0Ukrainian Abstract: The article reveals the nature of such fundamental problems of cognitive linguistics as [&hellip;]<\/p>\n","protected":false},"author":27,"featured_media":0,"parent":10122,"menu_order":0,"comment_status":"closed","ping_status":"closed","template":"page-doi.php","meta":[],"_links":{"self":[{"href":"https:\/\/ukrmova.iul-nasu.org.ua\/en\/wp-json\/wp\/v2\/pages\/10138"}],"collection":[{"href":"https:\/\/ukrmova.iul-nasu.org.ua\/en\/wp-json\/wp\/v2\/pages"}],"about":[{"href":"https:\/\/ukrmova.iul-nasu.org.ua\/en\/wp-json\/wp\/v2\/types\/page"}],"author":[{"embeddable":true,"href":"https:\/\/ukrmova.iul-nasu.org.ua\/en\/wp-json\/wp\/v2\/users\/27"}],"replies":[{"embeddable":true,"href":"https:\/\/ukrmova.iul-nasu.org.ua\/en\/wp-json\/wp\/v2\/comments?post=10138"}],"version-history":[{"count":3,"href":"https:\/\/ukrmova.iul-nasu.org.ua\/en\/wp-json\/wp\/v2\/pages\/10138\/revisions"}],"predecessor-version":[{"id":10286,"href":"https:\/\/ukrmova.iul-nasu.org.ua\/en\/wp-json\/wp\/v2\/pages\/10138\/revisions\/10286"}],"up":[{"embeddable":true,"href":"https:\/\/ukrmova.iul-nasu.org.ua\/en\/wp-json\/wp\/v2\/pages\/10122"}],"wp:attachment":[{"href":"https:\/\/ukrmova.iul-nasu.org.ua\/en\/wp-json\/wp\/v2\/media?parent=10138"}],"curies":[{"name":"wp","href":"https:\/\/api.w.org\/{rel}","templated":true}]}}