{"id":10144,"date":"2023-01-17T21:39:10","date_gmt":"2023-01-17T19:39:10","guid":{"rendered":"https:\/\/ukrmova.iul-nasu.org.ua\/?page_id=10144"},"modified":"2023-01-23T13:27:22","modified_gmt":"2023-01-23T11:27:22","slug":"l-t-masenko-strategiya-doslidzhennya-movnoyi-sytuatsiyi-v-ukrayini-ta-movnogo-rozvytku","status":"publish","type":"page","link":"https:\/\/ukrmova.iul-nasu.org.ua\/en\/https-ukrmova-iul-nasu-org-ua-https-ukrmova-iul-nasu-org-ua-vypusky-zhurnalu-html-html-html-html\/2022-2\/zhurnal-ukrayinska-mova-4-84-2022\/l-t-masenko-strategiya-doslidzhennya-movnoyi-sytuatsiyi-v-ukrayini-ta-movnogo-rozvytku.html","title":{"rendered":"L. T. Masenko: a strategy for researching the language situation in Ukraine and language development"},"content":{"rendered":"<em><strong>Svitlana Sokolova<\/strong><\/em>, Doctor of Science, Professor, Leading Researcher of the Department of culture of language, stylistics and sociolinguistics,\u00a0Institute of the Ukrainian Language of the National Academy of Sciences of Ukraine<br \/>\n4 Hrushevs\u02b9kyi St., Kyiv 01001, Ukraine<\/p>\n<p>\u0415-mail: a-senchuk@ukr.net<br \/>\nhttps:\/\/orcid.org\/0000-0003-0052-6128<\/p>\n<p><strong>Heading:<\/strong>\u00a0Articles<br \/>\n<strong>Language:<\/strong>\u00a0Ukrainian<\/p>\n<p><strong>Abstract<\/strong>: The article characterizes the works of L. Masenko, according to which the directions of research of the linguistic situation of Ukraine that are relevant today are determined, and the development of these directions in the works of other Ukrainian sociolinguists is traced. A number of the author\u2019s publications are devoted to the analysis of the Soviet language policy aimed at limiting the functions of the Ukrainian language and artificially interfering with its structure in order to bring it closer to Russian. They present a brief period of Ukrainization in the 20th century, the policy of great terror that followed, the period of Khrushchev\u2019s thaw, which was accompanied by a certain liberalization, and the subsequent period of intensified russification. In connection with the periodization of the Soviet language policy, the term linguocide was discussed.<\/p>\n<p>In several works of the scientist, the main parameters of the description of the modern language situation of Ukraine are defined. Such parameters include: the demographic power of languages, their communicative power in various spheres, in particular in the system of education, science, culture, mass media, and state administration. Equally important is attention to intergenerational features of communication, axiological parameters, etc. It was emphasized\u00a0that the screening of the state of affairs in these areas should be regular, territorially oriented and carried out according to comparative methods. These features of the language situation are carefully covered in a collective monograph based on the results of an international scientific project under the leadership of Iu. Besters-Dilger (2006\u20142008) and in the materials of the next project under the leadership of M. Wingender (2016\u20142019), in which L. T. Masenko took part. The specified parameters are still relevant. In connection with the study of language behavior, the concept of language stability, which was proposed by O. Tkachenko at one time, was discussed. Attention is focused on topical issues of sociolinguistics, in particular, the study of the surzhyk phenomenon, which is ambiguously interpreted in the literature, with the involvement of a wide range of factual material. The importance of preparing materials for the formation of a scientifically based state language policy (a topic that L. T. Masenko is actively working on), in particular in the field of protecting the languages of indigenous peoples and the use of languages of national minorities, was also emphasized.<\/p>\n<p><strong>Keywords<\/strong>: sociolinguistics, Ukrainian language, Surzhyk, language policy, linguicide, language stability<\/p>\n<p><strong>REFERENCES<\/strong><br \/>\nBesters-Dilger, \u0406u. (Ed.). (2009). Language policy and language situation in Ukraine: analysis and recommendations. Frankfurt am Main: Peter Lang.<br \/>\nBesters-Dilher, Iu. (Ed.). (2010). Movna polityka ta movna sytuatsiia v Ukra\u0457ni: Analiz i rekomendatsi\u0457. Kyiv: Vydavnychyi dim \u201cKyievo-Mohylians\u02b9ka akademiia\u201d (in Ukrainian).<br \/>\nBrytsyn, V. M. (2007). Sotsiolinhvistyka. In V. M. Rusanivs\u02b9kyi &amp; O. O. Taranenko (Eds.), Ukra\u0457ns\u02b9ka mova: Entsykopediia (p. 654). Kyiv: Vydavnytstvo \u201cUkra\u0457ns\u02b9ka entsyklopediia\u201d im. M. P. Bazhana (in Ukrainian).<br \/>\nChaplenko, V. (1974). Movna polityka bilshovykiv na Ukra\u0457ni v 1950\u201460-kh rr. Chicago: Ukra\u0457ns\u02b9kyi Publitsystychno-Naukovyi Instytut (in Ukrainian).<br \/>\nDanylenko, A. (2007). The Ukrainian Language in Documents and in Reality [Review of the book: Ukra\u0457ns\u02b9ka mova u XX stori\u0441hchi: istoriia linhvotsydu; dokumenty i materialy, by L. Masenko, V. Kubaichuk, &amp; O. Dems\u02b9ka-\u041aul\u02b9chyts\u02b9ka, Eds.). Harvard Ukrainian Studies, 29(1\u20144), 421\u2014429.<br \/>\nDanylevs\u02b9ka, O. M. (2019). Ukra\u0457ns\u02b9ka mova v ukra\u0457ns\u02b9kii shkoli na pochatku XXI stolittia: Sotsiolinhvistychni narysy. Kyiv: Vydavnychyi dim \u201cKyievo-Mohylians\u02b9ka akademiia\u201d (in Ukrainian).<br \/>\nDziuba, I. M. (1998). Internatsionalizm chy rusyfikatsiia? Kyiv: Vydavnychyi dim \u00abKyievo-Mohylians\u02b9ka akademiia\u00bb. (Original work published 1966) (in Ukrainian).<br \/>\nGogolin, I. (2001). The Linguistic Marketplace. In R. Mesthrie (Ed.), Concise Encyclopedia of Sociolinguistics (\u0440p. 612\u2014613). Amsterdam \u2014 New York \u2014 Oxford \u2014 Shannon \u2014 Singapore \u2014 Tokyo: Elsevier.<br \/>\nKubaichuk V. (2020). Khronolohiia movnykh podii v Ukra\u0457ni: Zovnishnia istoriia ukra\u0457ns\u02b9ko\u0457 movy \u0406\u0425\u2014\u0425\u0425 st. Kyiv: K.I.S. (in Ukrainian).<br \/>\nMasenko, L. T. (1990). Svii do svoho: Notatky z pershoho konhresu Mizhnarodno\u0457 asotsiatsi\u0457 ukra\u0457nistiv u Kyievi. Ukra\u0457na, 45 (lystop.), 18\u201419 (in Ukrainian).<br \/>\nMasenko, L. T. (1991). Oseredok ukra\u0457ns\u02b9ko\u0457 nauky za rubezhem (Ohliad diial\u02b9nosti UVAN v N\u02b9iu-Iorku). Visnyk Akademi\u0457 Nauk Ukra\u0457ns\u02b9ko\u0457 RSR, 1, 56\u201460 (in Ukrainian).<br \/>\nMasenko, L. T. (1998). Vstupne slovo. In Iu. Shevel\u02b9ov, Ukra\u0457ns\u02b9ka mova v pershii polovyni dvadtsiatoho stolittia (1900\u20141941). Stan i status (pp. 5\u20146). Chernivtsi: Ruta (in Ukrainian).<br \/>\nMasenko, L. T. (2002). Movna stiikist\u02b9 ta movna stabil\u02b9nist\u02b9. Naukovi Zapysky NaUKMA. Vol. 20: Filolohichni Nauky, 11\u201414 (in Ukrainian).<br \/>\nMasenko, L. (2004a). Mova i polityka. Kyiv: Soniashnyk (in Ukrainian).<br \/>\nMasenko, L. (2004b). Mova i suspil\u02b9stvo: Postkolonialnyi vymir. Kyiv: Vydavnychyi dim \u201cKyievo-Mohylians\u02b9ka akademiia\u201d (in Ukrainian).<br \/>\nMasenko, L. (2005a). Movna polityka v URSR: Istoriia linhvotsydu. In L. Masenko, V. Kubaichuk,&amp; O. Demska-Kulchytska (Eds.), Ukra\u0457ns\u02b9ka mova u \u0425\u0425 storichchi: Istoriia linhvotsydu.<br \/>\nDokumenty i materialy (pp. 5\u201436). Kyiv: Vydavnychyi dim \u201cKyievo-Mohylians\u02b9ka akademiia\u201d (in Ukrainian).<br \/>\nMasenko, L. T. (2005b). Ukra\u0457ns\u02b9ka mova v sotsiolinhvistychnomu aspekti [Extended summary for the Doctor of Philological Sciences, Instytut ukra\u0457ns\u02b9ko\u0457 movy NAN Ukra\u00bfny]. Kyiv: Vydavnychyi dim \u201cKyievo-Mohylians\u02b9ka akademiia\u201d (in Ukrainian).<br \/>\nMasenko, L. (2008a). Surzhyk: Istoriia formuvannia, suchasnyi stan, perspektyvy funktsionuvannia. In G. Hentschel, &amp; S. Zaprudski (Eds.), Studia Slavica Oldenburgensia. Belarusian Trasjanka and Ukra\u00bfnian Sur\u017eyk: Strustural and social aspects of their description and categorization (pp. 1\u201434). Oldenburg (in Ukrainian).<br \/>\nMasenko, L. (2008b). Ukra\u0457ns\u02b9ka sotsiolinhvistyka: Vyvchennia problem movno\u0457 polityky. Ukra\u0457ns\u02b9ka Mova, 1, 13\u201423 (in Ukrainian).<br \/>\nMasenko, L. (2009a). Vidsutnist\u02b9 derzhavno\u0457 movno\u0457 polityky iak chynnyk politychno\u0457 kryzy v Ukra\u0457ni. Visnyk Lvivskoho Universytetu: Seriia Filolohichna, 46(1), 26\u201433 (in Ukrainian).<br \/>\nMasenko, L. (2009b). Te, shcho Hrushevs\u02b9kyi zrobyv dlia ukra\u0457ns\u02b9ko\u0457 istori\u0457, \u0456\u0430 zrobyv dlia ukra\u0457ns\u02b9ko\u0457 movy. Peredmova. In Iu. Shevel\u02b9ov, Vybrani pratsi: U dvokh kn. (L. Masenko, Ed.). (Vol. 1: Movoznavstvo, pp. 5\u201425). Kyiv: Vydavnychyi dim \u201cKyievo-Mohylians\u02b9ka akademiia\u201d (in Ukrainian).<br \/>\nMasenko, L. T. (2010a). Movna sytuatsiia Ukra\u0457ny: Sotsiolinhvistychnyi analiz. In Iu. Besters-Dilher (Ed.), Movna polityka ta movna sytuatsiia v Ukra\u0457ni: Analiz i rekomendatsi\u0457 (pp. 96\u2014131). Kyiv: Vydavnychyi dim \u201cKyievo-Mohylians\u02b9ka akademiia\u201d (in Ukrainian).<br \/>\nMasenko, L. T. (2010b). Narysy z sotsiolinhvistyky. Kyiv: Vydavnychyi dim \u00abKyievo-Mohylians\u02b9ka akademiia\u00bb (in Ukrainian).<br \/>\nMasenko, L. (2011). Surzhyk: Mizh movoiu i iazykom. Kyiv: Vydavnychyi dim \u201cKyievo-Mohylians \u02b9ka akademiia\u201d (in Ukrainian).<br \/>\nMasenko, L. T. (2012). Radians\u02b9ka spadshchyna v movnii politytsi Ukra\u0457ny. In B. M. Azhniuk (Ed.), Ekolohiia movy i movna polityka v suchasnomu suspil\u02b9stvi (pp. 65\u201472). Kyiv: Vydavnychyi dim Dmytra Buraho (in Ukrainian).<br \/>\nMasenko, L. T. (2013a). Manipuliatyvni stratehi\u0457 dyskryminatsi\u0457 ukra\u0457ns\u02b9ko\u0457 movy na telebachenni radians\u02b9ko\u0457 i postradians\u02b9ko\u0457 Ukra\u0457ny. Movoznavstvo, 5, 83\u201488 (in Ukrainian).<br \/>\nMasenko, L. T. (2013b). Movna polityka v Ukra\u0457ni (1991\u20142011 rr.). In Jazykov\u00e9 pr\u00e1vo a slovansk\u00e9 jazyky (pp. 58\u201475). Prague: Filozofick\u00e1 fakulta Univerzity Karlovy (in Ukrainian).<br \/>\nMasenko, L. T. (2017a). Mova radians\u02b9koho totalitaryzmu. Kyiv: Klio (in Ukrainian).<br \/>\nMasenko, L. T. (2017b). Suchasni vyklyky, zavdannia i perspektyvy v osvitnii sferi Ukra\u0457ny. In Utverdzhennia ukra\u0457ns\u02b9ko\u0457 movy v osviti ta kulturi: Materialy naukovo\u0457 konferentsi\u0457 (27 kvitnia 2017 r.) (pp. 102\u2014111). Kyiv: Prosvita (in Ukrainian).<br \/>\nMasenko, L. T. (2018). Movnyi konflikt v Ukra\u0457ni: Shliakhy rozviazannia. Ukra\u0457ns\u02b9ka Mova, 2(66), 20\u201435. https:\/\/ doi.org\/10.15407\/ukrmova2018.02.020 (in Ukrainian).<br \/>\nMasenko, L. (2019a). Surzhyk: Mizh movoiu i iazykom. Kyiv: Vydavnychyi dim \u201cKyievo-Mohylians\u02b9ka akademiia\u201d (in Ukrainian).<br \/>\nMasenko, L. T. (2019b). Movna polityka Ukra\u0457ny v 2017\u20142019 rokakh. Ukra\u0457ns\u02b9ka Mova, 3(71), 40\u201451. https:\/\/doi.org\/10.15407\/ukrmova2019.03.040 (in Ukrainian).<br \/>\nMasenko, L. (2020). Language Conflict in Ukraine: Finding of Settlement. In D. M\u00fcller, &amp; M. Wingender (Eds.), Discourse and Practice of Bilingualism. Contemporary Ukraine \u2014 Interdisziplin\u00e4re Studien zum \u00f6stlichen Europa (Vol. 7, pp. 31\u201442). Wiesbaden: Harrassowitz Verlag.<br \/>\nMasenko, L. (2020a). Konflikt mov ta identychnostei u postradians\u02b9kii Ukra\u0457ni. Kyiv: Klio (in Ukrainian).<br \/>\nMasenko, L. T. (2020b). Movna sytuatsiia Ukra\u0457ny z pohliadu sotsiolinhvistiv. Dyvoslovo, 10, 24\u201426 (in Ukrainian).<br \/>\nMasenko, L. (2021). The language policy of Ukraine in 2017\u20142019. In D. M\u00fcller, &amp; M. Wingender (Eds.), Language Politics, Language Situations and Conflicts in Multilingual Societies. Case Studies from Contemporary Russia, Ukraine and Belarus \u2014 Interdisziplin\u00e4re Studien zum \u00f6stlichen Europa (Vol. 12, \u0440\u0440. 111\u2014121). Wiesbaden: Harrassowitz Verlag.<br \/>\nMasenko, L., &amp; Shumarova, N. (1990). Optymistychnyi frahment u sumnii melodii: Deiaki aspekty movno\u0457 sytuatsi\u0457 na Ukra\u0457ni. Nauka i Suspil\u02b9stvo, 3(berez.), 2\u20144 (in Ukrainian).<br \/>\nMatveieva, N. (2022). Dvomovnist\u02b9 u suchasnomu komunikatyvnomu prostori Kyieva. Kyiv. Vydavnychyi dim \u201cKyievo-Mohylians\u02b9ka akademiia\u201d (in Ukrainian).<br \/>\nMesthrie, R. (Ed.). (2001). Concise Encyclopedia of Sociolinguistics. Amsterdam \u2014 New York \u2014 Oxford \u2014 Shannon \u2014 Singapore \u2014 Tokyo: Elsevier.<br \/>\nMikhal\u02b9chenko, V. Iu. (Ed.). (2016). Iazyk i obshchestvo. Entsiklopediia. Moscow: Izdatelskii tsentr \u201cAzbukovnik\u201d (in Russian).<br \/>\nM\u00fcller, D., &amp; Wingender, M. (Eds.). (2020). Discourse and Practice of Bilingualism. Contemporary Ukraine and Russia \/ Tatarstan \u2014 Interdisziplin\u00e4re Studien zum \u00f6stlichen Europa (Vol. 7). Wiesbaden: Harrassowitz Verlag.<br \/>\nM\u00fcller, D., &amp; Wingender, M. (Eds.). (2021). Language Politics, Language Situations and Conflicts in Multilingual Societies. Case Studies from Contemporary Russia, Ukraine and Belarus \u2014 Interdisziplin\u00e4re Studien zum \u00f6stlichen Europa (Vol. 12). Wiesbaden: Harrassowitz Verlag.<br \/>\nRenchka, I. Ie. (2018). Leksykon totalitaryzmu. Kyiv: Klio (in Ukrainian).<br \/>\nRenchka, I. Ie. (2020). Movna povedinka ta movna stiikist\u02b9 ukra\u0457ntsiv v umovakh rosiis\u02b9ko-ukra\u0457ns\u02b9ko\u0457 viiny (Za romanom Tamary Horikha Zernia \u201cDotsia\u201d). Ukra\u0457ns\u02b9ka Mova, 3(75), 75\u201491. https:\/\/do\u0456.org\/10.15407\/ukrmova2020.03.075 (in Ukrainian).<br \/>\nShevelov, Iu. (1998). Ukra\u0457ns\u02b9ka mova v pershii polovyni dvadtsiatoho stolittia (1900\u20141941). Stan i status. Chernivtsi: Ruta. (Original work published 1987) (in Ukrainian).<br \/>\nSkutnabb-Kangas, T., &amp; Phillipson, R. (2001). Linguicide. In R. Mesthrie (Ed.), Concise Encyclopedia of Sociolinguistics (pp. 567\u2014570). Amsterdam \u2014 New York \u2014 Oxford \u2014 Shannon \u2014 Singapore \u2014 Tokyo: Elsevier.<br \/>\nSmal\u02b9-Stots\u02b9kyi, R. (1969). Ukra\u0457ns\u02b9ka mova v soviets\u02b9kii Ukra\u0457ni. Druhe poshyrene vydannia. Niu York \u2014 Toronto \u2014 Sidnei \u2014 Paryzh: Ukra\u0457ns\u02b9ke tovarystvo im. T. Shevchenka (inUkrainian).\u0457<br \/>\nSokolova, S. O. (2019). Pershi pidsumky mizhnarodnoho proiektu. Ukra\u0457ns\u02b9ka Mova, 3(71), 52\u201466. https:\/\/doi.org\/ 10.15407\/ukrmova2019.03.052 (in Ukrainian).<br \/>\nSokolova, S. O., Danylevs\u02b9ka, O. M., &amp; Ruda, O. H. (2018). Terytorial\u02b9ni ta sotsiokul\u02b9turni aspekty funktsionuvannia suchasnykh slov\u2033ianskykh mov iak derzhavnykh. In Slov\u2033ians\u02b9ki obrii. Dopovidi ukra\u0457ns\u02b9kykh uchasnykiv XVI Mizhnarodnoho z\u2033\u0457zdu slavistiv (m. Belhrad, Serbiia, 20\u201427 serpnia 2018 r.). (Vol. 9, pp. 145\u2014169). Kyiv: Natsional\u02b9na biblioteka Ukra\u0457ny im. V. I. Vernads\u02b9koho (in Ukrainian).<br \/>\nTkach, L., &amp; Trach, N. (2012). Povernutysia do svoho materyka. In T. O. Patrusheva (Ed.), Masenko Larysa Terenti\u0457vna. Biobibliohrafichnyi pokazhchyk (pp. 5\u201478). Kyiv: Vydavnychyi dim \u201cKyievo-Mohylians\u02b9ka akademiia\u201d (in Ukrainian).<br \/>\nVan den Berghe, P. L. (2001). Power Differentials and Language. In R. Mesthrie (Ed.), Concise Encyclopedia of Sociolinguistics (pp. 597\u2014604). Amsterdam \u2014 New York \u2014 Oxford \u2014 Shannon \u2014 Singapore \u2014 Tokyo: Elsevier.<br \/>\nVigouroux, C. B. (2001). Symbolic Power and Language. In R. Mesthrie (Ed.), Concise Encyclopedia of Sociolinguistics (pp. 610\u2014612). Amsterdam \u2014 New York \u2014 Oxford \u2014 Shannon \u2014 Singapore \u2014 Tokyo: Elsevier.<br \/>\nZalizniak, H. M., &amp; Masenko, L. T. (2001). Movna sytuatsiia Kyieva: Den\u02b9 s\u02b9ohodnishnii ta pryideshnii. Kyiv: Vydavnychyi dim \u201cKyievo-Mohylians\u02b9ka akademiia\u201d (in Ukrainian).","protected":false},"excerpt":{"rendered":"<p>Svitlana Sokolova, Doctor of Science, Professor, Leading Researcher of the Department of culture of language, stylistics and sociolinguistics,\u00a0Institute of the Ukrainian Language of the National Academy of Sciences of Ukraine 4 Hrushevs\u02b9kyi St., Kyiv 01001, Ukraine \u0415-mail: a-senchuk@ukr.net https:\/\/orcid.org\/0000-0003-0052-6128 Heading:\u00a0Articles Language:\u00a0Ukrainian Abstract: The article characterizes the works of L. Masenko, according to which the directions [&hellip;]<\/p>\n","protected":false},"author":27,"featured_media":0,"parent":10122,"menu_order":0,"comment_status":"closed","ping_status":"closed","template":"page-doi.php","meta":[],"_links":{"self":[{"href":"https:\/\/ukrmova.iul-nasu.org.ua\/en\/wp-json\/wp\/v2\/pages\/10144"}],"collection":[{"href":"https:\/\/ukrmova.iul-nasu.org.ua\/en\/wp-json\/wp\/v2\/pages"}],"about":[{"href":"https:\/\/ukrmova.iul-nasu.org.ua\/en\/wp-json\/wp\/v2\/types\/page"}],"author":[{"embeddable":true,"href":"https:\/\/ukrmova.iul-nasu.org.ua\/en\/wp-json\/wp\/v2\/users\/27"}],"replies":[{"embeddable":true,"href":"https:\/\/ukrmova.iul-nasu.org.ua\/en\/wp-json\/wp\/v2\/comments?post=10144"}],"version-history":[{"count":7,"href":"https:\/\/ukrmova.iul-nasu.org.ua\/en\/wp-json\/wp\/v2\/pages\/10144\/revisions"}],"predecessor-version":[{"id":10288,"href":"https:\/\/ukrmova.iul-nasu.org.ua\/en\/wp-json\/wp\/v2\/pages\/10144\/revisions\/10288"}],"up":[{"embeddable":true,"href":"https:\/\/ukrmova.iul-nasu.org.ua\/en\/wp-json\/wp\/v2\/pages\/10122"}],"wp:attachment":[{"href":"https:\/\/ukrmova.iul-nasu.org.ua\/en\/wp-json\/wp\/v2\/media?parent=10144"}],"curies":[{"name":"wp","href":"https:\/\/api.w.org\/{rel}","templated":true}]}}