{"id":10345,"date":"2023-04-12T12:40:53","date_gmt":"2023-04-12T09:40:53","guid":{"rendered":"https:\/\/ukrmova.iul-nasu.org.ua\/?page_id=10345"},"modified":"2023-04-12T12:40:53","modified_gmt":"2023-04-12T09:40:53","slug":"cemantyka-i-lingvokulturnyj-potentsial-komparatyvnyh-paremij-na-materiali-zbirky-matviya-nomysa-ukrayinski-prykazky-prysliv-ya-i-take-inshe","status":"publish","type":"page","link":"https:\/\/ukrmova.iul-nasu.org.ua\/en\/https-ukrmova-iul-nasu-org-ua-https-ukrmova-iul-nasu-org-ua-vypusky-zhurnalu-html-html-html-html\/2023-2\/zhurnal-ukrayinska-mova-1-85-2023\/cemantyka-i-lingvokulturnyj-potentsial-komparatyvnyh-paremij-na-materiali-zbirky-matviya-nomysa-ukrayinski-prykazky-prysliv-ya-i-take-inshe.html","title":{"rendered":"Semantics and linguocultural potential of comparative paremias (Based on the material from the collection of Matviy Nomys \u201cUkrainian sayings, proverbs, and so on\u201d)"},"content":{"rendered":"<em><strong>Maksym Bondarenko<\/strong><\/em>, Postgraduate student in the Department of the Ukrainian Language and Applied Linguistics<br \/>\nInstitute of Philology Taras Shevchenko National University of Kyiv<br \/>\n14 Taras Shevchenko Blvd, Kyiv 01601, Ukraine<\/p>\n<p>E-mail: bondarenko.maxim97@gmail.com<br \/>\nhttps:\/\/orcid.org\/0000-0001-9569-8015<\/p>\n<p><strong>Heading:<\/strong>Young Scholars Articles<br \/>\n<strong>Language:<\/strong> Ukrainian<\/p>\n<p><strong>Abstract<\/strong>:\u00a0The article is devoted to the analysis of comparative paremias with a conjunctive component, attested in the collection of Matviy Nomys \u201cUkrainian sayings, proverbs, and so on\u201d. These comparative constructions are classified taking into account the semantic features of lexemes denoting objects of comparison, 4 thematic groups of the considered units are distinguished: paremias with the object of comparison \u201cNature\u201d, paremias with the object of comparison \u201cMan\u201d, paremias with the object of comparison \u201cElements of everyday life\u201d, paremies with the object of comparison \u201cElements of folk-religious beliefs\u201d, as well as subgroups of each of them. Using the examples of core subgroups of 2 thematic groups, it was shown that the considered paremias are a valuable informative source for studying the specifics of the Ukrainian language of the 19th century, the way of thinking of our ancestors, and the reconstruction of the partially lost fragments of the linguistic and, accordingly, conceptual world pictures of the Ukrainians of that time. The linguocultural potential of comparative paremias is considered on specific examples. A thorough analysis of the paremi\u00f1 units attested in the collection of Matviy Nomys also<br \/>\nallowed us to trace the lexical and dialectal features of the Ukrainian language of that period. In particular, the study showed that the paremias contains an extremely large number of archaic lexemes, each of them helps to delve deeper into the linguistic world of our ancestors, and also a considerable number of considered units are regionally marked, that is, they contain dialectisms.<\/p>\n<p><strong>Keywords<\/strong>: comparative paremias, thematic group, object of comparison, linguistic picture of the world of Ukrainians of the 19th century, linguocultural code.<\/p>\n<p><strong>LEGEND<\/strong><br \/>\n<strong>\u0413.<\/strong> \u2014 Hrinchenko, B. (compiler). (1907\u20141909). <em>Dictionary of the Ukrainian Language<\/em> (Vols. 1\u20144). Kyiv (in Ukrainian).<br \/>\n<strong>\u041d.<\/strong> \u2014 Nomys, M. (Ed.) (1993). <em>Ukrainian sayings, proverbs, and so on<\/em>. Kyiv: Lybid (in Ukrainian).<br \/>\n<strong>\u0421\u0423\u041c<\/strong> \u2014 Bilodid, I.K., Horetskyi, P.I., Buriachok, A.A., Hnatiuk, H.M., Shvydka, N.I., Dotsenko, P.P., \u2026 Holovashchuk, S.I (Ed.). (1970\u20141980). <em>Dictionary of the Ukrainian language: in 11 vols<\/em>. (Vol. 4: I\u2014M; Vol. 8: Pryroda\u2014Riakhtlyvyi. Kyiv: Naukova dumka (in Ukrainian).<\/p>\n<p><strong>REFERENCES<\/strong><br \/>\nBulashev, H.O. (1992). <em>Ukrainian People in Their Legends, Religious Views and Beliefs: Cosmogonic Ukrainian Folk Views and Beliefs<\/em>. Kyiv: Dovira (in Ukrainian).<br \/>\nCherkas, N.V. (2007). To the Problem of the Definition of Paremiological Units. <em>Humanitarian Herald. Series: Foreign philology: All-Ukrainian collection of scientific papers<\/em>, 531\u2014538 (in Ukrainian).<br \/>\nHavrylova, V.V. (2015). Theoretical Foundations of the Study of Paremias. <em>Scientific papers of Berdyansk State Pedagogical University. Series Philology, 7<\/em>, 11\u201420 (in Ukrainian).<br \/>\nHnatiuk, L. (2020). Phraseological items with oikonym and deoikonym components as manifestation of the ukrainians\u2019 historical memory. <em>Studia Ucrainica Varsoviensia, 8<\/em>, 21\u201428 (in Ukrainian).<br \/>\nHnatiuk, L. (2021\u00e0). Hagionyms and their derivatives in the language world model of the Ukrainians in the 19th century (as evidenced in the Matviy Nomys collection \u00abUkrainian sayings, proverbs and the like\u00bb). <em>Scientific Bulletin of Uzhhorod National University. Series Philology, 1<\/em>(45), 182\u2014188 (in Ukrainian).<br \/>\nHnatiuk, L.P. (2021b). Occasional coinages in 19th century Ukrainian paroemias: their meaning, derivation, and use in modern communication. <em>S\u0142owotw\u00f3rstwo w przestrzeni komunikacyjnej pod redakcj\u0105 Paw\u0142a Kowalskiego<\/em>, 85\u201498 [Monographs in Slavic Studies. Slavica]. Warszawa (in Ukrainian).<br \/>\nKoloiz, Zh.V., Maliuha, N.M., &amp; Sharmanova, N.M. (2014). <em>Ukrainian paremiology: a textbook for students of philological specialties of higher educational institutions<\/em>. Kryvyi Rih: KPI DVNZ \u201cKNU\u201d (in Ukrainian).<br \/>\nKovalska, N.A. (2004). Semantiko-stylistik functions of paremia: theoretical aspect. <em>Culture of Black Sea People, 47<\/em>, 22\u201428 (in Ukrainian).<br \/>\nKuza, A.M. (2009). Religious Phraseology in Collections of M. Nomys \u201cUkrainian sayings, proverbs and the like\u201d and I. Franko \u201cGalician-Ruthenian Folk Paroemias\u201d. <em>Printing and publishing. Social communications, 1<\/em>, 28\u201440 (in Ukrainian).<br \/>\nMatsko, L.I. and others. (2003). <em>Stylistics of the Ukrainian language: Textbook<\/em>. Kyiv: Vyshcha shkola (in Ukrainian).<br \/>\nProkopchuk, L. (2009). Comparative Constructions in the System of the Components Formal Syntactic Structure of Simple Sentence. <em>Scientific Papers of the Vinnytsia Mykhailo Kotsiubynskyi State Pedagogical University. Series: Philology, 11<\/em>, 136\u2014140 (in Ukrainian).<br \/>\nSaltovska, N. (2014). Shevchenko\u2019s Aphorisms and Folk Paroemia: Typological Parallels. <em>Mythology and folklore, 1\u20142<\/em>, 17\u201421 (in Ukrainian).<br \/>\nShulha, S.Ya. (2015). Comparative relations based on Ukrainian and English proverbs. <em>International Humanitarian University Herald. Philology, 19<\/em>(2), 137\u2014140 (in Ukrainian).<br \/>\nYuskiv, B. (2013). Paremia picture of the world: the problems of investigation. <em>Studia Ucrainica Posnaniensia, 1<\/em>, 67\u201473 (in Ukrainian).<br \/>\nZdikhovska, T.V. (2014). Paremias as a component of phraseology in the prose of B. Lepky and U. Samchuk. <em>Scientific papers of Berdyansk State Pedagogical University, 4<\/em>, 67\u201475 (in Ukrainian).<br \/>\nZhaivoronok, V. (2006). <em>Signs of the Ukrainian Ethnoculture: Dictionary-Reference Book<\/em>. Kyiv: Dovira (in Ukrainian).","protected":false},"excerpt":{"rendered":"<p>Maksym Bondarenko, Postgraduate student in the Department of the Ukrainian Language and Applied Linguistics Institute of Philology Taras Shevchenko National University of Kyiv 14 Taras Shevchenko Blvd, Kyiv 01601, Ukraine E-mail: bondarenko.maxim97@gmail.com https:\/\/orcid.org\/0000-0001-9569-8015 Heading:Young Scholars Articles Language: Ukrainian Abstract:\u00a0The article is devoted to the analysis of comparative paremias with a conjunctive component, attested in the [&hellip;]<\/p>\n","protected":false},"author":27,"featured_media":0,"parent":10302,"menu_order":0,"comment_status":"closed","ping_status":"closed","template":"page-doi.php","meta":[],"_links":{"self":[{"href":"https:\/\/ukrmova.iul-nasu.org.ua\/en\/wp-json\/wp\/v2\/pages\/10345"}],"collection":[{"href":"https:\/\/ukrmova.iul-nasu.org.ua\/en\/wp-json\/wp\/v2\/pages"}],"about":[{"href":"https:\/\/ukrmova.iul-nasu.org.ua\/en\/wp-json\/wp\/v2\/types\/page"}],"author":[{"embeddable":true,"href":"https:\/\/ukrmova.iul-nasu.org.ua\/en\/wp-json\/wp\/v2\/users\/27"}],"replies":[{"embeddable":true,"href":"https:\/\/ukrmova.iul-nasu.org.ua\/en\/wp-json\/wp\/v2\/comments?post=10345"}],"version-history":[{"count":2,"href":"https:\/\/ukrmova.iul-nasu.org.ua\/en\/wp-json\/wp\/v2\/pages\/10345\/revisions"}],"predecessor-version":[{"id":10347,"href":"https:\/\/ukrmova.iul-nasu.org.ua\/en\/wp-json\/wp\/v2\/pages\/10345\/revisions\/10347"}],"up":[{"embeddable":true,"href":"https:\/\/ukrmova.iul-nasu.org.ua\/en\/wp-json\/wp\/v2\/pages\/10302"}],"wp:attachment":[{"href":"https:\/\/ukrmova.iul-nasu.org.ua\/en\/wp-json\/wp\/v2\/media?parent=10345"}],"curies":[{"name":"wp","href":"https:\/\/api.w.org\/{rel}","templated":true}]}}