{"id":10821,"date":"2024-03-11T18:28:27","date_gmt":"2024-03-11T16:28:27","guid":{"rendered":"https:\/\/ukrmova.iul-nasu.org.ua\/?page_id=10821"},"modified":"2024-03-11T18:29:35","modified_gmt":"2024-03-11T16:29:35","slug":"ukrayinski-govirky-pivnichnogo-pidlyashshya-istoryko-kulturnyj-kontekst","status":"publish","type":"page","link":"https:\/\/ukrmova.iul-nasu.org.ua\/en\/ukrayinski-govirky-pivnichnogo-pidlyashshya-istoryko-kulturnyj-kontekst.html","title":{"rendered":"Ukrainian dialects of Northern Pidlasie: historical and cultural context"},"content":{"rendered":"<strong><em>Maryna <\/em><em>Tkachuk<\/em><\/strong>, Candidate of Sciences in Philology, Senior Researcher in the Department of Dialectology<br \/>\nInstitute of the Ukrainian Language of the National Academy of Sciences of Ukraine<br \/>\n4 Mykhailo Hrushevskyi St., Kyiv 01001, Ukraine<\/p>\n<p>\u0415-mail: tkachuk_maryna@ukr.net<br \/>\nhttps:\/\/orcid.org\/0000-0002-4165-7741<\/p>\n<p><strong>Heading:<\/strong>\u00a0Articles<br \/>\n<strong>Language:<\/strong>\u00a0Ukrainian<\/p>\n<p><strong>Abstract<\/strong>:\u00a0The article deals with the current sociolinguistic situation in the autochthonous Ukrainian dialects of Northern Podlasie (the territory of Poland) against the background of historical and cultural circumstances in which they have existed, especially in \u0425\u0425 and early \u0425\u0425I century. Particular attention is paid to the triad of \u201cconfessional \u2013 ethnic \u2013 linguistic affiliation\u201d; the inculcation of the idea of \u201cBelarusianness\u201d to the population of this dialectal area, which has influenced the modern linguistic and ethnic consciousness of dialect speakers. The peculiarities of language education in Northern Podlasie are also analyzed.<\/p>\n<p>The factors that led to the preservation of Northern Podlasie dialects in multicultural conditions and, in fact, in the absence of direct contacts with Ukrainian dialects of the metropolis are identified; and on the other hand, the leveling of ethnic consciousness while preserving the specific language code. The current linguistic situation in the Northern Podlasie dialects is determined by the following main factors: age group of respondents, social status, occupation, family traditions, and, to a large extent, the size of the society, which determines the vitality of the dialect or, conversely, the loss of its prestige. The features of linguistic self-identification by modern speakers of Northern Podlasie dialects are investigated. The role of the idiolect in forming the portrait of the lateral dialect is studied. The tendency to the stability of idiolects in the context of the tangible dynamics of the dialect space is emphasized.<\/p>\n<p>The article also examines the written tradition of Northern Podlasie in the dialect, texts in the dialect of various functional styles, and different views on the status of Northern Podlasie dialects, including an attempt to establish a \u201cPodlasie literary micro-language\u201d. Dialectal features in the onomasticon and written microtexts of some other types are analyzed.<\/p>\n<p><strong>Keywords:<\/strong> Ukrainian North Podlasie dialects, Ukrainian dialects in a foreign language environment, preservation of lateral dialects, language enclave, Ukrainian dialects of the borderlands.<\/p>\n<p><strong>LEGEND<\/strong><\/p>\n<p><strong>\u0410\u0423\u041c<\/strong> \u2013 <em>Atlas of the Ukrainian language: <\/em><em>in 3 vols<\/em><em>. <\/em>(1984\u20132001). Vol.\u00a02: Volyn, Naddnistrianshchyna, Transcarpathia region and adjacent lands. Kyiv: Naukova dumka (\u0456n Ukrainian).<br \/>\n<strong>\u041d\u0411\u0456\u041d\u0435<\/strong> \u2013 <em>Nad<\/em> <em>Buhom<\/em> <em>i<\/em> <em>Narvoju<\/em>. (2024). Retrieved January\u00a015, 2024 from (\u0456n Ukrainian).<br \/>\n<strong>\u0421\u0423\u041f<\/strong> \u2013 The Association of Ukrainians in Podlasie<em>, official website<\/em>. Retrieved January\u00a010, 2024 from <a href=\"https:\/\/zup.org.pl\/uk\/\">https:\/\/zup.org.pl\/uk\/<\/a> (\u0456n Ukrainian).<br \/>\n<strong>AGP<\/strong> \u2013 Dejna, K., Gala, S., Zdaniukiewicz, A.,\u00a0&amp; Czy\u017cewski, F. (2000). <em>Atlas of the Polish dialects<\/em>. T.\u00a02. <em>Mazovia<\/em>. Warsaw: Polish Academy of Sciences; Committee on Linguistics; Dissemination of Science \u2013 Education \u201cUN-O\u201d (in Polish).<br \/>\n<strong>AGWB<\/strong> \u2013 <em>Atlas of Eastern Slavic dialects of Bialystok region<\/em>. (1980\u20132012). Vols.\u00a0I\u2013X. Wroclaw \u2013 Warsaw \u2013 Crakow \u2013 Gdansk \u2013 Lodz (\u0456n Polish).<\/p>\n<p><strong>REFERENCES<\/strong><\/p>\n<p>Arkushyn, H. (2007). <em>Voices from <\/em><em>Podlasie<\/em> <em>(Texts).<\/em> Lutsk: RVV \u201cVezha\u201d Volynskoho derzhavnoho universytetu imeni Lesi Ukrainky (\u0456n Ukrainian).<br \/>\nArkushyn, H. (2014). <em>Folk vocabulary of Western Polissya<\/em>. Lutsk: Skhidnoievropeiskyi natsionalnyi universytet imeni Lesi Ukrainky (\u0456n Ukrainian).<br \/>\nArkushyn, H. (2017). Are the terms Western Polissya and Volyn-Polissya dialects identical? <em>The Ukrainian language on the axis of time. To Vasyl Nimchuk<\/em> (p\u0440.\u00a055\u201362). Kyiv: KMM (\u0456n Ukrainian).<br \/>\nArkushyn, H. (2019). Khakhlacky language in Podlasie. <em>Ukrainian language<\/em><em>, 1<\/em>, 115\u2013125 (\u0456n Ukrainian).<br \/>\nArkushyn, H. (2022). <em>Ukrainian dialects of Podlasie: modern oral speech<\/em>. Lutsk: FOP Ivaniuk V.P. (\u0456n Ukrainian).<br \/>\nAugustyniak-\u017bmuda, G. (2023). Language biographies of displaced persons from the eastern provinces of the Second Polish Republic living in the Lubuski region. Warsaw: Institute of Slavic Studies, Polish Academy of Sciences; Slavic Foundation (\u0456n Polish).<br \/>\nBidnoshyia, Yu. (2022). The phenomenon of written dialect texts (naive poetry of Northern Podlasie). <em>Bulletin of Ivan Franko State University <\/em><em>of<\/em><em> Zhytomyr. Philological sciences<\/em><em>, 1<\/em>(96), 52\u201374 (\u0456n Ukrainian).<br \/>\nChmelyk, R. (2019). Linguistic, ethnographic and religious criteria of self-identification of the borderland population. <em>The Polish-Ukrainian borderland: ethnopolitical, linguistic and religious criteria of self-identification of the population: a monograph<\/em> (\u0440\u0440.\u00a034\u201350). Lviv: Natsionalna akademiia nauk Ukrainy, Instytut ukrainoznavstva im. I.\u00a0Krypiakevycha (\u0456n Ukrainian).<br \/>\nCzy\u017cewski, F. (2013). <em>Anthroponyms of the Polish-Eastern Slavic borderland in the light of grave inscriptions. <\/em>Vol.\u00a0I, Glossary of names. Lublin: Polihymnia (\u0456n Polish).<br \/>\nDejna, K. (2009). From the methodology of research of peripheral and island dialects (p.\u00a0493\u2013498). <em>Dejna, K. Selected writings in Polish and Slavic studies<\/em>. Lodz: Lodz University Press (in Polish).<br \/>\nGritsenko, P.Ye. (2015). The dialectal phenomenon: ontology and gnosiology. <em>Studies in Slavic dialectology.<\/em> 17. <em>The fate of Slavic dialects and prospects of Slavic dialectology in the XXI century<\/em>, 9\u201359. Moscow: Inst\u0456tut slavianoviedieniia RAN (\u0456n Russian).<br \/>\nHavryliuk, Yu. (1988). <em>Suggestions for recording Pudliasky dialects. On the rights of the manuscript<\/em>. Bielsk. Retrieved January 15, 2024 from https:\/\/chtyvo.org.ua\/authors\/Havryliuk_Yurii\/Propozytsii_zapysu_pidliaskykh_dialektiv\/ (\u0456n Ukrainian).<br \/>\nHavryliuk, Yu. (1997). Our towns and villages. Vocabulary (Vol. 10). <em>Above the Bug and Narva<\/em>, <em>6<\/em>(37), 26\u201327 (\u0456n Ukrainian).<br \/>\nHavryliuk, Yu. (2013). <em>From Volodymyr\u2019s <\/em><em>campaigns<\/em><em> to the Cur<\/em><em>z<\/em><em>on line<\/em>. Toronto: Z-Land Committee; Bialystok: Publishing Agency EkoPress (\u0456n Polish, Ukrainian and English).<br \/>\nHavryliuk, Yu. (2022). The results of the 1921 census in the Bielsk district against the background of previous statistical and linguistic research. <em>Ukrainian<\/em> <em>almanac<\/em> (\u0440p.\u00a082\u201390). Warsaw: Obiednannia ukraintsiv u Polshchi (\u0456n Ukrainian).<br \/>\nHavryliuk, Yu. [b.\u00a0r.]. Ukrainians and the Belarusian-Russian problem in Podlasie: myths and facts. <em>Haidamaka.<\/em> <em>Independent informational and educational resource.<\/em> Retrieved January\u00a014, 2024 from http:\/\/www.haidamaka.org.ua\/0109.html (\u0456n Ukrainian).<br \/>\nHavryliuk, Yu., &amp; Labovych, L. (2016). <em>Pidlashshia<\/em><em> \u2013 <\/em><em>Pudliashie<\/em><em> \u2013 <\/em><em>Podlasze<\/em><em>. <\/em><em>The publication is timed to the 25th anniversary of the Ukrainian magazine of Podlasie \u201cNad Buhom i Narvoiu\u201d. <\/em>Bielsk Podlaski: Union of Ukrainians of Podlasie (\u0456n Ukrainian and Polish).<br \/>\nHawryliuk, Yu. (2005). Who we are? What are our language and history? <em>A special supplement to the journal issue, 3 \u201cNad Buhom i Narvoiu\u201d<\/em>. Bielsk Podlaski: [without a publisher] (\u0456n Polish).<br \/>\nHawryliuk, Yu. (2021). How many of our people are in Podlasie? <em>Ukrainians in Podlasie. History \u2013 language \u2013 culture<\/em> (\u0440\u0440. 53\u201359). Bielsk: Editorial office of the Ukrainian journal of Podlasie \u201cNad Buhom i Narwoiu\u201d (\u0456n Ukrainian).<br \/>\nHorbach, O. (1970). Podlasie dialects. <em>Encyclopedia of Ukrainian studies. Dictionary part<\/em> (Vol.\u00a0VI, pp.\u00a02083\u20132084). Paris \u2013 New York: Molode zhyttia (\u0456n Ukrainian).<br \/>\nIhnatiuk, I. (2014). <em>What do we know about Podlasie?<\/em> Retrieved January 10, 2024 from https:\/\/spadok.org.ua\/pidlyashshya\/scho-my-zna-mo-pro-pidlyashshya (\u0456n Ukrainian).<br \/>\nKondratiuk, M. (1974). <em>Place names of the Southeastern Bialystok region<\/em>. Wroclaw: Ossoli\u0144ski National Institute. Publishing House of Polish Academy of Sciences. (\u0456n Polish).<br \/>\nKondratiuk, M. (2008). Official and dialectal names of localities of southern Bialystok region. Localities with two names. <em>The dialects of northern Podlasie<\/em> (\u0440\u0440.\u00a069\u201379). Puchly: Podlasie Heritage Association; Bielsk Podlaski: Union of Ukrainians of Podlasie (\u0456n Polish).<br \/>\nKuraszkiewicz, W. (1985). The most important Ruthenian linguistic phenomena in the dialects between the Bug and the Narew rivers (\u0440\u0440.\u00a021\u201337).<em> Kuraszkiewicz,<\/em><em>\u00a0<\/em><em>W. Ruthenica<\/em>. Warsaw: State Scientific Publishing House (\u0456n Polish).<br \/>\nLabovych, L. (2019). <em>Chronology and statistics of the development of Ukrainian language teaching in Northern Podlasie in 1994<\/em><em>\u2013<\/em><em>2019<\/em>. Retrieved January\u00a013, 2024 https:\/\/osvita.org.pl\/uploads\/images\/02\/96_41.pdf (\u0456n Ukrainian).<br \/>\nLesiv, M. (1997). <em>Ukrainian dialects in Poland<\/em>. Warsaw: Ukrainskyi arkhiv (\u0456n Ukrainian).<br \/>\nObr\u0119bska-Jab\u0142o\u0144ska, A. (Ed.) (1972). <em>Dialectal texts of Bialystok region with linguistic commentary : a collective work. <\/em>Warsaw: State Scientific Publishing House (\u0456n Polish).<br \/>\nRembiszewska, D.K. (2007). The dialect lexis of Podlasie. <em>Studies in Polish and Slavic Philology,<\/em> <em>42<\/em>, 104\u2013122 (\u0456n Polish).<br \/>\nSajewicz, M. (2008). The issue of ethno-linguistic affiliation of Orthodox residents of the Hajnuwka district in the Bialystok region. <em>The dialects of northern Podlasia<\/em> (\u0440\u0440.\u00a069\u201379). Puchly: Podlasie Heritage Association; Bielsk Podlaski: Union of Ukrainians of Podlasie (\u0456n Polish).<br \/>\nSerhijchuk, V. (2008). <em>Ethnic borders and the state border of Ukraine<\/em>. Kyiv: PP\u00a0Serhiichuk M.I. (\u0456n Ukrainian).<br \/>\nTkachuk, M.M. (2022). The Western Polissia area and the standard of the Ukrainian literary language: factors and mechanisms of interaction. <em>Bulletin of Taras Shevchenko National University<\/em> <em>of Kyiv. Literary studies. Linguistics. Folkloristics<\/em><em>, <\/em><em>32<\/em>, 76\u201384 (\u0456n Ukrainian).","protected":false},"excerpt":{"rendered":"<p>Maryna Tkachuk, Candidate of Sciences in Philology, Senior Researcher in the Department of Dialectology Institute of the Ukrainian Language of the National Academy of Sciences of Ukraine 4 Mykhailo Hrushevskyi St., Kyiv 01001, Ukraine \u0415-mail: tkachuk_maryna@ukr.net https:\/\/orcid.org\/0000-0002-4165-7741 Heading:\u00a0Articles Language:\u00a0Ukrainian Abstract:\u00a0The article deals with the current sociolinguistic situation in the autochthonous Ukrainian dialects of Northern Podlasie [&hellip;]<\/p>\n","protected":false},"author":27,"featured_media":0,"parent":0,"menu_order":0,"comment_status":"closed","ping_status":"closed","template":"page-doi.php","meta":[],"_links":{"self":[{"href":"https:\/\/ukrmova.iul-nasu.org.ua\/en\/wp-json\/wp\/v2\/pages\/10821"}],"collection":[{"href":"https:\/\/ukrmova.iul-nasu.org.ua\/en\/wp-json\/wp\/v2\/pages"}],"about":[{"href":"https:\/\/ukrmova.iul-nasu.org.ua\/en\/wp-json\/wp\/v2\/types\/page"}],"author":[{"embeddable":true,"href":"https:\/\/ukrmova.iul-nasu.org.ua\/en\/wp-json\/wp\/v2\/users\/27"}],"replies":[{"embeddable":true,"href":"https:\/\/ukrmova.iul-nasu.org.ua\/en\/wp-json\/wp\/v2\/comments?post=10821"}],"version-history":[{"count":4,"href":"https:\/\/ukrmova.iul-nasu.org.ua\/en\/wp-json\/wp\/v2\/pages\/10821\/revisions"}],"predecessor-version":[{"id":10825,"href":"https:\/\/ukrmova.iul-nasu.org.ua\/en\/wp-json\/wp\/v2\/pages\/10821\/revisions\/10825"}],"wp:attachment":[{"href":"https:\/\/ukrmova.iul-nasu.org.ua\/en\/wp-json\/wp\/v2\/media?parent=10821"}],"curies":[{"name":"wp","href":"https:\/\/api.w.org\/{rel}","templated":true}]}}