{"id":11439,"date":"2025-04-02T21:58:19","date_gmt":"2025-04-02T18:58:19","guid":{"rendered":"https:\/\/ukrmova.iul-nasu.org.ua\/?page_id=11439"},"modified":"2026-01-26T12:04:32","modified_gmt":"2026-01-26T10:04:32","slug":"zhurnal-ukrayinska-mova-1-93-2025","status":"publish","type":"page","link":"https:\/\/ukrmova.iul-nasu.org.ua\/en\/zhurnal-ukrayinska-mova-1-93-2025.html","title":{"rendered":"Journal Ukrainian Language \u2013 \u2116 1 (93) 2025"},"content":{"rendered":"<h3>CONTENTS<\/h3>\n<p><strong>Articles<\/strong><\/p>\n<p><em>Volodymyr Barchuk<br \/>\n<\/em>Structure of linguistic personality: psycholinguistic and ethnolinguistic aspects<br \/>\n\/<span dir=\"ltr\" role=\"presentation\">\/ Ukrainian Language, 2025, \u2116 1 (93):3\u201323 \u2022 Language: Ukrainian \u2022 <a href=\"https:\/\/ukrmova.iul-nasu.org.ua\/en\/zhurnal-ukrayinska-mova-1-93-2025\/struktura-movnoyi-osobystosty-psyholingvistychnyj-ta-etnolingvistychnyj-aspekty.html\">Abstract<\/a> \u2022 <a href=\"https:\/\/ukrmova.iul-nasu.org.ua\/wp-content\/uploads\/sites\/8\/2025\/04\/3..pdf\">PDF<\/a><\/span><\/p>\n<p><em>Ruslana Kotsa<br \/>\n<\/em>History of the first person plural pronoun form in Slavic languages<br \/>\n\/<span dir=\"ltr\" role=\"presentation\">\/ Ukrainian Language, 2025, \u2116 1 (93):24\u201342 \u2022 Language: Ukrainian \u2022 <a href=\"https:\/\/ukrmova.iul-nasu.org.ua\/en\/zhurnal-ukrayinska-mova-1-93-2025\/istoriya-formy-zajmennyka-pershoyi-osoby-mnozhyny-u-slov-yanskyh-movah.html\">Abstract<\/a> \u2022 <a href=\"https:\/\/ukrmova.iul-nasu.org.ua\/wp-content\/uploads\/sites\/8\/2025\/04\/4.-Kotsa.pdf\">PDF<\/a><\/span><\/p>\n<p><em>Alla Taran<br \/>\n<\/em>Secondary nominations in the context of Russia&#8217;s full-scale war against Ukraine<br \/>\n\/<span dir=\"ltr\" role=\"presentation\">\/ Ukrainian Language, 2025, \u2116 1 (93):43\u201351 \u2022 Language: Ukrainian \u2022 <a href=\"https:\/\/ukrmova.iul-nasu.org.ua\/en\/zhurnal-ukrayinska-mova-1-93-2025\/vtorynni-nominatsiyi-v-konteksti-povnomasshtabnoyi-vijny-rosiyi-proty-ukrayiny.html\">Abstract<\/a> \u2022 <a href=\"https:\/\/ukrmova.iul-nasu.org.ua\/wp-content\/uploads\/sites\/8\/2025\/04\/5..pdf\">PDF<\/a><\/span><\/p>\n<p><em>Iryna Shkitska<br \/>\n<\/em>The opposition of \u201cmasculine \u2013 feminine\u201d in Polish and Ukrainian proverbs<br \/>\n\/<span dir=\"ltr\" role=\"presentation\">\/ Ukrainian Language, 2025, \u2116 1 (93):52\u201368 \u2022 Language: Ukrainian \u2022 <a href=\"https:\/\/ukrmova.iul-nasu.org.ua\/en\/zhurnal-ukrayinska-mova-1-93-2025\/opozytsiya-choloviche-zhinoche-u-polskyh-i-ukrayinskyh-paremiyah.html\">Abstract<\/a> \u2022 <a href=\"https:\/\/ukrmova.iul-nasu.org.ua\/wp-content\/uploads\/sites\/8\/2025\/04\/6..pdf\">PDF<\/a><\/span><\/p>\n<p><em>Iryna Kazymyrova<br \/>\n<\/em>Experience and prospects of Ukrainian historical linguoterminography in the pan-Slavic context<br \/>\n\/<span dir=\"ltr\" role=\"presentation\">\/ Ukrainian Language, 2025, \u2116 1 (93):69\u201377 \u2022 Language: Ukrainian \u2022 <a href=\"https:\/\/ukrmova.iul-nasu.org.ua\/en\/zhurnal-ukrayinska-mova-1-93-2025\/dosvid-i-perspektyvy-ukrayinskoyi-istorychnoyi-lingvoterminografiyi-v-zagalnoslov-yanskomu-konteksti.html\">Abstract<\/a> \u2022 <a href=\"https:\/\/ukrmova.iul-nasu.org.ua\/wp-content\/uploads\/sites\/8\/2025\/04\/7..pdf\">PDF<\/a><\/span><\/p>\n<p><em>Andrii Kolesnykov<br \/>\n<\/em>Morphological paradigm in the context of dialect grammar<br \/>\n\/<span dir=\"ltr\" role=\"presentation\">\/ Ukrainian Language, 2025, \u2116 1 (93):78\u201388 \u2022 Language: Ukrainian \u2022 <a href=\"https:\/\/ukrmova.iul-nasu.org.ua\/en\/zhurnal-ukrayinska-mova-1-93-2025\/morfologijna-paradygma-v-konteksti-dialektnoyi-gramatyky.html\">Abstract<\/a> \u2022 <a href=\"https:\/\/ukrmova.iul-nasu.org.ua\/wp-content\/uploads\/sites\/8\/2025\/04\/8..pdf\">PDF<\/a><\/span><\/p>\n<p><em>Oleksandr Bohomolets-Barash<br \/>\n<\/em>The Non-ukrainian world in the Ukrainian dialect space: a view through the prism of proper names<br \/>\n\/<span dir=\"ltr\" role=\"presentation\">\/ Ukrainian Language, 2025, \u2116 1 (93):89\u2013106 \u2022 Language: Ukrainian \u2022 <a href=\"https:\/\/ukrmova.iul-nasu.org.ua\/en\/zhurnal-ukrayinska-mova-1-93-2025\/pozaukrayinskyj-svit-v-ukrayinskomu-dialektnomu-prostori-poglyad-kriz-pryzmu-proprialnoyi-leksyky.html\">Abstract<\/a> \u2022 <a href=\"https:\/\/ukrmova.iul-nasu.org.ua\/wp-content\/uploads\/sites\/8\/2025\/04\/9..pdf\">PDF<\/a><\/span><\/p>\n<p><em>Tetiana Syvokozova<br \/>\n<\/em>Little-known Ukrainian monument \u201cReshetylivka&#8217;s Didactic Gospel\u201d<br \/>\n\/<span dir=\"ltr\" role=\"presentation\">\/ Ukrainian Language, 2025, \u2116 1 (93):107\u2013116 \u2022 Language: Ukrainian \u2022 <a href=\"https:\/\/ukrmova.iul-nasu.org.ua\/en\/zhurnal-ukrayinska-mova-1-93-2025\/malovidoma-ukrayinska-pam-yatka-reshetylivske-uchytelne-yevangeliye.html\">Abstract<\/a> \u2022 <a href=\"https:\/\/ukrmova.iul-nasu.org.ua\/wp-content\/uploads\/sites\/8\/2025\/04\/10..pdf\">PDF<\/a><\/span><\/p>\n<p><strong>Scientific figures of Ukrainian linguists<\/strong><\/p>\n<p><em>Mykhailo Bihusiak<br \/>\n<\/em>\u201cWork was the crown of his daily being and daily acts\u201d: a memoir about the famous linguist Mykola Lesyuk (25.02.1940\u201312.11.2024)<br \/>\n<span class=\"fontstyle0\">\/<\/span><span class=\"fontstyle0\"><span dir=\"ltr\" role=\"presentation\">\/ Ukrainian Language, 2025, \u2116 1 (93):117\u2013125 \u2022 Language: Ukrainian \u2022 <a href=\"https:\/\/ukrmova.iul-nasu.org.ua\/en\/pratsya-bula-vintsem-jogo-shhodennogo-buttya-i-shhodennogo-chynu-spogad-pro-vidomogo-movoznavtsya-mykolu-lesyuka-25-02-1940-12-11-2024.html\">Information<\/a> \u2022 <a href=\"https:\/\/ukrmova.iul-nasu.org.ua\/wp-content\/uploads\/sites\/8\/2025\/04\/11.-Bigusyak.pdf\">PDF<\/a><\/span><\/span><\/p>\n<p><strong>Surveys<\/strong> <strong>and<\/strong> <strong>Reviews<\/strong><\/p>\n<p><em>Hryhoryi Arkushyn<br \/>\n<\/em>What manuscripts do not get old\u2026 (Something about the <em>old <\/em><strong><em>\u2053<\/em><\/strong> a <em>new <\/em>work by M. Lesev)<br \/>\nReview of: Micha\u0142 \u0141esi\u00f3w.<em> Nazewnictwo terenowe Lubelszczyzny z ukrain\u0301skimi cechami fonetycznymi.<\/em> Lublin \u2013 Kij\u00f3w: Wydawnictwo Archidiecezji Lubelskiej \u201cGaudium\u201d, 2024 (in Polish)<br \/>\n<span class=\"fontstyle0\">\/<\/span><span class=\"fontstyle0\"><span dir=\"ltr\" role=\"presentation\">\/ Ukrainian Language, 2025, \u2116 1 (93):126\u2013129 \u2022 Language: Ukrainian \u2022 <a href=\"https:\/\/ukrmova.iul-nasu.org.ua\/en\/pratsya-bula-vintsem-jogo-shhodennogo-buttya-i-shhodennogo-chynu-spogad-pro-vidomogo-movoznavtsya-mykolu-lesyuka-25-02-1940-12-11-2024\/zhurnal-ukrayinska-mova-1-93-2025\/yaki-rukopysy-ne-stariyut-deshho-pro-staru-novu-pratsyu-m-leseva-retsenziya-na-michal-lesiow-nazewnictwo-terenowe-lubelszczyzny-z-ukrain-skimi-cechami-fonetycznymi-lublin-kijow-wydawnictwo-archidie.html\">Information<\/a> \u2022 <a href=\"https:\/\/ukrmova.iul-nasu.org.ua\/wp-content\/uploads\/sites\/8\/2025\/04\/12.-Arkushyn.pdf\">PDF<\/a><\/span><\/span><\/p>\n<p><strong>Information<\/strong><\/p>\n<p>Dear subscribers of the \u201cUkrainian language\u201d magazine, we would like to inform you that from 2025, the terms of subscription to our publication have changed. You can subscribe to the magazine \u201cUkrainian language\u201d on the website of SA \u201cUkrinformnauka\u201d: http:\/\/surl.li\/nkiabu<\/p>\n<p class=\"tw-data-text tw-text-large tw-ta\" dir=\"ltr\" data-placeholder=\"\u041f\u0435\u0440\u0435\u0432\u043e\u0434\" data-ved=\"2ahUKEwi_trTumrmMAxXLBdsEHWCkJdwQ3ewLegQICBAV\" aria-label=\"\u041f\u0435\u0440\u0435\u0432\u0435\u0434\u0435\u043d\u043d\u044b\u0439 \u0442\u0435\u043a\u0441\u0442: Publication requirements\"><strong><span class=\"Y2IQFc\" lang=\"en\">Publication requirements<br \/>\n<\/span><\/strong><span class=\"fontstyle0\">\/<\/span><span class=\"fontstyle0\"><span dir=\"ltr\" role=\"presentation\">\/ Ukrainian Language, 2025, \u2116 1 (93):132 \u2022 Language: Ukrainian \u2022 Information \u2022 <a href=\"https:\/\/ukrmova.iul-nasu.org.ua\/wp-content\/uploads\/sites\/8\/2025\/04\/13.-Vymogy.pdf\">PDF<\/a><\/span><\/span><\/p>\n<p>&nbsp;<\/p>\n<p dir=\"ltr\" data-placeholder=\"\u041f\u0435\u0440\u0435\u0432\u043e\u0434\" data-ved=\"2ahUKEwi_trTumrmMAxXLBdsEHWCkJdwQ3ewLegQICBAV\" aria-label=\"\u041f\u0435\u0440\u0435\u0432\u0435\u0434\u0435\u043d\u043d\u044b\u0439 \u0442\u0435\u043a\u0441\u0442: Publication requirements\">","protected":false},"excerpt":{"rendered":"<p>CONTENTS Articles Volodymyr Barchuk Structure of linguistic personality: psycholinguistic and ethnolinguistic aspects \/\/ Ukrainian Language, 2025, \u2116 1 (93):3\u201323 \u2022 Language: Ukrainian \u2022 Abstract \u2022 PDF Ruslana Kotsa History of the first person plural pronoun form in Slavic languages \/\/ Ukrainian Language, 2025, \u2116 1 (93):24\u201342 \u2022 Language: Ukrainian \u2022 Abstract \u2022 PDF Alla Taran [&hellip;]<\/p>\n","protected":false},"author":27,"featured_media":0,"parent":0,"menu_order":0,"comment_status":"closed","ping_status":"closed","template":"page-gurnal.php","meta":[],"_links":{"self":[{"href":"https:\/\/ukrmova.iul-nasu.org.ua\/en\/wp-json\/wp\/v2\/pages\/11439"}],"collection":[{"href":"https:\/\/ukrmova.iul-nasu.org.ua\/en\/wp-json\/wp\/v2\/pages"}],"about":[{"href":"https:\/\/ukrmova.iul-nasu.org.ua\/en\/wp-json\/wp\/v2\/types\/page"}],"author":[{"embeddable":true,"href":"https:\/\/ukrmova.iul-nasu.org.ua\/en\/wp-json\/wp\/v2\/users\/27"}],"replies":[{"embeddable":true,"href":"https:\/\/ukrmova.iul-nasu.org.ua\/en\/wp-json\/wp\/v2\/comments?post=11439"}],"version-history":[{"count":57,"href":"https:\/\/ukrmova.iul-nasu.org.ua\/en\/wp-json\/wp\/v2\/pages\/11439\/revisions"}],"predecessor-version":[{"id":12138,"href":"https:\/\/ukrmova.iul-nasu.org.ua\/en\/wp-json\/wp\/v2\/pages\/11439\/revisions\/12138"}],"wp:attachment":[{"href":"https:\/\/ukrmova.iul-nasu.org.ua\/en\/wp-json\/wp\/v2\/media?parent=11439"}],"curies":[{"name":"wp","href":"https:\/\/api.w.org\/{rel}","templated":true}]}}