{"id":11501,"date":"2025-04-02T20:43:31","date_gmt":"2025-04-02T17:43:31","guid":{"rendered":"https:\/\/ukrmova.iul-nasu.org.ua\/?page_id=11501"},"modified":"2026-01-29T00:54:21","modified_gmt":"2026-01-28T22:54:21","slug":"dosvid-i-perspektyvy-ukrayinskoyi-istorychnoyi-lingvoterminografiyi-v-zagalnoslov-yanskomu-konteksti","status":"publish","type":"page","link":"https:\/\/ukrmova.iul-nasu.org.ua\/en\/dosvid-i-perspektyvy-ukrayinskoyi-istorychnoyi-lingvoterminografiyi-v-zagalnoslov-yanskomu-konteksti.html","title":{"rendered":"Experience and prospects of Ukrainian historical linguoterminography in the pan-Slavic context"},"content":{"rendered":"<em><strong>Iryna Kazymyrova<\/strong>, <\/em>Candidate of Sciences in Philology,\u00a0Senior Researcher\u00a0in\u00a0the Department of Grammar and Scientific Terminology<br \/>\nInstitute of the Ukrainian Language of the National Academy of Sciences of Ukraine<br \/>\n4 Mykha\u0456lo Hrushevskyi St., Kyiv 01001, Ukraine<\/p>\n<p>\u0415-mail: kazymyrovai@gmail.com<br \/>\nhttps:\/\/orcid.org\/0000-0001-6309-0363<\/p>\n<p><strong>Heading:<\/strong>\u00a0Articles<br \/>\n<strong>Language:<\/strong>\u00a0Ukrainian<\/p>\n<p><strong>Abstract<\/strong>:\u00a0The article analyses scientific research in the field of Slavic linguistic terminology over the last century. It demonstrates that, despite numerous studies on the history of linguistic terms, there are few historical dictionaries of grammatical terms in Slavic studies. It emphasises that the theory of historical linguistic terminography in Ukraine was initiated by I.I.\u00a0Ohiienko, and further developed by T.V.\u00a0Baimut and V.V.\u00a0Nimchuk.<br \/>\nPresently, there are three centres for such research. In Slovenia, work is underway to establish a diachronic database of linguistic terminology, which will provide a foundation for the investigation of Slovenian linguistic terminology. The objective of its creation is to present the evolution of Slovenian linguistic terminology from a diachronic perspective. This will demonstrate the limitations of traditional, prescriptive, terminological dictionaries. Additionally, it will facilitate the establishment of a model for a descriptive dictionary that can be applied across other disciplines.<br \/>\nPolish linguists are finalising their work on a project to create an electronic dictionary of grammatical terms. The project, entitled S\u0142ownik historyczny termin\u00f3w gramatycznych online (https:\/\/shtg.uw.edu.pl\/), is based on a large number of sources and aims to create a database that would allow tracing the history of Polish grammatical terminology and showing the contexts of its formation in different periods.<br \/>\nThe Historical Dictionary of Linguistic Terms, a project being developed by researchers of the Scientific Terminology Group of the Institute of the Ukrainian Language of the National Academy of Sciences of Ukraine, covers the period from the sixteenth century to the mid-twentieth century. The dictionary entry includes: a vocabulary or register word; the modern definition of the term according to this source; the etymology of the term (if possible) and the first fixation of the modern term in the material; formal variants of the term in chronological order with their certification; semantic development of the term, i.e. the history of conceptualisation of the relevant term; indication of the peculiarities of categorisation of the terminological concept (if the material provides such an opportunity); development of the term in modern linguistics.<br \/>\nThe interest demonstrated by Slavists in the history of linguistic terminology, as evidenced by the efforts to include it in historical dictionaries, underscores the significance of this subject and its future potential. Indeed, the history of the development of linguistic termsystem in individual Slavic languages cannot be studied in isolation from the broader context of such terminology in neighbouring languages. To present a comprehensive account of the historical evolution of a linguistic term within a dictionary, it is essential to consider the reciprocal influences among these terminologies and to acknowledge the cultural and ethnic interactions among the peoples of neighbouring countries It is essential to consider the mutual influences of these terminologies, as well as the cultural and ethnic interaction of the peoples of neighbouring countries, in order to present a complete picture of the historical presence of a linguistic term in a dictionary.<\/p>\n<p><strong>Keywords<\/strong><strong>: <\/strong>linguistic term, historical dictionary of the linguistic terms, linguistic terminography, Slavic linguistic terminology.<\/p>\n<p><strong>REFERENCES<\/strong><\/p>\n<p>Baimut,\u00a0T.V. (2014a). Historical dictionary of Ukrainian grammatical terminology (author\u2019s abstract of the thesis). <em>Selected scientific works <\/em>(pp.\u00a0163\u2013172)<em>. <\/em>Nizhyn: Aspekt-Polihraf (in Ukrainian).<br \/>\nBaimut,\u00a0T.V. (2014b). Data for a historical dictionary of East Slavic grammatical terminology. <em>Selected scientific works <\/em>(pp. 173\u2013202). Nizhyn: Aspekt-Polihraf (in Russian).<br \/>\nBulakhov,\u00a0M.\u041d. (2002). <em>Experience of the historical dictionary of Russian linguistic terminology<\/em>. Vol.\u00a01: Abbreviation\u2013Iotated. Minsk: BHPU (in Russian).<br \/>\nDecyk-Zi\u0119ba,\u00a0W., &amp; St\u0105por,\u00a0I. (2024). S\u0142ownik historyczny termin\u00f3w gramatycznych online jako baza materia\u0142owa do bada\u0144 nad kszta\u0142towaniem si\u0119 polskiej terminologii gramatycznej. <em>Poradnik j\u0119zykowy<\/em><em>,<\/em><em> 8<\/em>, 7\u201319 (in Polish).<br \/>\nNimchuk,\u00a0V.V. (1985). An index of ancient Slavic philological terms. <em>Linguistics in Ukraine in the 14th\u201317th centuries<\/em> (\u0440\u0440. 215\u2013222). Kyiv: Naukova dumka (in Ukrainian).<br \/>\nOhiienko,\u00a0I.I. (1908). <em>Historical dictionary of Ukrainian grammatical terminology with a preface about the history of it<\/em>. Kyiv: Drukarnia Pershoi Kyivskoi Drukarskoi Spilky (in Ukrainian).<br \/>\nShcherba, L.V. (1974). Experience in general theory of lexicography<em>. Language system and speech activity<\/em> (pp.\u00a0265\u2013304). Leningrad: Nauka (in Russian).<br \/>\nTrojar,\u00a0M. (2021). A Diachronic Database of Slovenian Linguistic Terminology. <em>Philological Studies<\/em><em>,<\/em> <em>19<\/em> (2), 183\u2013237.<br \/>\n<em>Ukrainian language: Encyclopedia<\/em>. (2007). Kyiv: Vyd-vo \u201cUkrainska entsyklopediia\u201d im.\u00a0M.P.\u00a0Bazhana (in Ukrainian).<\/p>\n<p>&nbsp;<\/p>\n<p>&nbsp;","protected":false},"excerpt":{"rendered":"<p>Iryna Kazymyrova, Candidate of Sciences in Philology,\u00a0Senior Researcher\u00a0in\u00a0the Department of Grammar and Scientific Terminology Institute of the Ukrainian Language of the National Academy of Sciences of Ukraine 4 Mykha\u0456lo Hrushevskyi St., Kyiv 01001, Ukraine \u0415-mail: kazymyrovai@gmail.com https:\/\/orcid.org\/0000-0001-6309-0363 Heading:\u00a0Articles Language:\u00a0Ukrainian Abstract:\u00a0The article analyses scientific research in the field of Slavic linguistic terminology over the last century. [&hellip;]<\/p>\n","protected":false},"author":27,"featured_media":0,"parent":0,"menu_order":0,"comment_status":"closed","ping_status":"closed","template":"page-doi.php","meta":[],"_links":{"self":[{"href":"https:\/\/ukrmova.iul-nasu.org.ua\/en\/wp-json\/wp\/v2\/pages\/11501"}],"collection":[{"href":"https:\/\/ukrmova.iul-nasu.org.ua\/en\/wp-json\/wp\/v2\/pages"}],"about":[{"href":"https:\/\/ukrmova.iul-nasu.org.ua\/en\/wp-json\/wp\/v2\/types\/page"}],"author":[{"embeddable":true,"href":"https:\/\/ukrmova.iul-nasu.org.ua\/en\/wp-json\/wp\/v2\/users\/27"}],"replies":[{"embeddable":true,"href":"https:\/\/ukrmova.iul-nasu.org.ua\/en\/wp-json\/wp\/v2\/comments?post=11501"}],"version-history":[{"count":3,"href":"https:\/\/ukrmova.iul-nasu.org.ua\/en\/wp-json\/wp\/v2\/pages\/11501\/revisions"}],"predecessor-version":[{"id":11504,"href":"https:\/\/ukrmova.iul-nasu.org.ua\/en\/wp-json\/wp\/v2\/pages\/11501\/revisions\/11504"}],"wp:attachment":[{"href":"https:\/\/ukrmova.iul-nasu.org.ua\/en\/wp-json\/wp\/v2\/media?parent=11501"}],"curies":[{"name":"wp","href":"https:\/\/api.w.org\/{rel}","templated":true}]}}