{"id":11519,"date":"2025-04-02T21:33:31","date_gmt":"2025-04-02T18:33:31","guid":{"rendered":"https:\/\/ukrmova.iul-nasu.org.ua\/?page_id=11519"},"modified":"2025-10-21T17:14:09","modified_gmt":"2025-10-21T14:14:09","slug":"yaki-rukopysy-ne-stariyut-deshho-pro-staru-novu-pratsyu-m-leseva-retsenziya-na-michal-lesiow-nazewnictwo-terenowe-lubelszczyzny-z-ukrain-skimi-cechami-fonetycznymi-lublin-kijow-wydawnictwo-archidie","status":"publish","type":"page","link":"https:\/\/ukrmova.iul-nasu.org.ua\/en\/zhurnal-ukrayinska-mova-1-93-2025\/yaki-rukopysy-ne-stariyut-deshho-pro-staru-novu-pratsyu-m-leseva-retsenziya-na-michal-lesiow-nazewnictwo-terenowe-lubelszczyzny-z-ukrain-skimi-cechami-fonetycznymi-lublin-kijow-wydawnictwo-archidie.html","title":{"rendered":"What manuscripts do not get old\u2026 (Something about the old \u2053 a new work by M. Lesev) Review of: Micha\u0142 \u0141esi\u00f3w. Nazewnictwo terenowe Lubelszczyzny z ukrain\u0301skimi cechami fonetycznymi. Lublin \u2013 Kij\u00f3w: Wydawnictwo Archidiecezji Lubelskiej \u201cGaudium\u201d, 2024 (in Polish)"},"content":{"rendered":"<strong><em>Hryhoryi<\/em> <em>Arkushyn<\/em><\/strong>, Doctor of Philological Sciences, Professor, Professor of the Department of History and Culture of Ukrainian<br \/>\nLesya Ukrainka Volyn National University<br \/>\n30-\u0410 Vinnichenko St., Lutsk 43021, Ukraine<\/p>\n<p>E-mail: hryhor@ukr.net<br \/>\nhttps:\/\/orcid.org\/<a href=\"https:\/\/orcid.org\/0000-0002-0698-6347\">0000-0002-0698-6347<\/a><\/p>\n<p><strong>Heading: <\/strong>Surveys and Reviews<br \/>\n<strong>Language:<\/strong>\u00a0Ukrainian","protected":false},"excerpt":{"rendered":"<p>Hryhoryi Arkushyn, Doctor of Philological Sciences, Professor, Professor of the Department of History and Culture of Ukrainian Lesya Ukrainka Volyn National University 30-\u0410 Vinnichenko St., Lutsk 43021, Ukraine E-mail: hryhor@ukr.net https:\/\/orcid.org\/0000-0002-0698-6347 Heading: Surveys and Reviews Language:\u00a0Ukrainian<\/p>\n","protected":false},"author":27,"featured_media":0,"parent":11439,"menu_order":0,"comment_status":"closed","ping_status":"closed","template":"page-doi.php","meta":[],"_links":{"self":[{"href":"https:\/\/ukrmova.iul-nasu.org.ua\/en\/wp-json\/wp\/v2\/pages\/11519"}],"collection":[{"href":"https:\/\/ukrmova.iul-nasu.org.ua\/en\/wp-json\/wp\/v2\/pages"}],"about":[{"href":"https:\/\/ukrmova.iul-nasu.org.ua\/en\/wp-json\/wp\/v2\/types\/page"}],"author":[{"embeddable":true,"href":"https:\/\/ukrmova.iul-nasu.org.ua\/en\/wp-json\/wp\/v2\/users\/27"}],"replies":[{"embeddable":true,"href":"https:\/\/ukrmova.iul-nasu.org.ua\/en\/wp-json\/wp\/v2\/comments?post=11519"}],"version-history":[{"count":2,"href":"https:\/\/ukrmova.iul-nasu.org.ua\/en\/wp-json\/wp\/v2\/pages\/11519\/revisions"}],"predecessor-version":[{"id":11973,"href":"https:\/\/ukrmova.iul-nasu.org.ua\/en\/wp-json\/wp\/v2\/pages\/11519\/revisions\/11973"}],"up":[{"embeddable":true,"href":"https:\/\/ukrmova.iul-nasu.org.ua\/en\/wp-json\/wp\/v2\/pages\/11439"}],"wp:attachment":[{"href":"https:\/\/ukrmova.iul-nasu.org.ua\/en\/wp-json\/wp\/v2\/media?parent=11519"}],"curies":[{"name":"wp","href":"https:\/\/api.w.org\/{rel}","templated":true}]}}