{"id":11682,"date":"2025-07-02T18:23:08","date_gmt":"2025-07-02T15:23:08","guid":{"rendered":"https:\/\/ukrmova.iul-nasu.org.ua\/?page_id=11682"},"modified":"2025-10-21T16:55:48","modified_gmt":"2025-10-21T13:55:48","slug":"zhurnal-ukrayinska-mova-2-94-2025","status":"publish","type":"page","link":"https:\/\/ukrmova.iul-nasu.org.ua\/en\/zhurnal-ukrayinska-mova-2-94-2025.html","title":{"rendered":"Journal Ukrainian Language \u2013 \u2116 2 (94) 2025"},"content":{"rendered":"<h3>CONTENTS<\/h3>\n<p><strong>Articles<\/strong><\/p>\n<p><em>Oksana Danylevska<\/em><br \/>\nDecolonization of school education content in Ukraine: sociolinguistic aspect<br \/>\n\/<span dir=\"ltr\" role=\"presentation\">\/ Ukrainian Language, 2025, \u2116 2 (94):3\u201325 \u2022 Language: Ukrainian \u2022 <a href=\"https:\/\/ukrmova.iul-nasu.org.ua\/en\/dekolonizatsiya-zmistu-shkilnoyi-osvity-v-ukrayini-sotsiolingvistychnyj-aspekt.html\">Abstract<\/a> \u2022 <a href=\"https:\/\/ukrmova.iul-nasu.org.ua\/wp-content\/uploads\/sites\/8\/2025\/06\/3.pdf\">PDF<\/a><\/span><\/p>\n<p><em>Marharyta Zhuikova<br \/>\n<\/em>Types of linguocultural information in associative fields (based on experiments with Ukrainian-speaking respondents)<br \/>\n\/<span dir=\"ltr\" role=\"presentation\">\/ Ukrainian Language, 2025, \u2116 2 (94):26\u201342 \u2022 Language: Ukrainian \u2022 <a href=\"https:\/\/ukrmova.iul-nasu.org.ua\/en\/typy-lingvokulturnoyi-informatsiyi-v-asotsiatyvnyh-polyah-na-materiali-eksperymentiv-z-ukrayinskomovnymy-respondentamy.html\">Abstract<\/a> \u2022 <a href=\"https:\/\/ukrmova.iul-nasu.org.ua\/wp-content\/uploads\/sites\/8\/2025\/06\/4.pdf\">PDF<\/a><\/span><\/p>\n<p><em>Ruslana Kotsa<br \/>\n<\/em>Ukrainian historical derivatology in the context of slavic studies: problems and prospects<br \/>\n\/<span dir=\"ltr\" role=\"presentation\">\/ Ukrainian Language, 2025, \u2116 2 (94):43\u201370 \u2022 Language: Ukrainian \u2022 <a href=\"https:\/\/ukrmova.iul-nasu.org.ua\/en\/ukrayinska-istorychna-deryvatologiya-v-konteksti-slavistyky-problemy-i-perspektyvy.html\">Abstract<\/a> \u2022 <a href=\"https:\/\/ukrmova.iul-nasu.org.ua\/wp-content\/uploads\/sites\/8\/2025\/06\/5.pdf\">PDF<\/a><\/span><\/p>\n<p><strong>Discussions<\/strong><\/p>\n<p><em>Kateryna Horodenska<br \/>\n<\/em>Renormalization in word formation of the Ukrainian literary language: causes, main phenomena, consequences<br \/>\n\/<span dir=\"ltr\" role=\"presentation\">\/ Ukrainian Language, 2025, \u2116 2 (94):71\u201384 \u2022 Language: Ukrainian \u2022 <a href=\"https:\/\/ukrmova.iul-nasu.org.ua\/en\/perevnormuvannya-u-slovotvorenni-ukrayinskoyi-literaturnoyi-movy-prychyny-osnovni-vyyavy-naslidky.html\">Abstract<\/a> \u2022 <a href=\"https:\/\/ukrmova.iul-nasu.org.ua\/wp-content\/uploads\/sites\/8\/2025\/07\/6n..pdf\">PDF<\/a><\/span><\/p>\n<p><em>Svitlana Sokolova<br \/>\n<\/em>Dynamics of word-formation norm: ideal and real<br \/>\n\/<span dir=\"ltr\" role=\"presentation\">\/ Ukrainian Language, 2025, \u2116 2 (94):85\u201389 \u2022 Language: Ukrainian <span class=\"fontstyle0\">\u2022 <a href=\"https:\/\/ukrmova.iul-nasu.org.ua\/en\/dynamika-slovotvirnoyi-normy-idealne-i-realne.html\">Information <\/a><\/span>\u2022 <a href=\"https:\/\/ukrmova.iul-nasu.org.ua\/wp-content\/uploads\/sites\/8\/2025\/06\/7.pdf\">PDF<\/a><\/span><\/p>\n<p><em>Larysa Kysliuk<br \/>\n<\/em>Renormalized or newly created adjectives?<br \/>\n\/<span dir=\"ltr\" role=\"presentation\">\/ Ukrainian Language, 2025, \u2116 2 (94):90\u201393 \u2022 Language: Ukrainian <span class=\"fontstyle0\">\u2022 <a href=\"https:\/\/ukrmova.iul-nasu.org.ua\/en\/prykmetnyky-perevnormovani-chy-novostvoreni.html\">Information <\/a><\/span>\u2022 <a href=\"https:\/\/ukrmova.iul-nasu.org.ua\/wp-content\/uploads\/sites\/8\/2025\/06\/8.pdf\">PDF<\/a><\/span><\/p>\n<p><em>Sviatoslav Verbych<br \/>\n<\/em>\u041enymical space of the modern Ukrainian language: internal and external factors of stable functioning<br \/>\n\/<span dir=\"ltr\" role=\"presentation\">\/ Ukrainian Language, 2025, \u2116 2 (94):94\u2013105 \u2022 Language: Ukrainian \u2022 <a href=\"https:\/\/ukrmova.iul-nasu.org.ua\/en\/onimnyj-prostir-suchasnoyi-ukrayinskoyi-movy-vnutrishno-ta-pozamovni-chynnyky-stabilnogo-funktsionuvannya.html\">Abstract<\/a> \u2022 <a href=\"https:\/\/ukrmova.iul-nasu.org.ua\/wp-content\/uploads\/sites\/8\/2025\/07\/9n..pdf\">PDF<\/a><\/span><\/p>\n<p><em>Yevgeniya Karpilovska<br \/>\n<\/em>\u041ewn and alien in the Ukrainian-language onym space<br \/>\n\/<span dir=\"ltr\" role=\"presentation\">\/ Ukrainian Language, 2025, \u2116 2 (94):106\u2013109 \u2022 Language: Ukrainian <span class=\"fontstyle0\">\u2022 <a href=\"https:\/\/ukrmova.iul-nasu.org.ua\/en\/svoye-i-chuzhe-v-ukrayinskomovnomu-onimnomu-prostori.html\">Information <\/a><\/span>\u2022 <a href=\"https:\/\/ukrmova.iul-nasu.org.ua\/wp-content\/uploads\/sites\/8\/2025\/06\/10.pdf\">PDF<\/a><\/span><\/p>\n<p><em>Iryna Yefymenko<br \/>\n<\/em>\u041enymical lexican of the Ukrainian language: problems of functioning and codification<br \/>\n\/<span dir=\"ltr\" role=\"presentation\">\/ Ukrainian Language, 2025, \u2116 2 (94):110\u2013117 \u2022 Language: Ukrainian <span class=\"fontstyle0\">\u2022 <a href=\"https:\/\/ukrmova.iul-nasu.org.ua\/en\/onimna-leksyka-ukrayinskoyi-movy-problemy-funktsionuvannya-ta-kodyfikatsiyi.html\">Information <\/a><\/span>\u2022 <a href=\"https:\/\/ukrmova.iul-nasu.org.ua\/wp-content\/uploads\/sites\/8\/2025\/06\/11.pdf\">PDF<\/a><\/span><\/p>\n<p><strong>Scientific figures of Ukrainian linguists<\/strong><\/p>\n<p><em>Iryna Braha, Oksana Danylevska<\/em><br \/>\nDepths of sociolinguistics and grammar in the research of Professor Svitlana Olehivna Sokolova<br \/>\n<span class=\"fontstyle0\">\/<\/span><span class=\"fontstyle0\"><span dir=\"ltr\" role=\"presentation\">\/ Ukrainian Language, 2025, \u2116 2 (94):118\u2013126 \u2022 Language: Ukrainian \u2022 <a href=\"https:\/\/ukrmova.iul-nasu.org.ua\/en\/glybyny-sotsiolingvistyky-ta-gramatyky-v-doslidzhennyah-profesora-svitlany-olegivny-sokolovoyi.html\">Information<\/a> \u2022 <a href=\"https:\/\/ukrmova.iul-nasu.org.ua\/wp-content\/uploads\/sites\/8\/2025\/06\/12.pdf\">PDF<\/a><\/span><\/span><\/p>\n<p><strong>Surveys<\/strong> <strong>and<\/strong> <strong>Reviews<\/strong><\/p>\n<p><span class=\"fontstyle0\"><em>Tetiana Kosmeda<\/em><br \/>\n<\/span><span class=\"fontstyle2\">Ukrainian postcolonial reality: lexicographic view<br \/>\nReview of: <\/span><em><span class=\"fontstyle0\">Dictionary of Modern Socio-Political Lexicon (1991\u20142022)<\/span><\/em><span class=\"fontstyle2\">. I.A. Kaz\u00f3m\u00f3rov\u00e0 (Ed.).\u00a0<\/span>Kyiv: Naukova dumka, 2024 (in Ukrainian).<br \/>\n<span class=\"fontstyle0\">\/<\/span><span class=\"fontstyle0\"><span dir=\"ltr\" role=\"presentation\">\/ Ukrainian Language, 2025, \u2116 2 (94):127\u2013133 \u2022 Language: Ukrainian \u2022 <a href=\"https:\/\/ukrmova.iul-nasu.org.ua\/en\/ukrayinska-postkolonialna-realnist-leksykografichnyj-zriz-retsenziya-na-slovnyk-suchasnoyi-suspilno-politychnoyi-leksyky-1991-2022-rr-i-a-kazymyrova-vidp-red-kyyiv-naukova-dumka-2024.html\">Information<\/a> \u2022 <a href=\"https:\/\/ukrmova.iul-nasu.org.ua\/wp-content\/uploads\/sites\/8\/2025\/06\/13.pdf\">PDF<\/a><\/span><\/span><\/p>\n<p><strong> <span class=\"fontstyle0\">Scientific Chronicle<\/span><\/strong><\/p>\n<p><em>Nina Yatsenko<br \/>\n<\/em>XV International scientific conference \u201cTerminology and modernity\u201d<br \/>\n<span class=\"fontstyle0\">\/<\/span><span class=\"fontstyle0\"><span dir=\"ltr\" role=\"presentation\">\/ Ukrainian Language, 2025, \u2116 2 (94):134\u2013138 \u2022 Language: Ukrainian \u2022 <a href=\"https:\/\/ukrmova.iul-nasu.org.ua\/en\/xv-mizhnarodna-naukova-konferentsiya-terminologiya-i-suchasnist.html\">Information<\/a> \u2022 <a href=\"https:\/\/ukrmova.iul-nasu.org.ua\/wp-content\/uploads\/sites\/8\/2025\/06\/14.pdf\">PDF<\/a><\/span><\/span><\/p>\n<p><strong> <span class=\"fontstyle0\">In memoriam<br \/>\n<\/span><\/strong><\/p>\n<p><em>Volodymyr Barchuk<br \/>\n<\/em>Life in science: in memory of Professor Vasyl Greshchuk (02.06.1949\u201311.04.2025)<br \/>\n<span class=\"fontstyle0\">\/<\/span><span class=\"fontstyle0\"><span dir=\"ltr\" role=\"presentation\">\/ Ukrainian Language, 2025, \u2116 2 (94):139\u2013142 \u2022 Language: Ukrainian \u2022 <a href=\"https:\/\/ukrmova.iul-nasu.org.ua\/en\/zhyttya-v-nautsi-pam-yati-profesora-vasylya-greshhuka-02-06-1949-11-04-2025.html\">Information<\/a> \u2022 <a href=\"https:\/\/ukrmova.iul-nasu.org.ua\/wp-content\/uploads\/sites\/8\/2025\/06\/15.pdf\">PDF<\/a><\/span><\/span><\/p>\n<p><strong>Information<\/strong><\/p>\n<p>Dear subscribers of the \u201cUkrainian language\u201d magazine, we would like to inform you that from 2025, the terms of subscription to our publication have changed. You can subscribe to the magazine \u201cUkrainian language\u201d on the website of SA \u201cUkrinformnauka\u201d: http:\/\/surl.li\/nkiabu","protected":false},"excerpt":{"rendered":"<p>CONTENTS Articles Oksana Danylevska Decolonization of school education content in Ukraine: sociolinguistic aspect \/\/ Ukrainian Language, 2025, \u2116 2 (94):3\u201325 \u2022 Language: Ukrainian \u2022 Abstract \u2022 PDF Marharyta Zhuikova Types of linguocultural information in associative fields (based on experiments with Ukrainian-speaking respondents) \/\/ Ukrainian Language, 2025, \u2116 2 (94):26\u201342 \u2022 Language: Ukrainian \u2022 Abstract \u2022 [&hellip;]<\/p>\n","protected":false},"author":27,"featured_media":0,"parent":0,"menu_order":0,"comment_status":"closed","ping_status":"closed","template":"page-gurnal.php","meta":[],"_links":{"self":[{"href":"https:\/\/ukrmova.iul-nasu.org.ua\/en\/wp-json\/wp\/v2\/pages\/11682"}],"collection":[{"href":"https:\/\/ukrmova.iul-nasu.org.ua\/en\/wp-json\/wp\/v2\/pages"}],"about":[{"href":"https:\/\/ukrmova.iul-nasu.org.ua\/en\/wp-json\/wp\/v2\/types\/page"}],"author":[{"embeddable":true,"href":"https:\/\/ukrmova.iul-nasu.org.ua\/en\/wp-json\/wp\/v2\/users\/27"}],"replies":[{"embeddable":true,"href":"https:\/\/ukrmova.iul-nasu.org.ua\/en\/wp-json\/wp\/v2\/comments?post=11682"}],"version-history":[{"count":58,"href":"https:\/\/ukrmova.iul-nasu.org.ua\/en\/wp-json\/wp\/v2\/pages\/11682\/revisions"}],"predecessor-version":[{"id":11970,"href":"https:\/\/ukrmova.iul-nasu.org.ua\/en\/wp-json\/wp\/v2\/pages\/11682\/revisions\/11970"}],"wp:attachment":[{"href":"https:\/\/ukrmova.iul-nasu.org.ua\/en\/wp-json\/wp\/v2\/media?parent=11682"}],"curies":[{"name":"wp","href":"https:\/\/api.w.org\/{rel}","templated":true}]}}