{"id":11817,"date":"2025-10-16T18:43:21","date_gmt":"2025-10-16T15:43:21","guid":{"rendered":"https:\/\/ukrmova.iul-nasu.org.ua\/?page_id=11817"},"modified":"2026-02-09T15:11:50","modified_gmt":"2026-02-09T13:11:50","slug":"mova-yak-kardiograma-istorychnogo-buttya-natsiyi-shlyahy-rozv-yazannya-movnogo-pytannya-u-tvorchomu-dorobkovi-ivana-dzyuby","status":"publish","type":"page","link":"https:\/\/ukrmova.iul-nasu.org.ua\/en\/mova-yak-kardiograma-istorychnogo-buttya-natsiyi-shlyahy-rozv-yazannya-movnogo-pytannya-u-tvorchomu-dorobkovi-ivana-dzyuby.html","title":{"rendered":"\u201cLanguage as a cardiogram of the historical existence of a nation\u201d: ways of solving the language issue in Ivan Dziuba&#8217;s creative works"},"content":{"rendered":"<strong><em>Inna Renchka<\/em><\/strong>, PhD in Philology, Associate Professor of the Department of the Ukrainian Language<br \/>\nNational University of Kyiv-Mohyla Academy<br \/>\n2 Hryhorii Skovoroda St., Kyiv 04070, Ukraine<\/p>\n<p>E-mail: <a href=\"mailto:i.renchka@ukma.edu.ua\">i.renchka@ukma.edu.ua<\/a><br \/>\n<a href=\"https:\/\/orcid.org\/0000-0002-5568-7941\">https:\/\/orcid.org\/0000-0002-5568-7941<\/a><\/p>\n<p><strong>Heading:<\/strong>\u00a0Articles<br \/>\n<strong>Language:<\/strong>\u00a0Ukrainian<\/p>\n<p><strong>Abstract<\/strong>:\u00a0The struggle for language was an integral part of the activities of the Ukrainian intelligentsia of the 1960s\u20131980s, whose creative and scholarly works testified to the unfolding Ukrainian National and Liberation Resistance Movement of this period, aimed against the colonial practices of the Soviet state, Russification, denationalization, and language and cultural assimilation. Despite considerable scholarly attention to the topic of the Sixtiers and the Ukrainian Resistance Movement in general, there remains a significant need for research on the language self-awareness of the Movement\u2019s participants, their value orientations concerning the language issue, and the intellectual contribution of its representatives to the protection of the Ukrainian language rights. Studying these issues is important for the history of sociolinguistics as well as for the history of the development and functioning of the Ukrainian language in the 20th and early 21st centuries.<\/p>\n<p>The aim of the article is to reveal the views of a Ukrainian intellectual \u2013 one of the most influential representatives of the Ukrainian Dissident Movement of the Sixtiers generation, literary critic, philologist, publicist, historian, and public figure, author of the seminal dissident text \u201cInternationalism or Russification?\u201d \u2013 Ivan Dziuba, on the problems of development and functioning of the Ukrainian language, the language situation and language policy in Soviet and post-Soviet Ukraine, and to highlight his activities in defending national values in the context of anti-totalitarian and decolonization processes of the second half of the 20th and early 21st centuries.<\/p>\n<p>The article establishes that the language issue occupies a central place in Ivan Dziuba\u2019s intellectual heritage. His works present a holistic picture of Ukrainian language reality from the beginning of the 20th century to the first decades of the 21st century, covering nearly a hundred years of the Ukrainian nation\u2019s life. The scholarly, journalistic, literary, and memoir texts of this prominent Ukrainian intellectual are marked by profound concern for the state and prospects of the Ukrainian language. The scholar reflects on the significance of language, analyzes the reasons for the provincial and secondary status of the Ukrainian language, highlights the scale and mechanisms of Russification policies pursued in Ukrainian lands by the Russian Empire, its successor the USSR, and the Russian Federation, and identifies manipulative strategies used by Russia for political pressure on Ukraine. He seeks and proposes ways to overcome the national and language crisis and to solve urgent tasks of language policy, emphasizing the need to free Ukraine from its de facto status as a language and cultural colony of the former metropole, to consolidate Ukrainians around shared values, to form and strengthen Ukrainian national and language identity, and to raise the prestige and ensure the necessity of the Ukrainian language. For many years, Ivan Dziuba has considered the language issue as one of the key factors in the life of the Ukrainian nation, creating texts that resonated widely in society and became significant milestones in the history of the Ukrainian Resistance Movement.<\/p>\n<p><strong>Keywords<\/strong>: Ukrainian language, Dziuba Ivan Mykhailovych, Ukrainian National and Liberation Resistance Movement, Russification, denationalization, language situation, language policy, language issue, manipulative strategies.<\/p>\n<p><strong>REFERENCES<\/strong><\/p>\n<p>Armstrong, J.A. (2010). Recently\u2026 I. Dziuba, <em>Internationalism or Russification?<\/em> (pp. 6\u20137). Kyiv: VD \u201cKyievo-Mohylianska akademiia\u201d (in Ukrainian).<br \/>\nBazhan, O.H. (2007). The movement for the spread of the Ukrainian language in the Ukrainian SSR during the \u201cKhrushchev Thaw\u201d. <em>Scientific Notes of NaUKMA<\/em>. <em>Historical Sciences, 65<\/em>, 40\u201349 (in Ukrainian).<br \/>\nBazhan, O., &amp; Danyliuk, Yu. (2000). <em>Opposition in Ukraine (second half of the 1950s \u2013 1980s)<\/em>. Kyiv: Ridnyi krai (in Ukrainian).<br \/>\nBrezhniev, L.I. (1972). <em>On<\/em><em> the fiftieth anniversary of the Union of Soviet Socialist Republics<\/em>. Kyiv (in Ukrainian).<br \/>\nDanylenko, V. (\u0415d.) (2013). <em>Political protests and dissent in Ukraine (1960\u20131990)<\/em>. Kyiv: Smoloskyp (in Ukrainian).<br \/>\nDziuba, I. (1958). For a mentally rich hero (Youth theme in Ukrainian prose of recent years). <em>The Dnieper, 6,<\/em> 135\u2013153 (in Ukrainian).<br \/>\nDziuba, I. (1990). <em>Because it&#8217;s not just language, sounds&#8230;<\/em> Kyiv: Radianskyi pysmennyk (in Ukrainian).<br \/>\nDziuba, I. (1998). Memory of gratitude and debt. L. &amp; N. Svitlychni (Eds.), <em>Good-Eyed. Memories of Ivan Svitlychnyi<\/em> (pp. 112\u2013122). Kyiv: Chas (in Ukrainian).<br \/>\nDziuba, I. (2002). <em>Let&#8217;s start with self-respect: articles, reports. <\/em>Kyiv: Vydavnychyi tsentr \u201cProsvita\u201d (in Ukrainian).<br \/>\nDziuba, I. (2004). The dying of the word. <em>Bulletin of NAS of Ukraine,<\/em> <em>12<\/em>, 34\u201340. Retrieved July 15, 2025 from <a href=\"https:\/\/surl.li\/lnwrre\">https:\/\/surl.li\/lnwrre<\/a> (in Ukrainian).<br \/>\nDziuba, I. (2006). <em>Ukraine in <\/em><em>s<\/em><em>earch of a new identity. Articles, <\/em><em>s<\/em><em>peeches, interviews, <\/em><em>p<\/em><em>amphlets<\/em>. Kyiv: Ukraina (in Ukrainian).<br \/>\nDziuba, I. (2008). <em>Memories and reflections at the finish line. <\/em>Kyiv: Krynytsia (in Ukrainian).<br \/>\nDziuba, I. (2010a). From a quarter century&#8217;s distance. Afterword (to the 1990 journal publication). I. Dziuba, <em>Internationalism or Russification?<\/em> (pp. 226\u2013247). Kyiv: VD \u201cKyievo-Mohylianska akademiia\u201d (in Ukrainian).<br \/>\nDziuba, I. (2010b). <em>Internationalism or Russification?<\/em> Kyiv: VD \u201cKyievo-Mohylianska akademiia\u201d (in Ukrainian).<br \/>\nDziuba, I. (2010\u0441). <em>Sour <\/em><em>\u201c<\/em><em>s<\/em><em>h<\/em><em>chi<\/em><em>\u201d<\/em><em> from Tabachnyk. Galicianphobia is the poisonous tip of Ukrainianphobia. <\/em>Drohobych: Kolo (in Ukrainian).<br \/>\nDziuba, I. (2012a). <em>Because it&#8217;s not just language, sounds&#8230;: <\/em><em>S<\/em><em>eries of articles<\/em> (reissued, with changes and additions). Drohobych: Kolo (in Ukrainian).<br \/>\nDziuba, I.M. (2012b).\u00a0RUSSIFICATION in the Ukrainian context. V.A. Smolii et al. (Eds.), <em>Encyclopedia of the History of Ukraine: <\/em>Vol. 9 \/ Institute of history of Ukraine of the NAS of Ukraine (pp.\u00a0372\u2013380). Kyiv: Naukova dumka. Retrieved July 27, 2025 from <a href=\"http:\/\/resource.history.org.ua\/cgi-bin\/eiu\/history.exe?&amp;I21DBN=EIU&amp;P21DBN=EIU&amp;S21STN=1&amp;S21REF=10&amp;S21FMT=eiu_all&amp;C21COM=S&amp;S21CNR=20&amp;S21P01=0&amp;S21P02=0&amp;S21P03=TRN=&amp;S21COLORTERMS=0&amp;S21STR=Rusyfikatsiia\">http:\/\/www.history.org.ua\/?termin=Rusyfikatsiia<\/a> (in Ukrainian).<br \/>\nDziuba, I. (2015). <em>The Donetsk wound of Ukraine: Historical and cultural essays<\/em>. Kyiv: Instytut istorii Ukrainy NAN Ukrainy (in Ukrainian).<br \/>\nDzomba, N.M. (2016). <em>National and ideological journalism of the Ukrainian Sixtiers (Conceptual foundations, issues, and opinion-shaping role) <\/em>[Dis. \u2026 Cand. in Social Communications]. Lviv (in Ukrainian).<br \/>\nKhrystokin, H., Vasylchenko, V., &amp; Lashkina, M. (2023). The concept of a turn in culture and philosophy of the 20th\u201321st centuries: methodological and communicative and media aspects. <em>Scientific bulletin of Uzhhorod university. Series: Philology<\/em><em>,<\/em> <em>1 <\/em>(49), 208\u2013218 (in Ukrainian).<br \/>\nKorohodskyi, R. (2016). <em>To the Gate of Light. Portraits. <\/em>Kyiv: Dukh i Litera (in Ukrainian).<br \/>\nKotsiubynska, M. (1994). Ivan Svitlychnyi, a Sixtier. I. Svitlychnyi, <em>For me, there is only the word<\/em> (pp. 5\u201327). Kharkiv: Folio (in Ukrainian).<br \/>\nLiber, G.O. (2015\u20132016). Ivan Dzyuba, Cultural Cringe, and the Origins of Ukraine\u2019s Revolution of Dignity. <em>New Zealand Slavonic Journal, 49\u201350<\/em>, 51\u201366. Australia and New Zealand Slavists\u2019 Association. Retrieved July 25, 2025 from <a href=\"https:\/\/surl.li\/ucogft\">https:\/\/surl.li\/ucogft<\/a><br \/>\nMasenko, L. (2021). Ivan Dziuba has the leading role&#8230; M. Mushynka et al., Ivan Dziuba as a figure: opinions of present-day intellectuals. <em>Encyclopedia Herald of Ukraine, 13,<\/em> 74\u201391 (pp. 82\u201383). <a href=\"http:\/\/doi.org\/10.37068\/evu.13.6\">http:\/\/doi.org\/10.37068\/evu.13.6<\/a> (in Ukrainian).<br \/>\nMasenko, L. (2004). <em>Language and society: a postcolonial dimension<\/em>. Kyiv: VD \u201cKyievo-Mohylianska akademiia\u201d (in Ukrainian).<br \/>\nMasenko, L. (2015). The role of the Sixtiers as a center of national resistance in a totalitarian empire. W.\u00a0Mokry (Ed.),<em> J\u0119zyk ukrai\u0144ski w \u017cyciu i dzia\u0142alno\u015bci elit na Ukrainie na przestrzeni wiek\u00f3w. Kultura, nauka, o\u015bwiata, religia, spo\u0142ecze\u0144stwo, polityka<\/em> (pp. 47\u201356). Krak\u00f3w: Szwajpolt Fiol (in Ukrainian).<br \/>\nMoroz, V. (1975). <em>Essays, letters and documents. <\/em>Munich: Suchasnist (in Ukrainian).<br \/>\nObertas, O. (2010). <em>Ukrainian samvydav: literary criticism and journalism (1960s \u2013 early 1970s)<\/em>. Kyiv: Smoloskyp (in Ukrainian).<br \/>\nPavlyshyn, M. (2010). Defending the Cultural Nation before and after 1991: Ivan Dziuba.\u00a0<em>Canadian-American<\/em><em>\u00a0<\/em><em>Slavic<\/em><em>\u00a0<\/em><em>Studies<\/em><em>,\u00a0<\/em><em>44<\/em>,\u00a025\u201343. Retrieved July 25, 2025 from <a href=\"https:\/\/surl.li\/dcweyi\">https:\/\/surl.li\/dcweyi<\/a><br \/>\nPliushch, L. (2002). <em>In the carnival of history: Testimonies<\/em><em>.<\/em> Kyiv: Fakt (in Ukrainian).<br \/>\nRenchka, I.Ye. (2020).\u00a0 Ukrainian language in the national liberation movement in Ukraine in the 1960\u20131980s. <em>International journal of philology<\/em><em>, 11<\/em> (3), 118\u2013126 (in Ukrainian).<br \/>\nSverstiuk, Ye. (1999). <em>At the <\/em><em>f<\/em><em>estival of <\/em><em>h<\/em><em>opes: Selected. <\/em>Kyiv: Nasha vira (in Ukrainian).<br \/>\nZhulynskyi, M. (2008). In pursuit of a 75-ear-old marathoner with a pen in hand. I.\u00a0Dziuba, <em>Memories and reflections at the finish line <\/em>(pp. 5\u201324). Kyiv: Krynytsia (in Ukrainian).<br \/>\nZinkevych, O. (1967). <em>From the generation of innovators.<\/em> <em>Svitlychnyi <\/em><em>and<\/em><em> Dziuba<\/em>. Baltimore-Toronto: Smoloskyp (in Ukrainian).","protected":false},"excerpt":{"rendered":"<p>Inna Renchka, PhD in Philology, Associate Professor of the Department of the Ukrainian Language National University of Kyiv-Mohyla Academy 2 Hryhorii Skovoroda St., Kyiv 04070, Ukraine E-mail: i.renchka@ukma.edu.ua https:\/\/orcid.org\/0000-0002-5568-7941 Heading:\u00a0Articles Language:\u00a0Ukrainian Abstract:\u00a0The struggle for language was an integral part of the activities of the Ukrainian intelligentsia of the 1960s\u20131980s, whose creative and scholarly works testified [&hellip;]<\/p>\n","protected":false},"author":27,"featured_media":0,"parent":0,"menu_order":0,"comment_status":"closed","ping_status":"closed","template":"page-doi.php","meta":[],"_links":{"self":[{"href":"https:\/\/ukrmova.iul-nasu.org.ua\/en\/wp-json\/wp\/v2\/pages\/11817"}],"collection":[{"href":"https:\/\/ukrmova.iul-nasu.org.ua\/en\/wp-json\/wp\/v2\/pages"}],"about":[{"href":"https:\/\/ukrmova.iul-nasu.org.ua\/en\/wp-json\/wp\/v2\/types\/page"}],"author":[{"embeddable":true,"href":"https:\/\/ukrmova.iul-nasu.org.ua\/en\/wp-json\/wp\/v2\/users\/27"}],"replies":[{"embeddable":true,"href":"https:\/\/ukrmova.iul-nasu.org.ua\/en\/wp-json\/wp\/v2\/comments?post=11817"}],"version-history":[{"count":5,"href":"https:\/\/ukrmova.iul-nasu.org.ua\/en\/wp-json\/wp\/v2\/pages\/11817\/revisions"}],"predecessor-version":[{"id":11823,"href":"https:\/\/ukrmova.iul-nasu.org.ua\/en\/wp-json\/wp\/v2\/pages\/11817\/revisions\/11823"}],"wp:attachment":[{"href":"https:\/\/ukrmova.iul-nasu.org.ua\/en\/wp-json\/wp\/v2\/media?parent=11817"}],"curies":[{"name":"wp","href":"https:\/\/api.w.org\/{rel}","templated":true}]}}