{"id":6698,"date":"2019-10-10T03:25:06","date_gmt":"2019-10-10T00:25:06","guid":{"rendered":"http:\/\/ukrmova.iul-nasu.org.ua\/?page_id=6698"},"modified":"2026-04-02T11:28:25","modified_gmt":"2026-04-02T08:28:25","slug":"zhurnal-ukrayinska-mova-1-53-2015","status":"publish","type":"page","link":"https:\/\/ukrmova.iul-nasu.org.ua\/en\/zhurnal-ukrayinska-mova-1-53-2015.html","title":{"rendered":"Journal Ukrainian Language \u2013 \u21161 (53) 2015"},"content":{"rendered":"<strong>Contents \u21161, 2015<\/strong><\/p>\n<p><strong>Researches<\/strong><\/p>\n<p><em>Vasyl\u2019 Nimchuk<br \/>\n<\/em>Chetyia Minea (the lives of saints) 1489 in the context of contemporary Ukrainian studies <a href=\"https:\/\/ukrmova.iul-nasu.org.ua\/wp-content\/uploads\/sites\/8\/2026\/03\/3-Nimchuk.pdf\">PDF<\/a><\/p>\n<p><em>Iryna Kazymyrova<br \/>\n<\/em>Ogiyenko \u2013 a founder of Ukrainian historical linguistic terminography <a href=\"https:\/\/ukrmova.iul-nasu.org.ua\/wp-content\/uploads\/sites\/8\/2026\/03\/4-Kazymyrova.pdf\">PDF<\/a><\/p>\n<p><em>Sergiy Omelchuk<br \/>\n<\/em>Ukrainian linguodidactics terminology from the standpoint of normativeness <a href=\"https:\/\/ukrmova.iul-nasu.org.ua\/wp-content\/uploads\/sites\/8\/2026\/03\/5-Omelchuk.pdf\">PDF<\/a><\/p>\n<p><em>Tetyana Fuderer<br \/>\n<\/em>The problem of language stratification of society in contemporary sociolinguistics <a href=\"https:\/\/ukrmova.iul-nasu.org.ua\/wp-content\/uploads\/sites\/8\/2026\/03\/6.pdf\">PDF<\/a><\/p>\n<p><em>Ludmila Bilokonenko<br \/>\n<\/em>The signs of overtext of interpersonal conflict <a href=\"https:\/\/ukrmova.iul-nasu.org.ua\/wp-content\/uploads\/sites\/8\/2026\/03\/7.pdf\">PDF<\/a><\/p>\n<p><em>Albina Kovtun<br \/>\n<\/em>Polysemy in religious lexemes: non-imagery semantic derivatives <a href=\"https:\/\/ukrmova.iul-nasu.org.ua\/wp-content\/uploads\/sites\/8\/2026\/03\/8.pdf\">PDF<\/a><\/p>\n<p><em>Oksana Tyshchenko<br \/>\n<\/em>\u201cDictionary of Ukrainian language\u201d, ed. Hrinchenko in consolidated register of Ukrainian lexicon: forming a structural word nests <a href=\"https:\/\/ukrmova.iul-nasu.org.ua\/wp-content\/uploads\/sites\/8\/2026\/03\/9.pdf\">PDF<\/a><\/p>\n<p><em>Valentyna Lesnova<br \/>\n<\/em>Means of expression of evaluation in Borys Hrinchenko\u2019s fiction <a href=\"https:\/\/ukrmova.iul-nasu.org.ua\/wp-content\/uploads\/sites\/8\/2026\/03\/10.pdf\">PDF<\/a><\/p>\n<p><em>Iryna Denysovets<br \/>\n<\/em>Derivational specifics of occasional own geographical names in the modern Ukrainian children\u2019s discourse <a href=\"https:\/\/ukrmova.iul-nasu.org.ua\/wp-content\/uploads\/sites\/8\/2026\/03\/11.pdf\">PDF<\/a><\/p>\n<p><strong>S<\/strong><strong>cience chronicle<\/strong><\/p>\n<p><em>Larysa<\/em> <em>Kysliuk<br \/>\n<\/em>\u0425V International conference of the Committee of word-formation at The International committee of slavists <a href=\"https:\/\/ukrmova.iul-nasu.org.ua\/wp-content\/uploads\/sites\/8\/2026\/03\/12.pdf\">PDF<\/a><\/p>\n<p><em>Svitlana Yermolenko, Angelina Ponomarenko<br \/>\n<\/em>Round table &#8220;Language textbooks for secondary schools: current status and future outlook&#8221; <a href=\"https:\/\/ukrmova.iul-nasu.org.ua\/wp-content\/uploads\/sites\/8\/2026\/03\/13.pdf\">PDF<\/a><\/p>\n<p><strong>Book review<\/strong><\/p>\n<p><em>Iryna Samoilova, <\/em><em>Valentyna Fedoniuk<br \/>\n<\/em>New tutorial of the Ukrainian language for the slovaks<br \/>\n(<em>M\u00e1ria \u010c<\/em><em>i\u017emarov\u00e1<\/em>. Ukrajinsk\u00fd jazyk pre slov\u00e1kov. \u2013 Pre\u0161ov: Filozofick\u00e1 fakulta Pre\u0161ovskej univerzity v Pre\u0161ove, 2011. \u2013 282 s.) <a href=\"https:\/\/ukrmova.iul-nasu.org.ua\/wp-content\/uploads\/sites\/8\/2026\/03\/14.pdf\">PDF<\/a><\/p>\n<p><strong>Information<\/strong><\/p>\n<p><em>Nina\u00a0Yatsenko<br \/>\n<\/em>Theses topics approved by the scientific council \u201cUkrainian language\u201d NAS Ukraine in 2014 <a href=\"https:\/\/ukrmova.iul-nasu.org.ua\/wp-content\/uploads\/sites\/8\/2026\/03\/15.pdf\">PDF<\/a><\/p>\n<p><strong>Anniversaries<\/strong><\/p>\n<p><em>Olga Cheremska, Valentina Zhovtobriukh<br \/>\n<\/em>Igor Muromtsev (the 80th anniversary of his birth) <a href=\"https:\/\/ukrmova.iul-nasu.org.ua\/wp-content\/uploads\/sites\/8\/2026\/03\/16.pdf\">PDF<\/a><\/p>\n<p><em>Svitlana Bybyk, Tetyana Kots<br \/>\n<\/em>The anniversary of Nadiya Sologub <a href=\"https:\/\/ukrmova.iul-nasu.org.ua\/wp-content\/uploads\/sites\/8\/2026\/03\/17.pdf\">PDF<\/a><\/p>\n<p><strong>U<\/strong><strong>nforgettable names<\/strong><\/p>\n<p><em>Maria Zaoborna<br \/>\n<\/em>In memory of Professor Dmytro Buchko (8.11.1937 \u2013 11.02.2014) <a href=\"https:\/\/ukrmova.iul-nasu.org.ua\/wp-content\/uploads\/sites\/8\/2026\/03\/18-Zaoborna.pdf\">PDF<\/a><\/p>\n<p><strong>Linguistic miscellania<br \/>\npp. 35, 59, 70, 87, 110, 130, 148<\/strong><\/p>\n<p><strong>Contributors<br \/>\np. 180<\/strong>","protected":false},"excerpt":{"rendered":"<p>Contents \u21161, 2015 Researches Vasyl\u2019 Nimchuk Chetyia Minea (the lives of saints) 1489 in the context of contemporary Ukrainian studies PDF Iryna Kazymyrova Ogiyenko \u2013 a founder of Ukrainian historical linguistic terminography PDF Sergiy Omelchuk Ukrainian linguodidactics terminology from the standpoint of normativeness PDF Tetyana Fuderer The problem of language stratification of society in contemporary [&hellip;]<\/p>\n","protected":false},"author":1,"featured_media":0,"parent":0,"menu_order":0,"comment_status":"closed","ping_status":"closed","template":"page-gurnal.php","meta":[],"_links":{"self":[{"href":"https:\/\/ukrmova.iul-nasu.org.ua\/en\/wp-json\/wp\/v2\/pages\/6698"}],"collection":[{"href":"https:\/\/ukrmova.iul-nasu.org.ua\/en\/wp-json\/wp\/v2\/pages"}],"about":[{"href":"https:\/\/ukrmova.iul-nasu.org.ua\/en\/wp-json\/wp\/v2\/types\/page"}],"author":[{"embeddable":true,"href":"https:\/\/ukrmova.iul-nasu.org.ua\/en\/wp-json\/wp\/v2\/users\/1"}],"replies":[{"embeddable":true,"href":"https:\/\/ukrmova.iul-nasu.org.ua\/en\/wp-json\/wp\/v2\/comments?post=6698"}],"version-history":[{"count":22,"href":"https:\/\/ukrmova.iul-nasu.org.ua\/en\/wp-json\/wp\/v2\/pages\/6698\/revisions"}],"predecessor-version":[{"id":12278,"href":"https:\/\/ukrmova.iul-nasu.org.ua\/en\/wp-json\/wp\/v2\/pages\/6698\/revisions\/12278"}],"wp:attachment":[{"href":"https:\/\/ukrmova.iul-nasu.org.ua\/en\/wp-json\/wp\/v2\/media?parent=6698"}],"curies":[{"name":"wp","href":"https:\/\/api.w.org\/{rel}","templated":true}]}}