{"id":7403,"date":"2019-12-03T10:15:28","date_gmt":"2019-12-03T08:15:28","guid":{"rendered":"http:\/\/ukrmova.iul-nasu.org.ua\/?page_id=7403"},"modified":"2020-05-25T16:51:45","modified_gmt":"2020-05-25T13:51:45","slug":"pershi-pidsumky-mizhnarodnogo-proyektu-dosvid-i-zdobutky","status":"publish","type":"page","link":"https:\/\/ukrmova.iul-nasu.org.ua\/en\/https-ukrmova-iul-nasu-org-ua-https-ukrmova-iul-nasu-org-ua-vypusky-zhurnalu-html-html-html-html\/2019-2\/zhurnal-ukrayinska-mova-3-71-2019\/pershi-pidsumky-mizhnarodnogo-proyektu-dosvid-i-zdobutky.html","title":{"rendered":"FIRST SUMMARY OF THE INTERNATIONAL PROJECT: EXPERIENCE AND ACHIEVEMENTSv"},"content":{"rendered":"<em>Svitlana Sokolova<br \/>\n<\/em>Doctor of Science, Professor, Leading Researcher of the Department of culture of language, stylistics and sociolinguistics, Institute of the Ukrainian Language of National Academy of Sciences of Ukraine<br \/>\n4 Hrushevskyi st., Kyiv 01001, Ukraine<br \/>\n\u0415- mail: a-senchuk@ukr.net<\/p>\n<p>&nbsp;<\/p>\n<p>FIRST SUMMARY OF THE INTERNATIONAL PROJECT: EXPERIENCE AND ACHIEVEMENTS<\/p>\n<p><strong>Heading: <\/strong>Researches<br \/>\n<strong>Language: <\/strong>Ukrainian<\/p>\n<p><strong>Abstract:<\/strong> The article under consideration describes main results of the project, completed by the members of the Institute of Ukrainian Language of National Academy of science of Ukraine with the support of international partners. Participation in the project made it possible to conduct a statistically significant mass survey on language problems and people\u2019s\u00a0 attitude towards languages in Ukraine and to analyze peculiarities of the Ukrainian language usage in the main areas \u2013 official, informational, educational, private, \u2013 as well as to study a number of important theoretical problems of Ukrainian sociolinguistics. The survey results were used to write more than 30 scientific articles, individual monograph and preparation of two PhD theses, for presentations at numerous scientific conferences. Database, created by sociologists, grounded on survey materials (digitized answers to over 130 survey questions), can further be used to analyze the linguistic situation of a particular time slice and the parameters of the linguistic behavior of the survey participants. Two scientific conferences of the project\u2019s participants were held within the three years of project. The article describes main issues discussed at the second, final conference and presents approaches to their coverage by representatives of different countries. The common and distinct features of Ukrainian-Russian bilingualism in Ukraine were emphasized and Tatar-Russian in Tatarstan as well as on the specifics of their approach to the study of the Ukrainian and Tatar scientists.<\/p>\n<p><strong>Keywords:<\/strong> bilingualism, language situation, language behavior, language conflict, languages in education, information space.<\/p>\n<p>REFERENCES<\/p>\n<ol>\n<li>Bovsunovska, M.A. (2018). Language situation in the city of Zhytomyr. <em>Collection of scientific works of the Kamyanets-Podilsky National University named after Ivan Ogienko<\/em>. <em>Philological Sciences<\/em>. \u0406ssue 44. \u0420. <em>60 \u2013 66<\/em> (in Ukr.).<\/li>\n<li>Bovsunovska, M.A. (2018). Features of linguistic behavior of residents of the northern region of Ukraine. <em>Scientific Research Priorities \u2013 2018: theoretical and practical value. <\/em>Vol. 3. \u0420. <em>102 \u2013 104<\/em> (in Ukr.).<\/li>\n<li>Danylevska, O.M. (2017). Language situation in general educational institutions of Ukraine (based on the results of sociolinguistic research). <em>Notes on Ukrainian Linguistics:<\/em> \u0406ssue. 24. In 2 vol. Vol. 2: <em>Collection of scientific works. Opera in linguistic ukrainiana: Fascicullum 24. <\/em>\u0420. <em>28 \u2013 43<\/em>. Odesa (in Ukr.).<\/li>\n<li>Danylevska, O.M. (2017). The language situation in Ukrainian school education according to respondents&#8217; opinion polls. <em>Ukrainian Studies at Zagreb University: 20 years<\/em><em>. <\/em>Zh. Chelich (\u017d. \u010celi\u0107), T. Fuderer (T. Fuderer). (Eds.). P. <em>166 \u2013 177<\/em>. Zahreb (in Ukr.).<\/li>\n<li>Danylevska, O.M., Fuderer, T.O. (2017). Attitude to language and daily bilingual practices of speakers of different age groups. <em>Borysfen,<\/em> 6, <em>8 \u2013 13 <\/em>(in Ukr.).<\/li>\n<li>Danylevska, O.M. (2018). Mass survey as the main method of diagnosing the linguistic situation in Ukrainian school education. <em>Bulletin of the Kiev National Linguistic University.<\/em> Philology Series. Vol. 21, \u2116 1. P. <em>153 \u2013 160<\/em> (in Ukr.).<\/li>\n<li>Danylevska, O.M. (2018). Estimated characteristics of interaction of Ukrainian and Russian languages in modern school. <em>All-Ukrainian Scientific and Practical Conference with International Participation \u201cProfessional Communication: National Identity in a Multilingual World\u201d: <\/em>Abstracts of Reports (Cherkasy, 2018, Oct., 25 \u2013 26). P. <em>31 \u2013 33<\/em>. Cherkasy (in Ukr.).<\/li>\n<li>Danylevska, O.M. (2018). Assessment of language policy in the school education and language of daily communication. <em>Sociolinguistic knowledge as a means of forming a new culture of security: Ukraine and the world. Materials of the international conference<\/em> (Lviv, 2018, Nov. 22 \u2013 23). Ed. H. Matsiuk. P. <em>31 \u2013 32.<\/em> Lviv (in Ukr.).<\/li>\n<li>Danylevska, O.M. (2019). Ukrainian language in the Ukrainian school at the beginning of the 21st century. Kyiv (in Ukr.).<\/li>\n<li>Danylevska, O.M. (2018). Representation of schoolchildren about surzhik in the context of post-totalitarian deformations of the linguistic situation in Ukraine at the beginning of the 21st century. <em>Bulletin of the Kiev National Linguistic University<\/em>. Philology Series. Vol. 21, \u2116 2. P. <em>90 \u2013 99<\/em> (in Ukr.).<\/li>\n<li>Danylevska, O.M. (2018). Post-totalitarian deformations of the linguistic situation in Ukrainian school education at the beginning of the XXI century. <em>IX International Congress of Ukrainianists. Linguistics. Collection of scientific articles (To the 100th anniversary of the National Academy of Sciences of Ukraine)<\/em>. Ed. H.\u00a0Skrypnyk. P. <em>197 \u2013 213<\/em>. Kyiv (in Ukr.).<\/li>\n<li>Zalizniak, H.M. (2018). Language as an indicator of a civilized choice of Ukrainians (sociological aspect). <em>Materials of the international scientific-practical conference <\/em><em>\u201c<\/em><em>Priority directions of solving actual problems of social sciences<\/em><em>\u201d<\/em><em>.<\/em><em>.<\/em>. \u0421.\u00a0<em>138 \u2013 142<\/em>. Kyiv (in Ukr.)<\/li>\n<li>Zalizniak, H.M. (2017). Language as a factor in the state-building of Ukraine in sociological terms. <em>Ukrainian language in jurisprudence: state, problems, perspectives. Materials of the 13th All-Ukrainian Scientific and Practical Conference on the Issues of the Development and Functioning of the State Language<\/em> (Kyiv, 2017, Nov. 30). P. <em>46 \u2013 50<\/em>. Kyiv (in Ukr.)<\/li>\n<li>Masenko, L.T. (2018). Linguistic conflict in Ukraine: ways to solve. <em>Ukrainian language<\/em>, 2, <em>20 \u2013 35<\/em> (in Ukr.)<\/li>\n<li>Masenko, L.T. (2017). Contemporary Challenges, Problems and Prospects in the Ukrainian Educational Sphere. <em>Approval of the Ukrainian language in education and culture. Materials of the scientific conference<\/em><em>.<\/em> (Kyiv, 2017, Apr. 27). P. <em>102 \u2013 111<\/em>. Kyiv (in Ukr.)<\/li>\n<li>Matveieva, N.R. (2017). The language situation in Kyiv (based on the focus group polls of 2017). <em>Studia Philologisa: collection of scientific works collection of scientific works<\/em>. \u0406ssue 9. P. <em>166 \u2013 171<\/em>. Kyiv (in Ukr.)<\/li>\n<li>Matveieva, N.R. (2017). Concept of bilingualism and diglossia in modern linguistics. <em>Scientific works of Kamenets-Podolsky National University named after Ivan Ogienko: Philological sciences.<\/em> \u0406ssue 44. P. <em>228 \u2013 232<\/em>. Kamianets-Podilskyi (in Ukr.)<\/li>\n<li>Matveieva, N.R. (2017). Modern linguistic situation (based on the material of the 2017 mass survey). <em>Language: Classical \u2013 Modern \u2013 Postmodern: A collection of scientific articles<\/em>. \u0406ssue 3. P. <em>52 \u2013 59<\/em>. Kyiv (in Ukr.)<\/li>\n<li>Matveieva, N.R. (2018). Language situation in the capital in the second half of the nineteenth century. <em>Linguistics Journal: Collection of Scientific Papers<\/em>. \u0406ssue 24 \u2013 25. P. <em>106 \u2013 113<\/em>. Cherkasy (in Ukr.)<\/li>\n<li>Matveieva, N.R. (2018). Bilingualism in the light of psycholinguistic research. <em>Dyvoslovo<\/em>, 11 (740), <em>42 \u2013 44<\/em> (in Ukr.)<\/li>\n<li>Matveieva, N.R. (2018). Functioning of bilingualism and diglossi in the capital of Ukraine. <em>Language: Classical-Modern-Postmodern.<\/em> \u0406ssue 4. P. <em>142 \u2013 154. <\/em>Kyiv (in Ukr.).<\/li>\n<li>Besters-Dilger, J. (Ed.). (2008). Language policy and linguistic situation in Ukraine: Analysis and recommendations. Kyiv (in Ukr.).<\/li>\n<li>Ruda, O.H. (2017).The language situation in the Ukrainian mass media in the estimations of citizens (according to the results of the mass survey). <em>Language: Classical \u2013 Modern \u2013 Postmodern<\/em>. \u0406ssue 3. P. <em>59 \u2013 68<\/em>. Kyiv (in Ukr.).<\/li>\n<li>Ruda, O.H. (2017). The language situation in the Ukrainian mass media: expectation and reality (based on the results of the mass interview). <em>Approval of the Ukrainian language in education and culture. <\/em>Materials of the scientific conference (Kyiv, 2017, Apr. 27). P. <em>160 \u2013 185<\/em>. Kyiv (in Ukr.).<\/li>\n<li>Ruda, O.H. (2018). Legislative regulation of the sphere of mass media and culture: government priorities and public inquiry. <em>IX International Congress of Ukrainianists. Art studies. <\/em>Collection of scientific articles (To the 100th anniversary of the National Academy of Sciences of Ukraine). P. <em>511 \u2013 521<\/em>. Kyiv (in Ukr.).<\/li>\n<li>Sokolova, S.O. (2018). Study of the linguistic situation as an interdisciplinary and interdepartmental problem. <em>Ukrainian language<\/em>, 1, <em>3 \u2013 16<\/em> (in Ukr.).<\/li>\n<li>Sokolova, S.O. (2019). Mova i yazyk: Interference or Linguistic Conceptualization? <em>In the space of culture of language and style: a collection of scientific works to honor S.Ya. Yermolenko<\/em>. P. <em>263 \u2013 271<\/em>. Kyiv (in Ukr.).<\/li>\n<li>Sokolova, S.O. (2019). Linguistic behavior of Ukrainian-speaking Ukrainians: situational features. <em>On the watch of the word: a collection of scientific works in honor of Professor Vasyl Greshchuk.<\/em> P. <em>353<\/em> <em>\u2013<\/em> <em>365<\/em>. Ivano-Frankivs\u2019k (in Ukr.).<\/li>\n<li>Sokolova, S.O. (2017). Regional features of the interaction of speech codes for bilingual communication. <em>Ukrainian language<\/em>, 3, <em>25 \u2013 39 <\/em>(in Ukr.).<\/li>\n<li>Sokolova, S.O. (2018). Ukrainian as a state language: theory and practice. <em>IX International Congress of Ukrainianists. Linguistics. <\/em>Collection of scientific articles (To 150 anniversary of the National Academy of Ukraine). P. <em>97 \u2013 111<\/em>. Kyiv (in Ukr.).<\/li>\n<li>Sokolova, S.O., Danylevska, O.M. (2018). Language situation in schools of Ukraine. <em>Ukrainian language,<\/em> 3, <em>3 \u2013 27<\/em> (in Ukr.).<\/li>\n<li>Sokolova, S.O., Zalizniak, H.M. (2018). Features of the modern language situation in Ukraine in the mirror of sociology and sociolinguistics. <em>Ukrainian language<\/em>, 2, <em>3 \u2013 19<\/em> (in Ukr.).<\/li>\n<li>Sokolova, S.O., Danylevska, O.M., Ruda, O.H. (2018).Territorial and socio-cultural aspects of the functioning of modern Slavic languages as state. <em>Slavic horizons: add. ukraine participant XVI International the Slavic Congress <\/em>(Belgrade, Serbia, August 20 \u2013 27, 2018). \u0406ssue 9. \u0420. <em>145 \u2013 169<\/em>. Kyiv (in Ukr.).<\/li>\n<\/ol>\n<p>&nbsp;<\/p>\n<p>&nbsp;<\/p>\n<p>&nbsp;","protected":false},"excerpt":{"rendered":"<p>Svitlana Sokolova Doctor of Science, Professor, Leading Researcher of the Department of culture of language, stylistics and sociolinguistics, Institute of the Ukrainian Language of National Academy of Sciences of Ukraine 4 Hrushevskyi st., Kyiv 01001, Ukraine \u0415- mail: a-senchuk@ukr.net &nbsp; FIRST SUMMARY OF THE INTERNATIONAL PROJECT: EXPERIENCE AND ACHIEVEMENTS Heading: Researches Language: Ukrainian Abstract: The [&hellip;]<\/p>\n","protected":false},"author":1,"featured_media":0,"parent":6925,"menu_order":0,"comment_status":"closed","ping_status":"closed","template":"page-doi.php","meta":[],"_links":{"self":[{"href":"https:\/\/ukrmova.iul-nasu.org.ua\/en\/wp-json\/wp\/v2\/pages\/7403"}],"collection":[{"href":"https:\/\/ukrmova.iul-nasu.org.ua\/en\/wp-json\/wp\/v2\/pages"}],"about":[{"href":"https:\/\/ukrmova.iul-nasu.org.ua\/en\/wp-json\/wp\/v2\/types\/page"}],"author":[{"embeddable":true,"href":"https:\/\/ukrmova.iul-nasu.org.ua\/en\/wp-json\/wp\/v2\/users\/1"}],"replies":[{"embeddable":true,"href":"https:\/\/ukrmova.iul-nasu.org.ua\/en\/wp-json\/wp\/v2\/comments?post=7403"}],"version-history":[{"count":2,"href":"https:\/\/ukrmova.iul-nasu.org.ua\/en\/wp-json\/wp\/v2\/pages\/7403\/revisions"}],"predecessor-version":[{"id":8561,"href":"https:\/\/ukrmova.iul-nasu.org.ua\/en\/wp-json\/wp\/v2\/pages\/7403\/revisions\/8561"}],"up":[{"embeddable":true,"href":"https:\/\/ukrmova.iul-nasu.org.ua\/en\/wp-json\/wp\/v2\/pages\/6925"}],"wp:attachment":[{"href":"https:\/\/ukrmova.iul-nasu.org.ua\/en\/wp-json\/wp\/v2\/media?parent=7403"}],"curies":[{"name":"wp","href":"https:\/\/api.w.org\/{rel}","templated":true}]}}