{"id":7858,"date":"2019-12-15T15:53:11","date_gmt":"2019-12-15T13:53:11","guid":{"rendered":"http:\/\/ukrmova.iul-nasu.org.ua\/?page_id=7858"},"modified":"2020-05-25T17:53:26","modified_gmt":"2020-05-25T14:53:26","slug":"istorychnyj-slovotvir-imennyka-na-shlyahu-vid-ilyustratyvnogo-do-poyasnyuvalnogo-movoznavstva","status":"publish","type":"page","link":"https:\/\/ukrmova.iul-nasu.org.ua\/en\/https-ukrmova-iul-nasu-org-ua-https-ukrmova-iul-nasu-org-ua-vypusky-zhurnalu-html-html-html-html\/2018-2\/zhurnal-ukrayinska-mova-1-65-2018\/istorychnyj-slovotvir-imennyka-na-shlyahu-vid-ilyustratyvnogo-do-poyasnyuvalnogo-movoznavstva.html","title":{"rendered":"On the way from illustrative to explanatory linguistics (the historical derivation of the noun)"},"content":{"rendered":"<em>Petro Bilousenko<br \/>\n<\/em>Doctor of Philology, Professor, Head of the Department of Ukrainian Language,<br \/>\nZaporizhzhia National University<br \/>\n66 Zhukovsky St., Zaporizhzhya 69600, Ukraine<br \/>\n\u0415-mail: pbilousenko@gmail.com<\/p>\n<p><strong>Heading: <\/strong>Researches<br \/>\n<strong>Language: <\/strong>Ukrainian<\/p>\n<p><strong>Abstract:<\/strong> The task, the implementation of which will allow to move from illustrative to explanatory linguistics in the study of the historical word-formation of the noun, is outlined. The primary task is to identify the full range of word-formation formants. Materially-defined suffixes may change due to the left-sided extension of the formant, resulting in new suffixes. Discovery of the arsenal of lexical-word-building types of individual suffixes, and their comparison will make it possible to distinguish between new formants from their predecessors. The role of so-called determinants, ancient suffixal word-forming elements, which are closely interwoven with the root, is reviewed, but their meaning is already unclear in the Proto-Slavonic language. Recommendations concerning the inclusion of these formants in the history of word formation have been submitted. An important component of noun formants is the suffixes of the pluralia tantum nouns that appeared in the pre written period as a result of the lexicalization of grammatical forms of plurality, based on which samples were created new multiple derivatives of nouns, which should orient researchers to study the dynamics of the word-building structure of multiple nouns as a separate subsystem. The history of the noun suffixes of the noun is described, arguments are given regarding the delineation of the \u0439-suffixal and nul-suffixal derivatives. It is shown the preference of the term confixal word-formation over the prefix-suffixal, and pointed attention to the confixes with a materially non-expressed second component.<\/p>\n<p>It is emphasized that the probability of conclusions in the descriptions of the history of derivative systems and subsystems depends on the number of linguistic facts extracted from texts of different styles and genres of all periods of the functioning of the Ukrainian language. Emphasis is placed on the publication of unpublished monuments of the Ukrainian language. The attention is drawn to the question of the dialectal variation of the word-formation system of the Ukrainian language, which must be taken into account in historical \u2013 derivative studies. The present period of the study of word formation is characterized by the discovery of new elements of word-building systems and subsystems, the principles of their organization and interconnection. An important direction of derivative research is the fundamental approach. In science, the concept of the word-building system as a collection of word-formation nests has become firmly established, and the study of word-formation paradigms is intensively studied, which together with word-building chains represent their components. Complete descriptions of the history of word-building systems, executed from different perspectives, laying the way to explanatory linguistics.<\/p>\n<p><strong>Keywords:<\/strong> illustrative and explanatory linguistics, linguistics, materially expressed formants, null word-building means, \u0439-suffixal derivatives, nouns pluralia tantum, dialect word-building subsystems, core-centric approach.<\/p>\n<h4>REFERENCES<\/h4>\n<ol>\n<li>Abayev, V.I. (1986). Parerga 2. Linguistics is descriptive and explanatory. On the classification of sciences. <em>Questions of linguistics<\/em>. S. 27 \u2013 39 (\u0456n Rus.).<\/li>\n<li>Bevzenko, S.P. (1960). <em>Historical morphology of the Ukrainian language: Essays on word-formation and phrasing<\/em>. Uzhhorod (\u0456n Ukr.).<\/li>\n<li>Bulygina, T.V. (1975). Problems of the theory and practice of morphological description. <em>Proceedings of the Academy of Sciences of the USSR. OLE.<\/em> \u2116 4. S. 336 \u2013 337 (\u0456n Rus.).<\/li>\n<li>Vendina, T.I. (1990). Differentiation of Slavic languages according to word-formation. Moscow (\u0456n Rus.).<\/li>\n<li>Vovk, A. (1930). Verbose nouns of the female genus with a build-k-in comparison with other verb nouns. <em>Collection of the grammar section of the Ukrainian language.<\/em> The book is first. Kyiv. P. 115 \u2013 138 (\u0456n Ukr.).<\/li>\n<li>Gumetska, L.L. (1958). <em>An essay on the word-making system of the Ukrainian actuality of the fourteenth and fifteenth centuries<\/em>. Kyiv, 298 p. (In Ukr.)<\/li>\n<li>Gukhman, \u041c.\u041c. (1962). The concept of the system in synchronization and diachrony. <em>Questions of linguistics<\/em>. Number 4. S. 25 \u2013 26 (\u0456n Rus.).<\/li>\n<li>Dubrograeva, M.P. (1969). Relative nouns and verbs in the Old Russian language. <em>Vesnar Belaruskag Dzyarzhavnaga Universitete the name of U.I. Lenin<\/em>. Sir IV. Philology. Journalist. \u2116 2. S. 46 \u2013 50.<\/li>\n<li>Zhuravlev, V.K. (1991). <em>Diachronic morphology<\/em>. Moscow (\u0456n Rus.).<\/li>\n<li>Ilyin, V.S. (1951). Wordwork. <em>The course of modern Ukrainian literary language<\/em>. T. I. Kiev, S. 344 \u2013 425 (\u0456n Ukr.).<\/li>\n<li>Klimenko, N.F. (1973). <em>The system of fixation word formation of contemporary Ukrainian literary language<\/em>. Kyiv (\u0456n Ukr.).<\/li>\n<li>Kovalik, I.I. (1961). <em>The doctrine of the word formation (Word-forming characteristic of the language. The relation between the doctrine of word formation and other linguistic disciplines)<\/em>. Lviv (\u0456n Ukr.).<\/li>\n<li>Kovalik, I.I. (1958). <em>On some issues of the Slavic word-formation<\/em>. Lviv (\u0456n Ukr.).<\/li>\n<li>Kurilo, O. (1925). <em>Attention to the modern Ukrainian literary language.<\/em> Kyiv (\u0456n Ukr.).<\/li>\n<li>Lesyuk, M.P. (1991). Cobblestone as an object of study of word-formation. <em>Method. cheat &#8220;Slavic and semantic structure of Ukrainian vocabulary&#8221;, dedicated to the memory of the founder of derivative works. schools in Ukraine prof. Ivan Kovalyk:<\/em> Abstracts add. May 15 \u2013 17, 1991. Lviv, P. 63 \u2013 64 (\u0456n Ukr.).<\/li>\n<li>Maksimov, V.I. (1977). <em>The structure and division of the word<\/em>. Leningrad (\u0456n Rus.).<\/li>\n<li>Lopatin ,V.V. (1977). <em>Russian word-formation morpheme<\/em>. Moscow (\u0456n Rus.).<\/li>\n<li>Young, L.I. (1982). <em>Pronounced word-formation of nouns in the Old Russian language<\/em>. Saransk (\u0456n Rus.).<\/li>\n<li>Nikolaev, G.A. (1987). <em>Russian historical word formation<\/em>. Kazan (\u0456n Rus.).<\/li>\n<li>Nymchuk, V.V. (1990). The origin and development of the language of Ukrainian nationality. <em>Ukrainian nationality: Essays on socio-economic and ethnopolitical history<\/em>. Kiev, p. 190 \u2013 234 (\u0456n Ukr.).<\/li>\n<li>Nymchuk, V.V. (2015). <em>History of the Ukrainian language. The textbook on the history of the Ukrainian language X \u2013 \u0425\u0406\u0406\u0406 centuries<\/em>. Zhytomyr (\u0456n Ukr.).<\/li>\n<li>Russian grammar. (1982). T.1. Phonetics. Phonology. Strike Intonation Word formation. Morphology. Moscow (\u0456n Rus.).<\/li>\n<li>Samilenko, S.P. (1964). <em>Essays on the historical morphology of the Ukrainian language.<\/em> Ch. 1. Kyiv (\u0456n Ukr.).<\/li>\n<li>Semenyuk, S.P. (2000). Formation of word-formation structure of nouns with modifying values of female in the new Ukrainian language: author&#8217;s abstract. dis &#8230; Candidate filol sciences Zaporozhye. (\u0456n Ukr.).<\/li>\n<li>Semerenko, A.V. (1988). History of formation of Ukrainian deminutitive and hypocortical word-formation: author&#8217;s abstract. dis &#8230; Candidate filol sciences Kyiv (In Ukr.)<\/li>\n<li>Siroshtan, T.V. (2016). <em>Essays on the history of Ukrainian word formation (nomina loci of the end of the XII \u2013 early XXI century).<\/em> Zaporozhye \u2013 Melitopol, 204 p. (\u0456n Ukr.).<\/li>\n<li>The textbook of contemporary Ukrainian literary language. (1979). Kyiv (\u0456n Ukr.).<\/li>\n<li>Susanovich, V.B. (1963). The question of the origin of the final &#8220;a&#8221; in the words of the type washed down. <em>Questions of Russian and general linguistics<\/em>: Tr. Tashkent state un-that. Yield 449, p. 116 \u2013 125.<\/li>\n<li>Tilik, O.F. (2006). Nouns with similarity value: ways of creation and scope of use: author&#8217;s abstract. dis &#8230; Candidate filol sciences Zaporizhzhia (\u0456n Ukr.).<\/li>\n<li>Timchenko, E. (1917). <em>Ukrainian grammar<\/em>. Kiev (\u0456n Ukr.).<\/li>\n<li>Tretovich, L.M. (1980). Zero suffixation of names of nouns in modern Ukrainian language: author&#8217;s abstract. dis &#8230; Candidate filol sciences Uzhgorod (\u0456n Ukr.).<\/li>\n<li>Uluhanov, I.S. (1977). Word-forming semantics in Russian. Moscow (\u0456n Rus.).<\/li>\n<li>Worth, D. (1972). Morphology of zero affixation in Russian word-formation. <em>Questions of linguistics<\/em><em>, <\/em>6, <em>76 \u2013 84<\/em> (\u0456n Rus.).<\/li>\n<li>Khristenok, V.F. (1995). Dynamics of the augmentative pejorative word-formation of the noun in the Ukrainian language: author&#8217;s abstract. dis &#8230; Candidate filol sciences Kyiv (\u0456n Ukr.).<\/li>\n<li>Wojtyla-\u015awiersowska, M. (1974). Pras\u0142owia\u0144skie nomen agentis \u2013 PAN. The celebratory monographs. 30 &#8211; Wroc\u0142aw-Warsaw-Krak\u00f3w-Gda\u0144sk, 159 p.<\/li>\n<\/ol>","protected":false},"excerpt":{"rendered":"<p>Petro Bilousenko Doctor of Philology, Professor, Head of the Department of Ukrainian Language, Zaporizhzhia National University 66 Zhukovsky St., Zaporizhzhya 69600, Ukraine \u0415-mail: pbilousenko@gmail.com Heading: Researches Language: Ukrainian Abstract: The task, the implementation of which will allow to move from illustrative to explanatory linguistics in the study of the historical word-formation of the noun, is [&hellip;]<\/p>\n","protected":false},"author":1,"featured_media":0,"parent":6650,"menu_order":0,"comment_status":"closed","ping_status":"closed","template":"page-doi.php","meta":{"footnotes":""},"class_list":["post-7858","page","type-page","status-publish","hentry"],"_links":{"self":[{"href":"https:\/\/ukrmova.iul-nasu.org.ua\/en\/wp-json\/wp\/v2\/pages\/7858","targetHints":{"allow":["GET"]}}],"collection":[{"href":"https:\/\/ukrmova.iul-nasu.org.ua\/en\/wp-json\/wp\/v2\/pages"}],"about":[{"href":"https:\/\/ukrmova.iul-nasu.org.ua\/en\/wp-json\/wp\/v2\/types\/page"}],"author":[{"embeddable":true,"href":"https:\/\/ukrmova.iul-nasu.org.ua\/en\/wp-json\/wp\/v2\/users\/1"}],"replies":[{"embeddable":true,"href":"https:\/\/ukrmova.iul-nasu.org.ua\/en\/wp-json\/wp\/v2\/comments?post=7858"}],"version-history":[{"count":3,"href":"https:\/\/ukrmova.iul-nasu.org.ua\/en\/wp-json\/wp\/v2\/pages\/7858\/revisions"}],"predecessor-version":[{"id":8572,"href":"https:\/\/ukrmova.iul-nasu.org.ua\/en\/wp-json\/wp\/v2\/pages\/7858\/revisions\/8572"}],"up":[{"embeddable":true,"href":"https:\/\/ukrmova.iul-nasu.org.ua\/en\/wp-json\/wp\/v2\/pages\/6650"}],"wp:attachment":[{"href":"https:\/\/ukrmova.iul-nasu.org.ua\/en\/wp-json\/wp\/v2\/media?parent=7858"}],"curies":[{"name":"wp","href":"https:\/\/api.w.org\/{rel}","templated":true}]}}