{"id":7897,"date":"2019-12-15T18:55:36","date_gmt":"2019-12-15T16:55:36","guid":{"rendered":"http:\/\/ukrmova.iul-nasu.org.ua\/?page_id=7897"},"modified":"2020-03-18T20:27:41","modified_gmt":"2020-03-18T18:27:41","slug":"movni-innovatsiyi-abreviatemy-v-suchasnij-slovatskij-movi-u-porivnyanni-z-ukrayinskoyu","status":"publish","type":"page","link":"https:\/\/ukrmova.iul-nasu.org.ua\/en\/https-ukrmova-iul-nasu-org-ua-https-ukrmova-iul-nasu-org-ua-vypusky-zhurnalu-html-html-html-html\/2017-2\/zhurnal-ukrayinska-mova-1-61-2017\/movni-innovatsiyi-abreviatemy-v-suchasnij-slovatskij-movi-u-porivnyanni-z-ukrayinskoyu.html","title":{"rendered":"Language innovations \u2013 abbreviatems in modern Slovak Language (in comparison with the Ukrainian Language)"},"content":{"rendered":"<em><i>Jarmila Kred\u00e1tusov\u00e1 (Pre\u0161ov)<br \/>\n<\/i><\/em>Doc. Mgr. Jarmila Kred\u00e1tusov\u00e1, PhD., Katedra ukrajinistiky In\u0161tit\u00fat ukrajinistiky a\u00a0stredoeur\u00f3pskych \u0161t\u00fadi\u00ed, Filozofick\u00e1 fakulta<br \/>\nUl. 17. Novembra 1, Pre\u0161ovsk\u00e1 univerzita, \u00a0Pre\u0161ov 08001, Slovensko\/ Slovakia<br \/>\nE-mail: <u>jarmila.kredatusova@unipo.sk<\/u><\/p>\n<p><strong><b>Heading: <\/b><\/strong>Researches<br \/>\n<strong><b>Language: <\/b><\/strong>Ukrainian<\/p>\n<p><strong><b>Abstract:<\/b><\/strong><strong><b>\u00a0<\/b><\/strong>The article is based on current knowledges about the abbreviatures in the Slovak language. New abbreviatures in the system of modern Slovak language are considered as well as the relations which they form on its phonetic, morphological, syntactic, lexical, word-formative and stylistic levels. New abbreviatures are formed and functioned under rules existing and stable in Slovak language for a long time, in particular, derivative ones. Due to these rules the system of modern Slovak language fairly easily adopts new abbreviatures as the lexemes of full value.<\/p>\n<p>In general, Slovak language does not use abbreviation motivation as much as\u00a0Ukrainian and Russian language, in which the occurance of abbreviations in both texts and speech is much higher although a\u00a0tendency to use abbreviations more often becomes evident in Slovak language, too.<\/p>\n<p>New lexicalized abbreviations serve as motivating units of new naming units, especially personal naming units and they form full word-formation nests. They are also resource of word-formation rows. New abbreviations are influenced by the process of demotivation, spontaneous and intentional remotivation and they create complete terminological systems.<\/p>\n<p>New abbreviations are formed in mobile and electronical communication, such as letter abbreviations. This mean of communication shifts from the area of professionalisms and slang, from the area of colloquial to artistic language. This trend can be noticed in the texts of contemporary authors, whose language is based on the dialogues of people, who communicate via mobile and electronical technology. \u00a0The texts are translations of contemporary authors, who write in English, German and other languages. Various combinations of graphemes, numbers and non-abbreviations, so-called numeronyms, which provide texts with a\u00a0new design and form, occur in the texts more often. There are reasons to talk about a\u00a0new text (parole) abbreviation thanks to those innovative units, that have not been used in written form so far.<\/p>\n<p><strong><b>Keyword: <\/b><\/strong>Slovak language, innovation, abbreviation, abbreviateme, abbreviature, abbreviative motivation.<\/p>\n<h4>REFERENCES<\/h4>\n<ol>\n<li>Klymenko, N.F. (2004). Abbreviation. <em><i>Ukrainian language: Encyclopedia.<\/i><\/em><em><i>7<\/i><\/em>.\u00a0Kyiv (in Ukr.).<\/li>\n<li>Klymenko, N.F. (2004). Abbreviation. <em><i>Ukrainian language: Encyclopedia.<\/i><\/em><em><i>7<\/i><\/em>. Kyiv (in Ukr.).<\/li>\n<li>Klymenko, N.F. (2004). Acronym. <em><i>Ukrainian language: Encyclopedia.<\/i><\/em><em><i>13<\/i><\/em>. Kyiv (in Ukr.).<\/li>\n<li>Klymenko, N.F. (2004). Trimming. <em><i>Ukrainian language: Encyclopedia.<\/i><\/em><em><i>750 \u2013 751<\/i><\/em>. Kyiv (in Ukr.).<\/li>\n<li>Klymovych, S.M. (2008). Structural-Semantic Types of Formations in the Ukrainian Language: Abstract. diss. \u2026 Cand. philol. Sciences. Zaporizhzhia (in Ukr.).<\/li>\n<li>Chovanec, M. (2015). Abbreviations as a reflection of socio-cultural processes (Russian-Slovak comparison). Pre\u0161ov (in Slov.).<\/li>\n<li>Gavurov\u00e1, M. Abbreviation as a lexeme. URL: <a href=\"#bav=on.2,or.r_qf.&amp;fp=4b3352ae64a7a06b&amp;q=skratka+ako+lex%C3%A9ma\">http:\/\/www.google.sk\/#bav=on.2,or.r_qf.&amp;fp=4b3352ae64a7a06b&amp;q=skratka+ako+lex%C3%A9ma<\/a><\/li>\n<li>Gavurov\u00e1, M. (2013). Abbreviation as a lexema (Abractive motivation in lexicon). Pre\u0161ov(in Slov.).<\/li>\n<li>Hrb\u00e1\u010dek, (1979). Language abbreviations in Czech. Praha(in Czech.).<\/li>\n<li>Kochov\u00e1, (2005). New initial abbreviations. <em><i>Neologisms in Czech today.<\/i><\/em>\u00a0P. <em><i>242<\/i><\/em><em><i>\u00a0\u2013 <\/i><\/em><em><i>248<\/i><\/em>.\u00a0Praha (in Czech.).<\/li>\n<li>Kochov\u00e1, (2005). Prefixation of new nouns. <em><i>Neologisms in Czech today.<\/i><\/em>\u00a0P. <em><i>76<\/i><\/em><em><i>\u00a0\u2013 <\/i><\/em><em><i>84<\/i><\/em>.\u00a0Praha (in Czech.).<\/li>\n<li>Lan\u010dari\u010d, D. (2008).\u00a0Language abbreviations. Bratislava (in Slov.).<\/li>\n<li>Mistr\u00edk, J. (1997). Stylistics. Bratislava (in Slov.).<\/li>\n<li>Olo\u0161tiak, (2011). Aspects of lexical motivation theory. Pre\u0161ov (in Slov.).<\/li>\n<li>Slan\u010dov\u00e1, (1999).\u00a0The language of authority and love: a child-centered kindergarten teacher \u2013\u00a0a description of the register. Pre\u0161ov (in Slov.).<\/li>\n<\/ol>","protected":false},"excerpt":{"rendered":"<p>Jarmila Kred\u00e1tusov\u00e1 (Pre\u0161ov) Doc. Mgr. Jarmila Kred\u00e1tusov\u00e1, PhD., Katedra ukrajinistiky In\u0161tit\u00fat ukrajinistiky a\u00a0stredoeur\u00f3pskych \u0161t\u00fadi\u00ed, Filozofick\u00e1 fakulta Ul. 17. Novembra 1, Pre\u0161ovsk\u00e1 univerzita, \u00a0Pre\u0161ov 08001, Slovensko\/ Slovakia E-mail: jarmila.kredatusova@unipo.sk Heading: Researches Language: Ukrainian Abstract:\u00a0The article is based on current knowledges about the abbreviatures in the Slovak language. New abbreviatures in the system of modern Slovak language [&hellip;]<\/p>\n","protected":false},"author":1,"featured_media":0,"parent":6673,"menu_order":0,"comment_status":"closed","ping_status":"closed","template":"page-doi.php","meta":{"footnotes":""},"class_list":["post-7897","page","type-page","status-publish","hentry"],"_links":{"self":[{"href":"https:\/\/ukrmova.iul-nasu.org.ua\/en\/wp-json\/wp\/v2\/pages\/7897","targetHints":{"allow":["GET"]}}],"collection":[{"href":"https:\/\/ukrmova.iul-nasu.org.ua\/en\/wp-json\/wp\/v2\/pages"}],"about":[{"href":"https:\/\/ukrmova.iul-nasu.org.ua\/en\/wp-json\/wp\/v2\/types\/page"}],"author":[{"embeddable":true,"href":"https:\/\/ukrmova.iul-nasu.org.ua\/en\/wp-json\/wp\/v2\/users\/1"}],"replies":[{"embeddable":true,"href":"https:\/\/ukrmova.iul-nasu.org.ua\/en\/wp-json\/wp\/v2\/comments?post=7897"}],"version-history":[{"count":2,"href":"https:\/\/ukrmova.iul-nasu.org.ua\/en\/wp-json\/wp\/v2\/pages\/7897\/revisions"}],"predecessor-version":[{"id":8451,"href":"https:\/\/ukrmova.iul-nasu.org.ua\/en\/wp-json\/wp\/v2\/pages\/7897\/revisions\/8451"}],"up":[{"embeddable":true,"href":"https:\/\/ukrmova.iul-nasu.org.ua\/en\/wp-json\/wp\/v2\/pages\/6673"}],"wp:attachment":[{"href":"https:\/\/ukrmova.iul-nasu.org.ua\/en\/wp-json\/wp\/v2\/media?parent=7897"}],"curies":[{"name":"wp","href":"https:\/\/api.w.org\/{rel}","templated":true}]}}