{"id":7960,"date":"2019-12-15T20:04:46","date_gmt":"2019-12-15T18:04:46","guid":{"rendered":"http:\/\/ukrmova.iul-nasu.org.ua\/?page_id=7960"},"modified":"2020-05-25T22:26:57","modified_gmt":"2020-05-25T19:26:57","slug":"nazvy-pryrodnogo-vodnogo-dovkillya-v-ukrayinsko-moldavskyh-gramotah-xiv-xv-stolit","status":"publish","type":"page","link":"https:\/\/ukrmova.iul-nasu.org.ua\/en\/https-ukrmova-iul-nasu-org-ua-https-ukrmova-iul-nasu-org-ua-vypusky-zhurnalu-html-html-html-html\/2018-2\/zhurnal-ukrayinska-mova-2-66-2018\/nazvy-pryrodnogo-vodnogo-dovkillya-v-ukrayinsko-moldavskyh-gramotah-xiv-xv-stolit.html","title":{"rendered":"The names of the natural aquatic environment in the Moldovan-Ukrainian diplomas XIV \u2013 XV centuries"},"content":{"rendered":"<em>Bohdana Tymochko<br \/>\n<\/em>PhD in Philology, Junior Researcher of the Department of History of Ukrainian Language and Onomastics, Institute of the Ukrainian Language of National Academy of Sciences of Ukraine<br \/>\n4 Hrushevskyi St., Kyiv 01001, Ukraine<br \/>\n\u0415-mail: dana_babenchuk@bigmir.net<\/p>\n<p><strong>Heading:<\/strong> Researches<br \/>\n<strong>Language:<\/strong> Ukrainian<\/p>\n<p><strong>Abstract:<\/strong> The article is aimed at deep analysis of the natural aquatic environmental names\u00a0\u2013 as one of the fragments of the Ukrainian-Moldavian letters lexicon, which is an organic part of the Old Ukrainian language lexicon. Such an attribution of the lexicon of Ukrainian-Moldovan letters does not cause reservations as these legal documents are written in Ukrainian, which had the status of a state language in the Moldavian principality from the its foundation (in the 1360<sup>th<\/sup>) up to 1653.<\/p>\n<p>Comprehensive analysis of the names of the natural aquatic environment includes the assessment of their place within the lexical system of Ukrainian-Moldovan letters, their origin, structure and areas of functioning in the modern Ukrainian language.<\/p>\n<p>The names of the natural aquatic environment were identified within the lexical-semantic group \u00abNames of the water environment\u00bb as a same named lexical semantic subgroup. The lexical-semantic subgroup \u00abNames of the natural aquatic environment\u00bb consists of 20 lexical-semantic structures. The beginning of its structuring is marked by division into three lexical-semantic micro-groups: \u00abCommon names of the natural aquatic environment\u00bb, \u00abNames of individual forms of the natural aquatic environment\u00bb and \u00abNames of parts of individual forms of the natural aquatic environment\u00bb, which contain different amounts of lexical-semantic structures. Between the nominatives that form the lexical-semantic subgroup \u00abNames of the natural aquatic environment\u00bb, there exist persistent lexical-semantic relations, predominantly expressed in synonymy. Most nomins have their roots in the Proto-Slavonic age (63\u00a0%), others came to Ukrainian-Moldavian letters from Romanian (31\u00a0%) and Bulgarian (3\u00a0%) languages. The structure is significantly dominated by one-word nomins (95\u00a0%). In the modern Ukrainian language, a similar number of names of the natural aquatic environment, as evidenced in the Ukrainian-Moldavian charter of the XIV\u00a0\u2013 XV centuries, is functioning as dialectal (45\u00a0%) or normative (40\u00a0%); 15\u00a0%\u00a0\u2013 are not registered in modern Ukrainian language.<\/p>\n<p><strong>Keywords:<\/strong> Moldavian principality, Ukrainian\u2011Moldovan letters, names of the natural aquatic environment, lexical semantic structure, nomin, nomination, origin of the name.<\/p>\n<h3>LEGEND<\/h3>\n<ul>\n<li>BD<strong>\u00a0\u2013 <\/strong>Bogdan, \u0406<em>.<\/em> (1913). Documents Lui Stefan cel Mare: in 2 vol. Bucharest (in Roman.).<\/li>\n<li>DRH\u00a0\u2013 Cihodaru, C., Capro\u0219u, I., \u0218imanschi, L. Documents Romanian history: A.\u00a0Moldova: (1975\u00a0\u2013 1980). Bucharest: Editura Academiei Republicii Socialiste Romania (in Roman.).<\/li>\n<\/ul>\n<p>REFERENCES<\/p>\n<ol>\n<li>Antoshin, N.S. (1961). Language of the Moldovan diplomas of the XIV \u2013 XV centuries: author\u2019s abstract. dis &#8230; doct. filol. sciences. Leningrad (in Rus.).<\/li>\n<li>Venevtseva, L. (1961). Moldovan charters of the XIV \u2013 XV diplomas as a source of study in the history of the Ukrainian language (Phonetics, Morphology): author\u2019s abstract. dis &#8230; cand. filol. sciences. Kharkov (in Rus.).<\/li>\n<li>Horbach, O. (1997). Southern Bukovynian-Pokutian dialect of the Mile\u015fovets village near Radovets. <em>Olexa Horbatsch. Dialektologie. Gesammelte Aufsatze<\/em>. <em>P.\u00a0324\u00a0\u2013 375<\/em> (in Ukr.).<\/li>\n<li>Horb\u0430ch,\u00a0O. (1997). Dictionary of the Brodyn willage dialect, county of Radovtsi (Romania). <em>Olexa Horbatsch<\/em>.<em> Dialektologie<\/em>.<em> Gesammelte Aufsatze<\/em>. <em>123\u00a0\u2013 275<\/em> (in Ukr.)<\/li>\n<li>Horbach, O. (1997). Dictionary of the Polyana village dialect (Romania). <em>Olexa Horbatsch. Dialektologie. Gesammelte Aufsatze<\/em>. <em> 276\u00a0\u2013 321<\/em> (in Ukr.).<\/li>\n<li>Gumetskaya,\u00a0L.L. (1971). On the question of the language of the Moldovan diplomas of the XIV\u00a0\u2013 XV <em>Ot\u00e1zky d\u011bjin st\u0159edn\u00ed<\/em> <em>a v\u00fdchodn\u00ed Evropy<\/em>.\u00a0Brno.1, <em>25\u00a0\u2013 35 <\/em>(in Rus.).<\/li>\n<li>Zakrevska, Ya. (Ed.). (1997). Hutsul dialects: A brief dictionary. Lviv (in Ukr.).<\/li>\n<li>Dzendzelivskyi, Y.O. (1958). Dictionary of the specific lexica of the Lower Dniester region. <em>Leksykohrafichnyi biuleten<\/em>. Kyiv. 6, <em>36\u00a0\u2013 54<\/em> (in Ukr.).<\/li>\n<li>Melnychuk, O.S. (Ed.). (1982\u00a0\u2013 2012). The etymological dictionary of the Ukrainian language: in 7 vol. Vol. 1\u00a0\u2013 6. Kyiv: N\u0430ukova dumk\u0430 (in Ukr.).<\/li>\n<li>Kozlova, R.M. (1997). The structure of the proto-Slavic word (Proto-Slavic word in the genetic nest). Gomel\u2019 (in Rus.).<\/li>\n<li>Borshch, A.T., Podiko, M.V., Solov\u2019yov, V.P. (Eds.) (1961). Moldavian-Russian dictionary. Moscow: Gosud. izd-vo inostr. i nacz. slovarej (in Rus.).<\/li>\n<li>Onyshk\u0435vych, M.Y. (1984). Dictionary of the Boiko dialects: in 2 parts. Kyiv: N\u0430ukova dumk\u0430 (in Ukr.).<\/li>\n<li>Pavliuk, M., Robchuk, I. (2003). Dictionary of dialectic texts. <em>Ukrainian dialects of Romania<\/em>. Edmonton\u00a0\u2013 Lviv, ets. <em> 633\u00a0\u2013 718<\/em> (in Ukr.).<\/li>\n<li>P\u0435r\u0435p\u0435lytsia,\u00a0S.S. (1998). On the phonetic peculiarities of the Ukrainian Moldovan charters of the late XIV\u00a0\u2013 middle of the XVII century. <em>Ukr\u0430insk\u0430 mov\u0430 n\u0430 Bukovyni<\/em>. Ch\u0435rnivtsi. <em>\u00a023\u00a0\u2013 28<\/em> (in Ukr.).<\/li>\n<li>P\u0435shch\u0430k, M.M. (1970). Types of Ukrainian diplomas of the XIV century and their stylistic features. <em>Movozn\u0430vstvo<\/em>, 6, <em>58\u00a0\u2013 65<\/em> (in Ukr.).<\/li>\n<li>Pyrtei, P. (2004). A short dictionary of the Lemko dialects. Ivano-Frankivsk : Siversiia MV (in Ukr.).<\/li>\n<li>Pipash, Yu., Halas, B. (2005). Materials for the dictionary of Hutsul dialects (Kosivska Polyana and Roshica in the Rakhiv district of the Transcarpathian region). Uzhhorod: UzhNU (in Ukr.).<\/li>\n<li>Andrianova, B.A., Mikhalchi, D.E. (Eds.). (1954). Romanian-Russian dictionary. Moscow: izd-vo inostr. i nacz. slovarej (in Rus.)<\/li>\n<li>Bolokan, G. (Ed.). (1980). Romanian Russian dictionary. Moscow: Russkiy yazyk; Bucharest: Entsiklopedicheskoye izdaniye (in Rus.)<\/li>\n<li>Rusanivskyi, V.M. (2004). The old Ukrainian literary language. <em>U<\/em><em>krayins\u2019ka mova.<\/em><em> Entsyklopediia<\/em><em>.<\/em> <em>P<\/em><em>. 641\u00a0\u2013 644<\/em> (in Ukr.).<\/li>\n<li>Sabadosh, I.V. (2008). Dictionary of the Transcarpathian dialect of the village of Sokyrnitsa, Khust district. Uzhhorod (in Ukr.).<\/li>\n<li>Guivanyuk, N.V., Lukyanyuk, K.M. (2005). Dictionary of Bukovinian dialects in Chernivtsi: Ruta.<\/li>\n<li>Gumetska,\u00a0L.L. (Ed.). (1977\u00a0\u2013 1978). Dictionary of the Old Ukrainian language of the XIV\u00a0\u2013 XV centuries. Kyiv: N\u0430ukova dumk\u0430 (in Ukr.).<\/li>\n<li>Bilodid, I.K. (Ed.). Dictionary of the Ukrainian language: in 11 vol. (1970\u00a0\u2013 1980). Kyiv: Naukova dumka (in Ukr.).<\/li>\n<li>St\u0430nivskyi, M. (1960). Two Bukovynian-Moldovan diplomas of the middle of the XV century. <em>Ukr\u0430insk\u0430 mov\u0430 v shkoli,<\/em>\u00a03, <em>16\u00a0\u2013 19<\/em> (in Ukr.).<\/li>\n<li>Ts\u0430r\u0430lunh\u0430,\u00a0I. (2015). Dialectical stratification in the old Ukrainian language (based on the phenomena of vocalism in the XIV\u00a0\u2013 XV centuries). <em>Volyn\u00a0\u2013 Zhytomyrshchyn,<\/em> 26, <em>141\u00a0\u2013 151<\/em> (in Ukr.).<\/li>\n<li>Shtefutsa, V. (2009). Bulgarian words in Ukrainian charters of the XIV\u00a0\u2013 XV centuries<em>. B\u016dlgarskiyat yazik i literatura na kr\u016dstop\u016dtya na kulturite.<\/em> <em>P.\u00a033\u00a0\u2013 37 <\/em>(in Rus.).<\/li>\n<li>Shulhach, V.P. (1998). Proto-Slavic hydronomic fund (a reconstructed fragment). Kyiv. (in Ukr.).<\/li>\n<li>Trubachev, O.N., Zhuravlev, A.F. Etymological dictionary of the Slavic languages (1974\u00a0\u2013 2012). Aug.\u00a01\u00a0\u2013 38. Moscow: Nauka (in Rus.)<\/li>\n<li>Yarosh\u0435nko,\u00a0V. (1931). Ukrainian language in Moldovan diplomas of the XIV\u00a0\u2013 XV\u00a0centuries. <em>Zb<\/em>.<em> dlia doslidzh\u0435nnia istorii ukr\u0430inskoi movy<\/em>. Kyiv. Vol.\u00a01. <em>\u00a0247\u00a0\u2013 338<\/em> (in Ukr.).<\/li>\n<li>Yatsimirskij, A.I. (1906). Moldovan diplomas in diplomatic- and paleographic terms. <em>Russkij filol<\/em>.<em> vestnik<\/em>. Vol. 55. 1\u00a0\u2013 2, <em>177\u00a0\u2013 198<\/em> (in Rus.).<\/li>\n<li>Bogdan,\u00a0D.P. (1946). The character of the Slavic Romanian language. Bucharest (in Roman).<\/li>\n<li>Mac\u016frek,\u00a0J. (1959). The history of the Czech and Ukrainian relations between the Czechoslovak and Czech Republic in the 2nd half of the 14th and the 1st half of the 15th century. <em>Slovansk\u00e9 historik\u00e9 studie. III<\/em>. Praha. <em>\u00a0127\u00a0\u2013 184<\/em> (in Czech).<\/li>\n<li>Mac\u016frek,\u00a0J. (1960). On the issue of the relations of the Czech, Ukrainian and Moldovan documents in the second half of the fifteenth century. <em>Sborn\u00edk prac\u00ed filosofick\u00e9 faculty brn\u00e9nske university<\/em>,<em> ro\u010d<\/em>.<em> IX<\/em>,<em> \u0159ada historick\u00e1<\/em>.\u00a0Brno.\u00a07, <em>151\u00a0\u2013 161<\/em> (in Czech).<\/li>\n<\/ol>","protected":false},"excerpt":{"rendered":"<p>Bohdana Tymochko PhD in Philology, Junior Researcher of the Department of History of Ukrainian Language and Onomastics, Institute of the Ukrainian Language of National Academy of Sciences of Ukraine 4 Hrushevskyi St., Kyiv 01001, Ukraine \u0415-mail: dana_babenchuk@bigmir.net Heading: Researches Language: Ukrainian Abstract: The article is aimed at deep analysis of the natural aquatic environmental names\u00a0\u2013 [&hellip;]<\/p>\n","protected":false},"author":1,"featured_media":0,"parent":6656,"menu_order":0,"comment_status":"closed","ping_status":"closed","template":"page-doi.php","meta":[],"_links":{"self":[{"href":"https:\/\/ukrmova.iul-nasu.org.ua\/en\/wp-json\/wp\/v2\/pages\/7960"}],"collection":[{"href":"https:\/\/ukrmova.iul-nasu.org.ua\/en\/wp-json\/wp\/v2\/pages"}],"about":[{"href":"https:\/\/ukrmova.iul-nasu.org.ua\/en\/wp-json\/wp\/v2\/types\/page"}],"author":[{"embeddable":true,"href":"https:\/\/ukrmova.iul-nasu.org.ua\/en\/wp-json\/wp\/v2\/users\/1"}],"replies":[{"embeddable":true,"href":"https:\/\/ukrmova.iul-nasu.org.ua\/en\/wp-json\/wp\/v2\/comments?post=7960"}],"version-history":[{"count":3,"href":"https:\/\/ukrmova.iul-nasu.org.ua\/en\/wp-json\/wp\/v2\/pages\/7960\/revisions"}],"predecessor-version":[{"id":8594,"href":"https:\/\/ukrmova.iul-nasu.org.ua\/en\/wp-json\/wp\/v2\/pages\/7960\/revisions\/8594"}],"up":[{"embeddable":true,"href":"https:\/\/ukrmova.iul-nasu.org.ua\/en\/wp-json\/wp\/v2\/pages\/6656"}],"wp:attachment":[{"href":"https:\/\/ukrmova.iul-nasu.org.ua\/en\/wp-json\/wp\/v2\/media?parent=7960"}],"curies":[{"name":"wp","href":"https:\/\/api.w.org\/{rel}","templated":true}]}}