{"id":8009,"date":"2019-12-15T22:24:43","date_gmt":"2019-12-15T20:24:43","guid":{"rendered":"http:\/\/ukrmova.iul-nasu.org.ua\/?page_id=8009"},"modified":"2020-05-29T12:25:27","modified_gmt":"2020-05-29T09:25:27","slug":"regionalni-osoblyvosti-vzayemodiyi-movnyh-kodiv-za-dvomovnogo-spilkuvannya","status":"publish","type":"page","link":"https:\/\/ukrmova.iul-nasu.org.ua\/en\/https-ukrmova-iul-nasu-org-ua-https-ukrmova-iul-nasu-org-ua-vypusky-zhurnalu-html-html-html-html\/2017-2\/zhurnal-ukrayinska-mova-3-63-2017\/regionalni-osoblyvosti-vzayemodiyi-movnyh-kodiv-za-dvomovnogo-spilkuvannya.html","title":{"rendered":"REGIONALLY INFLUENCED PECULIARITIES OF THE LANGUAGE CODES\u2019 INTERACTION WITHIN THE BILINGUAL COMMUNICATION"},"content":{"rendered":"<em><i>Svitlana Sokolova<br \/>\n<\/i><\/em>Doctor of Science,\u00a0Professor,\u00a0Leading\u00a0Researcher\u00a0of\u00a0the Department of culture of language, stylistics and sociolinguistics, Institute of the Ukrainian Language of National Academy of Sciences of Ukraine<br \/>\n4 Hrushevskyi st., Kyiv 01001, Ukraine<br \/>\n\u0415- mail: a-senchuk@ukr.net<\/p>\n<p><strong><b>Heading: <\/b><\/strong>Researches<br \/>\n<strong><b>Language: <\/b><\/strong>Ukrainian<\/p>\n<p><strong><b>Abstract:<\/b><\/strong><strong><b>\u00a0<\/b><\/strong>Investigated in the article is a real language material \u2013 the texts of conversations caused by the situation of provocated bilingual communication during the focus group study in Kyiv, Lviv, Odessa, Kharkiv in order to organize the sociolinguistic survey of Ukrainian language situation and language politics issues. The purpose of this investigation is to study the peculiarities of language code switching and mixing by Ukrainian-Russian and Russian-Ukrainian bilinguals of different age, who live in big cities of Ukrainian regions with different language situation. The results have shown that young people have manifested appropriate language stability that can be mainly explained by their connection with the educational process. Elder people have been more influenced by general language background of the place of living. Presented in the study is the fact that Ukrainian-language conceptualization of the world has also had an influence on speaking Russian by Ukrainians, which can be manifested by using the word &#8220;mova&#8221; (\u2018language\u2019) originally to indicate the concept of the &#8220;Ukrainian language&#8221; by Russian-language speakers. At the same time it has been observed the examples of different language units\u2019 mixing, that have not been connected with the process of conceptualization. The linguistic analysis of the texts of different focus-group conversations in the situation of bilingualism may be freely used as a productive method of investigation.<\/p>\n<p><strong><em><b><i>Keywords:<\/i><\/b><\/em><\/strong><em><i>\u00a0bilingualism, mother tongue, Ukrainian, Russian, language code switching, interference.<\/i><\/em><\/p>\n<h4>REFERENCES<\/h4>\n<ol>\n<li>Batcevych, F.S. (2007). Glossary of terms of intercultural communication. Lviv \u2013 Kyiv. URL: http:\/\/terminy-mizhkult-komunikacii.wikidot.com\/p (Accessed: 03\/09\/2017)<\/li>\n<li>Bykova, N.M. (2006). Types of linguistic behavior in a multilingual situation: abstract. diss. &#8230; Cand. philol. Sciences: 10.02.15. <em><i>20<\/i><\/em> Kyiv (in Ukr.).<\/li>\n<li>Burda, T. (2002). Language behavior of personality in the conditions of Ukrainian-Russian bilingualism (Kyiv youth environment): author. diss. &#8230; Cand. philol. Sciences: 10.02.01. <em><i>22<\/i><\/em> Kyiv (in Ukr.).<\/li>\n<li>Weinreich, U. (1972). Monolingualism and multilingualism. <em><i>New in Linguistics. <\/i><\/em>Issue 6<em><i>. Language contacts.<\/i><\/em> <em><i>25 \u2013 60<\/i><\/em>. Moscow(in Ukr.).<\/li>\n<li>Weinreich, U. (1979). Language contacts: the state and problems of research. Kyiv (in Ukr.).<\/li>\n<li>Ukrainian Census 2001. URL: http:\/\/2001.ukrcensus.gov.ua\/results\/nationality_population\/<\/li>\n<li>Kochubei, L. Ukrainian borrowings and language code switching in oral Russian-speaking ethnic Russians in Lviv. Sociolinguistic essay. URL: www.kntu.kr.ua\/doc\/zb_10_2\/stat_10_2\/02.doc (Accessed 25.11.2016)<\/li>\n<li>Krysin, L.P. (2003). Code switching in the speaker&#8217;s speech behavior. <em><i>Contemporary Russian: Social and Functional Differentiation<\/i><\/em>. P. <em><i>375 \u2013 380<\/i><\/em>. Moscow (in Rus.).<\/li>\n<li>Kuznetsova, T. (2002). Language behavior of the bilingual family. Language conflicts and the harmonization of society: proceedings of a scientific conference. P. 112 \u2013 117. Kyiv (in Ukr.).<\/li>\n<li>Lytvynenko, A. (2007). Chernihiv Interviews (On linguistic-cultural self-identification in a youth-friendly environment of a reclassified city). <em><i>Ukrainian lesson<\/i><\/em>, \u2116 7 \u2013 8 (101 \u2013 102), <em><i>8 \u2013 12<\/i><\/em><em><i>\u00a0<\/i><\/em>(in Ukr.).<\/li>\n<li>Lutsenko, E.L., Lelyuk, S.V. (2008). The bilingualism of modern youth: cognitive and career orientation. <em><i>Herald Khark. nat. to them. V.N. Karazin.<\/i><\/em>\u00a0Series: <em><i>Psychology<\/i><\/em>. P. <em><i>205<\/i><\/em>\u00a0\u2013 <em><i>210<\/i><\/em>. URL: http:\/\/dspace.univer.kharkov.ua\/handle\/123456789\/713<\/li>\n<li>Masenko, L. (2004). Language behavior of the individual in the situation of bilingualism. <i><\/i>\u00a0Num. 35. URL: www.ji.lviv.ua\/n35texts\/masenko-bilingv.htm<\/li>\n<li>Potebnia, A.A. (1993). Thought and language. Kyiv (in Ukr.).<\/li>\n<li>Mykhalchenko, V.Yu. (Ed.). (2006). Dictionary of Sociolinguistic Terms. Moscow. URL: http:\/\/www.iling-ran.ru\/library\/sociolingva\/slovar\/sociolinguistics_dictionary.pdf<\/li>\n<li>Sokolova, S., Trub, V., Masenko, L., Danylevska, O., Ruda, O. (2013). Types of linguistic behavior in the modern Slavic bilingual metropolis. <em><i>Ukrainian Horizons: Reports of the 15th International Slavic Congress.<\/i><\/em> 6. Part 1: <em><i>Linguistics<\/i><\/em>. P. <em><i>173<\/i><\/em>\u00a0\u2013 <em><i>196<\/i><\/em>. Kyiv (in Ukr.).<\/li>\n<li>Tkachuk, T. (2016). Identification function of language in bilingual environment (on the example of Vinnitsa city). <em><i>Theoretical and didactic philology. <\/i><\/em>Series: <em><i>Philology<\/i><\/em>. Num. 23. P. 149 \u2013 157. Vinnytsa (in Ukr.).<\/li>\n<li>Shevchuk-Kliuzheva, O. (2015). Ukrainian oral speech of Donetsk region. Vinnytsia (in Ukr.).<\/li>\n<li>Belentschikow, Renate, Handke, Ella. About features of speech behavior of Russian-speaking population of Germany. URL: <a href=\"http:\/\/www.mapryal.org\/itogi\/germany.shtml\">http:\/\/www.mapryal.org\/itogi\/germany.shtml<\/a><\/li>\n<li>Wingender, M. (2015). Einf\u00fchrung: Sprachenpolitik und Identit\u00e4tdiskurse in den russisch-t\u00fcrksprachigen Sprachgemeinschaften Kasachstans und Tatarstans. <em><i>Sprachpolitische Diskurse in russisch-t\u00fcrksprachigen Sprachgemeinschaften: Sprachen und Identit\u00e4ten in Tatarstan und Kasachstan.<\/i><\/em>\u00a0HG von Mark Kirschner und Monika Wingender. P. 13 \u2013\u00a0 Wiesbaden (in Germ.).<\/li>\n<\/ol>","protected":false},"excerpt":{"rendered":"<p>Svitlana Sokolova Doctor of Science,\u00a0Professor,\u00a0Leading\u00a0Researcher\u00a0of\u00a0the Department of culture of language, stylistics and sociolinguistics, Institute of the Ukrainian Language of National Academy of Sciences of Ukraine 4 Hrushevskyi st., Kyiv 01001, Ukraine \u0415- mail: a-senchuk@ukr.net Heading: Researches Language: Ukrainian Abstract:\u00a0Investigated in the article is a real language material \u2013 the texts of conversations caused by the [&hellip;]<\/p>\n","protected":false},"author":1,"featured_media":0,"parent":6679,"menu_order":0,"comment_status":"closed","ping_status":"closed","template":"page-doi.php","meta":[],"_links":{"self":[{"href":"https:\/\/ukrmova.iul-nasu.org.ua\/en\/wp-json\/wp\/v2\/pages\/8009"}],"collection":[{"href":"https:\/\/ukrmova.iul-nasu.org.ua\/en\/wp-json\/wp\/v2\/pages"}],"about":[{"href":"https:\/\/ukrmova.iul-nasu.org.ua\/en\/wp-json\/wp\/v2\/types\/page"}],"author":[{"embeddable":true,"href":"https:\/\/ukrmova.iul-nasu.org.ua\/en\/wp-json\/wp\/v2\/users\/1"}],"replies":[{"embeddable":true,"href":"https:\/\/ukrmova.iul-nasu.org.ua\/en\/wp-json\/wp\/v2\/comments?post=8009"}],"version-history":[{"count":2,"href":"https:\/\/ukrmova.iul-nasu.org.ua\/en\/wp-json\/wp\/v2\/pages\/8009\/revisions"}],"predecessor-version":[{"id":8641,"href":"https:\/\/ukrmova.iul-nasu.org.ua\/en\/wp-json\/wp\/v2\/pages\/8009\/revisions\/8641"}],"up":[{"embeddable":true,"href":"https:\/\/ukrmova.iul-nasu.org.ua\/en\/wp-json\/wp\/v2\/pages\/6679"}],"wp:attachment":[{"href":"https:\/\/ukrmova.iul-nasu.org.ua\/en\/wp-json\/wp\/v2\/media?parent=8009"}],"curies":[{"name":"wp","href":"https:\/\/api.w.org\/{rel}","templated":true}]}}