{"id":8021,"date":"2019-12-15T22:51:12","date_gmt":"2019-12-15T20:51:12","guid":{"rendered":"http:\/\/ukrmova.iul-nasu.org.ua\/?page_id=8021"},"modified":"2020-05-29T12:44:04","modified_gmt":"2020-05-29T09:44:04","slug":"nazvy-znykli-z-ojkonimnogo-prostoru-istorychnogo-podillya-problemy-vyyavlennya-systematyzatsiyi-analizu","status":"publish","type":"page","link":"https:\/\/ukrmova.iul-nasu.org.ua\/en\/https-ukrmova-iul-nasu-org-ua-https-ukrmova-iul-nasu-org-ua-vypusky-zhurnalu-html-html-html-html\/2017-2\/zhurnal-ukrayinska-mova-3-63-2017\/nazvy-znykli-z-ojkonimnogo-prostoru-istorychnogo-podillya-problemy-vyyavlennya-systematyzatsiyi-analizu.html","title":{"rendered":"NAMES THAT HAVE DISAPPEARED FROM THE OIKONIM\u00a0SPACE OF THE HISTORICAL PODILLYA: PROBLEMS OF IDENTIFICATION, SYSTEMATIZATION, ANALYSIS"},"content":{"rendered":"<em><i>Svyatoslav<\/i><\/em><em><i>\u00a0<\/i><\/em><em><i>Verbych<br \/>\n<\/i><\/em>Institute of the Ukrainian Language of National Academy of Sciences of Ukraine<br \/>\n01001, Ukraine, Kyiv, 4 Grushevsky st.<\/p>\n<p><strong><b>Heading: <\/b><\/strong>Researches<br \/>\n<strong><b>Language: <\/b><\/strong>Ukrainian<\/p>\n<p><strong><b>Abstract:<\/b><\/strong><strong><b>\u00a0<\/b><\/strong>The article analyzes the names of the Pod\u0456lsk settlement<strong><b>\u00a0\u0411\u043e\u0434\u0430\u0447\u0456\u0432\u043a\u0430<\/b><\/strong>, <strong><b>\u0414\u043e\u0431\u0440\u043e\u0433\u043e\u0449\u0430<\/b><\/strong>, <strong><b>\u041b\u043e\u0434\u0438\u0440\u0438\u043d\u0446\u0456<\/b><\/strong>, <strong><b>\u041c\u043e\u043b\u043e\u0445\u0456\u0432<\/b><\/strong>, <strong><b>\u0421\u043a\u0432\u0430\u0440\u0436\u0438\u0449\u0435<\/b><\/strong>, <strong><b>\u042f\u0440\u043e\u043f\u043e\u043b\u043a\u043e\u0432\u0435<\/b><\/strong>, they existed in XV \u2013 XVII centuries. Beyond these the oikonym\u00a0is unknown. Derivational structure\u00a0of these names are studied, the motivational semantics of their word-forming stem\u00a0restored. The disappearance of given names with oikonym\u00a0map of Ukraine is connected with extralinguistic factors, primarily with the attacks of Tatars in Podolia, where\u00a0the Kuchmansky\u00a0way led\u00a0from the steppe to the Volyn and the Carpathians. The attack of the Tatar troops was the main cause of the depopulation of some settlements in the region, this was the reason for their disappearance. In the next century there are no references to these names in the pages of the documents.\u00a0Unfortunately, today the registry missing names is absent in Ukraine. This encourages researchers to actively search for such names in historical sources. Because each oikonym is a significant part of historical-cultural heritage of the Ukrainian people and interesting object for onomastic research.<\/p>\n<p><strong><b>Keywords<\/b><\/strong>:\u00a0oikonym, oikonym\u00a0space, names that have disappeared from the oikonym map of Ukraine.<\/p>\n<h4>LEGEND<\/h4>\n<ul>\n<li>\u0412\u0435\u0440\u043c\u0435\u043d\u0438\u0447\u00a0\u2013 Vermenych, Ya. (2015). History of the development of the Northern Black Sea region (VII BC \u2013 XVIII centuries). <em><i>Vermenich Ya. Southern Ukraine on the civilization border.<\/i><\/em>\u00a0P. <em><i>163<\/i><\/em>\u00a0\u2013 <em><i>258<\/i><\/em>. Kyiv (in Ukr.).<\/li>\n<li>\u0413\u0440\u0443\u0448\u0435\u0432\u0441\u044c\u043a\u0438\u0439\u00a0\u2013Hrushevsky, M. (1894). Bar old age. Historical sketches (XV \u2013 XVIII centuries). Kyiv (in Ukr.).<\/li>\n<li>E\u0421\u0423M \u2013 Etymological Dictionary of the Ukrainian Language: In 7 vols. (1982 \u2013 2012). Vol. 1 \u2013 6. Kyiv (in Ukr.).<\/li>\n<li>\u041a\u043b\u0438\u0431\u0430\u043d\u043e\u0432\u00a0\u2013 Klibanov, A.I. (1965). History of religious sectarianism in Russia (60s of 19th century \u2013 1917). Moscow (in Rus.).<\/li>\n<li>\u041a\u043e\u0432\u0430\u043b\u0438\u043a\u00a0\u2013 Kovalyk, I.I. (1970). Ukrainian place-names with suffixes -yshch-e, -nyshch-e, -lyshch-e, -byshch-e, -ovyshch-e, -ys(\u02b9)k-o, -ovys(\u02b9)k-o\u00a0in common Slavic background. <em><i>Notes of the Order of Lenin of Lviv to them I.\u00a0Franko. The series is philological.<\/i><\/em>\u00a0Vol. 7. P. <em><i>15 \u2013 20<\/i><\/em>. Lviv (in Ukr.).<\/li>\n<li>\u041a\u0440\u0438\u043a\u0443\u043d\u00a02011 \u2013 Krykun, M. (2011). Documents from the Province of Bratislava 1566 \u2013 1605 years. <em><i>Visnyk of Lviv Univ. The series is historical.<\/i><\/em>\u00a0Vol. 46. P. <em><i>375 \u2013 410<\/i><\/em>. Lviv (in Ukr.).<\/li>\n<li>\u041a\u0440\u0438\u043a\u0443\u043d\u00a02015 \u2013 Krykun, M. (2015). Documents of the Podlaskie Voivodeship Commissar&#8217;s Court of 1678 \u2013 1679. Lviv (in Ukr.).<\/li>\n<li>\u041a\u0443\u043f\u0447\u0438\u043d\u0441\u044c\u043a\u0438\u0439\u00a0\u2013 Kupchynskyi, O.A. (2011). The question of the genesis of geographical names in -ychi. <em><i>Kupchynskyi, O.A. Studies in the history of the Ukrainian language and oconomy.<\/i><\/em>\u00a0T. 1. P. <em><i>192 \u2013 208<\/i><\/em>. Lviv (in Ukr.).<\/li>\n<li>\u041b\u0438\u0442\u0432\u0438\u043d\u0435\u043d\u043a\u043e\u00a0\u2013 Lytvynenko, I.A. (2014). To the question of the study of the historical villages of Ukraine. <em><i>Proceedings of the Scientific Research Institute of Conservation Research.<\/i><\/em>\u00a0Vol. 9. P. <em><i>450 \u2013 456.<\/i><\/em>\u00a0Kyiv (in Ukr.).<\/li>\n<li>\u041d\u0435\u0440\u043e\u0437\u043d\u0430\u043a\u00a0\u2013 Neroznak, V.P. (1983). Names of ancient Russian cities. Moscow (in Rus.).<\/li>\n<li>\u0420\u0435\u0434\u044c\u043a\u0432\u0430\u00a0\u2013 Redkva, Ya.P. (2008). Polish-language phonetic adaptation and transliteration of consonant sounds in the econonymy of Halych and Lviv lands of the former Russian Voivodeship. <em><i>Onomastics and Etymology Studios. 2008<\/i><\/em>. P. <em><i>154 \u2013 170<\/i><\/em>. Kyiv (in Ukr.).<\/li>\n<li>\u0421\u0420\u041d\u0413\u00a0\u2013 Filin, F.P., Sorokoletov, F.P., Myshnikov, S.A. (Eds.). (1966 \u2013 2015). Dictionary of Russian Folk Speech. Aug. 1 \u2013 48. Moscow \u2013 Leningrad (in\u00a0Rus.).<\/li>\n<li>\u0421\u0421\u0423M \u2013 Humetska, L.L., Kernytskyi, I.M. (Eds.). (1977 \u2013 1978). Dictionary of Old Ukrainian XIV \u2013 XV centuries. Vol. I \u2013 II. Kyiv (in Ukr.).<\/li>\n<li>\u0421\u043c\u0435\u0440\u0435\u043a\u0430\u00a0\u2013 Smereka B. Disappeared settlements of the Lviv land of the Russian Voivodeship in XVI \u2013 XVIII centuries. and specifics of their identification in fiscal sources. Ukrainian Historical Collection. 2015. Vol. 18. P. <em><i>62 \u2013 80<\/i><\/em>. Kyiv (in Ukr.).<\/li>\n<li>\u0423\u0410\u0422\u0423\u00a0\u2013Truhan, M.O. et al. (Eds.). (2012). Ukraine. Administrative-territorial structure: official publication. Kyiv (in Ukr.).<\/li>\n<li>\u0423\u043d\u0431\u0435\u0433\u0430\u0443\u043d\u00a0\u2013 Unbegaun, B. (1989). Russian surnames. Moscow (in Rus.).<\/li>\n<li>\u0424\u0430\u0441\u043c\u0435\u0440\u00a0\u2013 Fasmer, M. (1964 \u2013 1973). Etymological dictionary of the Russian language. Vol. I \u2013 IV. Moscow (in Rus.).<\/li>\n<li>\u0427\u0443\u0447\u043a\u0430\u00a0\u2013 Chuchka, P.P. (2011). Slavic personal names of Ukrainians: a historical and etymological dictionary. Uzhhorod (in Ukr.).<\/li>\n<li>\u0428\u0443\u043b\u044c\u0433\u0430\u0447\u00a0\u2013 Shulhach, V.P. (1998). The Slavonic Hydronomic Fund (reconstruction fragment). Kyiv (in Ukr.).<\/li>\n<li>\u042d\u0421\u0411M \u2013 Tsyhun, H.A. (Ed.). (1978 \u2013 2010). Etymological Dictionary of the Belarusian Language. Vol. 1 \u2013 13. Minsk (in Bel.).<\/li>\n<li>\u042d\u0421\u0421\u042f\u00a0\u2013 Trubachev, O.N., Zhuravleva, A.F. (Eds.). (1974 \u2013 2014). Etymological Dictionary of Slavic Languages: The Slavic Lexicon Foundation. Aug. 1 \u2013 39. Moscow (in Rus.).<\/li>\n<li>RGN\u00a0\u2013Vasmer, M. (Ed.). (1962 \u2013 1981). Russisches\u00a0geographisches\u00a0Namenbuch. Vol. I\u00a0\u2013 X.\u00a0Wiesbaden (in Germ.)<\/li>\n<li>SG\u00a0\u2013 S\u0142ownik\u00a0geograficzny\u00a0Krolestwa\u00a0Polskiego\u00a0i\u00a0innych\u00a0kraj\u00f3w\u00a0s\u0142owia\u0144skich. (1880 \u2013 1902). Vol.\u00a0I\u00a0\u2013 XV.\u00a0Warszawa\u00a0(in Pol.).<\/li>\n<li>SJP\u00a0\u2013 S\u0142ownik\u00a0j\u0119zyka\u00a0polskiego. (1900 \u2013 1927). Pod\u00a0red. J. Kar\u0142owicza, A. Kry\u0144skiego, W. Nied\u017awiedzkiego. T. I\u00a0\u2013 VIII.\u00a0Warszawa (in Pol.).<\/li>\n<\/ul>","protected":false},"excerpt":{"rendered":"<p>Svyatoslav\u00a0Verbych Institute of the Ukrainian Language of National Academy of Sciences of Ukraine 01001, Ukraine, Kyiv, 4 Grushevsky st. Heading: Researches Language: Ukrainian Abstract:\u00a0The article analyzes the names of the Pod\u0456lsk settlement\u00a0\u0411\u043e\u0434\u0430\u0447\u0456\u0432\u043a\u0430, \u0414\u043e\u0431\u0440\u043e\u0433\u043e\u0449\u0430, \u041b\u043e\u0434\u0438\u0440\u0438\u043d\u0446\u0456, \u041c\u043e\u043b\u043e\u0445\u0456\u0432, \u0421\u043a\u0432\u0430\u0440\u0436\u0438\u0449\u0435, \u042f\u0440\u043e\u043f\u043e\u043b\u043a\u043e\u0432\u0435, they existed in XV \u2013 XVII centuries. Beyond these the oikonym\u00a0is unknown. Derivational structure\u00a0of these names are studied, [&hellip;]<\/p>\n","protected":false},"author":1,"featured_media":0,"parent":6679,"menu_order":0,"comment_status":"closed","ping_status":"closed","template":"page-doi.php","meta":[],"_links":{"self":[{"href":"https:\/\/ukrmova.iul-nasu.org.ua\/en\/wp-json\/wp\/v2\/pages\/8021"}],"collection":[{"href":"https:\/\/ukrmova.iul-nasu.org.ua\/en\/wp-json\/wp\/v2\/pages"}],"about":[{"href":"https:\/\/ukrmova.iul-nasu.org.ua\/en\/wp-json\/wp\/v2\/types\/page"}],"author":[{"embeddable":true,"href":"https:\/\/ukrmova.iul-nasu.org.ua\/en\/wp-json\/wp\/v2\/users\/1"}],"replies":[{"embeddable":true,"href":"https:\/\/ukrmova.iul-nasu.org.ua\/en\/wp-json\/wp\/v2\/comments?post=8021"}],"version-history":[{"count":2,"href":"https:\/\/ukrmova.iul-nasu.org.ua\/en\/wp-json\/wp\/v2\/pages\/8021\/revisions"}],"predecessor-version":[{"id":8647,"href":"https:\/\/ukrmova.iul-nasu.org.ua\/en\/wp-json\/wp\/v2\/pages\/8021\/revisions\/8647"}],"up":[{"embeddable":true,"href":"https:\/\/ukrmova.iul-nasu.org.ua\/en\/wp-json\/wp\/v2\/pages\/6679"}],"wp:attachment":[{"href":"https:\/\/ukrmova.iul-nasu.org.ua\/en\/wp-json\/wp\/v2\/media?parent=8021"}],"curies":[{"name":"wp","href":"https:\/\/api.w.org\/{rel}","templated":true}]}}