{"id":8081,"date":"2019-12-16T00:20:11","date_gmt":"2019-12-15T22:20:11","guid":{"rendered":"http:\/\/ukrmova.iul-nasu.org.ua\/?page_id=8081"},"modified":"2020-05-25T22:46:52","modified_gmt":"2020-05-25T19:46:52","slug":"vid-istoriografiyi-movy-hudozhnoyi-prozy-do-kodyfikatsiyi-terminiv-lingvostylistyky","status":"publish","type":"page","link":"https:\/\/ukrmova.iul-nasu.org.ua\/en\/https-ukrmova-iul-nasu-org-ua-https-ukrmova-iul-nasu-org-ua-vypusky-zhurnalu-html-html-html-html\/2018-2\/zhurnal-ukrayinska-mova-4-68-2018\/vid-istoriografiyi-movy-hudozhnoyi-prozy-do-kodyfikatsiyi-terminiv-lingvostylistyky.html","title":{"rendered":"From the historiography of the language of artistic prose to codification of the terms of linguistical stylistics"},"content":{"rendered":"<em>Svitlana Bybyk<br \/>\n<\/em>Doctor of Philology, Leading researcher of the Department of Stylistics, Culture of the Language and Sociolinguistics Institute of the Ukrainian Language of National Academy of Sciences of Ukraine<br \/>\n4 Hrushevskyi St., Kyiv 01001, Ukraine<br \/>\n\u0415-mail: sbybyk2016@ukr.net<\/p>\n<p><strong>Heading: <\/strong>Researches<br \/>\n<strong>Language: <\/strong>Ukrainian<\/p>\n<p><strong>Abstract:<\/strong> The article gives an overview of the main scientific literature on the problems of the study of the language of prose. It is proposed to distinguish periods of formation, formation and development of the terminology apparatus of linguistic style in the field of studying prose text. From the scientific articles, monographs, the main terms and terminological phrases, which form the basis of the methodology of linguistic-style analysis of artistic prose text, are distinguished. The article shows the role of researches of L.A.\u00a0Bulahovsky, I.K.\u00a0Bilodid, Yu.\u00a0Shevelev, L.G.\u00a0Skrypnyk, G.P.\u00a0Yezhakevych, S.Ya.\u00a0Yermolenko, N.M.\u00a0Sologub, L.O.\u00a0Stavyts\u2019ka, S.P.\u00a0Bybyk and other scientists in the development of the theory of language of artistic prose.<\/p>\n<p>Motivated differentiation of several paradigms of terms and key categories of linguistic style of prose language. All collected arrays of terms and terminological phrases are differentiated into subgroups (paradigms): stylistic syntax, rhythm melodicum of artistic prose, dictionary of the language of the writer, paradigm of verbal images. The role of categories of narration, polyphony, verbal, spoken, literary, anthropocentricity in the formation of methodological approaches to the analysis of prose language is noted.<\/p>\n<p>The dynamics of the terminating apparatus of Ukrainian linguistic stylistics for nearly 100 years is shown. In connection with the problem to be solved, the registers of the \u201cDictionary of Slavic linguistic terminology\u201d, the encyclopedia \u201cUkrainian language\u201d and the reference \u201cUkrainian linguistic stylistics of the XX\u00a0th to the beginning of the XXI century: the system of concepts and bibliographic sources\u201d are compared. The need to create an encyclopedia of linguistic stylistics, which should codify appropriate terms and reflect the contribution of Ukrainian researchers in the formation and development of this actual integrative direction of Slavic humanitarianism, was noted.<\/p>\n<p><strong>Keywords<\/strong>: linguistic style, prose language, terminology, codification, category, term, concept, syntax, vocabulary, text.<\/p>\n<h4>REFERENCES<\/h4>\n<ol>\n<li>Bybyk,P. (2010). Narrative in the Ukrainian artistic prose. Lugansk (\u0456n Ukr.).<\/li>\n<li>Bybyk,P. (2010). Polyphonic artistic tales. <em>Bulletin of Kharkiv National University<\/em> <em>by V<\/em><em>.<\/em><em>N<\/em><em>.<\/em><em> Karazin<\/em><em>,<\/em> 10, \u0406, <em>638 <\/em><em>\u2013<\/em><em> 642<\/em> (\u0456n Ukr.).<\/li>\n<li>Bilodid,K. (1955). The language and style of the novel \u201cRiders\u201d by Yu. Yanovsky. Kyiv (\u0456n Ukr.).<\/li>\n<li>Bilodid,K. (1959). The language of the works of Alexander Dovzhenko. Kyiv (\u0456n Ukr.).<\/li>\n<li>Bilodid,K. (1955). Issues of the development of the language of Ukrainian Soviet artistic prose (predominantly post-war period, 1945 \u2013 1950). Kyiv (\u0456n Ukr.).<\/li>\n<li>Bulakhovsky,A. (1975). Selected works in five volumes. Kyiv, Vol. I.: General linguistics (\u0456n Russ.).<\/li>\n<li>Yermolenko,Ya. (1999). The style of artistic prose of 60 \u2013 80-ies. <em>Najnowsze dzieje j\u0119zyk\u00f3w s\u0142owia\u0144skich: Ukrainian language<\/em>. Opole p. 146 \u2013 152 (\u0456n Ukr.).<\/li>\n<li>Yermolenko,Ya. (2009). Language and aesthetic signs of Ukrainian culture. Kyiv (\u0456n Ukr.).<\/li>\n<li>Yermolenko,Ya. (1999). Essays on Ukrainian Literature. Kyiv (\u0456n Ukr.).<\/li>\n<li>Yermolenko,Ya., Pustovit, L.O., Stavyts&#8217;ka, L.A., Sydyachenko, N.G. (1988). I. Nechuy-Levitsky: portrait, landscape. <em>Ukrainian language and literature at school<\/em><em>, <\/em>10, <em>61 <\/em><em>\u2013<\/em><em> 65<\/em> (\u0456n Ukr.).<\/li>\n<li>Yermolenko,Ya. (1990). \u201cHeart Drops in the Word &#8230;\u201d (essay on the style of V.\u00a0Kharchuk). <em>Culture of the word<\/em>. Vol. 37, <em>5 <\/em><em>\u2013<\/em><em> 10<\/em> (\u0456n Ukr.).<\/li>\n<li>Yermolenko,Ya. (1982). Syntax and stylistic semantics. Kyiv (\u0456n Ukr.).<\/li>\n<li>Yermolenko,Ya. (2016). Philosophy of the language of Pavlo Tychyna. <em>Culture of the word<\/em>. Vol. 84, <em>14<\/em><em> \u2013 <\/em><em>25<\/em> (\u0456n Ukr.).<\/li>\n<li>Zhovtobryukh, M.A. (1991). Essay on the history of Ukrainian Soviet linguistics (1918 \u2013 1941). Kyiv (\u0456n Ukr.).<\/li>\n<li>Yezhakevych, G.P., Yermolenko, S.Ya., Pylinsky, M.M. (1978). Development of speech-propagating means of genre of the narrative in the Slavic languages: (On the material of Russian, Belarusian, Ukrainian, Polish languages). Kyiv (\u0456n Ukr.).<\/li>\n<li>Krivoruchko,M. (1956). Appropriate manner of Arkhip Teslenko and her linguistic means. <em>The question of Ukrainian linguistics<\/em>. Vol. 1, <em>21 <\/em><em>\u2013 <\/em><em>47<\/em>. Lviv (\u0456n Ukr.).<\/li>\n<li>Krupa,P. (1998). Speech structure of the author&#8217;s image in the work of Olga Kobylianska. Kyiv (\u0456n Ukr.).<\/li>\n<li>Matsko, L., Sidorenko,M., Matsko, O.M. (2003). Stylistics of the Ukrainian language: textbook. P. 431 \u2013 453. Kyiv (\u0456n Ukr.).<\/li>\n<li>Yermolenko, S.Ya., Kolesnik, M. and other. (1977). Language and time. Development of functional styles of contemporary Ukrainian literary language; for ed. V.M. Rusanivsky. Kyiv (\u0456n Ukr.).<\/li>\n<li>Palamarchuk,S. (1957). Lexical synonym of works of art by M.\u00a0Kotsyubinsky. Kyiv (\u0456n Ukr.).<\/li>\n<li>Skrypnyk, G. (1967). Writer and language of the era. <em>Linguistics<\/em>, 3, <em>66<\/em><em> \u2013 <\/em><em>73<\/em> (\u0456n Ukr.).<\/li>\n<li>Edlichka, A. (ed.). (1977). Glossary of Slavic linguistic terminology. Prague, Vol.1, <em>471 <\/em><em>\u2013<\/em><em> 503<\/em> (\u0456n Russ.).<\/li>\n<li>Sologub,M. (2002). Means of integration of artistic text. <em>Word. Style. Norm<\/em>. P. 62 \u2013 65. Kyiv (\u0456n Ukr.).<\/li>\n<li>Sologub, N.M. (1991). Language World Oles Gonchar. Kyiv (\u0456n Ukr.).<\/li>\n<li>Stavyts\u2019ka, L.O. (1989). Linguistic means of expressing the through image as an element of the individual aesthetic system. <em>Semasiology and Creation: a collection of scientific works<\/em>. P. 98 \u2013 Kyiv (\u0456n Ukr.).<\/li>\n<li>Bilodid,K. (ed.)\/ (1973). Contemporary Ukrainian Literary Language. Stylistics. P. 414 \u2013 424, 425 \u2013 464. Kyiv (\u0456n Ukr.).<\/li>\n<li>Yermolenko, Ya. (ed.)\/ (2007). Ukrainian linguistic stylistics of the XX\u00a0th \u2013 beginning of the XXI century: a system of notions and bibliographic sources. Kyiv (\u0456n Ukr.).<\/li>\n<li>Rusanivsky,M., Taranenko, O.O. (ed.). (2000). Ukrainian language: Encyclopedia. Rare: (co-chairmen) [and others]. [type 3-th, additional]. Kyiv (\u0456n Ukr.).<\/li>\n<li>Bilodid,K. (ed.). (1965). In the artistic word workshop. Kyiv (\u0456n Ukr.).<\/li>\n<li>Franco,Ya. (1982). Belpar lar gentile. <em>In<\/em> Franko I.Ya. Collected works in fifty volumes. Literary and critical works (1906 \u2013 1908). P. 8 \u2013 20. Kyiv (\u0456n Ukr.).<\/li>\n<li>Sherekh, (1951). Essays on contemporary Ukrainian literary language. Munich (\u0456n Ukr.).<\/li>\n<li>Shiprykevych,V. (1965). Rhythm melodicus in artistic prose. <em>Grammatical and stylistic studios in Ukrainian and Russian<\/em>. Kyiv, P. 51 \u2013 68 (\u0456n Ukr.).<\/li>\n<\/ol>","protected":false},"excerpt":{"rendered":"<p>Svitlana Bybyk Doctor of Philology, Leading researcher of the Department of Stylistics, Culture of the Language and Sociolinguistics Institute of the Ukrainian Language of National Academy of Sciences of Ukraine 4 Hrushevskyi St., Kyiv 01001, Ukraine \u0415-mail: sbybyk2016@ukr.net Heading: Researches Language: Ukrainian Abstract: The article gives an overview of the main scientific literature on the [&hellip;]<\/p>\n","protected":false},"author":1,"featured_media":0,"parent":6662,"menu_order":0,"comment_status":"closed","ping_status":"closed","template":"page-doi.php","meta":[],"_links":{"self":[{"href":"https:\/\/ukrmova.iul-nasu.org.ua\/en\/wp-json\/wp\/v2\/pages\/8081"}],"collection":[{"href":"https:\/\/ukrmova.iul-nasu.org.ua\/en\/wp-json\/wp\/v2\/pages"}],"about":[{"href":"https:\/\/ukrmova.iul-nasu.org.ua\/en\/wp-json\/wp\/v2\/types\/page"}],"author":[{"embeddable":true,"href":"https:\/\/ukrmova.iul-nasu.org.ua\/en\/wp-json\/wp\/v2\/users\/1"}],"replies":[{"embeddable":true,"href":"https:\/\/ukrmova.iul-nasu.org.ua\/en\/wp-json\/wp\/v2\/comments?post=8081"}],"version-history":[{"count":3,"href":"https:\/\/ukrmova.iul-nasu.org.ua\/en\/wp-json\/wp\/v2\/pages\/8081\/revisions"}],"predecessor-version":[{"id":8611,"href":"https:\/\/ukrmova.iul-nasu.org.ua\/en\/wp-json\/wp\/v2\/pages\/8081\/revisions\/8611"}],"up":[{"embeddable":true,"href":"https:\/\/ukrmova.iul-nasu.org.ua\/en\/wp-json\/wp\/v2\/pages\/6662"}],"wp:attachment":[{"href":"https:\/\/ukrmova.iul-nasu.org.ua\/en\/wp-json\/wp\/v2\/media?parent=8081"}],"curies":[{"name":"wp","href":"https:\/\/api.w.org\/{rel}","templated":true}]}}