{"id":8101,"date":"2019-12-16T00:52:29","date_gmt":"2019-12-15T22:52:29","guid":{"rendered":"http:\/\/ukrmova.iul-nasu.org.ua\/?page_id=8101"},"modified":"2020-05-29T13:04:50","modified_gmt":"2020-05-29T10:04:50","slug":"ponyattyeva-spivvidnesenist-lingvodydaktychnyh-terminiv-robota-z-tekstom-i-robota-nad-tekstom","status":"publish","type":"page","link":"https:\/\/ukrmova.iul-nasu.org.ua\/en\/https-ukrmova-iul-nasu-org-ua-https-ukrmova-iul-nasu-org-ua-vypusky-zhurnalu-html-html-html-html\/2017-2\/zhurnal-ukrayinska-mova-4-64-2017\/ponyattyeva-spivvidnesenist-lingvodydaktychnyh-terminiv-robota-z-tekstom-i-robota-nad-tekstom.html","title":{"rendered":"THE CONCEPTUAL CORRELATION OF LINGUISTIC DIDACTIC TERMS \u201cWORK WITH TEXT\u201d AND \u201cWORK ON TEXT\u201d"},"content":{"rendered":"Omelchuk Serhi\u0456<br \/>\nDoctor of Pedagogical Sciences, docent, pro-rector for scientific work of Kherson State University, Professor of the Department of Slavic Phiology, Honored Worker of Science and Technology of Ukraine<br \/>\n36003, Ukraine, Kherson, 27 Universytetska st.<br \/>\n\u0415-mail: <u>omegas1975@gmail.com<\/u><\/p>\n<p><strong><b>Heading: <\/b><\/strong>Researches<br \/>\n<strong><b>Language: <\/b><\/strong>Ukrainian<\/p>\n<p><strong><b>Abstract:<\/b><\/strong><strong><b>\u00a0<\/b><\/strong>The article investigates the normative functioning of term phrases work with text and work on text in the linguistic didactic discourse.<\/p>\n<p>Component analysis allowed us to determine a semantic organization of terms work with text and work on text on the basis of a complex analysis of scientific sources and lexicographic works. It is proved that terms work with text and work on text in Ukrainian linguistic didactic science denote different methodical concepts.\u00a0Work with text in the meaning of a methodical technique involves the implementation of mental actions on a certain didactic material. It means comprehension and analysis of the text. Work on the text is a productive activity based on the creation (composition, writing, modeling, etc.) of a speech utterance. Such constructions are structurally incomplete, but they are complete semantically. In the absence of a lexically expressed deverbative, the semantic load falls on a semantically and structurally obligatory object with the meaning of the object of an action.<\/p>\n<p>Using the method of generalization and quantitative calculations, it is determined that the Ukrainian linguistic didactic scientists, as well as language teachers, use various preposition and substantive forms to indicate a methodical technique based on text analysis. The grammatical peculiarities of the foreign correspondences of the Ukrainian preposition and substantive form \u2018with text\u2019 in English, German, Polish, Byelorussian and Russian languages are clarified.<\/p>\n<p>In the English scientific linguistic didactic literature the phrase work with text is mainly used in the meaning of \u201ctext analysis\u201d. At the same time, the phrase work on text in the meaning of \u201cwork on the creation (writing) of the text\u201d also occurs in the English language. The grammatical construction Arbeit mit Texten is common in the German scientific language. Modern Polish linguistic didactics fixes the term-phrase praca z tekstem in the sense of an analytical kind of activity on the basis of the text. The preposition and substantive word form with the preposition \u0437\u00a0is also fixed in the modern Byelorussian language, as evidenced by the titles of scientific studies in the Byelorussian language methodology. Researchers do not distinguish between terms \u0440\u0430\u0431\u043e\u0442\u0430\u00a0\u0441\u00a0\u0442\u0435\u043a\u0441\u0442\u043e\u043c\u00a0and \u0440\u0430\u0431\u043e\u0442\u0430\u00a0\u043d\u0430\u0434\u00a0\u0442\u0435\u043a\u0441\u0442\u043e\u043c\u00a0in the Russian methodical science. They use these term phrases unsystematically.<\/p>\n<p><strong><b>Keywords:<\/b><\/strong>\u00a0term phrase, preposition and substantive word form, semantic and syntactic relations.<\/p>\n<h4>LEGEND<\/h4>\n<ol>\n<li>Aharodnikava,S.V., Petrykevich,\u00a0K.U.\u00a0(2015). Aspects of working on a professional text with students of economic high schools: a program of the Belarusian language course in economic high schools. Vitebsk\u00a0(in Bel.).\u00a0URL: https:\/\/lib.vsu.by\/xmlui\/bitstream\/handle\/123456789\/6995\/%D0%90%D0%B3%D0%B0%D1%80%D0%BE%D0%B4 % D0% BD% D1% 96% D0% BA% D0% B0% D0% B2% D0% B0% 20% D0% A1.% D0% 92.% 2C% 20% D0% 9F% D0% B5% D1 % 82% D1% 80% D1% 8B% D0% BA% D0% B5% D0% B2% D1% 96% D1% 87% 20% D0% 9A.% D0% A3..pdf? Sequence = 1 &amp; isAllowed = y<\/li>\n<li>Babenko, O.A. (2010). Formation of intonation skills of high school students as a means of creating verbal expressions: author. diss. &#8230; Cand. ped. Sciences: 13.00.02. <em><i>23<\/i><\/em> Kyiv (in Ukr.).<\/li>\n<li>Barysenka, V.U. (2016). Belarusian Language and Culture: Working with Text in Classes. <em><i>Language<\/i><\/em>, 26, <em><i>151 \u2013 155<\/i><\/em>. URL: http:\/\/nbuv.gov.ua\/UJRN\/Mova_2016_26_30.<\/li>\n<li>Bozhko, O.P. (2017). Formation of text-forming skills of elementary school students in the process of studying the syntax of a complex sentence: dis. \u2026 Cand. ped. Sciences: 13.00.02. <em><i>283<\/i><\/em> Kherson (in Ukr.).<\/li>\n<li>Hohol, N.V. (2004). Forming aesthetic evaluation of a work of art in reading lessons by junior students: author. diss. &#8230; Cand. ped. Sciences: 13.00.02. <em><i>20<\/i><\/em> Kyiv (in Ukr.).<\/li>\n<li>Hrona, N.V. (2018). The system of preparation of students of pedagogical college for formation at the younger schoolboys of text-making skills: diss. \u2026 Dr. Ped. Sciences: 13.00.02. <em><i>491<\/i><\/em> Kyiv (in Ukr.).<\/li>\n<li>Zaiets, V.H. (2013). Linguistic and Methodical Principles of Ukrainian Language Teaching for Grades 8 \u2013 9 Students with Advanced Text-Based Content Study: Abstract. diss. &#8230; Cand. ped. Sciences: 13.00.02. <em><i>20<\/i><\/em> Kyiv (in Ukr.).<\/li>\n<li>Isupova, S.M. (2013). Work on text while teaching Russian as a non-native language. Philological Sciences. <em><i>Questions of theory and practice<\/i><\/em>, 5 (1), <em><i>65 \u2013 67<\/i><\/em>. Tambov (in Rus.).<\/li>\n<li>Krasney, V., Laurel, Ya. (2017). Belarusian language. Complete school course. Theory. Minsk (in Bel.).<\/li>\n<li>Vashulenko, M.S. (Ed.). (2011). Methods of teaching Ukrainian in primary school: teaching method. manual Kyiv (in Ukr.).<\/li>\n<li>Samatyia, I.M. (2006). Working with text as a form of control over the Belarusian language. <em><i>Methodological and methodological aspects of language and literature teaching at school and university: Coll. of sciences.<\/i><\/em> 5. P. <em><i>63 \u2013 68<\/i><\/em>. Minsk (in Bel.). URL: http:\/\/elib.bsu.by\/handle\/ 123456789\/56650.<\/li>\n<li>Surmin, Yu.P. (2008). Scientific texts: specificity, preparation and presentation: teaching method. tool. Kyiv (in Ukr.).<\/li>\n<li>Yakuba, S.M. Comprehensive work with text on lessons of generalization and systematization of knowledge in word formation. URL: https:\/\/www.bsu.by\/Cache\/pdf\/184933.pdf.<\/li>\n<li>Ahrens-Drath, R. (2009).\u00a0Der Umgang mit Texten im Grundschulunterricht.\u00a0Wiesbaden (in Germ.). URL:\u00a0https:\/\/kultusministerium.hessen.de\/sites\/default\/ files\/media\/der_umgang_mit_texten_im_grundschulunterricht.pdf<\/li>\n<li>D\u0142ugosz,\u00a0, Orzech, E.\u00a0(1991).\u00a0Materia\u0142y do pracy z tekstem literackim w klasach pocz\u0105tkowych. Pod red. nauk. A. Meissnera. Rzesz\u00f3w\u00a0(in Pol.).<\/li>\n<li>Cain, M.\u00a0(1980).\u00a0Texts and the foreign language teacher: some reflections on aims.\u00a0<em><i>Revue ATEE Journal<\/i><\/em>.\u00a0\u2116\u00a03 (in Eng.).<\/li>\n<li>Jakowicka, M. (1981).\u00a0Praca\u00a0z\u00a0tekstem\u00a0w\u00a0klasach\u00a0pocz\u0105tkowych. <em><i>Zbiorcza<\/i><\/em><em><i>\u00a0<\/i><\/em><em><i>Szko<\/i><\/em><em><i>\u0142<\/i><\/em><em><i>a<\/i><\/em><em><i>\u00a0<\/i><\/em><em><i>Gminna<\/i><\/em>.\u00a0\u2116 5\u00a0(in Pol.).<\/li>\n<li>Ja\u0161ov\u00e1, M. (2009).\u00a0Arbeit mit literarischen Texten im DaF Unterricht am Beispiel eines Textes von Christine N\u00f6stlinger.\u00a0Br\u00fcnn (in Germ.).<\/li>\n<li>Lenartowska,\u00a0(1982).\u00a0\u015awi\u0119tek W.\u00a0Praca z tekstem w klasach 1 \u2013 3. Warszawa (in Pol.).<\/li>\n<li>Mickan, P.\u00a0(2015).\u00a0Text-Based Teaching: Theory and Practice.\u00a0URL:\u00a0https:\/\/www.researchgate.net\/publication\/265011929_Text-Based_Teaching\u00a0_Theory_\u00a0and_Practice.<\/li>\n<li>Rainer,\u00a0E. (2014).\u00a0Wicke, Werkzeuge\u00a0zur\u00a0Arbeit\u00a0mit\u00a0literarischen\u00a0Texten. M\u00fcnchen\u00a0(in Germ.).<\/li>\n<li>Szczepa\u0144ska, M. (1987). Praca z tekstem literackim w klasach I\u00a0\u2013\u00a0III.\u00a0<em><i>\u017bycie<\/i><\/em><em><i>\u00a0<\/i><\/em><em><i>Szko\u0142y<\/i><\/em><em><i>.<\/i><\/em>\u00a0\u2116\u00a04\u00a0(in Pol.).<\/li>\n<li>Wojszwi\u0142\u0142o, M. (1987). Praca\u00a0z\u00a0tekstem\u00a0wierszowym. <em><i>\u017b<\/i><\/em><em><i>ycie<\/i><\/em><em><i>\u00a0<\/i><\/em><em><i>Szko<\/i><\/em><em><i>\u0142<\/i><\/em><em><i>y<\/i><\/em>. \u2116 7 \u2013 8\u00a0(in Pol.).<\/li>\n<li>Chodkiewicz H. Krzemi\u0144ska-Adamek M., Steinbrich P. (\u0415).\u00a0(2016).\u00a0Working\u00a0with\u00a0Text\u00a0and\u00a0Around\u00a0Text\u00a0in\u00a0Foreign\u00a0Language\u00a0Environments.\u00a0Springer.<\/li>\n<\/ol>\n<h4>REFERENCES<\/h4>\n<ol>\n<li>Bahmut, I.V. (2012). Working on text and working with text while learning a language. <em><i>Scientific journal of the National Pedagogical University named after M.P. Drahomanov. <\/i><\/em>Series 10:<em><i>\u00a0Problems of Grammar and Lexicology of the Ukrainian Language. <\/i><\/em> 9. P. <em><i>176 \u2013 179<\/i><\/em>\u00a0(in Ukr.).<\/li>\n<li>Vikhovanets, I., Horodenska, K. (2004). Theoretical morphology of the Ukrainian language. Kyiv (in Ukr.).<\/li>\n<li>Holub, N.B. (2009). Theoretical and methodological foundations of teaching rhetoric in higher educational institutions: diss. \u2026 Dr. Ped. Sciences: 13.00.02. <em><i>505<\/i><\/em> Kyiv (in Ukr.).<\/li>\n<li>Lvov, M.R. (1988). Dictionary-dictionary on the methodology of the Russian language: textbook. help for students. ped. inst. Moscow (in Rus.).<\/li>\n<li>Pentyliuk, E. (Ed.). (2011). Workshop on the methodology of teaching the Ukrainian language in secondary schools: module course: a manual for students. Kyiv (in Ukr.).<\/li>\n<li>Pentyliuk, M., Horoshkina, O., Mordovtseva, N., Nikitina, A., Popova L. (2015). Dictionary of Ukrainian Linguistics Guide: Tutorial. tool. Kyiv (in Ukr.).<\/li>\n<li>Zahnitko, A.P., Danyliuk. I.H, Sytar, H.V., Shchukina, I.A. (2007). Dictionary of Ukrainian prepositions. Modern Ukrainian. Donetsk (in Ukr.).<\/li>\n<li>Dictionary of the Ukrainian language: in 11 vol. (1974). Vol. 5. Kyiv (in Ukr.). URL: sum.in.ua.<\/li>\n<li>Dictionary of the Ukrainian language: in 11 vol. (1979). Vol. 10. Kyiv (in Ukr.). URL: sum.in.ua.<\/li>\n<\/ol>","protected":false},"excerpt":{"rendered":"<p>Omelchuk Serhi\u0456 Doctor of Pedagogical Sciences, docent, pro-rector for scientific work of Kherson State University, Professor of the Department of Slavic Phiology, Honored Worker of Science and Technology of Ukraine 36003, Ukraine, Kherson, 27 Universytetska st. \u0415-mail: omegas1975@gmail.com Heading: Researches Language: Ukrainian Abstract:\u00a0The article investigates the normative functioning of term phrases work with text and [&hellip;]<\/p>\n","protected":false},"author":1,"featured_media":0,"parent":6681,"menu_order":0,"comment_status":"closed","ping_status":"closed","template":"page-doi.php","meta":[],"_links":{"self":[{"href":"https:\/\/ukrmova.iul-nasu.org.ua\/en\/wp-json\/wp\/v2\/pages\/8101"}],"collection":[{"href":"https:\/\/ukrmova.iul-nasu.org.ua\/en\/wp-json\/wp\/v2\/pages"}],"about":[{"href":"https:\/\/ukrmova.iul-nasu.org.ua\/en\/wp-json\/wp\/v2\/types\/page"}],"author":[{"embeddable":true,"href":"https:\/\/ukrmova.iul-nasu.org.ua\/en\/wp-json\/wp\/v2\/users\/1"}],"replies":[{"embeddable":true,"href":"https:\/\/ukrmova.iul-nasu.org.ua\/en\/wp-json\/wp\/v2\/comments?post=8101"}],"version-history":[{"count":2,"href":"https:\/\/ukrmova.iul-nasu.org.ua\/en\/wp-json\/wp\/v2\/pages\/8101\/revisions"}],"predecessor-version":[{"id":8660,"href":"https:\/\/ukrmova.iul-nasu.org.ua\/en\/wp-json\/wp\/v2\/pages\/8101\/revisions\/8660"}],"up":[{"embeddable":true,"href":"https:\/\/ukrmova.iul-nasu.org.ua\/en\/wp-json\/wp\/v2\/pages\/6681"}],"wp:attachment":[{"href":"https:\/\/ukrmova.iul-nasu.org.ua\/en\/wp-json\/wp\/v2\/media?parent=8101"}],"curies":[{"name":"wp","href":"https:\/\/api.w.org\/{rel}","templated":true}]}}