{"id":8487,"date":"2020-04-06T15:05:46","date_gmt":"2020-04-06T12:05:46","guid":{"rendered":"http:\/\/ukrmova.iul-nasu.org.ua\/?page_id=8487"},"modified":"2020-05-25T16:25:31","modified_gmt":"2020-05-25T13:25:31","slug":"church-slavonic-vocabulary-with-root-zhy-zhyv-in-the-ukrainian-language-xvi-xvii-centuries","status":"publish","type":"page","link":"https:\/\/ukrmova.iul-nasu.org.ua\/en\/https-ukrmova-iul-nasu-org-ua-https-ukrmova-iul-nasu-org-ua-vypusky-zhurnalu-html-html-html-html\/2020-2\/zhurnal-ukrayinska-mova-1-73-2020\/church-slavonic-vocabulary-with-root-zhy-zhyv-in-the-ukrainian-language-xvi-xvii-centuries.html","title":{"rendered":"Church slavonic vocabulary with root \u0436\u0438-(\u0436\u0438\u0432-) in the Ukrainian Language XVI\u2014XVII centuries"},"content":{"rendered":"<strong><em>Yurii Osinchuk<\/em><\/strong>,<br \/>\nCandidate of Philological Sciences, Senior Researcher at the Ukrainian Language Department, Institute of Ukrainian Studies I. Krypyakevych NASU<br \/>\n4 Kozelnytska St., Lviv 79000, Ukraine<br \/>\nE-mail: osinchuk@gmail.com<br \/>\nhttps\/\/orcid.org\/0000-0003-4045-1044<\/p>\n<p><strong>Heading: <\/strong>Researches<br \/>\n<strong>Language: <\/strong>Ukrainian<\/p>\n<p><strong>Abstract:<\/strong> The article on the material of the multigenre and multistyle Ukrainian written memos of the XVI\u2014XVII centuries (acts, court documents, testaments, diplomas, descriptions of castles, allrounders Hetman\u2019s offices, documents of the Church and school fraternities, annals, works of religious polemic and imaginative literature, memos of scientific and educational literature, religious literature, epistolary heritage, etc.) that went into source database \u201cDictionary of the Ukrainian language of XVI \u2014 first half XVII cen.\u201d and \u201cHistorical dictionary of the Ukrainian language\u201d, edited by Ye. T\u00f3mchenko, in diachronic aspect studied Church Slavonic vocabulary root \u00e6\u00e8(\u00e6\u00e8\u00e2). It is found that in the registry called the lexicon includes more than twenty different wordforming structure of Church Slavonic to this root. The main focus is on the etymological analysis of the studied words, which was primarily in clarifying their semantic etymon.<\/p>\n<p>Found that some old Church Slavonic lexemes arose as semantic calques from Greek words.<\/p>\n<p>It has been observed that in single words, as a result of the emergence of new values, the basic values were relegated to the dialectal periphery. The polysemantic lexeme life has become the main one that means biological existence. Words with the indicated root have a long history in the written language\u2014mostly from the XI century.<\/p>\n<p>It is revealed that the individual lexemes studied often act as the core components of different twomembered or threemembered stable and lexicalized phrases of the Ukrainian language of the 16th\u201417th centuries.<\/p>\n<p>It is established that the historical fate of the analyzed words is not the same. Part of Church Slavonicism has survived to this day in the modern Ukrainian literary language or in its speeches.<\/p>\n<p>Some words function in modern liturgical practice. It is established that the historical destiny of the analysed words are not the same. Part Church Slavonicism preserved until now in the modern Ukrainian literary language or its dialects. Some words function in a modern liturgical practice.<\/p>\n<p><strong>Keywords: <\/strong>historical dictionary, written memo, semantics, phrase, Church Slavonicism.<\/p>\n<p><strong>REFERENCES<\/strong><\/p>\n<ol>\n<li>The Acathist of Our Lady is the sovereign of the world, who covers us from the wiles of evil spirits and men. (2018). URL: http:\/\/www.praycatholic.org\/pray\/view\/ 557 (Accessed 12.02.2019).<\/li>\n<li>Bevzenko, S., Hryshchenko, A., Lukinova, T., Nimchuk, V. (1978). History of Ukrainian: Morphology. Kyiv (in Ukr.).<\/li>\n<li>BiletskyNosenko, P. (Ed.). (1966). Dictionary of the Ukrainian language. Prepare. for pub. and introduction. article by V.V. Nimchuk. Kyiv (in Ukr.).<\/li>\n<li>Bonchev, A. (Ed.). (2002; 2012). Dictionary of Church Slavonic. Vol. I\u2014II. Sofia (in Bulg.).<\/li>\n<li>Weisman, A. (Ed.). (1991). GreekRussian dictionary (1899). Reprint of the 5th edition. Moscow (in Rus.).<\/li>\n<li>Voitiv, H., Krovytska, O. (2013). Criteria for selecting illustrative material in the historical dictionary. <em>Language horizons: Levko Poluga\u2019s memory collection<\/em>. P. <em>34\u201448<\/em>. Lviv (in Ukr.).<\/li>\n<li>The etymological dictionary of the Ukrainian language: in 7 vol. (1982\u20142012). Vol. \u00b2\u2014VI. Kyiv (in Ukr.).<\/li>\n<li>With faith and love. Orthodox family prayer book with the Psalter (2007). Kharkiv \u2014 Kyiv \u2014 Lviv (in Ukr.).<\/li>\n<li>Tymchenko, Ye. (Ed.). (1930\u20141932). Historical Dictionary of the Ukrainian Language. Kharkiv \u2014 Kyiv (in Ukr.).<\/li>\n<li>Files of the \u201cDictionary of the Ukrainian Language of the 16th \u2014 the First Half of the 17<sup>th<\/sup> Century\u201d. It is stored in the Ukrainian language department of the Institute of Ukrainian Studies. I. Krypiakevych NAS of Ukraine, Lviv (in Ukr.).<\/li>\n<li>The Catechism of the Catholic Church (2002). Zhovkva (in Ukr.).<\/li>\n<li>Pamvo Berinda\u2019s Slovenespeaking lexicon. (1961). Text preparation and introductory article by V.V., Nimchuk. Kyiv (in Ukr.).<\/li>\n<li>Lvov, A. (1966). Essays on vocabulary of memos of ancient Slavonic writing. Moscow (in Rus.).<\/li>\n<li>Nimchuk, V. (1992). Ancient Russian heritage in the vocabulary of the Ukrainian language. Kyiv (in Ukr.).<\/li>\n<li>The tale of temporary years on the Lavrentyevsky list. 2nd ed. <em>The Complete Collection of Russian<\/em> <em>Chronicles<\/em>. (1926\u20141928). Leningrad (in Rus.).<\/li>\n<li>Come worship. Prayer book. 5th edition corrected (2005). Lviv (in Ukr.).<\/li>\n<li>Saievych, I. Anthropocentric measurement of the concept of life. <em>Scientific journal of NPU<\/em> <em>named after M.P. Drahomanov. Series 10. Problems of grammar and lexicology of the Ukrainian language: Collection of scientific works<\/em>. Vol. 12. P. <em>67\u201472<\/em>. Kyiv (in Ukr.).<\/li>\n<li>Dictionary of Old Russian (XI\u2014XIV centuries): in 10 vol. (1989\u20142013). R., Avanesov; V., Krysko (Eds.). Vol. \u00b2\u2014\u00d5. Moscow (in Rus.).<\/li>\n<li>Dictionary of Old Slavonic (2006). Rep. ed. St. Petersburg (in Rus.). Vol. \u0406\u2014\u0406V.<\/li>\n<li>Hrinchenko, B. (Ed.). (1907\u20141909). Dictionary of the Ukrainian language. Vol. \u0406\u2014\u0406V. Kyiv (in Ukr.).<\/li>\n<li>Dictionary of Old Ukrainian XIV\u2014XV centuries: in 2 vol. (1977\u20141978). Resp. ed. L., Humetska. Vol. \u0406\u2014 \u0406V. Kyiv (in Ukr.).<\/li>\n<li>Dictionary of the Ukrainian language. (1970\u20141980). Vol. \u0406\u2014\u0425\u0406. Kyiv (in Ukr.).<\/li>\n<li>\u0421\u0423\u041c <sup>16<\/sup><sup>&#8211;<\/sup><sup>17<\/sup>\u2014Dictionary of the Ukrainian language of the XVI \u2014 first half of the XVII century. (1994\u20142017). No. 1\u201417 (publication incomplete). Lviv (in Ukr.).<\/li>\n<li>\u0421\u0423\u041c\u0414 <sup>16<\/sup><sup>&#8211;<\/sup><sup>17<\/sup> \u2014 Dictionary of the Ukrainian language of the XVI \u2014 first half of the XVII century. References. (1994). Lviv (in Ukr.).<\/li>\n<li>Sreznevsky, I.I. (1893\u20141912). Materials for the Dictionary of Old Russian. Vol. \u0406\u2014\u0406\u0406\u0406. St. Petersburg (in Rus.).<\/li>\n<li>Old Slavic Dictionary (according to the manuscripts of the X\u2014XI centuries) (1990). Under. ed. R. Zeitlin, R. Vecherka and E. Blagova. Moscow (in Rus.).<\/li>\n<li>Fasmer, M. (1964\u20141973). The etymological dictionary of the Russian language. Vol. \u0406\u2014\u0406V. Moscow (in Rus.)<\/li>\n<li>Cherevko, I. (2013). Phraseology of memos of the Ukrainian language of the 16th \u2014 17th centuries: semantics, structure, style. Lviv (in Ukr.).<\/li>\n<li>Chetya 1489: Manuscript. Stored in the Central Library of the Academy of Sciences of Uk raine (in Ukr.).<\/li>\n<li>Lexicon palaeoslovenicograecolatinum. (1862\u20141865). Fr. Miklosich (Ed.). Vindobonae.<\/li>\n<\/ol>","protected":false},"excerpt":{"rendered":"<p>Yurii Osinchuk, Candidate of Philological Sciences, Senior Researcher at the Ukrainian Language Department, Institute of Ukrainian Studies I. Krypyakevych NASU 4 Kozelnytska St., Lviv 79000, Ukraine E-mail: osinchuk@gmail.com https\/\/orcid.org\/0000-0003-4045-1044 Heading: Researches Language: Ukrainian Abstract: The article on the material of the multigenre and multistyle Ukrainian written memos of the XVI\u2014XVII centuries (acts, court documents, testaments, [&hellip;]<\/p>\n","protected":false},"author":1,"featured_media":0,"parent":8461,"menu_order":0,"comment_status":"closed","ping_status":"closed","template":"page-doi.php","meta":[],"_links":{"self":[{"href":"https:\/\/ukrmova.iul-nasu.org.ua\/en\/wp-json\/wp\/v2\/pages\/8487"}],"collection":[{"href":"https:\/\/ukrmova.iul-nasu.org.ua\/en\/wp-json\/wp\/v2\/pages"}],"about":[{"href":"https:\/\/ukrmova.iul-nasu.org.ua\/en\/wp-json\/wp\/v2\/types\/page"}],"author":[{"embeddable":true,"href":"https:\/\/ukrmova.iul-nasu.org.ua\/en\/wp-json\/wp\/v2\/users\/1"}],"replies":[{"embeddable":true,"href":"https:\/\/ukrmova.iul-nasu.org.ua\/en\/wp-json\/wp\/v2\/comments?post=8487"}],"version-history":[{"count":4,"href":"https:\/\/ukrmova.iul-nasu.org.ua\/en\/wp-json\/wp\/v2\/pages\/8487\/revisions"}],"predecessor-version":[{"id":8546,"href":"https:\/\/ukrmova.iul-nasu.org.ua\/en\/wp-json\/wp\/v2\/pages\/8487\/revisions\/8546"}],"up":[{"embeddable":true,"href":"https:\/\/ukrmova.iul-nasu.org.ua\/en\/wp-json\/wp\/v2\/pages\/8461"}],"wp:attachment":[{"href":"https:\/\/ukrmova.iul-nasu.org.ua\/en\/wp-json\/wp\/v2\/media?parent=8487"}],"curies":[{"name":"wp","href":"https:\/\/api.w.org\/{rel}","templated":true}]}}