{"id":8760,"date":"2020-12-16T16:58:15","date_gmt":"2020-12-16T14:58:15","guid":{"rendered":"https:\/\/ukrmova.iul-nasu.org.ua\/?page_id=8760"},"modified":"2022-02-17T16:22:47","modified_gmt":"2022-02-17T14:22:47","slug":"nomina-abstracta-na-k-a-v-istoriyi-ukrayinskoyi-movy","status":"publish","type":"page","link":"https:\/\/ukrmova.iul-nasu.org.ua\/en\/https-ukrmova-iul-nasu-org-ua-https-ukrmova-iul-nasu-org-ua-vypusky-zhurnalu-html-html-html-html\/2020-2\/zhurnal-ukrayinska-mova-3-75-2020\/nomina-abstracta-na-k-a-v-istoriyi-ukrayinskoyi-movy.html","title":{"rendered":"NOMINA ABSTR\u0410CTA WITH SUFFIX -\u041a(\u0410) IN THE HISTORY OF THE UKRAINIAN LANGUAGE"},"content":{"rendered":"<em>Tetiana Siroshtan,<br \/>\n<\/em>PhD in Philology, Docent of the Department of Ukrainian Language, Bogdan Khmelnytsky Melitopol State Pedagogical University, 20 Hetmanska str., Melitopol 72300, Ukraine<\/p>\n<p>E-mail: tanyasiroshtan1982@gmail.com<br \/>\nhttps:\/\/orcid.org\/0000-0003-0389-8082<\/p>\n<p><strong>Heading: <\/strong>Researches<br \/>\n<strong>Language: <\/strong>Ukrainian<\/p>\n<p><strong>Abstract:<\/strong> <strong>\u00a0<\/strong>The article deals with the dynamics of lexical and word-forming types of abstracts with suffix <em>-\u043a(\u0430) <\/em>in the history of the Ukrainian language, considers the productivity of the mentioned formant. It is established that nouns with abstract meaning are the names of concepts that have no real embodiment, indicate the state, feelings, process, quality, character traits, various manifestations of human intelligence, relationships between individuals, peoples, etiquette, are scientific and industrial terms.<\/p>\n<p>Nomina abstracta, formed with the suffix <em>-\u043a(\u0430)<\/em>, functioned already in the Old Slavic Language. The general significance of objective action and the results of human mental and speech activity in the semantic structure of such derivatives have remained leading to this day. Sources of the of the Ancient Russian-Ukrainian language of the \u0425\u0406 \u2013 \u0425\u0406\u0406\u0406 centuries record a small number of analyzed derivatives (<em>\u043b\u0430\u0441\u043a\u0430, \u0433\u0430\u0434\u043a\u0430<\/em>). However, in the Middle Ukrainain Language of the \u0425\u0406V\u2013\u0425V\u0406 centuries the activity of their use was gradually increasing (<em>\u0432\u0430\u043b\u043a\u0430, \u0432\u0438\u0441\u0438\u043b\u043a\u0430<\/em>). There were also desubstantives, in the semantic structure of which there were no indication of diminutive meaning. The number of such derivatives continued to increase in the monuments of the New Ukrainian Language (<em>\u0431\u0456\u0439\u043a\u0430, \u0432\u044b\u043c\u043e\u0432\u043a\u0430<\/em>). There were also nomina abstracta, indicating the peculiarities of human behavior, his actions, feelings, and a small group of nouns to denote agricultural actions and processes. At the beginning of the XX century accounted for the most active functioning of new works of abstracts on <em>\u2011\u043a(\u0430)<\/em> because of the influence of historical circumstances of this time (<em>\u0432\u0438\u0440\u0443\u0431\u043a\u0430, \u0432\u0456\u0434\u0441\u0442\u0430\u0432\u043a\u0430, \u0434\u043e\u0441\u0442\u0430\u0432\u043a\u0430<\/em>). Occurrence during the \u0425\u0425 century a significant number of names of materialized actions was also determined by the socio-economic development of society, because a significant number of such nouns denote various production processes and their features (<em>\u043e\u043f\u0430\u043b\u0443\u0431\u043a\u0430, \u043f\u043b\u0430\u0432\u043a\u0430<\/em>). Many abstract names of actions in the Modern Ukrainian language are created from the bases of verbs with the help of confixes with the postpositive component <em>-\u043a(\u0430)<\/em> (<em>\u043d\u0435\u0441\u043e\u0433\u043b\u0430\u0441\u043a\u0430, \u043f\u043e\u0445\u0438\u0431\u043a\u0430<\/em>). Today, the process of replenishing the composition of abstracts with this formant is not very intensive.<\/p>\n<p><strong>Keywords<\/strong>: a historical word-formation, nomina abstr\u0430cta, lexical and word-forming type, word-forming structure, suffix -\u043a(\u0430).<\/p>\n<p><strong>LEGEND<\/strong><\/p>\n<p>\u0410\u0416\u00a01635 \u2013 Moisiienko, V.M. (Ed.). (2004). Cases of the Act Book of the Zhytomyr city Government of 1635. <em>Acts of the Zhytomyr City Government of 1590, 1635<\/em>. P.<em>\u00a090\u2013197.<\/em> Zhytomyr (\u0456n Ukr.).<br \/>\n\u0410\u0440\u043a \u2013 Arkushyn, H.L. (2000). The Dictionary of the Western-Polish Dialect. Vol. 1\u20132. Lutsk (\u0456n Ukr.).<br \/>\n\u0411-\u041d \u2013 Nimchuk, V.V. (Ed.). (1966). Biletsky-Nosenko, P. Dictionary of the Ukrainian Language. Kyiv (\u0456n Ukr.).<br \/>\n\u0413\u0440 \u2013 Hrinchenko, B. (Ed.). (1907\u20131909). Dictionary of the Ukrainian Language. Zibr edit journ \u201cKievskaia starina\u201d. Vol. 1\u20134. Kyiv (\u0456n Ukr.).<br \/>\n\u0414\u0414\u0413 \u2013 Horobets, V.Y. (Ed.). (1993). Business Documentation of the Hetmanate of the XVIII century: a Collection of Documents. Kyiv (\u0456n Ukr.).<br \/>\n\u0414\u0443\u0431\u0440 \u2013 Dubrovskyi, V. (1918). Dictionary of the Moscow-Ukrainian language. Kyiv (\u0456n Ukr.).<br \/>\n\u0415\u0421\u0423\u041c \u2013 Melnychuk, O.S. (Ed.). (1982\u20132012). Etymological Dictionary of the Ukrainian Language. At 7 v. Vol. 1\u20136. Kyiv (\u0456n Ukr.).<br \/>\n\u041a\u0417 \u2013 Chepiha, I.P. (Ed.). (1971). Zinoviiev K. Poetry. Prophecy is common. Kyiv (\u0456n Ukr.).<br \/>\n\u041a\u0440\u0438\u043c \u2013 Telemko, O. (Ed.). (2007). Electronic Version of the Russian-Ukrainian Dictionary of the Ukrainian Academy of Sciences 1924\u20131933. Krymskyi, A. and Yefremov, S. (Eds.): A\u2013P. Kyiv (\u0456n Ukr.).<br \/>\n\u041b\u0420\u041a \u2013 Mashtabei, O.M., Samiilenko, V.H., Sharpylo, B.A. (Eds.). (1986). Lokhvytsia Town Hall Book of the second half of the \u0425V\u0406\u0406 century. Kyiv (\u0456n Ukr.).<br \/>\n\u041b\u0421\u0406\u00a02007 \u2013 Korotych, K., Lukianenko, S., Neliuba, A. (2009). Lexical and Word-Forming Innovations (2007): Dictionary. Kharkiv (\u0456n Ukr.).<br \/>\n\u041b\u0421\u0406\u00a02014 \u2013 Neliuba, A., Redko, Ye. (2015). Lexical and Word-Forming Innovations (2014). Kharkiv (\u0456n Ukr.).<br \/>\n\u041f\u041b \u2013 Peredriienko, V.A. (Ed.). (1987). Private Letters of the XVIII century. Kyiv (\u0456n Ukr.).<br \/>\n\u0420\u0443\u0441\u0414\u043d \u2013 Rusalka Dnistrovaia. (1972). Photocopy of ed. 1837. Kyiv (\u0456n Ukr).<br \/>\n\u0421\u0414\u042f \u2013 Avanesov, R.I. (Ed.). (1988\u20132008). Dictionary of the Old Russian Language (XI\u2013XIV centuries). Vol. 1\u20138. Moscow (\u0456n Rus.).<br \/>\n\u0421\u043b\u0420\u042f \u2013 Dictionary of the Russian Language of the XI\u2013XVII centuries. (1975\u20132000). Aug. 1\u201324. Moscow (\u0456n Rus.).<br \/>\n\u0421\u041c\u0428 \u2013 Dictionary of the Shevchenko Language: in two volumes. (1964). Vol. 1\u20132. Kyiv (\u0456n Ukr.).<br \/>\n\u0421\u0440 \u2013 Sreznevskyj, Y.Y. (1893\u20131912). Materials for the Dictionary of the Ancient Russian Language. Vol. 1\u20133. St. Petersburg (\u0456n Rus.).<br \/>\n\u0421\u0421\u0423\u041c \u2013 Dictionary of the Old Ukrainian Language XIV\u2013XV centuries. In 2 v. (1977\u20131978). Kyiv (\u0456n Ukr.).<br \/>\n\u0421\u0423\u041c \u2013 Dictionary of the Ukrainian Language. (1970\u20131980). Vol. 1\u201311. Kyiv (\u0456n Ukr.).<br \/>\n\u0421\u0423\u041c\u00a0\u0425V\u0406\u2013\u043f.\u043f.\u0425V\u0406\u0406 \u2013 Dictionary of the Ukrainian Language of the XVII \u2013 the first half of the XVII century. (1994\u20132013). Aug. 1\u201316. Lviv (\u0456n Ukr.).<br \/>\n\u0422\u0438\u043c\u0447\u041c\u0430\u0442 \u2013 Nimchuk, V.V., Lysa, H.I. (Eds.). (2003). Tymchenko, Ye. Materials for the Dictionary of the Written and Book Ukrainian Language of the XV\u2013XVIII centuries. In 2 books. Kyiv \u2013 New York (\u0456n Ukr.).<br \/>\n\u0423\u0412 \u2013 Nymchuk, V.V. (Ed.). (2015). The Charter of Prince Vladimir on Tithes, Courts and People of the Church XI\u2013XII centuries in the Lists of the XIV\u2013XVI centuries. <em>History of the Ukrainian Language. The Textbook on the History of the Ukrainian Language X\u2013<\/em><em>\u0425\u0406\u0406\u0406<\/em><em> centuries. P.\u00a0221\u2013225. <\/em>Zhytomyr (in Ukr.).<br \/>\n\u0423\u043c\u0421\u043f \u2013 Umanets, M., Spilka, A. (Eds.). (1924). Russian-Ukrainian Dictionary. Berlin (in Ukr., Rus.).<br \/>\n\u042d\u0421\u0421\u042f \u2013 Trubachev, O.N. (Ed.). (1974\u20132005). The Etymological Dictionary of Slavic Languages: Prazlav. lex. stock. Aug. 1\u201331. Moscow (\u0456n Rus.).<br \/>\nS\u0142awski \u2013 S\u0142awski, F. (1974\u20131979). S\u0142ownik pras\u0142owia\u0144ski. Vol.\u00a01\u20133. Wroc\u0142aw \u2013 Warszawa \u2013 Krak\u00f3w \u2013 Gda\u0144sk (in Pol.).<\/p>\n<p><strong>REFERENCES<\/strong><\/p>\n<ol>\n<li>Bilousenko, P.I., Inshakova, I.O., Kachailo, K.A., Merkulova, O.V., Stovbur,M. (2010). Essays on the History of Ukrainian Word-Formation (Noun Confixes). Zaporizhzhia \u2013 Kryvyi Rih (\u0456n Ukr.).<\/li>\n<li>Melnychuk, O.S. (Ed.). (1966). Introduction to the Comparative-Historical Study of Slavic Languages. Kyiv (\u0456n Ukr.).<\/li>\n<li>Efremova, T.F. (2005). Explanatory Dictionary of Word-Formation Units of the Russian Language. Moscow (\u0456n Rus.).<\/li>\n<li>Klymenko, N.F. Univerbation. <em>Ukrainian language. Encyclopedia. <\/em><em>749.<\/em> Kyiv (\u0456n Ukr.).<\/li>\n<li>Medvedovska, N.V. (2003). The Development of Abstract Vocabulary in the Early German Language (on the material of polemical texts of the XVII century): Doctoral thesis abstract in Linguistics: 10.02.04. <em>20<\/em>\u0440. Kyiv (\u0456n Ukr.).<\/li>\n<li>Mykytiuk, O.R. (1997). Ukrainian Abstract Nouns in Common and Terminological Vocabulary: Doctoral thesis in Linguistics: 10.02.01. <em>282 <\/em>\u0440. Lviv (\u0456n Ukr.).<\/li>\n<li>Piskozub, Z.F. (2003). Semantic and Functional Properties of Abstract Nouns of the French Language: Doctoral thesis abstract in Linguistics: 10.02.05. <em>24<\/em>\u0440. Kyiv (\u0456n Ukr.).<\/li>\n<li>Poliuha, L.M. (2004). Abstract vocabulary. <em>Ukrainian language. Encyclopedia. <\/em><em>7\u20138.<\/em> Kyiv (\u0456n Ukr.).<\/li>\n<li>Poliuha, L.M. (1991). Ukrainian Abstract Vocabulary of the \u0425\u0406V \u2013 first half of the \u0425V\u0406\u0406 Kyiv (\u0456n Ukr.).<\/li>\n<li>Renchka, I. (2018). Lexicon of Totalitarianism. Preface Masenko, L.T. Kyiv (\u0456n Ukr.).<\/li>\n<li>Semeniuk, S.P. (2012). Formation of the Word-Forming Subsystem of Female Names in the New Ukrainian Language. <em>Ukrainian language<\/em><em>, <\/em>1, <em>81\u201395<\/em> (\u0456n Ukr.).<\/li>\n<li>Semeniuk, S.P. (2000). Formation of the Word-Building System of Nouns with Modifying Values of the Female in the New Ukrainian Language: Doctoral thesis in Linguistics: 10.02.01. <em>273<\/em>\u0440. Zaporizhzhia (in Ukr.).<\/li>\n<li>Samiilenko, S.P. (1964). Essays on the Historical Morphology of the Ukrainian Language. 1. Kyiv (in Ukr.).<\/li>\n<li>Siroshtan, T.V. (2017). Nouns with Abstract Meaning in the Lexical System of the Old Slavic Language. <em>Significant Values in the Formation of the Linguistic Image of the World of Ukrainians.<\/em> <em>91\u2013111<\/em>. Melitopol (\u0456n Ukr.).<\/li>\n<li>Toma, N.M. (2011). Semantic and Stylistic Parameters of the Functioning of Abstract Vocabulary in the Works of Petro Mohyla: Doctoral thesis in Linguistics: 10.02.01. <em>227<\/em>\u0440. Kyiv (\u0456n Ukr.).<\/li>\n<li>Farion, I.D. (2013). Language Norm: Destruction, Search, Restoration (Speech Culture of Public People). Ivano-Frankivsk (\u0456n Ukr.).<\/li>\n<li>Shadura, V.O. (1979). Abstract Vocabulary. <em>Issues of East Slavic Lexicography of the XI \u2013 XVII centuries: Materials of the Symposium<\/em>. P. <em>89\u201390<\/em> (\u0456n Ukr.).<\/li>\n<li>S\u0142awski, F. (1974\u20131979). S\u0142ownik pras\u0142owia\u0144ski. Vol. 1\u20133. Wroc\u0142aw \u2013 Warszawa \u2013 Krak\u00f3w \u2013 Gda\u0144sk (in Pol.).<\/li>\n<li>Wojty\u0142a-\u015awierzowska, M. (1992). Pras\u0142owia\u0144skie abstractum. S\u0142owotw\u00f3rstwo. Semantyka. Formacje tematyczne. PAN. Prace S\u0142awistyczne. Wroc\u0142aw \u2013 Warszawa (in Pol.).<\/li>\n<\/ol>","protected":false},"excerpt":{"rendered":"<p>Tetiana Siroshtan, PhD in Philology, Docent of the Department of Ukrainian Language, Bogdan Khmelnytsky Melitopol State Pedagogical University, 20 Hetmanska str., Melitopol 72300, Ukraine E-mail: tanyasiroshtan1982@gmail.com https:\/\/orcid.org\/0000-0003-0389-8082 Heading: Researches Language: Ukrainian Abstract: \u00a0The article deals with the dynamics of lexical and word-forming types of abstracts with suffix -\u043a(\u0430) in the history of the Ukrainian language, [&hellip;]<\/p>\n","protected":false},"author":1,"featured_media":0,"parent":8748,"menu_order":0,"comment_status":"closed","ping_status":"closed","template":"page-doi.php","meta":[],"_links":{"self":[{"href":"https:\/\/ukrmova.iul-nasu.org.ua\/en\/wp-json\/wp\/v2\/pages\/8760"}],"collection":[{"href":"https:\/\/ukrmova.iul-nasu.org.ua\/en\/wp-json\/wp\/v2\/pages"}],"about":[{"href":"https:\/\/ukrmova.iul-nasu.org.ua\/en\/wp-json\/wp\/v2\/types\/page"}],"author":[{"embeddable":true,"href":"https:\/\/ukrmova.iul-nasu.org.ua\/en\/wp-json\/wp\/v2\/users\/1"}],"replies":[{"embeddable":true,"href":"https:\/\/ukrmova.iul-nasu.org.ua\/en\/wp-json\/wp\/v2\/comments?post=8760"}],"version-history":[{"count":3,"href":"https:\/\/ukrmova.iul-nasu.org.ua\/en\/wp-json\/wp\/v2\/pages\/8760\/revisions"}],"predecessor-version":[{"id":9787,"href":"https:\/\/ukrmova.iul-nasu.org.ua\/en\/wp-json\/wp\/v2\/pages\/8760\/revisions\/9787"}],"up":[{"embeddable":true,"href":"https:\/\/ukrmova.iul-nasu.org.ua\/en\/wp-json\/wp\/v2\/pages\/8748"}],"wp:attachment":[{"href":"https:\/\/ukrmova.iul-nasu.org.ua\/en\/wp-json\/wp\/v2\/media?parent=8760"}],"curies":[{"name":"wp","href":"https:\/\/api.w.org\/{rel}","templated":true}]}}