{"id":8975,"date":"2021-05-19T18:40:19","date_gmt":"2021-05-19T15:40:19","guid":{"rendered":"https:\/\/ukrmova.iul-nasu.org.ua\/?page_id=8975"},"modified":"2021-05-24T17:34:00","modified_gmt":"2021-05-24T14:34:00","slug":"__trashed-3","status":"publish","type":"page","link":"https:\/\/ukrmova.iul-nasu.org.ua\/en\/https-ukrmova-iul-nasu-org-ua-https-ukrmova-iul-nasu-org-ua-vypusky-zhurnalu-html-html-html-html\/2021-2\/zhurnal-ukrayinska-mova-1-77-2021\/__trashed-3.html","title":{"rendered":"In Memory of Professor Mykhailo Andriiovych Alekseienko (19.10.1942\u201314.11.2020)"},"content":{"rendered":"<strong><em>Alla Arkhanhelska<\/em><\/strong>, DrSc., Prof. Palack\u00fd University, Faculty of Art, Department of Slavonic Studies<br \/>\nul. K\u0159\u00ed\u017ekovsk\u00e9ho, 10, 77900, Olomouc, Czech republic.<\/p>\n<p>E-mail: <a href=\"mailto:alla_arkhanhelska@yahoo.com\">alla_arkhanhelska@yahoo.com<\/a><br \/>\n<a href=\"https:\/\/orcid.org\/0000-0003-0699-3026\">https:\/\/orcid.org\/0000-0003-0699-3026<\/a><\/p>\n<p><strong>Heading:<\/strong> Unforgettable Names<br \/>\n<strong>Language:<\/strong> Ukrainian<\/p>\n<p>&nbsp;","protected":false},"excerpt":{"rendered":"<p>Alla Arkhanhelska, DrSc., Prof. Palack\u00fd University, Faculty of Art, Department of Slavonic Studies ul. K\u0159\u00ed\u017ekovsk\u00e9ho, 10, 77900, Olomouc, Czech republic. E-mail: alla_arkhanhelska@yahoo.com https:\/\/orcid.org\/0000-0003-0699-3026 Heading: Unforgettable Names Language: Ukrainian &nbsp;<\/p>\n","protected":false},"author":27,"featured_media":0,"parent":8938,"menu_order":0,"comment_status":"closed","ping_status":"closed","template":"page-doi.php","meta":[],"_links":{"self":[{"href":"https:\/\/ukrmova.iul-nasu.org.ua\/en\/wp-json\/wp\/v2\/pages\/8975"}],"collection":[{"href":"https:\/\/ukrmova.iul-nasu.org.ua\/en\/wp-json\/wp\/v2\/pages"}],"about":[{"href":"https:\/\/ukrmova.iul-nasu.org.ua\/en\/wp-json\/wp\/v2\/types\/page"}],"author":[{"embeddable":true,"href":"https:\/\/ukrmova.iul-nasu.org.ua\/en\/wp-json\/wp\/v2\/users\/27"}],"replies":[{"embeddable":true,"href":"https:\/\/ukrmova.iul-nasu.org.ua\/en\/wp-json\/wp\/v2\/comments?post=8975"}],"version-history":[{"count":11,"href":"https:\/\/ukrmova.iul-nasu.org.ua\/en\/wp-json\/wp\/v2\/pages\/8975\/revisions"}],"predecessor-version":[{"id":9177,"href":"https:\/\/ukrmova.iul-nasu.org.ua\/en\/wp-json\/wp\/v2\/pages\/8975\/revisions\/9177"}],"up":[{"embeddable":true,"href":"https:\/\/ukrmova.iul-nasu.org.ua\/en\/wp-json\/wp\/v2\/pages\/8938"}],"wp:attachment":[{"href":"https:\/\/ukrmova.iul-nasu.org.ua\/en\/wp-json\/wp\/v2\/media?parent=8975"}],"curies":[{"name":"wp","href":"https:\/\/api.w.org\/{rel}","templated":true}]}}