{"id":9517,"date":"2022-02-14T15:51:17","date_gmt":"2022-02-14T13:51:17","guid":{"rendered":"https:\/\/ukrmova.iul-nasu.org.ua\/?page_id=9517"},"modified":"2022-02-17T13:27:40","modified_gmt":"2022-02-17T11:27:40","slug":"formalno-semantychna-stratyfikatsiya-ta-funktsionalno-stylova-dyferentsiatsiya-v-ukrayinskij-movi-pochatku-hhi-st","status":"publish","type":"page","link":"https:\/\/ukrmova.iul-nasu.org.ua\/en\/https-ukrmova-iul-nasu-org-ua-https-ukrmova-iul-nasu-org-ua-vypusky-zhurnalu-html-html-html-html\/2021-2\/zhurnal-ukrayinska-mova-4-80-2021\/formalno-semantychna-stratyfikatsiya-ta-funktsionalno-stylova-dyferentsiatsiya-v-ukrayinskij-movi-pochatku-hhi-st.html","title":{"rendered":"Formal and semantic stratification and functional and stylistic differentiation in the early 21st century Ukrainian languag"},"content":{"rendered":"<div><strong><em><span dir=\"ltr\" role=\"presentation\">Ievheniia Karpilovs<\/span><span dir=\"ltr\" role=\"presentation\">\u02b9<\/span><span dir=\"ltr\" role=\"presentation\">ka<\/span><\/em><\/strong><span dir=\"ltr\" role=\"presentation\">, Doctor of Sciences in Philology, Full Professor, Head <\/span><span dir=\"ltr\" role=\"presentation\">of the Department of Lexicology, Lexicography, and Structural and Mathematical Linguistics, <\/span><span dir=\"ltr\" role=\"presentation\">Institute of the Ukrainian Language of the National Academy of Sciences of Ukraine<\/span><br role=\"presentation\" \/><span dir=\"ltr\" role=\"presentation\">4 Hrushevs<\/span><span dir=\"ltr\" role=\"presentation\">\u02b9<\/span><span dir=\"ltr\" role=\"presentation\">kyi St., Kyiv 01001, Ukraine<\/span><\/div>\n<div><\/div>\n<div><span dir=\"ltr\" role=\"presentation\">\u0415-mail: karpilovska@gmail.com<\/span><br role=\"presentation\" \/><span dir=\"ltr\" role=\"presentation\">https:\/\/orcid.org\/0000-0003-1921-9021<\/span><\/div>\n<div><\/div>\n<div><em><strong><span dir=\"ltr\" role=\"presentation\">Larysa Kysliuk<\/span><\/strong><\/em><span dir=\"ltr\" role=\"presentation\">, Doctor of Sciences in Philology, Senior Researcher<\/span><br role=\"presentation\" \/><span dir=\"ltr\" role=\"presentation\">of the Department of Lexicology, Lexicography, and Structural and Mathematical Linguistics,<\/span><br role=\"presentation\" \/><span dir=\"ltr\" role=\"presentation\">Institute of the Ukrainian Language of the National Academy of Sciences of Ukraine<\/span><br role=\"presentation\" \/><span dir=\"ltr\" role=\"presentation\">4 Hrushevs<\/span><span dir=\"ltr\" role=\"presentation\">\u02b9<\/span><span dir=\"ltr\" role=\"presentation\">kyi St., Kyiv 01001, Ukraine<\/span><\/div>\n<div><\/div>\n<div><span dir=\"ltr\" role=\"presentation\">\u0415-mail: larysa.kysliuk@gmail.com<\/span><br role=\"presentation\" \/><span dir=\"ltr\" role=\"presentation\">https\/\/orcid.org\/0000-0002-3766-3305<\/span><\/div>\n<div><\/div>\n<div><em><strong><span dir=\"ltr\" role=\"presentation\">Iuliia Romaniuk<\/span><\/strong><\/em><span dir=\"ltr\" role=\"presentation\">, Candidate of Sciences in Philology, Senior Researcher <\/span><span dir=\"ltr\" role=\"presentation\">of the Department of Lexicology, Lexicography, and Structural and Mathematical Linguistics, <\/span><span dir=\"ltr\" role=\"presentation\">Institute of the Ukrainian Language of the National Academy of Sciences of Ukraine<\/span><br role=\"presentation\" \/><span dir=\"ltr\" role=\"presentation\">4 Hrushevs<\/span><span dir=\"ltr\" role=\"presentation\">\u02b9<\/span><span dir=\"ltr\" role=\"presentation\">kyi St., Kyiv 01001, Ukraine<\/span><\/div>\n<div><\/div>\n<div><span dir=\"ltr\" role=\"presentation\">\u0415-mail: ju.romaniuk@gmail.com<\/span><br role=\"presentation\" \/><span dir=\"ltr\" role=\"presentation\">https\/\/orcid.org\/0000-0001-8854-3592<\/span><\/div>\n<div><\/div>\n<div>\n<div><strong>Heading:<\/strong> Articles<br \/>\n<strong>Language:<\/strong>\u00a0Ukrainian<\/div>\n<p>Abstract: This paper discusses the active trends in the Modern Ukrainian vocabulary and grammar development, i.e., formal-semantic stratification and functional-stylistic differentiation of their units.<br \/>\nThe authors reinterpret stratification as aspectualization structuring a certain concept active in a speaker\u2019s mind to meet their new cognitive needs. It results in new language idioms, that is, grouping of language units of different levels of verbalization of the same concept, namely stratum. Differentiation is found in the creation of nominations of the same level of concept verbalization but with different pragmatic and stylistic potential designed for different language registers and communicative situations. A number of new and modified language idioms signals of an increase in cognitive and communicative power of language.<\/p>\n<p>The paper pays particular attention to the role of usual and occasional word-formation in the stratification of verbalizers of certain concepts and their functional and stylistic differentiation. The application of structural, functional, and pragmatic criteria of occasionality made it possible to identify the cause of the formation of transients between usual (normative) and occasional (non-normative) units. Occasionalism created according to active word-forming models is a resource for strengthening the cognitive and communicative power of language, stratification, and differentiation of its lexicon with the help of word-formation methods and means.<\/p>\n<p>The dynamics in the system of Modern Ukrainian verbs is marked by the formation of new functional and stylistic idioms. Intensified globalization processes contribute to the elimination of some meanings of a verb and the expansion of the sphere of functioning of other meanings of the verb.<\/p>\n<p>Keywords: stratification, differentiation, cognitive power of language, communicative power of language, language idiom<\/p>\n<p>LEGEND<br \/>\nARSUN \u2014 Karpilovs\u02b9ka, \u0406e. A., Kysliuk, L. P., Klymenko, N. F., Kryts \u02b9ka, V. I., Puzdyrieva, T. K., Romaniuk, Iu. V. (2013). Aktyvni resursy suchasno\u0457 ukra\u0457ns \u02b9ko\u0457 nominatsi\u0457: Ideohrafichnyi slovnyk novo\u0457 leksyky. Kyiv: TOV \u201cKMM\u201d (in Ukrainian).<br \/>\nHRAK \u2014 Heneral\u02b9nyi rehional\u02b9no anotovanyi korpus ukra\u0457ns\u02b9ko\u0457 movy. https:\/\/www.uacor-pus.org.ua (in Ukrainian).<br \/>\nHS \u2014 Kryts\u02b9ka, V. I., Nedozym, T. I., Orlova, L. V., Puzdyrieva, T. K., &amp; Romaniuk, Iu. V. (2011). Hramatychnyi slovnyk ukra\u0457ns \u02b9ko\u0457 literaturno\u0457 movy. Slovozmina. Kyiv: Vydavnychyi Dim Dmytra Buraho (in Ukrainian).<br \/>\nD \u2014 Den\u02b9. https:\/\/www.day.kyiv.ua (in Ukrainian).<br \/>\nDT \u2014 Dzerkalo tyzhnia. https:\/\/www.dt.ua (in Ukrainian).<br \/>\nKTUM \u2014 Korpus tekstiv ukra\u0457ns\u02b9ko\u0457 movy. https:\/\/www.mova.info (in Ukrainian).<br \/>\nNikovs\u02b9kyi, A. (1927). \u2014 Ukra\u0457ns\u02b9ko-Rosiis\u02b9kyi slovnyk. Kyiv: Horno (in Ukrainian and Russian).<br \/>\nRUSNT \u2014 Andersh, I. F., Vorobiova, S. A., Kravchenko, M. V., Maksymenko, M. T., Mishchuk, R. S., Fomenko, V. M. (1994). Rosiisko-ukra\u0457ns\u02b9kyi slovnyk naukovo\u0457 terminolohi\u0457: Suspil\u02b9ni nauky. Kyiv: Naukova dumka.<br \/>\nSIS 1955 \u2014 L\u02b9okhin, I. V., &amp; Petrov, F. M. (Eds). (1955). Slovnyk inshomovnykh sliv. Kyiv: Derzhavne vydavnytstvo politychno\u0457 literatury Ukra\u0457ny (in Ukrainian).<br \/>\nSIS 1974\u2014Mel\u02b9nychuk, O. S. (Ed.). (1974).Slovnyk inshomovnykh sliv. Kyiv: Ukra\u0457ns\u02b9ka radians\u02b9ka entsyklopediia (in Ukrainian).<br \/>\nS\u041aS 2016\u2014Slovnyk ukra\u0457ns\u02b9koho komp\u02b9\u02b9iuternoho slenhu. https:\/\/www.univer-sity.com\/index.php\/ 20.05.2016 (in Ukrainian).<br \/>\nSNU\u2014Neliuba, A. (Ed.) (2012).Slovotvorchist\u02b9nezalezhno\u0457 Ukra\u0457ny (1991\u20142011). Kharkiv: Kharkivs\u02b9ke istoryko-filolohichne tovarystvo (in Ukrainian).<br \/>\nSNU\u0430\u2014Neliuba, A., &amp; Red\u02b9ko, \u0406e. (Eds.). (2017).Slovotvorchist\u02b9nezalezhno\u0457 Ukra\u0457ny. 2012\u20142016. Kharkiv: Kharkivs\u02b9ke istoryko-filolohichne tovarystvo (in Ukrainian).<br \/>\nSUM\u2014Bilodid, I. K. (\u0415d.). (1970\u20141980).Slovnyk ukra\u0457ns\u02b9ko\u0457 movy(Vols. 1\u201411). Kyiv: Naukova dumka (in Ukrainian).<br \/>\nSUMD\u2014Hrytsenko, P. I., Vynnyk, V. O, Hnatiuk, I. S., Horodens\u02b9ka, K. H., Didun, L. I., Iermolenko, S. I\u0430. &#8230; Tsymbaliuk-Skopnenko, T. V. (Eds.). (2017).Slovnyk ukra\u0457ns\u02b9ko\u0457 movy movy v 11 tomakh. Dodatkovyi tom.Kyiv: Vydavnychyi dim Dmytra Buraho (in Ukrainian).<br \/>\nSUMZh\u2014Zhaivoronok, V. V., &amp; Nimchuk, V. V. (Eds.). (2012).Slovnyk ukra\u0457ns\u02b9ko\u0457 movy.<br \/>\nKyiv: VTS \u201cProsvita\u201d (in Ukrainian).<br \/>\nTryhlav \u2014Tryhlav, hazeta dlia svidomykh liudei. https:\/\/www.gazeta. triglav.pro (in Ukrainian).<br \/>\nTSSO\u2014Kolo\u0457z, Zh. V. (2003).Tlumachno-Slovotvirnyi slovnyk okazionalizmiv. Kryvyi Rih (in Ukrainian).<br \/>\nUM \u2014Ukra\u0457na moloda. https:\/\/www.umoloda.kiev.ua (in Ukrainian).<br \/>\nUP \u2014Ukra\u0457ns\u02b9ka pravda. https:\/\/www.pravda.com.ua (in Ukrainian).<\/p>\n<p>REFERENCES<br \/>\nBelentschikow, R. (2003). Neuzual\u02b9noe slovoobrazovanie: Vostochnoslav\u0456anskie iazyki. In I. Ohnheiser (Ed.), S\u0142owotw\u00f3rstwo \/ Nominacja (pp. 249\u2014261). Innsbruck, Opole (in Russian).<br \/>\nBeletski\u0456, A. A. (2012). Iz nabliudenii nad morsko\u0456 leksiko\u0456 vengerskogo iazyka. In A.O. Bilets\u02b9kyi, Vybrani pratsi (p\u0440. 159\u2014163). Kyiv: Vydavnychyi dim Dmytra Buraho (in Ukrainian).<br \/>\nBuz\u00e1ssyov\u00e1, K., &amp; Martincov\u00e1, O. (2003). Neuzu\u00e1ln\u00ed slovotvorba v z\u00e1padoslovansk\u00fdch jazyc\u00edch. In I. Ohnheiser (Ed.), S\u0142owotw\u043e\u0301rstwo \/ Nominacja (pp. 262\u2014275). Innsbruck, Opole (in Czech).<br \/>\nFel\u02b9dman, N. I. (1957). Okkazional \u02b9nye slova i leksikografi\u0456a . Voprosy \u0406azyikoznani\u0456a, 4, 64\u201473 (in Russian).<br \/>\nHet\u02b9manchuk, M. P., Hryshchuk, V. K., &amp; Turchyn, \u0406a. B. (2010). Politolohiia. Kyiv: Znannia (in Ukrainian).<br \/>\nKarpilovs\u02b9ka, Ie. A. (2002).Korenevyi hnizdovyi slovnyk ukra\u0457ns\u02b9ko\u0457 movy. Hnizda sliv z vershynamy \u2014<br \/>\nomohrafichnymy koreniamy. Kyiv: Ukra\u0457ns\u02b9ka entsyklopediia im. M. P. Bazhana (in Ukrainian).<br \/>\nKarpilovs\u02b9ka, Ie. A. (2008). Dynamika leksychno\u0457 ta slovotvirno\u0457 normy movy. In N. F. Klymenko (Ed.), Dynamichni protsesy v suchasnomu ukra\u0457ns \u02b9komu leksykoni (p\u0440. 49\u201459). Kyiv: Vydavnychyi dim Dmytra Buraho (in Ukrainian).<br \/>\nKarpilovs\u02b9ka, Ie. A. (2016). Slovotvorennia v ukra\u0457ns \u02b9komovnomu \u2018kreslenni\u2019 Internetu. In B. To\u0161ovi\u0107, &amp; A. Wonisch, Wortbildung und Internet (p\u0440. 125\u2014134). Graz: Institut f\u00fcr Slawistik der Karl-Franzens-Universit\u00e4t (in Ukrainian).<br \/>\nKarpilovs\u02b9ka, Ie. A. (2017). Varianty terminiv movoznavstva u suchasnii naukovo-osvitnii praktytsi i v chasovii perspektyvi. In Z. Rudnik-Karwatowa (Ed.), Dynamika wsp\u00f3\u0142czesnego s\u0142ownictwa s\u0142owia\u0144skiego w przestrzeni stylowo-funkcjonalnej (pp. 9\u201426). Warsaw: IS PAN (in Ukrainian).<br \/>\nKarpilovs\u02b9ka, \u0406e. A. (2009). Rol\u02b9 slovotvirnykh innovatsii u stratyfikatsi\u0457 suchasnoho ukra\u0457ns\u02b9koho leksykonu. In V. Radeva, T. Avramova, &amp; I. Baltova (Eds.), Slovoobrazuvane \u0456 leksykoloh\u0456ia (\u0440\u0440. 227\u2014236). Sofia: Sv. Klyment Okhrydsky (in Ukrainian).<br \/>\nKarpilovs\u02b9ka, \u0406e. A. (2009\u0430). Semantyko-Prahmatychna dyferentsiatsiia slovotvorchykh resursiv movy: Svoie ta zasvoiene. In E. V. Petrukh\u0456na (Ed.), Novy\u0456e \u0456avlen\u0456ia v slavianskom slovoobrazovan\u0456\u0456: S\u0456stema \u0456 funkts\u0456on\u0456rovan\u0456e(p\u0440. 228\u2014244). Moscow: Izdatel\u02b9stvo russkogo universiteta (in Ukrainian).<br \/>\nKarpilovs\u02b9ka, \u0406e. A., Kysliuk, L. P., Klymenko, N. F. at al. (2017). Vplyv suspil\u02b9nykh zmin na rozvytok ukra\u0457ns\u02b9ko\u0457 movy. Kyiv: Vydavnychyi dim Dmytra Buraho (in Ukrainian).<br \/>\nKlymenko, N. F. (2014). Vzaiemodiia funktsional\u02b9nykh styliv literaturno\u0457 movy i vplyv \u0457\u0457 na slovotvirnu systemu. In N. F. Klymenko, Vybrani pratsi (pp. 20\u201421). Kyiv: Vydavnychyi dim Dmytra Buraho (in Ukrainian).<br \/>\nKlymenko, N. F. (2017). Terminuvannia \u0456 determinuvannia leksyky v suchasnykh ukra\u0457ns\u02b9kii, rosiis\u02b9-<br \/>\nkii ta novohrets\u02b9kii movakh. In Z. Rudnik-Karwatowa (Ed.), Dynamika wsp\u00f3\u0142czesnego s\u0142ownictwa s\u0142owia\u0144skiego w przestrzeni stylowo-funkcjonalnej (pp. 27\u201445). Warsaw: IS PAN (in Ukrainian).<br \/>\nKlymenko, N. F. (2017\u0430). Ukra\u0457ns\u02b9ka biolohichna terminolohiia kintsia XX \u2014 pochatku XXI st. Kyiv: Vydavnychyi dim Dmytra Buraho (in Ukrainian).<br \/>\nKlymenko, N. F. (2018). Vnutrishn\u02b9omovna i mizhmovna mihratsiia terminiv iak dzherelo popovnennia leksykoniv slov\u02b9\u02b9ians\u02b9kykh mov. Slov\u02b9\u02b9ians\u02b9ki Obri\u0457, 9, 94\u2014107 (in Ukrainian).<br \/>\nKlymenko, N. F., Karpilovs\u02b9ka, Ie. A., &amp; Kysliuk, L. P. (2008). Dynamichni protsesy v suchasnomu ukra\u0457ns\u02b9komu leksykoni. Kyiv: Vydavnychyi dim Dmytra Buraho (in Ukrainian).<br \/>\nKlymenko, N. F., Karpilovs\u02b9ka, \u0406e. A., &amp; Kysliuk, L. P. (2005). Shkil\u02b9nyi slovotvirnyi slovnyk su-<br \/>\nchasno\u0457 ukra\u0457ns\u02b9k\u043e\u0457 movy. Kyiv: Dovira (in Ukrainian).<br \/>\nKolo\u0457z, Zh. V. (2007). Ukra\u0457ns\u02b9ka okazional\u02b9na deryvatsiia. Kyiv: Aktsent (in Ukrainian).<br \/>\nKolo\u0457z, Zh. V. (2015). Neuzual\u02b9ne slovotvorennia. Kryvyi Rih: NPP Asteriks (in Ukrainian).<br \/>\nKysliuk, L. P. (2017). Suchasna ukra\u0457ns\u02b9ka slovotvirna nominatsiia: Resursy ta tendentsi\u0457 rozvytku. Kyiv: Vydavnychyi dim Dmytra Buraho (in Ukrainian).<br \/>\nKysliuk, L. P. (2018). Rozbudova paradyhmatyky linhvistychno\u0457 terminolohi\u0457 v informatsiino-poshukovii systemi iSybislaw: Pohl\u0456ad korystuvacha. In P. Kowalski (Ed.), Z zagadnie \u0144 informacji naukowej, terminoznawstwa i j\u0119zykoznawstwa (pp. 181\u2014190). Warsaw: IS PAN; Fundacja Slawistyczna (in Ukrainian).<br \/>\nKysliuk, L. P. (2019). Termin v avtors\u02b9kii publitsystytsi. Terminolohichnyi Visnyk, 5, 163\u2014170 (in<br \/>\nUkrainian).<br \/>\nLem, S. M. (1977). Ocherk stratifikatsionnoi grammatiki. Minsk: Vysheishaia shkola (in Russian).<br \/>\nLopatin, V. V. (1973). Rozhdenie slova. Neologizmy i okkazional\u02b9nye obrazovaniya. Moscow: Nauka (in Russian).<br \/>\nLypyns\u02b9kyi, V. (1926). Lysty do brativ-khliborobiv. Viena (in Ukrainian).<br \/>\nPopova, T. V. (2005). Russka\u0456a neologi\u0456a i neografi\u0456a. Ekaterinburg: GOU VPO UGTU-UPI (in Russian).<br \/>\nPustovit, L. O., &amp; Klymenko, N. F. (2007). Okazionalizm. In V. M. Rusanivs\u02b9kyi &amp; O. O. Taranenko (Eds.), Ukra\u0457ns\u02b9ka mova: Entsyklopediia (pp. 451\u2014452). Kyiv: Ukra\u0457ns\u02b9ka entsyklopediia im. M. P. Bazhana (in Ukrainian).<br \/>\nRomaniuk, Iu. V. (2015). Slovotvir i slovozmina diiesliv-okazionalizmiv u tvorakh suchasnykh uk ra\u0457ns\u02b9kykh pys\u02b9mennykiv. In O. Novikova, P. Hilkes, &amp; U. Schweier (Eds.), Jahrbuch der V. Internationalen virtuellen Konferenz der Ukrainistik \u201cDialog der Sprachen \u2014 Dialog der Kulturen\u201d (\u0440\u0440. 160\u2014169). M\u00fcnchen \u2014 Berlin: Verlag Otto Sagner (in Ukrainian).<br \/>\nRomaniuk, Iu. V. (2018). Katehoriia rodu diieslivno\u0457 di\u0457 v slov\u02b9\u02b9ians\u02b9kykh movakh. In P. Kowalski (Ed.), Z zagadnie \u0144 informacji naukowej, terminoznawstwa i j \u0119zykoznawstwa (pp. 253\u2014262). Warsaw: IS PAN; Fundacja Slawistyczna (in Polish).<br \/>\nRomaniuk, Iu. V. (2020). Funktsional\u02b9no-Stylistychnyi potentsial diiesliv-zharhonizmiv u internet-komunikatsi\u0457. In A. Arkhanhelska, R. Merzova\u0301, &amp; O. Taran (Eds.), Ucrainica X. Sou\u010dasn\u00e1 Ukrajinistika. Probl\u00e9my jazyka, literatury a kultury: Sborn\u00edk v\u0115deck\u00fdch \u010dl\u00e1nk\u016f z mezin\u00e1rodn\u00ed konference \u201c\u0425 Olomouck\u00e9 sympozium ukrajinist\u016f st\u0159edn\u00ed a v\u00fdchodn\u00ed Evropy,\u201d September 09\u201410 (pp. 114\u2014118). Olomouc: Univerzita Palack\u00e9ho v Olomouci (in Ukrainian).<br \/>\nTezisy Prazhskogo lingvisticheskogo kruzhka. (1960). \u0406n V. A. Zvegintsev, Istori\u0456a \u0456azykoznani\u0456a 19\u201420 vekov v ocherkakh i izvlecheniakh (Vol. 2, pp. 69\u201485). Moscow: Gosudarstvenno\u0456e uchebno-pedagogichesko\u0456e izdatel\u02b9stvo Ministerstva prosvescheniia RSFSR (in Russian).<br \/>\nVykhovanets\u02b9, I. R. (2007). Syntetyzm . In V. M. Rusanivs\u02b9kyi &amp; O. O. Taranenko (Eds.), Ukra\u0457ns\u02b9ka mova: Entsyklopediia (\u0440. 619). Kyiv: Ukra\u0457ns\u02b9ka entsyklopediia im. M. P. Bazhana (in Ukrainian).<br \/>\nIanko-Trinitskaia, N. A. (2001). Okkazional\u02b9noe slovoobrazovanie. In N. A. Ianko-Trinitskaia, Slovoobrazovanie v sovremennom russkom iazyke (pp. 462\u2014482). Moscow: Indrik (in Russian).<br \/>\nZemska\u0456a, E. A. (2000). Aktivnye protsessy sovremennogo slovoproizvodstva. In V. L. Vorontsova, M. I. Glovinskaia, E. I. Golanova, Russki\u0456 \u0456azyk kontsa 20 stoleti\u0456a (1985\u20141995) (p\u0440. 90\u2014141). Moscow: \u0406azyki russkoi kultury (in Russian).<br \/>\nZemska\u0456a, E. A. (2009). Slovoobrazovanie kak de\u0456atel\u02b9nost\u02b9. Moscow: Knizhnyi dom \u201cLIBROKOM\u201d (in Russian).<\/p>\n<\/div>","protected":false},"excerpt":{"rendered":"<p>Ievheniia Karpilovs\u02b9ka, Doctor of Sciences in Philology, Full Professor, Head of the Department of Lexicology, Lexicography, and Structural and Mathematical Linguistics, Institute of the Ukrainian Language of the National Academy of Sciences of Ukraine4 Hrushevs\u02b9kyi St., Kyiv 01001, Ukraine \u0415-mail: karpilovska@gmail.comhttps:\/\/orcid.org\/0000-0003-1921-9021 Larysa Kysliuk, Doctor of Sciences in Philology, Senior Researcherof the Department of Lexicology, Lexicography, [&hellip;]<\/p>\n","protected":false},"author":27,"featured_media":0,"parent":9507,"menu_order":0,"comment_status":"closed","ping_status":"closed","template":"page-doi.php","meta":{"footnotes":""},"class_list":["post-9517","page","type-page","status-publish","hentry"],"_links":{"self":[{"href":"https:\/\/ukrmova.iul-nasu.org.ua\/en\/wp-json\/wp\/v2\/pages\/9517","targetHints":{"allow":["GET"]}}],"collection":[{"href":"https:\/\/ukrmova.iul-nasu.org.ua\/en\/wp-json\/wp\/v2\/pages"}],"about":[{"href":"https:\/\/ukrmova.iul-nasu.org.ua\/en\/wp-json\/wp\/v2\/types\/page"}],"author":[{"embeddable":true,"href":"https:\/\/ukrmova.iul-nasu.org.ua\/en\/wp-json\/wp\/v2\/users\/27"}],"replies":[{"embeddable":true,"href":"https:\/\/ukrmova.iul-nasu.org.ua\/en\/wp-json\/wp\/v2\/comments?post=9517"}],"version-history":[{"count":5,"href":"https:\/\/ukrmova.iul-nasu.org.ua\/en\/wp-json\/wp\/v2\/pages\/9517\/revisions"}],"predecessor-version":[{"id":9702,"href":"https:\/\/ukrmova.iul-nasu.org.ua\/en\/wp-json\/wp\/v2\/pages\/9517\/revisions\/9702"}],"up":[{"embeddable":true,"href":"https:\/\/ukrmova.iul-nasu.org.ua\/en\/wp-json\/wp\/v2\/pages\/9507"}],"wp:attachment":[{"href":"https:\/\/ukrmova.iul-nasu.org.ua\/en\/wp-json\/wp\/v2\/media?parent=9517"}],"curies":[{"name":"wp","href":"https:\/\/api.w.org\/{rel}","templated":true}]}}