{"id":9559,"date":"2022-02-15T13:51:15","date_gmt":"2022-02-15T11:51:15","guid":{"rendered":"https:\/\/ukrmova.iul-nasu.org.ua\/?page_id=9559"},"modified":"2022-02-17T13:36:02","modified_gmt":"2022-02-17T11:36:02","slug":"rozvytok-knyzhkovoyi-tradytsiyi-na-zakarpatti","status":"publish","type":"page","link":"https:\/\/ukrmova.iul-nasu.org.ua\/en\/https-ukrmova-iul-nasu-org-ua-https-ukrmova-iul-nasu-org-ua-vypusky-zhurnalu-html-html-html-html\/2021-2\/zhurnal-ukrayinska-mova-4-80-2021\/rozvytok-knyzhkovoyi-tradytsiyi-na-zakarpatti.html","title":{"rendered":"An evolution of the book tradition in Transcarpathia"},"content":{"rendered":"<div><em><strong><span dir=\"ltr\" role=\"presentation\">Ruslana Kotsa<\/span><\/strong><\/em><span dir=\"ltr\" role=\"presentation\">, Candidate of Sciences in Philology, Researcher <\/span><span dir=\"ltr\" role=\"presentation\">in the Department of History of the Ukrainian Language and Onomastics, <\/span><span dir=\"ltr\" role=\"presentation\">Institute of the Ukrainian Language of the National Academy of Sciences of Ukraine<\/span><br role=\"presentation\" \/><span dir=\"ltr\" role=\"presentation\">4 Hrushevs<\/span><span dir=\"ltr\" role=\"presentation\">\u02b9<\/span><span dir=\"ltr\" role=\"presentation\">kyi St., Kyiv 01001, Ukraine<br \/>\n<\/span><br role=\"presentation\" \/><span dir=\"ltr\" role=\"presentation\">E-mail: rgomonai@ukr.net<\/span><br role=\"presentation\" \/><span dir=\"ltr\" role=\"presentation\"><span dir=\"ltr\" role=\"presentation\">https:\/\/orcid.org\/0000-0002-2074-2250<\/span><\/span><\/div>\n<div><\/div>\n<div><strong>Heading:<\/strong> Articles<br \/>\n<strong>Language:<\/strong>\u00a0Ukrainian<\/div>\n<div><\/div>\n<div><strong><br \/>\nAbstract<\/strong>: <span dir=\"ltr\" role=\"presentation\">The evolution of language is determined by social, historical, and cultural factors. Over the 14th\u2014<\/span><span dir=\"ltr\" role=\"presentation\">15th centuries Transcarpathia was a part of the Kingdom of Hungary with the official Latin lan<\/span><span dir=\"ltr\" role=\"presentation\">guage being actively used by the Catholic Church. At that time Orthodox Church dominated in <\/span><span dir=\"ltr\" role=\"presentation\">the region, and Mukachevo and Hrushovo monasteries served as the most important cultural and <\/span><span dir=\"ltr\" role=\"presentation\">educational centers. Monks copied and distributed religious texts in Church Slavonic within the <\/span><span dir=\"ltr\" role=\"presentation\">community. This paper discusses religious and secular written records extant from Transcar<\/span><span dir=\"ltr\" role=\"presentation\">pathia, e.g., Uzhhorod Half-Uncial (the late 14th and early 15th century), Mukachevo Psalter <\/span><span dir=\"ltr\" role=\"presentation\">(the 15th century), Korolevo Gospel (1401), and the 1401 and 1404 charters.<\/span><\/div>\n<div>\n<p><span dir=\"ltr\" role=\"presentation\">The author looks into the feature of the language used in the aforementioned documents <\/span><span dir=\"ltr\" role=\"presentation\">and argues that religious texts are marked with Ukrainian Church Slavonic properties and nonre<\/span><span dir=\"ltr\" role=\"presentation\">ligious texts with Middle Ukrainian properties. The second South Slavic influence as reflected in <\/span><span dir=\"ltr\" role=\"presentation\">spelling alongside vernacular Ukrainian allows to speak not only about the Middle Ukrainian <\/span><span dir=\"ltr\" role=\"presentation\">language foundation of the Transcarpathian written records but also about some Transcarpathian <\/span><span dir=\"ltr\" role=\"presentation\">dialect features. A lack of secular records, i.e., official documents, reflecting predominately ver<\/span><span dir=\"ltr\" role=\"presentation\">nacular elements, except for the copy of the 1404 charter, gives, however, a vague idea of Middle <\/span><span dir=\"ltr\" role=\"presentation\">Ukrainian language of administration and complicates the study of the history of the Transcar<\/span><span dir=\"ltr\" role=\"presentation\">pathian dialect.<\/span><\/p>\n<p><strong><span dir=\"ltr\" role=\"presentation\">Keywords:<\/span><\/strong> <span dir=\"ltr\" role=\"presentation\">Middle Ukrainian, Ukrainian Church Slavonic, the 14\u201415th century written Trans<\/span><span dir=\"ltr\" role=\"presentation\">carpathian records, Transcarpathian dialect<\/span><\/p>\n<p><strong><span dir=\"ltr\" role=\"presentation\">LEGEND<\/span><\/strong><br role=\"presentation\" \/><span dir=\"ltr\" role=\"presentation\">Hr. 1404<\/span> <span dir=\"ltr\" role=\"presentation\">\u2014<\/span> <span dir=\"ltr\" role=\"presentation\">Zakarpats<\/span><span dir=\"ltr\" role=\"presentation\">\u02b9<\/span><span dir=\"ltr\" role=\"presentation\">ka hramota 1404 r<\/span><span dir=\"ltr\" role=\"presentation\">. [Unpublished manuscript]. Q 10 \/ 1924 60 DIPLO<\/span><span dir=\"ltr\" role=\"presentation\">MATIKAI LEV<\/span> <span dir=\"ltr\" role=\"presentation\">\u00c9<\/span><span dir=\"ltr\" role=\"presentation\">LT<\/span><span dir=\"ltr\" role=\"presentation\">\u00c1<\/span><span dir=\"ltr\" role=\"presentation\">R (Q szekci<\/span> <span dir=\"ltr\" role=\"presentation\">\u00f3<\/span><span dir=\"ltr\" role=\"presentation\">), Gy<\/span> <span dir=\"ltr\" role=\"presentation\">\u0171<\/span><span dir=\"ltr\" role=\"presentation\">jtem<\/span><span dir=\"ltr\" role=\"presentation\">\u00e9<\/span><span dir=\"ltr\" role=\"presentation\">nyekb<\/span><span dir=\"ltr\" role=\"presentation\">\u0151<\/span><span dir=\"ltr\" role=\"presentation\">l (P<\/span> <span dir=\"ltr\" role=\"presentation\">\u00e9<\/span><span dir=\"ltr\" role=\"presentation\">s R szekci<\/span> <span dir=\"ltr\" role=\"presentation\">\u00f3<\/span><span dir=\"ltr\" role=\"presentation\">b<\/span><span dir=\"ltr\" role=\"presentation\">\u00f3<\/span><span dir=\"ltr\" role=\"presentation\">l<\/span> <span dir=\"ltr\" role=\"presentation\">\u00e9<\/span><span dir=\"ltr\" role=\"presentation\">s<\/span> <span dir=\"ltr\" role=\"presentation\">\u00e1<\/span><span dir=\"ltr\" role=\"presentation\">l<\/span><span dir=\"ltr\" role=\"presentation\">lagtalan fondok), Magyar nemzeti m<\/span> <span dir=\"ltr\" role=\"presentation\">\u00fa<\/span><span dir=\"ltr\" role=\"presentation\">zeumi t<\/span> <span dir=\"ltr\" role=\"presentation\">\u00f6<\/span><span dir=\"ltr\" role=\"presentation\">rzsanyag (Q 10). DL 42811, the <\/span><span dir=\"ltr\" role=\"presentation\">National Archives of Hungary, Budapest, Hungary.<\/span><br role=\"presentation\" \/><span dir=\"ltr\" role=\"presentation\">\u041aIe<\/span> <span dir=\"ltr\" role=\"presentation\">\u2014<\/span> <span dir=\"ltr\" role=\"presentation\">Sopko (Dolhosh), O. I. (Ed.). (2015).<\/span> <span dir=\"ltr\" role=\"presentation\">Korolevs<\/span><span dir=\"ltr\" role=\"presentation\">\u02b9<\/span><span dir=\"ltr\" role=\"presentation\">ke Ievanheliie 1401 roku. Doslidzhen<\/span><span dir=\"ltr\" role=\"presentation\">nia i materialy do faksymil<\/span><span dir=\"ltr\" role=\"presentation\">\u02b9<\/span><span dir=\"ltr\" role=\"presentation\">noho vydannia<\/span><span dir=\"ltr\" role=\"presentation\">. Uzhhorod: Grazhda.<\/span><br role=\"presentation\" \/><span dir=\"ltr\" role=\"presentation\">Muk. Ps.<\/span> <span dir=\"ltr\" role=\"presentation\">\u2014<\/span> <span dir=\"ltr\" role=\"presentation\">Sokolov, I. (1883). Mukachevskaia Psaltyr<\/span><span dir=\"ltr\" role=\"presentation\">\u02b9<\/span> <span dir=\"ltr\" role=\"presentation\">XV v. In<\/span> <span dir=\"ltr\" role=\"presentation\">Sbornik statei po slavianove<\/span><span dir=\"ltr\" role=\"presentation\">deniiu, sostavlenyi i izdannyi uchenikami V. I. Lamanskogo<\/span> <span dir=\"ltr\" role=\"presentation\">(pp. 450\u2014468). Saint <\/span><span dir=\"ltr\" role=\"presentation\">Petersburg (in Russian).<\/span><br role=\"presentation\" \/><span dir=\"ltr\" role=\"presentation\">Uzh. P.<\/span> <span dir=\"ltr\" role=\"presentation\">\u2014<\/span> <span dir=\"ltr\" role=\"presentation\">Kolessa, O. (1900). Uzhhorods<\/span> <span dir=\"ltr\" role=\"presentation\">\u02b9<\/span><span dir=\"ltr\" role=\"presentation\">kyi \u201cPolustav\u201d, u pergaminovii rukopysy XIV v. <\/span><span dir=\"ltr\" role=\"presentation\">Zapysky Naukovoho Tovarystva Imeni Shevchenka<\/span><span dir=\"ltr\" role=\"presentation\">, 141\u2014142 (in Ukrainian).<\/span><\/p>\n<p><strong><span dir=\"ltr\" role=\"presentation\">REFERENCES<\/span><\/strong><br role=\"presentation\" \/><span dir=\"ltr\" role=\"presentation\">Antoshin, N. S. (1955). Zakarpatskaia gramota 1404 g.<\/span> <span dir=\"ltr\" role=\"presentation\">Nauchnye Zapiski Uzhgorodskogo Univer<\/span><span dir=\"ltr\" role=\"presentation\">siteta<\/span><span dir=\"ltr\" role=\"presentation\">,<\/span> <span dir=\"ltr\" role=\"presentation\">13<\/span><span dir=\"ltr\" role=\"presentation\">, 3\u201462 (in Russian).<br \/>\nBirchak, V. (1993). Literaturni stremlinnia Pidkarpats\u02b9ko\u0457 Rusy. Uzhhorod: Patent. (Original work published 1921) (in Ukrainian).<br role=\"presentation\" \/>Chuchka, P. (1994). Pochatky pysemnosti na Zakarpatti: Hipotezy, vyhadky i fakty. In Kul\u02b9tura Ukra\u0457ns\u02b9kykh Karpat: Tradytsi\u0457 i suchasnist \u02b9. Materialy Mizhnarodno\u0457 naukovo\u0457 konferentsi\u0457, September 1\u20144, 1993 (\u0440\u0440. 47\u201458). Uzhhorod: Hrazhda (in Ukrainian).<br role=\"presentation\" \/>Dezhe, L. (1967). Ocherki po istorii zakarpatskih govorov. Budapest: Akad\u00e9miai kiad\u00f3 (in Russian).<br role=\"presentation\" \/>Dolhosh-Sopko, O. (2008). Zahal \u02b9na kharakterystyka manuskryptiv Zakarpattia XIV\u2014XIX st. Visnyk Lvivs\u02b9ko\u0457 Natsional\u02b9no\u0457 Akademi\u0457 Mystetstv, 6, 62\u201473 (in Ukrainian).<br role=\"presentation\" \/>Fedaka, S. (2011, November 25). Sim zahadok Korolivs\u02b9koho \u0406evanheliia. Holos Karpat. https:\/\/<br role=\"presentation\" \/>zakarpattya.net.ua\/News\/89983-Sim-zahadok-Korolivskoho-IEvanheliia (in Ukrainian).<br role=\"presentation\" \/>Gerovskii, G. (1940). O iazyke gramoty 1404 goda Grushevskomu monastyriu na Karpatskoi Rusi. Slavia, 17(3), 354\u2014373 (in Russian).<br role=\"presentation\" \/>Gerovskii, G. I. (1995). Iazyk Podkarpatskoi Rusi. (Transl. from Czech). Moscow. (Original work published 1934) (in Russian).<br role=\"presentation\" \/>Geshev, V. (2017) Sreshta na ukrainskiia i bulgarskiia ezik v srednovekovna Moldova. Bulgarska Ukrainistika, 7, 8\u201441 (in Bulgarian).<br role=\"presentation\" \/>Hranchak, I. (Ed.). (1993). Narysy istori\u0457 Zakarpatt\u0456a. (Vol. 1: Z na\u0456davnishykh chasiv do 1918 roku). Uzhhorod: Hrazhda (in Ukrainian).<br role=\"presentation\" \/>\u0406avorski\u0456, \u0406. (1930). Znachenie i mesto Zakarpat &#8216;\u0456a v obshhe\u0456 skheme russko\u0456 pis &#8216;mennosti. Prague (in Russian).<br role=\"presentation\" \/>Iorga, N. (1926). O m\u0103rturie din 1404: A celor mai vechi \u201cmoldoveni\u201d. Bucharest: Cultura nationala (in Romanian).<br role=\"presentation\" \/>Ivanciuc, T. (2014). Acte medievale rom\u00e2ne\u015fti emise la Sighet. Revista Arhivei Maramure\u015fene, 7, 13\u201427 (in Romanian).<br role=\"presentation\" \/>Kolessa, O. (1900). Uzhhorods \u02b9kyi \u201cPolustav\u201d, u pergaminovii rukopysy XIV v. Zapysky Naukovoho Tovarystva Imeni Shevchenka, 141\u2014142 (in Ukrainian).<br role=\"presentation\" \/>Kralicki\u0456, A. (1874). Vazhna\u0456a nakhodka. Slovo, 69, 4 (in Russian).<br role=\"presentation\" \/>Luchkai, M. M. (1999). Istoriia karpats\u02b9kykh rusyniv (Vol. 2) (\u0406. M. Sak, Trans.). Uzhhorod: Zakarpatt\u0456a (in Ukrainian).<br role=\"presentation\" \/>Mykytas\u02b9, V. (1966). Literaturnyi protses na Zakarpatti doby feodalizmu . Uzhhorod: Vydavnytstvo Uzhhorods\u02b9koho universytetu (in Ukrainian).<br role=\"presentation\" \/>Mykytas\u02b9, V. L., &amp; Chuchka, P. P. (1968). Dvi zakarpats\u02b9ki oryhinal\u02b9ni pam\u02b9\u02b9iatky pochatku XV st. Movoznavstvo, 1, 62\u201468 (in Ukrainian).<br role=\"presentation\" \/>Mykytas\u02b9, V. L. (1964). Davni knyhy Zakarpats \u02b9koho derzhavnoho kraieznavchoho muzeiu: Opys i kataloh (Vol. 2). Lviv: Vydavnytstvo LDU (in Ukrainian).<br role=\"presentation\" \/>Mykytas\u02b9, V. L. (1968). Davnia literatura Zakarpattia: Narysy literatury Zakarpattia doby feodalizmu. Lviv: Vydavnytstvo LDU (in Ukrainian).<br role=\"presentation\" \/>Myshanych, O. (1994). Ukra\u0457ns\u02b9kyi kontekst davn\u02b9o\u0457 literatury Zakarpattia. In Kul\u02b9tura Ukra\u0457ns\u02b9kykh Karpat: Tradytsi\u0457 i suchasnist\u02b9. Materialy Mizhnarodno\u0457 naukovo\u0457 konferentsi\u0457, September 1\u20144, 1993 (\u0440\u0440. 27\u201446). Uzhhorod: \u041drazhda (in Ukrainian).<br role=\"presentation\" \/>Nedzel\u02b9ski\u0456, E. (1932). Ocherk karpatorussko\u0456 literatury. Uzhgorod (in Russian).<br role=\"presentation\" \/>Nimchuk, V. V. (2015). Korolevs\u02b9ke (N\u0456\u0430labs\u02b9ke) \u0406evanheliie 1401 roku. Hungaro-Ruthenica, 7, 195\u2014214 (in Ukrainian).<br role=\"presentation\" \/>Nimchuk, V. V. (2015\u0430). Prychynky do zakarpats\u02b9koho dialektohenezu. In V. M. Moisi\u0456enko (Ed.), Ukra\u0457n\u02b9skyi hlotohenez: Materialy Mizhnarodno\u0457 naukovo\u0457 konferentsi\u0457(\u0440\u0440. 19\u201438). Zhytomyr: Poliss\u0456a (in Ukrainian).<br role=\"presentation\" \/>Pan\u02b9kevych, I. (1925). Naidavniisha hramota pydkarpatorus\u02b9ka. Podkarpatska Rus\u02b9, 2(7), 114\u2014115. Uzhhorod (in Ukrainian).<br role=\"presentation\" \/>Petrov, A. (1927). Drevne\u0456sha\u0456a tserkovnoslav\u0456anska\u0456a gramota 1404 g. o karpatorussko\u0456 territor\u0456i: Kosnovan\u0456\u0456u Grushevskogo monastyr\u0456a sv. arkhangela Mikhaila v Maramoroshe (S fotograficheskim snimkom). Uzhhorod (in Russian).<br role=\"presentation\" \/>Pronin, V. (1957). Zakarpatskoe Evangelie 1401 g. Pravoslavna\u0456a mysl\u2019, 2, 117\u2014123. Prague (in Russian).<br role=\"presentation\" \/>Sokolov, I. (1883). Mukachevska\u0456a Psaltyr\u02b9 XV v. In Sbornik statei po slavianovedeniiu, sostavlenyi i izdannyi uchenikami V. I. Lamanskogo (pp. 450\u2014468). Saint Petersburg (in Russian).<br \/>\nSopko, O. I. (2014). Struktura rukopysu \u201cMukachivs\u02b9koho Psaltyria\u201d XIV\u2014XV st.: Interpretatsiia shryftovo\u0457 formy. Visnyk Zakarpats\u02b9koho Khudozhn\u02b9oho Instytutu, 5, 78\u201481 (in Ukrainian).<br role=\"presentation\" \/>Ternavs\u02b9ka, N. (2011). Korolivs\u02b9ke \u0406evanheliie zberihaie bahato taiemnyts\u02b9. Staryi Zamok. http:\/\/www. mukachevo.net\/ua\/news\/view\/49524 (in Ukrainian).<br role=\"presentation\" \/>Tich\u00fd, F. (1938). V\u00fdvoj sou\u010dasn\u00e9ho spisovn\u00e9ho jazyka na Podkarpatsk\u00e9 Rusi. Prague (in Czech).<br role=\"presentation\" \/>Zapasko, \u0406. (1995). Ukra\u0457ns\u02b9ka rukopysna knyha. Lviv: Svit (in Ukrainian).<br role=\"presentation\" \/>Zoltan, A. (2014). Interslavica. Issledovani\u0456a po mezhslav\u0456anskim \u0456azykovym i kul \u02b9turnym kontaktam. Moscow: Indrik (in Russian).<br \/>\n<\/span><\/p>\n<\/div>","protected":false},"excerpt":{"rendered":"<p>Ruslana Kotsa, Candidate of Sciences in Philology, Researcher in the Department of History of the Ukrainian Language and Onomastics, Institute of the Ukrainian Language of the National Academy of Sciences of Ukraine4 Hrushevs\u02b9kyi St., Kyiv 01001, Ukraine E-mail: rgomonai@ukr.nethttps:\/\/orcid.org\/0000-0002-2074-2250 Heading: Articles Language:\u00a0Ukrainian Abstract: The evolution of language is determined by social, historical, and cultural factors. [&hellip;]<\/p>\n","protected":false},"author":27,"featured_media":0,"parent":9507,"menu_order":0,"comment_status":"closed","ping_status":"closed","template":"page-doi.php","meta":{"footnotes":""},"class_list":["post-9559","page","type-page","status-publish","hentry"],"_links":{"self":[{"href":"https:\/\/ukrmova.iul-nasu.org.ua\/en\/wp-json\/wp\/v2\/pages\/9559","targetHints":{"allow":["GET"]}}],"collection":[{"href":"https:\/\/ukrmova.iul-nasu.org.ua\/en\/wp-json\/wp\/v2\/pages"}],"about":[{"href":"https:\/\/ukrmova.iul-nasu.org.ua\/en\/wp-json\/wp\/v2\/types\/page"}],"author":[{"embeddable":true,"href":"https:\/\/ukrmova.iul-nasu.org.ua\/en\/wp-json\/wp\/v2\/users\/27"}],"replies":[{"embeddable":true,"href":"https:\/\/ukrmova.iul-nasu.org.ua\/en\/wp-json\/wp\/v2\/comments?post=9559"}],"version-history":[{"count":14,"href":"https:\/\/ukrmova.iul-nasu.org.ua\/en\/wp-json\/wp\/v2\/pages\/9559\/revisions"}],"predecessor-version":[{"id":9706,"href":"https:\/\/ukrmova.iul-nasu.org.ua\/en\/wp-json\/wp\/v2\/pages\/9559\/revisions\/9706"}],"up":[{"embeddable":true,"href":"https:\/\/ukrmova.iul-nasu.org.ua\/en\/wp-json\/wp\/v2\/pages\/9507"}],"wp:attachment":[{"href":"https:\/\/ukrmova.iul-nasu.org.ua\/en\/wp-json\/wp\/v2\/media?parent=9559"}],"curies":[{"name":"wp","href":"https:\/\/api.w.org\/{rel}","templated":true}]}}