{"id":9615,"date":"2022-02-15T13:48:11","date_gmt":"2022-02-15T11:48:11","guid":{"rendered":"https:\/\/ukrmova.iul-nasu.org.ua\/?page_id=9615"},"modified":"2022-02-17T13:39:17","modified_gmt":"2022-02-17T11:39:17","slug":"ukrayinoznavche-vyhovannya-uchniv-u-kontseptsiyi-vasylya-pachovskogo","status":"publish","type":"page","link":"https:\/\/ukrmova.iul-nasu.org.ua\/en\/https-ukrmova-iul-nasu-org-ua-https-ukrmova-iul-nasu-org-ua-vypusky-zhurnalu-html-html-html-html\/2021-2\/zhurnal-ukrayinska-mova-4-80-2021\/ukrayinoznavche-vyhovannya-uchniv-u-kontseptsiyi-vasylya-pachovskogo.html","title":{"rendered":"The Ukrainian schooling of students in Vasyl\u2032 Pachovs\u2032kyi\u2019s conception"},"content":{"rendered":"<div><em><strong><span dir=\"ltr\" role=\"presentation\">Svitlana Hirniak<\/span><\/strong><\/em><span dir=\"ltr\" role=\"presentation\">, Doctor of Sciences in Philology, Associate Professor <\/span><span dir=\"ltr\" role=\"presentation\">in the Department of Philological Sciences and Methods of Teaching in Elementary School, <\/span><span dir=\"ltr\" role=\"presentation\">Drohobych Ivan Franko State Pedagogical University<br \/>\n<\/span>24 Franko St., Drohobych 82100, Ukraine<\/div>\n<div>\n<p><span dir=\"ltr\" role=\"presentation\">E-mail: s.girnjak10@gmail.com<\/span><br role=\"presentation\" \/><span dir=\"ltr\" role=\"presentation\">http:\/\/orcid.org\/0000-0001-7264-0312<\/span><\/p>\n<\/div>\n<div><strong><br \/>\nHeading:<\/strong> Articles<br \/>\n<strong>Language:<\/strong>\u00a0Ukrainian<strong>Abstract<\/strong>: <span dir=\"ltr\" role=\"presentation\">This article examines the vision of the Ukrainian education at schools in Eastern Galicia on the<\/span><br role=\"presentation\" \/><span dir=\"ltr\" role=\"presentation\">first third of the 20th-century timeline by Dr. Vasyl<\/span><span dir=\"ltr\" role=\"presentation\">\u02b9<\/span> <span dir=\"ltr\" role=\"presentation\">Pachovs<\/span><span dir=\"ltr\" role=\"presentation\">\u02b9<\/span><span dir=\"ltr\" role=\"presentation\">kyi, who introduced his pedagogical <\/span><span dir=\"ltr\" role=\"presentation\">ideas at the 1935 First Ukrainian Pedagogical Congress in Lviv. Pachovs<\/span><span dir=\"ltr\" role=\"presentation\">\u02b9<\/span><span dir=\"ltr\" role=\"presentation\">kyi, a poet, scholar, and <\/span><span dir=\"ltr\" role=\"presentation\">educator with more than 25 years of experience, believed that subjects in the Ukrainian language <\/span><span dir=\"ltr\" role=\"presentation\">and literature, history, art, music, and geography should form the foundation of Ukrainian stud<\/span><span dir=\"ltr\" role=\"presentation\">ies. According to him, the Ukrainian generation had to be educated by a school in which the <\/span><span dir=\"ltr\" role=\"presentation\">Ukrainian national spirit is formed and Ukrainian is the language of instruction. The paper ana<\/span><span dir=\"ltr\" role=\"presentation\">lyzes the linguistic peculiarities of Pachovs<\/span><span dir=\"ltr\" role=\"presentation\">\u02b9<\/span><span dir=\"ltr\" role=\"presentation\">kyi\u2019s report, in particular its lexical peculiarities, and <\/span><span dir=\"ltr\" role=\"presentation\">outlines other linguistic means characteristic of Pachovs<\/span><span dir=\"ltr\" role=\"presentation\">\u02b9<\/span><span dir=\"ltr\" role=\"presentation\">kyi\u2019s idiolect.<\/span><br role=\"presentation\" \/><span dir=\"ltr\" role=\"presentation\">Similar to other participants of the First Ukrainian Pedagogical Congress in Lviv in 1935, <\/span><span dir=\"ltr\" role=\"presentation\">Pachovs<\/span><span dir=\"ltr\" role=\"presentation\">\u02b9<\/span><span dir=\"ltr\" role=\"presentation\">kyi advanced theoretical and methodological principles of Galician schooling and de<\/span><span dir=\"ltr\" role=\"presentation\">fined a strategy regarding organization and implementation of the native Ukrainian language in <\/span><span dir=\"ltr\" role=\"presentation\">education.<\/span><\/p>\n<\/div>\n<div><br role=\"presentation\" \/><span dir=\"ltr\" role=\"presentation\">A goal of the intelligentsia in the late 20th \u2014 early 21st century, as well as the late 19th \u2014<\/span><span dir=\"ltr\" role=\"presentation\">early 20th century, was to shape public opinion as to how significant the enlightenment and edu<\/span><span dir=\"ltr\" role=\"presentation\">cation are and to attain the people\u2019s spiritual growth. The promoting of critical thinking skills <\/span><span dir=\"ltr\" role=\"presentation\">was\/is to help keep building the Ukrainian state as an integral body based on Christian morality, <\/span><span dir=\"ltr\" role=\"presentation\">promote the Ukrainian nation, capable of preserving and increasing cultural and material wealth <\/span><span dir=\"ltr\" role=\"presentation\">and developing its own political life, economy, and social welfare so that Ukrainian citizens feel<\/span><span dir=\"ltr\" role=\"presentation\">comfortable to introduce their Ukrainian identity.<\/span><\/div>\n<div>\n<p><br role=\"presentation\" \/><span dir=\"ltr\" role=\"presentation\"><strong>Keywords<\/strong>:<\/span> <span dir=\"ltr\" role=\"presentation\">Ukrainian studies, native (Ukrainian) language, Vasyl<\/span><span dir=\"ltr\" role=\"presentation\">\u02b9<\/span> <span dir=\"ltr\" role=\"presentation\">Pachovs<\/span><span dir=\"ltr\" role=\"presentation\">\u02b9<\/span><span dir=\"ltr\" role=\"presentation\">kyi, 1935 Pedagogical <\/span><span dir=\"ltr\" role=\"presentation\">Congress, intelligentsia, national values, schooling<\/span><\/p>\n<p><strong><span dir=\"ltr\" role=\"presentation\">LEGEND<\/span><\/strong><br role=\"presentation\" \/><span dir=\"ltr\" role=\"presentation\">\u0415SU\u041c<\/span> <span dir=\"ltr\" role=\"presentation\">\u2014<\/span> <span dir=\"ltr\" role=\"presentation\">Mel<\/span><span dir=\"ltr\" role=\"presentation\">\u02b9<\/span><span dir=\"ltr\" role=\"presentation\">nychuk, O. S., Bilodid, I. K., Kolomi\u0456ets<\/span><span dir=\"ltr\" role=\"presentation\">\u02b9<\/span><span dir=\"ltr\" role=\"presentation\">, V. T., Lukinova, T. B., Pivto<\/span><span dir=\"ltr\" role=\"presentation\">rak, H. P., Skl\u0456arenko, V. H., Tkachenko, O. B., Shamota, A. M. (Eds.). (1982\u2014<\/span><span dir=\"ltr\" role=\"presentation\">2012).<\/span> <span dir=\"ltr\" role=\"presentation\">Etymolohichnyi slovnyk ukra\u0457ns<\/span><span dir=\"ltr\" role=\"presentation\">\u02b9<\/span><span dir=\"ltr\" role=\"presentation\">ko\u0457 movy: in 7 Vols<\/span><span dir=\"ltr\" role=\"presentation\">. (Vol. 1\u20146). Kyiv: Nau<\/span><span dir=\"ltr\" role=\"presentation\">kova dumka (in Ukrainian).<\/span><br role=\"presentation\" \/><span dir=\"ltr\" role=\"presentation\">LL 2012<\/span> <span dir=\"ltr\" role=\"presentation\">\u2014<\/span> <span dir=\"ltr\" role=\"presentation\">Khobzei, N., Simovych, K., Iastrems<\/span><span dir=\"ltr\" role=\"presentation\">\u02b9<\/span><span dir=\"ltr\" role=\"presentation\">ka, T., &amp; Dydyk-Meush, H.<\/span> <span dir=\"ltr\" role=\"presentation\">Leksykon l<\/span><span dir=\"ltr\" role=\"presentation\">\u2032<\/span><span dir=\"ltr\" role=\"presentation\">vivs<\/span><span dir=\"ltr\" role=\"presentation\">\u2032<\/span><span dir=\"ltr\" role=\"presentation\">ky\u0456: <\/span><span dir=\"ltr\" role=\"presentation\">Povazhno i na zhart<\/span><span dir=\"ltr\" role=\"presentation\">. (2012). Lviv: Instytut ukra\u0457noznavstva im. I. Kryp<\/span><span dir=\"ltr\" role=\"presentation\">\u02b9\u02b9<\/span><span dir=\"ltr\" role=\"presentation\">iakevycha <\/span><span dir=\"ltr\" role=\"presentation\">NAN Ukra\u0457ny (in Ukrainian).<\/span><br role=\"presentation\" \/><span dir=\"ltr\" role=\"presentation\">RUS\u041aIe<\/span> <span dir=\"ltr\" role=\"presentation\">\u2014 Kryms<\/span> <span dir=\"ltr\" role=\"presentation\">\u02b9<\/span><span dir=\"ltr\" role=\"presentation\">ky\u0456, A., &amp; \u0406efremov, S. (Eds.). (1924\u20141933).<\/span> <span dir=\"ltr\" role=\"presentation\">Rosi\u0456s<\/span><span dir=\"ltr\" role=\"presentation\">\u2032<\/span><span dir=\"ltr\" role=\"presentation\">ko-Ukra<\/span><span dir=\"ltr\" role=\"presentation\">\u00ef<\/span><span dir=\"ltr\" role=\"presentation\">ns<\/span><span dir=\"ltr\" role=\"presentation\">\u2032<\/span><span dir=\"ltr\" role=\"presentation\">ky\u0456 slovnyk<\/span><span dir=\"ltr\" role=\"presentation\">. <\/span><span dir=\"ltr\" role=\"presentation\">http:\/\/ www.r2u.org.ua (in Ukrainian and Russian).<\/span><br role=\"presentation\" \/><span dir=\"ltr\" role=\"presentation\">SHr.<\/span> <span dir=\"ltr\" role=\"presentation\">\u2014<\/span> <span dir=\"ltr\" role=\"presentation\">Hrinchenko, B. D. (Ed.). (1907\u20141909).<\/span> <span dir=\"ltr\" role=\"presentation\">Slovar<\/span><span dir=\"ltr\" role=\"presentation\">\u2032<\/span> <span dir=\"ltr\" role=\"presentation\">ukra<\/span><span dir=\"ltr\" role=\"presentation\">\u00ef<\/span><span dir=\"ltr\" role=\"presentation\">ns<\/span><span dir=\"ltr\" role=\"presentation\">\u2032<\/span><span dir=\"ltr\" role=\"presentation\">ko<\/span><span dir=\"ltr\" role=\"presentation\">\u00ef<\/span> <span dir=\"ltr\" role=\"presentation\">movy<\/span> <span dir=\"ltr\" role=\"presentation\">(Vols. 1\u20144). <\/span><span dir=\"ltr\" role=\"presentation\">Kyiv (in Ukrainian).<\/span><br role=\"presentation\" \/><span dir=\"ltr\" role=\"presentation\">SUM<\/span> <span dir=\"ltr\" role=\"presentation\">\u2014<\/span> <span dir=\"ltr\" role=\"presentation\">Bilodid, I. K. (Ed.). (1970\u20141980).<\/span> <span dir=\"ltr\" role=\"presentation\">Slovnyk ukra<\/span><span dir=\"ltr\" role=\"presentation\">\u00ef<\/span><span dir=\"ltr\" role=\"presentation\">ns<\/span><span dir=\"ltr\" role=\"presentation\">\u2032<\/span><span dir=\"ltr\" role=\"presentation\">ko<\/span><span dir=\"ltr\" role=\"presentation\">\u00ef<\/span> <span dir=\"ltr\" role=\"presentation\">movy<\/span> <span dir=\"ltr\" role=\"presentation\">(Vols. 1\u201411). Kyiv: <\/span><span dir=\"ltr\" role=\"presentation\">Naukova dumka (in Ukrainian).<\/span><br role=\"presentation\" \/><span dir=\"ltr\" role=\"presentation\">SChS 1955 \u2014<\/span> <span dir=\"ltr\" role=\"presentation\">Bo\u0456kiv, I., Iz\u0456umov, O., Kalyshevs<\/span><span dir=\"ltr\" role=\"presentation\">\u02b9<\/span><span dir=\"ltr\" role=\"presentation\">ky\u0456, H., &amp; Trokhymenko, M. (1955).<\/span> <span dir=\"ltr\" role=\"presentation\">Slovnyk chu<\/span><span dir=\"ltr\" role=\"presentation\">zhomovnykh sliv<\/span><span dir=\"ltr\" role=\"presentation\">. New York: Vydavnytstvo Mykhaila Borets<\/span><span dir=\"ltr\" role=\"presentation\">\u02b9<\/span><span dir=\"ltr\" role=\"presentation\">koho (in Ukrainian).<\/span><br role=\"presentation\" \/><span dir=\"ltr\" role=\"presentation\">Tkach \u0406<\/span> <span dir=\"ltr\" role=\"presentation\">\u2014<\/span> <span dir=\"ltr\" role=\"presentation\">Tkach, L. (2000).<\/span> <span dir=\"ltr\" role=\"presentation\">Ukra<\/span><span dir=\"ltr\" role=\"presentation\">\u00ef<\/span><span dir=\"ltr\" role=\"presentation\">ns<\/span><span dir=\"ltr\" role=\"presentation\">\u2032<\/span><span dir=\"ltr\" role=\"presentation\">ka literaturna mova na Bukovyni v kintsi XIX \u2014 na po<\/span><span dir=\"ltr\" role=\"presentation\">chatku XX st<\/span><span dir=\"ltr\" role=\"presentation\">. Chernivtsi: Ruta (in Ukrainian).<br \/>\nUSS \u2014 Ohi\u0456enko, I. (Ed.) (1924). Ukra\u00efns\u2032k\u0443\u0456 stylistychn\u0443\u0456 slovnyk . Lviv: Vydannia Ukra\u0457n s\u02b9ko\u0457 knyharni ta antykvarni (in Ukrainian).<\/span><\/p>\n<p><span dir=\"ltr\" role=\"presentation\"><strong>REFERENCES<\/strong><br role=\"presentation\" \/>Hirniak, S. P. (2018). Sotsiolekt halyts\u2032ko\u00ef intelihentsi\u00ef u formuvanni norm ukra \u00efns\u2032ko\u00ef literaturno\u00ef movy (Kinets\u02b9 \u0425I\u0425 \u2014 pochatok \u0425\u0425 stolittia). Drohobych: Posvit (in Ukrainian).<br role=\"presentation\" \/>Grinchenko, B. (1907). Na besprosvetnom put\u0456. Ob ukra\u0456nskoi shkole. Kyiv: Vek (in Russian).<br role=\"presentation\" \/>Hrinchenko, B. D. (2013). Iaka teper narodnia shkola na Vkra \u00efni. In Zibrannia tvoriv. Pedahohichna spadshchyna (Vol. 1, \u0440\u0440. 113\u2014151). Kyiv: Ky\u0457vs\u02b9ky\u0456 universytet im. B. Hrinchenka (in Ukrainian).<br role=\"presentation\" \/>Hrushevs\u02b9\u02b9kyi, M. (1907). Osvobozhden\u0456e Rossi\u0456 \u0456 ukra\u0456nski\u0456 vopros. SPB (in Ukrainian).<br role=\"presentation\" \/>Knysh, A. (2016). Zakhoronka (dytiachy\u0456 sadok) Ridno \u00ef Shkoly u Khorosno Staromu. Fotohrafi\u00ef Staroho L\u2032vova. http:\/\/photo-lviv.in.ua\/zahoronka-dytyachyj-sadok-ridnoji-shkoly-u-horos-no-staromu\/ (in Ukrainian).<br role=\"presentation\" \/>Pachovs\u02b9kyi, V. (1938). Ukra\u00efnoznavstvo u vykhovanni molodi. InPershy\u0456 Ukra\u00efns\u2032ky\u0456 Pedagogichny\u0456 Kongres, 1935 (\u0440\u0440. 84\u2014114). Lviv: Ridna shkola (in Ukrainian).<br role=\"presentation\" \/>Pershy\u0456 Ukra\u00efns\u2032ky\u0456 Pedagogichny\u0456 Kongres, 1935. (1938). Lviv: Ridna shkola (in Ukrainian).<br role=\"presentation\" \/>Tovarystvo Vza\u00efmna Pomich Ukra\u00efns\u2032koho Vchytel\u2032stva 1905\u20141930. (1932). Lviv: Naklad \u201cVza\u0457mno\u0457 Pomichi Ukra\u0457ns\u02b9koho Vchytel\u02b9stva\u201d (in Ukrainian).<br role=\"presentation\" \/>Franko, I. (1986). Lysty Ivana Franka 1886 r. In I. Franko,Zibrannia tvoriv u 50-ty tomakh(Vol. 49: Lysty (1886\u20141894), \u0440\u0440. 8\u201411). Kyiv: Naukova dumka (in Ukrainian).<br role=\"presentation\" \/>Tsentral\u2032ny\u0456 derzhavny\u0456 istorychny\u0456 arkhiv Ukra \u00efny, m. L\u2032viv. Putivnyk. (2001). Lviv \u2014 Kyiv (in Ukrainian).\u00a0<\/span><\/p>\n<\/div>","protected":false},"excerpt":{"rendered":"<p>Svitlana Hirniak, Doctor of Sciences in Philology, Associate Professor in the Department of Philological Sciences and Methods of Teaching in Elementary School, Drohobych Ivan Franko State Pedagogical University 24 Franko St., Drohobych 82100, Ukraine E-mail: s.girnjak10@gmail.comhttp:\/\/orcid.org\/0000-0001-7264-0312 Heading: Articles Language:\u00a0UkrainianAbstract: This article examines the vision of the Ukrainian education at schools in Eastern Galicia on thefirst [&hellip;]<\/p>\n","protected":false},"author":27,"featured_media":0,"parent":9507,"menu_order":0,"comment_status":"closed","ping_status":"closed","template":"page-doi.php","meta":[],"_links":{"self":[{"href":"https:\/\/ukrmova.iul-nasu.org.ua\/en\/wp-json\/wp\/v2\/pages\/9615"}],"collection":[{"href":"https:\/\/ukrmova.iul-nasu.org.ua\/en\/wp-json\/wp\/v2\/pages"}],"about":[{"href":"https:\/\/ukrmova.iul-nasu.org.ua\/en\/wp-json\/wp\/v2\/types\/page"}],"author":[{"embeddable":true,"href":"https:\/\/ukrmova.iul-nasu.org.ua\/en\/wp-json\/wp\/v2\/users\/27"}],"replies":[{"embeddable":true,"href":"https:\/\/ukrmova.iul-nasu.org.ua\/en\/wp-json\/wp\/v2\/comments?post=9615"}],"version-history":[{"count":7,"href":"https:\/\/ukrmova.iul-nasu.org.ua\/en\/wp-json\/wp\/v2\/pages\/9615\/revisions"}],"predecessor-version":[{"id":9708,"href":"https:\/\/ukrmova.iul-nasu.org.ua\/en\/wp-json\/wp\/v2\/pages\/9615\/revisions\/9708"}],"up":[{"embeddable":true,"href":"https:\/\/ukrmova.iul-nasu.org.ua\/en\/wp-json\/wp\/v2\/pages\/9507"}],"wp:attachment":[{"href":"https:\/\/ukrmova.iul-nasu.org.ua\/en\/wp-json\/wp\/v2\/media?parent=9615"}],"curies":[{"name":"wp","href":"https:\/\/api.w.org\/{rel}","templated":true}]}}