{"id":9817,"date":"2022-08-12T15:08:22","date_gmt":"2022-08-12T12:08:22","guid":{"rendered":"https:\/\/ukrmova.iul-nasu.org.ua\/?page_id=9817"},"modified":"2022-08-12T15:08:22","modified_gmt":"2022-08-12T12:08:22","slug":"neosemantyzatsiya-leksem-shtam-buster-ta-movna-adaptatsiya-nominatsij-koronavirusnyh-shtamiv-u-suchasnyh-masmedia","status":"publish","type":"page","link":"https:\/\/ukrmova.iul-nasu.org.ua\/en\/https-ukrmova-iul-nasu-org-ua-https-ukrmova-iul-nasu-org-ua-vypusky-zhurnalu-html-html-html-html\/2022-2\/zhurnal-ukrayinska-mova-1-81-2022\/neosemantyzatsiya-leksem-shtam-buster-ta-movna-adaptatsiya-nominatsij-koronavirusnyh-shtamiv-u-suchasnyh-masmedia.html","title":{"rendered":"Neosemantization of the lexemes \u0161tam and buster and language adaptation of the nominations of coronavirus variants in modern mass media"},"content":{"rendered":"<em><strong>Nataliia Kostusiak<\/strong><\/em>, Doctor of Sciences in Philology, Professor, Head and Professor of the Department of Ukrainian Language, Lesya Ukrainka Volyn National University<br \/>\n13 Volia Ave, Lutsk 43025, Ukraine<\/p>\n<p>E-mail: kostusyak.nataliia@vnu.edu.ua<br \/>\nhttps:\/\/orcid.org\/0000-0002-9795-6038<\/p>\n<p><em><strong>Maryna Naval\u02b9na<\/strong><\/em>, Doctor of Sciences in Philology, Professor, Professor in the Department of Journalism and Language Communication, National University of Life and Environmental Sciences of Ukraine<br \/>\n15 Hero\u0457 Oborony St., Kyiv 03041, Ukrain\u0435<\/p>\n<p>E-mail: mnavalna@gmail.com<br \/>\nhttps:\/\/orcid.org\/0000-0002-5064-3122<\/p>\n<p><strong>Heading<\/strong>: Articles<br \/>\n<strong>Language<\/strong>: Ukrainian<\/p>\n<p><strong>Abstract<\/strong>: This article offers a description of the names of COVID-19 variants as used in nowadays media texts. A contrastive analysis of the linguistic data collected from the Den\u2032 and Ukra\u0457ns\u2032ka Pravda issues of 2021\u20132022 and the dictionary show that the nomination \u0161tam \u2018strain, variant\u2019 has undergone a significant modification so that its semantic range accounts for the naming of COVID-19 variants. This lexeme is often used along with grammatically subordinated nouns kovid \u2018COVID\u2019 and koronavirus coronavirus\u2019 and modifiers such as novyj \u2018new\u2019, novovyjavlenyj \u2018newly discovered\u2019, zaraznyj \u2018contagious\u2019, and smertonosnyj \u2018fatal\u2019 having a powerful effect on a consumer of mass media content. The role of the functional equivalent of the noun \u0161tam is rarely performed by the lexemes variant \u2018variant\u2019, mutatsija \u2018mutation\u2019, and kovid-mutatsija \u2018COVID mutation\u2019, and the respective expressions show at least two synonymous forms, which are an ad jective-noun form as associated with the country where the COVID-19 was first discovered and one-word form as based on the Greek letter. The paper also highlights the lexeme del\u2019takron \u2018Deltacron\u2019.<\/p>\n<p>The ongoing process of the linguistic adaptation of the \u2018variant\u2019 names is reflected in the multivariant spelling of these names. Some compound nouns point out to the use of hyphens, e.g., del\u2019ta-\u0161tam \u2018Delta variant\u2019 and omicron-\u0161tam \u2018Omicron variant\u2019, whereas others do not, e.g., \u0161tam del\u2019ta. The author discusses the use of the names with the letters of the Greek alphabet in other compound nouns like beta-testuvannja \u2018beta-testing\u2019 and the activation of the lexical items vaktsyna \u2018vaccine\u2019, vaktsynatsija \u2018vaccination\u2019, and buster \u2018booster\u2019.<\/p>\n<p><strong>Keywords<\/strong>: lexicon, noun, adjective, emotionally expressive vocabulary<\/p>\n<p><strong>LEGEND<\/strong><br \/>\nVTSSUM \u2014 Busel, V. T. (Ed.). (2005). Velyky\u0456 tlumachny\u0456 slovnyk suchasno\u00ef ukra\u00efns\u02b9ko\u00ef movy.<br \/>\nKy\u0456v\u2013Irpin: Perun (in Ukrainian).<br \/>\nD \u2014 Den\u2032. Shchodenna Vseukra\u00efns\u2032ka Hazeta. (2021\u20132022). https:\/\/day.kyiv.ua\/uk (in Ukrainian).<br \/>\nUP \u2014 Ukra\u00efns\u2032ka Pravda. Internet-Hazeta. (2021\u20132022). https:\/\/www.pravda. com.ua (in Ukrainian).<br \/>\nUPr \u2014 Ukra\u00efns\u2032ky\u0456 pravopys. (2019). Ky\u0456v: Naukova dumka (in Ukrainian).<\/p>\n<p><strong>REFERENCES<\/strong><br \/>\nBilets\u02b9kyi, A. O. (2012). Vybrani pratsi. Kyiv: Vydavnychyi dim Dmytra Buraho (in Ukrainian &amp; Russian).<br \/>\nKlymenko, N. F., Karpilovs\u02b9ka, Ie. A., &amp; Kysliuk, L. P. (2008). Dynamichni protsesy v suchasnomu ukra\u0457ns\u02b9komu leksykoni. Kyiv: Vydavnychyi dim Dmytra Buraho. https:\/\/shron1.chtyvo.org.ua\/Kysliuk_Larysa\/Dynamichni_protsesy_v_ suchasnomu_ ukrainskomu_leksykoni.pdf (in Ukrainian).<br \/>\nKostusiak, N., Navalna, M., Levchenko, T., Grozian, N., Pryimachok, O., &amp; Prudnykova, T. (2021). Functional-Semantic and derivative signs of nominations of COVID and its synonymic correspondents in the latest media discourse. AD ALTA: Journal of Interdisciplinary Research, 11(2), 191\u2013196.http:\/\/www. magnanimitas.cz\/ADALTA\/110221\/PDF\/110221.pdf (in English).<br \/>\nKostiuk, Iu. M. (2021). Suspil\u2032no-Politychny\u0456 neoleksykon ukra\u00efns\u2032ko\u00ef internet-komunikatsi\u00ef u formal\u2032no-semantychnomu ta sotsionormatyvnomu aspektakh [Dissertation summary for the Doctor of Philological Sciences degree, TNPU imeni Volodymyra Hnat\u0456uka]. Chtyvo. https:\/\/chtyvo.org.ua\/authors\/Kostiuk_ Yuliia\/ Suspilno-politychnyi_neoleksykon_ukrainskoi_internet- komunikatsii_u_formalno-semantychnomu_ta_sotsio\/ (in Ukrainian).<br \/>\nLychuk, M., Naval\u2032na, M., &amp; Molotkina, Iu. (2021). Dynamika zapozychen\u2032 v ukra\u00efns\u02b9ki\u0456 movi pochatku \u0425\u0425I stolittia. Ky\u0456v: Vydavnytstvo KOMPRYNT (in Ukrainian).<br \/>\nMolotkina, Iu., Kostusiak, N., &amp; Naval\u2032na, M. (2021). Inshomovna terminolohichna leksyka informatsiinykh tekhnolohii v ukra\u00efns\u2032kykh internet-vydanniakh. Volyn\u2032 Filolohichna: Tekst i Kontekst. Problemy Interpretatsi\u00ef Tekstu, 31, 187\u2013204. https:\/\/volyntext.vnu.edu. ua\/index.php\/volyntext\/article\/view\/967 (in Ukrainian).<br \/>\nTsyhvintseva, Iu. O. (2021). Dzherela ta sposoby neosemantyzatsi\u00ef suchasno\u00ef ukra\u00efns\u2032ko\u00ef leksyky [Dissertation summary for the Doctor of Philological Sciences degree, Instytut ukra\u00efns\u2032ko\u00ef movy NAN Ukra\u00efny]. NASU. https:\/\/iul-nasu.org. ua\/wp-content\/uploads\/2022\/ 01\/Dysertatsiya_TSygvint-seva.pdf (in Ukrainian).<br \/>\nStodolinska, Y. (2021). American University Discourse in the COVID-19 Pandemic: Multimodal Aspect. Cognitive Studies \/ \u00c9tudes cognitive, 21, 1\u201317. https:\/\/ispan.waw.pl\/journals\/index.php\/cs-ec\/article\/view\/c.2488; https:\/\/doi.org\/ 10.11649\/c.2488 (in English).","protected":false},"excerpt":{"rendered":"<p>Nataliia Kostusiak, Doctor of Sciences in Philology, Professor, Head and Professor of the Department of Ukrainian Language, Lesya Ukrainka Volyn National University 13 Volia Ave, Lutsk 43025, Ukraine E-mail: kostusyak.nataliia@vnu.edu.ua https:\/\/orcid.org\/0000-0002-9795-6038 Maryna Naval\u02b9na, Doctor of Sciences in Philology, Professor, Professor in the Department of Journalism and Language Communication, National University of Life and Environmental Sciences [&hellip;]<\/p>\n","protected":false},"author":27,"featured_media":0,"parent":9797,"menu_order":0,"comment_status":"closed","ping_status":"closed","template":"page-doi.php","meta":[],"_links":{"self":[{"href":"https:\/\/ukrmova.iul-nasu.org.ua\/en\/wp-json\/wp\/v2\/pages\/9817"}],"collection":[{"href":"https:\/\/ukrmova.iul-nasu.org.ua\/en\/wp-json\/wp\/v2\/pages"}],"about":[{"href":"https:\/\/ukrmova.iul-nasu.org.ua\/en\/wp-json\/wp\/v2\/types\/page"}],"author":[{"embeddable":true,"href":"https:\/\/ukrmova.iul-nasu.org.ua\/en\/wp-json\/wp\/v2\/users\/27"}],"replies":[{"embeddable":true,"href":"https:\/\/ukrmova.iul-nasu.org.ua\/en\/wp-json\/wp\/v2\/comments?post=9817"}],"version-history":[{"count":2,"href":"https:\/\/ukrmova.iul-nasu.org.ua\/en\/wp-json\/wp\/v2\/pages\/9817\/revisions"}],"predecessor-version":[{"id":9856,"href":"https:\/\/ukrmova.iul-nasu.org.ua\/en\/wp-json\/wp\/v2\/pages\/9817\/revisions\/9856"}],"up":[{"embeddable":true,"href":"https:\/\/ukrmova.iul-nasu.org.ua\/en\/wp-json\/wp\/v2\/pages\/9797"}],"wp:attachment":[{"href":"https:\/\/ukrmova.iul-nasu.org.ua\/en\/wp-json\/wp\/v2\/media?parent=9817"}],"curies":[{"name":"wp","href":"https:\/\/api.w.org\/{rel}","templated":true}]}}