{"id":9883,"date":"2022-12-11T14:39:08","date_gmt":"2022-12-11T12:39:08","guid":{"rendered":"https:\/\/ukrmova.iul-nasu.org.ua\/?page_id=9883"},"modified":"2024-10-15T12:31:42","modified_gmt":"2024-10-15T09:31:42","slug":"zhurnal-ukrayinska-mova-2-82-2022","status":"publish","type":"page","link":"https:\/\/ukrmova.iul-nasu.org.ua\/en\/https-ukrmova-iul-nasu-org-ua-https-ukrmova-iul-nasu-org-ua-vypusky-zhurnalu-html-html-html-html\/2022-2\/zhurnal-ukrayinska-mova-2-82-2022.html","title":{"rendered":"Journal Ukrainian Language \u2013 \u2116 2 (82) 2022"},"content":{"rendered":"<h3>CONTENTS<\/h3>\n<h4>Articles<\/h4>\n<p><em>Laura Orazi<\/em><br \/>\nUkrainian language policy in the 1920s and after 1991: Development stages and present trends<br \/>\n<em>\/\/\u00a0<\/em>Ukrainian Language, 2022, \u2116 2 (82):3\u201322 \u2022 Language: Ukrainian \u2022 <a href=\"https:\/\/ukrmova.iul-nasu.org.ua\/en\/https-ukrmova-iul-nasu-org-ua-https-ukrmova-iul-nasu-org-ua-vypusky-zhurnalu-html-html-html-html\/2022-2\/zhurnal-ukrayinska-mova-2-82-2022\/ukrayinska-movna-polityka-u-1920-x-i-pislya-1991-roku-etapy-rozvytku-ta-suchasni-tendentsiyi.html\">Abstract<\/a>\u00a0\u2022\u00a0<a href=\"https:\/\/iul-nasu.org.ua\/pdf\/ukrmova\/2_22\/3.pdf\">PDF<\/a><\/p>\n<p><em>Lidiia Hnatiuk<\/em><br \/>\nOccasional coinage as a manifestation of ethnic verbal thinking specificity: With reference to Galician-Ruthenian folk paroemias collected and arranged by Ivan Franko<br \/>\n<em>\/\/\u00a0<\/em>Ukrainian Language, 2022, \u2116 2 (82):23\u201337 \u2022 Language: Ukrainian \u2022 <a href=\"https:\/\/ukrmova.iul-nasu.org.ua\/en\/https-ukrmova-iul-nasu-org-ua-https-ukrmova-iul-nasu-org-ua-vypusky-zhurnalu-html-html-html-html\/2022-2\/zhurnal-ukrayinska-mova-2-82-2022\/okazionalna-deryvatsiya-yak-vyyav-spetsyfiky-narodnogo-movomyslennya-na-materiali-galytsko-ruskyh-narodnyh-prypovidok-zibranyh-i-vporyadkovanyh-ivanom-frankom.html\">Abstrac<\/a>t\u00a0\u2022\u00a0<a href=\"https:\/\/ukrmova.iul-nasu.org.ua\/wp-content\/uploads\/sites\/8\/2023\/01\/4-1.pdf\">PDF<\/a><\/p>\n<p><em>Jan Patrick Zeller<\/em><br \/>\nOkannia and akannia in Ukrainian-Russian mixed speech (\u201csurzhyk\u201d) Ukrainian language policy in the 1920s and after 1991: Development stages and present trends<br \/>\n<em>\/\/\u00a0<\/em>Ukrainian Language, 2022, \u2116 2 (82):38\u201359 \u2022 Language: Ukrainian \u2022 <a href=\"https:\/\/ukrmova.iul-nasu.org.ua\/en\/https-ukrmova-iul-nasu-org-ua-https-ukrmova-iul-nasu-org-ua-vypusky-zhurnalu-html-html-html-html\/2022-2\/zhurnal-ukrayinska-mova-2-82-2022\/okannya-i-akannya-v-ukrayinsko-rosijskomu-zmishanomu-movlenni-surzhyk.html\">Abstract\u00a0<\/a>\u2022\u00a0<a href=\"https:\/\/ukrmova.iul-nasu.org.ua\/wp-content\/uploads\/sites\/8\/2023\/01\/5-1.pdf\">PDF<\/a><\/p>\n<p><em>Olesia Palins\u02b9ka<\/em><br \/>\nFormation of the language identity of the residents of Central and Southern Ukraine in the conditions of tricodalism (Ukrainian Language \u2013 Russian Language \u2013 Ukrainian-Russian mixed speech)<br \/>\n<em>\/\/\u00a0<\/em>Ukrainian Language, 2022, \u2116 2 (82):60\u201381 \u2022 Language: Ukrainian \u2022 <a href=\"https:\/\/ukrmova.iul-nasu.org.ua\/en\/https-ukrmova-iul-nasu-org-ua-https-ukrmova-iul-nasu-org-ua-vypusky-zhurnalu-html-html-html-html\/2022-2\/zhurnal-ukrayinska-mova-2-82-2022\/formuvannya-movnoyi-identychnosti-meshkantsiv-tsentru-i-pivdnya-ukrayiny-v-umovah-trykodovosti-ukrayinska-rosijska-zmishane-movlennya.html\">Abstract<\/a>\u00a0\u2022\u00a0<a href=\"https:\/\/ukrmova.iul-nasu.org.ua\/wp-content\/uploads\/sites\/8\/2023\/01\/6-1.pdf\">PDF<\/a><\/p>\n<p><em>Salvatore Del Gaudio<\/em><br \/>\nThe local dialect of Zaderi\u00bfvka (\u00d1hernihiv region) in the east Slavic context<br \/>\n<em>\/\/\u00a0<\/em>Ukrainian Language, 2022, \u2116 2 (82):82\u2013109 \u2022 Language: Ukrainian \u2022 <a href=\"https:\/\/ukrmova.iul-nasu.org.ua\/en\/https-ukrmova-iul-nasu-org-ua-https-ukrmova-iul-nasu-org-ua-vypusky-zhurnalu-html-html-html-html\/2022-2\/zhurnal-ukrayinska-mova-2-82-2022\/govirka-c-zaderiyivky-chernigivshhyna-u-shidnoslov-yanskomu-konteksti.html\">Abstract<\/a>\u00a0\u2022\u00a0<a href=\"https:\/\/ukrmova.iul-nasu.org.ua\/wp-content\/uploads\/sites\/8\/2023\/01\/7-1.pdf\">PDF<\/a><\/p>\n<p><strong>Young Scholars Articles<\/strong><\/p>\n<p><em>Oksana Lebedivna<\/em><br \/>\nDispalatalization of Common Slavic *ri\u032f in Ukrainian: The case of family names in -uk- in the Hutsul parish registers<br \/>\n<em>\/\/\u00a0<\/em>Ukrainian Language, 2022, \u2116 2 (82):110\u2013122 \u2022 Language: Ukrainian \u2022 <a href=\"https:\/\/ukrmova.iul-nasu.org.ua\/en\/https-ukrmova-iul-nasu-org-ua-https-ukrmova-iul-nasu-org-ua-vypusky-zhurnalu-html-html-html-html\/2022-2\/zhurnal-ukrayinska-mova-2-82-2022\/dyspalatalizatsiya-praslov-yanskogo-ri-v-ukrayinskij-movi-casus-prizvyshh-na-uk-u-gutsulskyh-tserkovnyh-metrychnyh-knygah.html\">Abstract<\/a>\u00a0\u2022\u00a0<a href=\"https:\/\/ukrmova.iul-nasu.org.ua\/wp-content\/uploads\/sites\/8\/2023\/01\/8-1.pdf\">PDF<\/a><\/p>\n<h4>Surveys and Reviews<\/h4>\n<p><em>Les\u02b9 Belei<\/em><br \/>\nReview of the book: Va\u0161\u00ed\u010dek, M. Dynamika jihokarpatsk\u00fdch n\u00e1\u0159e\u010d\u00ed. Praha: Slovansk\u00fd \u00fastav AV \u010cR, v. v. i., 2020. 416 s. ISBN 978-80-86420-74-5 (in Czech)<br \/>\n\/\/ Ukrainian Language, 2022, \u2116 2 (82):123\u2013126 \u2022 Language: Ukrainian \u2022 <a href=\"https:\/\/ukrmova.iul-nasu.org.ua\/en\/https-ukrmova-iul-nasu-org-ua-https-ukrmova-iul-nasu-org-ua-vypusky-zhurnalu-html-html-html-html\/2022-2\/zhurnal-ukrayinska-mova-2-82-2022\/retsenziya-na-knygu-vasicek-m-dynamika-jihokarpatskych-nareci-prague-slovansky-ustav-av-cr-v-v-i-2020-416-pp-isbn-978-80-86420-74-5.html\"><span dir=\"ltr\" role=\"presentation\">Information<\/span><\/a>\u00a0\u2022\u00a0<a href=\"https:\/\/ukrmova.iul-nasu.org.ua\/wp-content\/uploads\/sites\/8\/2023\/01\/9-1.pdf\">PDF<\/a><\/p>\n<p><em>Svitlana Sokolova<\/em><br \/>\nReview of the book: Dubichyns\u02b9kyi, V., &amp; Reuther, T. Leksykohrafuvannia leksychnykh paralelei: Teoretychni polozhennia ta ukra\u00bfns\u02b9ko-nimets\u02b9kyi slovnyk. Berlin: Peter Lang GmbH, Internationaler Verlag der Wissenschaften GmbH, 2020. 420 pp. ISBN 978-3631842256 (in Ukrainian and German)<br \/>\n\/\/ Ukrainian Language, 2022, \u2116 2 (82):127\u2013132 \u2022 Language: Ukrainian \u2022 <a href=\"https:\/\/ukrmova.iul-nasu.org.ua\/en\/https-ukrmova-iul-nasu-org-ua-https-ukrmova-iul-nasu-org-ua-vypusky-zhurnalu-html-html-html-html\/2022-2\/zhurnal-ukrayinska-mova-2-82-2022\/retsenziya-na-knygu-dubichynskyj-v-amp-rojter-t-leksykografuvannya-leksychnyh-paralelej-teoretychni-polozhennya-ta-ukrayinsko-nimetskyj-slovnyk-berlin-peter-lang-gmbh-internationaler-verlag-der-wis.html\"><span dir=\"ltr\" role=\"presentation\">Information<\/span><\/a>\u00a0\u2022 <a href=\"https:\/\/ukrmova.iul-nasu.org.ua\/wp-content\/uploads\/sites\/8\/2023\/01\/10-1.pdf\">PDF<\/a><\/p>\n<p><em>Salvatore Del Gaudio<\/em><br \/>\nReview of the book: Taranenko, O. \u00ce. Androtsentryzm u systemi movnykh koordynat i suchasny\u00b3 hendernyi rukh. Kyiv: Vydavnychyi dim Dmytra Buraho, 2021. 112 pp. ISBN 978-966-489-560-3<br \/>\n(in Ukrainian)<br \/>\n\/\/ Ukrainian Language, 2022, \u2116 2 (82):133\u2013137 \u2022 Language: Ukrainian \u2022 <a href=\"https:\/\/ukrmova.iul-nasu.org.ua\/en\/https-ukrmova-iul-nasu-org-ua-https-ukrmova-iul-nasu-org-ua-vypusky-zhurnalu-html-html-html-html\/2022-2\/zhurnal-ukrayinska-mova-2-82-2022\/retsenziya-na-knygu-taranenko-o-o-androtsentryzm-u-systemi-movnyh-koordynat-i-suchasnyj-gendernyj-ruh-kyyiv-vydavnychyj-dim-dmytra-burago-2021-112-s-isbn-978-966-489-560-3.html\"><span dir=\"ltr\" role=\"presentation\">Information<\/span><\/a>\u00a0\u2022\u00a0<a href=\"https:\/\/ukrmova.iul-nasu.org.ua\/wp-content\/uploads\/sites\/8\/2023\/01\/11-1.pdf\">PDF<\/a>","protected":false},"excerpt":{"rendered":"<p>CONTENTS Articles Laura Orazi Ukrainian language policy in the 1920s and after 1991: Development stages and present trends \/\/\u00a0Ukrainian Language, 2022, \u2116 2 (82):3\u201322 \u2022 Language: Ukrainian \u2022 Abstract\u00a0\u2022\u00a0PDF Lidiia Hnatiuk Occasional coinage as a manifestation of ethnic verbal thinking specificity: With reference to Galician-Ruthenian folk paroemias collected and arranged by Ivan Franko \/\/\u00a0Ukrainian Language, [&hellip;]<\/p>\n","protected":false},"author":27,"featured_media":0,"parent":9846,"menu_order":0,"comment_status":"closed","ping_status":"closed","template":"page-gurnal.php","meta":{"footnotes":""},"class_list":["post-9883","page","type-page","status-publish","hentry"],"_links":{"self":[{"href":"https:\/\/ukrmova.iul-nasu.org.ua\/en\/wp-json\/wp\/v2\/pages\/9883","targetHints":{"allow":["GET"]}}],"collection":[{"href":"https:\/\/ukrmova.iul-nasu.org.ua\/en\/wp-json\/wp\/v2\/pages"}],"about":[{"href":"https:\/\/ukrmova.iul-nasu.org.ua\/en\/wp-json\/wp\/v2\/types\/page"}],"author":[{"embeddable":true,"href":"https:\/\/ukrmova.iul-nasu.org.ua\/en\/wp-json\/wp\/v2\/users\/27"}],"replies":[{"embeddable":true,"href":"https:\/\/ukrmova.iul-nasu.org.ua\/en\/wp-json\/wp\/v2\/comments?post=9883"}],"version-history":[{"count":47,"href":"https:\/\/ukrmova.iul-nasu.org.ua\/en\/wp-json\/wp\/v2\/pages\/9883\/revisions"}],"predecessor-version":[{"id":11170,"href":"https:\/\/ukrmova.iul-nasu.org.ua\/en\/wp-json\/wp\/v2\/pages\/9883\/revisions\/11170"}],"up":[{"embeddable":true,"href":"https:\/\/ukrmova.iul-nasu.org.ua\/en\/wp-json\/wp\/v2\/pages\/9846"}],"wp:attachment":[{"href":"https:\/\/ukrmova.iul-nasu.org.ua\/en\/wp-json\/wp\/v2\/media?parent=9883"}],"curies":[{"name":"wp","href":"https:\/\/api.w.org\/{rel}","templated":true}]}}