{"id":9894,"date":"2023-01-03T13:32:45","date_gmt":"2023-01-03T11:32:45","guid":{"rendered":"https:\/\/ukrmova.iul-nasu.org.ua\/?page_id=9894"},"modified":"2023-01-09T13:39:17","modified_gmt":"2023-01-09T11:39:17","slug":"okazionalna-deryvatsiya-yak-vyyav-spetsyfiky-narodnogo-movomyslennya-na-materiali-galytsko-ruskyh-narodnyh-prypovidok-zibranyh-i-vporyadkovanyh-ivanom-frankom","status":"publish","type":"page","link":"https:\/\/ukrmova.iul-nasu.org.ua\/en\/https-ukrmova-iul-nasu-org-ua-https-ukrmova-iul-nasu-org-ua-vypusky-zhurnalu-html-html-html-html\/2022-2\/zhurnal-ukrayinska-mova-2-82-2022\/okazionalna-deryvatsiya-yak-vyyav-spetsyfiky-narodnogo-movomyslennya-na-materiali-galytsko-ruskyh-narodnyh-prypovidok-zibranyh-i-vporyadkovanyh-ivanom-frankom.html","title":{"rendered":"Occasional coinage as a manifestation of ethnic verbal thinking specificity: With reference to Galician-Ruthenian folk paroemias collected and arranged by Ivan Franko"},"content":{"rendered":"<em><strong>Lidiia Hnatiuk<\/strong><\/em>, Doctor of Sciences in Philology, Professor in the Department of the Ukrainian Language and Applied Linguistics, Institute of Philology, Taras Shevchenko National University of Kyiv<br \/>\n14 Taras Shevchenko Blvd, Kyiv 01601, Ukraine<\/p>\n<p>E-mail: lidahnatjuk@gmail.com<br \/>\nhttps:\/\/orcid.org\/0000-0002-8318-3900<\/p>\n<div><strong>Heading:<\/strong>\u00a0Articles<br \/>\n<strong>Language:<\/strong>\u00a0Ukrainian<\/div>\n<div>\n<p><strong>Abstract<\/strong>: The paper discusses occasional coinages found among items registered and published by Ivan<br \/>\nFranko in his Galician-Ruthenian folk paroemias collection (1901\u20141910). These highly expressive<br \/>\nentities represent the original verbal thinking of the 19th century Galicians and exhibit the<br \/>\ngreat potential of the Ukrainian national language system as well as the specificity of the Galician<br \/>\nlinguistic world picture. The author elucidates their peculiar semantic and derivational<br \/>\nfeatures as compared with those of occasional coinages presented in M. Nomys\u2019 paroemia collec<br \/>\ntion, and so determines whether they are all-Ukrainian or specifically Galician. Signifi cantly,<br \/>\nFranko supplied each entry in his collection with a commentary, which enables a re searcher to<br \/>\ngrasp the meaning of a paroemia within the framework of the 19th century Gali cians\u2019 linguistic<br \/>\nworld picture, the communicative situation within which the item was used, and its underlying<br \/>\nstem. The most productive was the occasional derivation of lexemes. Occasional substantives<br \/>\nwere mostly formed by means of suffixal and confixal derivation as well as composition<br \/>\n(sometimes combined with suffixation). Occasional adjectives are few and, as a rule, derived by<br \/>\nsuffixation, and adverbial coinages are still more infrequent. The author demonstrates the<br \/>\nrichness of the modes of derivation, mostly occasional, that were employed in acts of linguistic<br \/>\ncreativity, as well as tracing and analysing instances of semantic occasional formations.<\/p>\n<p><strong>Keywords<\/strong>: occasional coinage, means of derivation, paroemias, the Ukrainian language of the<br \/>\n19th century, the linguistic world picture of the 19th century Ukrainians<\/p>\n<\/div>\n<p><strong>LEGEND<\/strong><br \/>\nF. \u2014 Franko, I. (Ed.) (2006). Halyts\u2019ko-Rus\u2019ki narodni prypovidky (Vols. 1\u20143). Lviv: Vydavnychyi tsentr Lvivs\u00b4koho natsional\u00b4noho universytetu imeni Ivana Franka (in Ukrainian).<br \/>\nH. \u2014 Hrinchenko, B. (Ed.). (1996\u20141997). Slovar\u2019 ukra\u0457ns\u2019ko\u0457 movy (Vols. 1\u20144). Kyiv: Naukova dumka (in Ukrainian).<br \/>\nIa. \u2014 Iavornyts\u00b4kyi, D. (Ed.). (2017). Slovnyk ukra\u0457ns\u2019ko\u0457 movy (Vol. 1: A \u2014 K). Kharkiv: Folio (in Ukrainian).<br \/>\nLL \u2014 Hobzei, N., Simovych, K., Iastrems\u2019ka, T., &amp; Dydyk-Meush, H. (2015). Leksykon<br \/>\nl\u2019vivs\u2019kyi: Povazhno i na zhart. Lviv: Instytut ukra\u0457noznavstva im. I. Kryp\u201diakevycha NAN Ukra\u0457ny (in Ukrainian).<br \/>\nN. \u2014 Nomys, M. (Ed.) (1993). Ukra\u0457ns\u2019ki prykazky, prysliv\u201dia i take inshe. Kyiv: Naukova dumka (in Ukrainian).<br \/>\nRUS \u2014 Kryms\u2019kyi, A., Hancov, V., Holoskevych, H., Hrinchenkova, M., Kalynovych, M., Nikovs\u2019kyi, A., Iaroshenko, V. (Eds.). (2017). Rosiis\u2019ko-Ukra\u00bfns\u2019kyi slovnyk (Vol. 2: Z \u2014 N, Part 1: Z \u2014 \u00ca). Ky\u0456v: Vydavnychyi dim Dmytra Buraho. (Original work published 1929) (in Ukrainian).<br \/>\nSAMUM \u2014 Klymenko, N. F., Karpilovs\u2019ka, Ie. A., Karpilovs\u2019kyi, V. S., Nedozym, T. I. (Eds.). (1998). Slovnyk afiksal\u2019nykh morfem ukra\u0457ns\u2019ko\u0457 movy. Ky\u0456v: [b. v.] (in Ukrainian).<br \/>\nSUM \u2014 Bilodid, I. K., Horets\u2019kyi, P. I., Buriachok, A. A., Hnatiuk, H. M., Shvydka, N. I., Dotsenko, P. P., Chertoryz\u2019ka, T. K., \u2026 Holovashchuk, S. I. (Eds.). (1970\u20141980). Slovnyk ukra\u0457ns\u2019ko\u0457 movy: v 11-ty t. (Vol. 4: \u0406 \u2014 M; Vol. 6: P \u2014 Po\u0457ty). Kyiv: Naukova dumka (in Ukrainian).<br \/>\nZh. \u2014 Zhelekhovskyi, Ie, &amp; Nedil\u2019skyi, S. (Ed.). (1886). Malorusko-Nimetsky\u0456 slovar (Vols. 1\u20142). Lviv: Drukarnia tovarystva imeni Shevchenka (in Ukrainian).<\/p>\n<p><strong>REFERENCES<\/strong><br \/>\nArkushyn, H. L. (2014). Narodna leksyka Zakhidnoho Polissia. Lutsk: Skhidnoievropeis\u2019kyi natsional\u2019nyi universytet im. Lesi Ukra\u0457nky (in Ukrainian).<br \/>\n\u041dnatiuk, L. P. (2010). Movnyi fenomen Hryhoriia Skovorody v konteksti staroukra\u0457ns\u2019ko knyzhno\u0457 tradytsi\u0457. Kyiv: VPTS \u201cKy\u0457vs\u2019kyi universytet\u201d (in Ukrainian).<br \/>\nHnatiuk, L. P. (2021). Okazionalizmy z ukra\u0457ns\u2019kykh paremii XIX stolittia: Semantyka, sposoby tvorennia, dolia v suchasnii komunikatsi\u0457. In P. Kowalski (Ed.), S\u0142owotw\u00f3rstwo w przestrzeni komunikacyjnej (pp. 85\u201498). Warsaw: Instytut Slawistyki Polskiej Akademii Nauk (in Ukrainian).<br \/>\nKarpilovs\u2019ka, Ie. A. (2021). Okazionalizmy v kohnityvnomu prostori movy. Prace Filologiczne: Rocznik Wydzia\u0142u olonistyki Uniwersytetu Warszawskiego Po\u015bwi\u0119cony J\u0119zykoznawstwu, LXXVI, 231\u2014243 (in Ukrainian).<br \/>\nKlymenko, N. F. (2007). Unifiks. In V. M. Rusanivs\u2019kyi &amp; O. O. Taranenko (Eds.), Ukra\u044ans\u2019ka mova: Entsyklopediia (p. 777). Kyiv: Vydavnytstvo \u201cUkra\u0457ns\u2019ka entsyklopediia\u201d im. M. P. Bazhana (in Ukrainian).<br \/>\nKolo\u0457z, Zh. V. (2007). Ukra\u0457ns\u2019ka okazional\u2019na deryvatsiia. Kyiv: Aktsent (in Ukrainian).<br \/>\nKolo\u0457z, Zh. V. (2015). Neuzual\u2019ne slovotvorennia. Kryvyi Rih: NPP Asteriks (in Ukrainian).<br \/>\nKysliuk, L. P. (2020). Uzual\u2019ne i okazional\u2019ne slovotvorennia v riznostyl\u2019ovii movnii praktytsi. Ukra\u0457ns\u2019ka Mova, 2, 31\u201444. https:\/\/doi.org\/10.15407\/ukrmova2020.02.031 (in Ukrainian).<br \/>\nPustovit, L. O., &amp; Klymenko, N. F. (2007). Okazionalizm. In V. M. Rusanivs\u2019kyi &amp; O. O. Taranenko (Eds.), Ukra\u0457ns\u2019ka mova: Entsyklopediia (pp. 451\u2014452). Kyiv: Vydavnytstvo \u201cUkra\u0457ns\u2019ka en tsyklopediia\u201d im. M. P. Bazhana (in Ukrainian).<br \/>\nZubryts\u2019kyi, M. (1907). Imena, nazvy i prozvyshcha u selian s. Mshantsia, Starosambirs\u2019koho\u0457 pov. Zapysky Naukovoho tovarystva imeny Shevchenka, LXXIX, 5, 142\u2014154 (in Ukrainian).","protected":false},"excerpt":{"rendered":"<p>Lidiia Hnatiuk, Doctor of Sciences in Philology, Professor in the Department of the Ukrainian Language and Applied Linguistics, Institute of Philology, Taras Shevchenko National University of Kyiv 14 Taras Shevchenko Blvd, Kyiv 01601, Ukraine E-mail: lidahnatjuk@gmail.com https:\/\/orcid.org\/0000-0002-8318-3900 Heading:\u00a0Articles Language:\u00a0Ukrainian Abstract: The paper discusses occasional coinages found among items registered and published by Ivan Franko in [&hellip;]<\/p>\n","protected":false},"author":27,"featured_media":0,"parent":9883,"menu_order":0,"comment_status":"closed","ping_status":"closed","template":"page-doi.php","meta":{"footnotes":""},"class_list":["post-9894","page","type-page","status-publish","hentry"],"_links":{"self":[{"href":"https:\/\/ukrmova.iul-nasu.org.ua\/en\/wp-json\/wp\/v2\/pages\/9894","targetHints":{"allow":["GET"]}}],"collection":[{"href":"https:\/\/ukrmova.iul-nasu.org.ua\/en\/wp-json\/wp\/v2\/pages"}],"about":[{"href":"https:\/\/ukrmova.iul-nasu.org.ua\/en\/wp-json\/wp\/v2\/types\/page"}],"author":[{"embeddable":true,"href":"https:\/\/ukrmova.iul-nasu.org.ua\/en\/wp-json\/wp\/v2\/users\/27"}],"replies":[{"embeddable":true,"href":"https:\/\/ukrmova.iul-nasu.org.ua\/en\/wp-json\/wp\/v2\/comments?post=9894"}],"version-history":[{"count":5,"href":"https:\/\/ukrmova.iul-nasu.org.ua\/en\/wp-json\/wp\/v2\/pages\/9894\/revisions"}],"predecessor-version":[{"id":10166,"href":"https:\/\/ukrmova.iul-nasu.org.ua\/en\/wp-json\/wp\/v2\/pages\/9894\/revisions\/10166"}],"up":[{"embeddable":true,"href":"https:\/\/ukrmova.iul-nasu.org.ua\/en\/wp-json\/wp\/v2\/pages\/9883"}],"wp:attachment":[{"href":"https:\/\/ukrmova.iul-nasu.org.ua\/en\/wp-json\/wp\/v2\/media?parent=9894"}],"curies":[{"name":"wp","href":"https:\/\/api.w.org\/{rel}","templated":true}]}}