{"id":9911,"date":"2023-01-03T13:51:28","date_gmt":"2023-01-03T11:51:28","guid":{"rendered":"https:\/\/ukrmova.iul-nasu.org.ua\/?page_id=9911"},"modified":"2023-01-09T14:10:08","modified_gmt":"2023-01-09T12:10:08","slug":"formuvannya-movnoyi-identychnosti-meshkantsiv-tsentru-i-pivdnya-ukrayiny-v-umovah-trykodovosti-ukrayinska-rosijska-zmishane-movlennya","status":"publish","type":"page","link":"https:\/\/ukrmova.iul-nasu.org.ua\/en\/https-ukrmova-iul-nasu-org-ua-https-ukrmova-iul-nasu-org-ua-vypusky-zhurnalu-html-html-html-html\/2022-2\/zhurnal-ukrayinska-mova-2-82-2022\/formuvannya-movnoyi-identychnosti-meshkantsiv-tsentru-i-pivdnya-ukrayiny-v-umovah-trykodovosti-ukrayinska-rosijska-zmishane-movlennya.html","title":{"rendered":"Formation of the language identity of the residents of Central and Southern Ukraine in the conditions of tricodalism (Ukrainian Language \u2013 Russian Language \u2013 Ukrainian-Russian mixed speech)"},"content":{"rendered":"<strong><em>Oles\u0456a Palins&#8217;ka<\/em><\/strong>, PhD, Research Fellow, Institute of Slavic Studies, Carl von Ossietzky University of Oldenburg<br \/>\n114\u2014118 Ammerlender Heerstrasse, Oldenburg, Germany, D-26129<\/p>\n<p>E-mail: palinska_o@yahoo.com<br \/>\nhttps:\/\/orcid.org\/0000-0003-2623-7164<\/p>\n<div><strong>Heading:\u00a0<\/strong>Articles<\/div>\n<div>\n<div><strong>Language:<\/strong> Ukrainian<\/div>\n<\/div>\n<p><strong>Abstract<\/strong>: This article aims to analyze the features of linguistic socialization and formation of the language<br \/>\nidentity of the residents of central and southern regions of Ukraine, which are normally considered as a territory of Ukrainian-Russian bilingualism and Ukrainian-Russian code-mixing, i.e., so-called Surzhyk. The relation between the dominant language of the respondents and the factors of formation of their speech competence is described in four contexts as follows: 1) a parent\u2019s language and communication in a family; 2) a close environment language; 3) a school language; 4) a language of books, television, and the Internet.<\/p>\n<p>Being conducted on the basis of sociolinguistic data obtained from the 2014\u20142020 survey in the region and semi-structured in-depth interviews with mixed-language speakers, the research combines quantitative and qualitative research methods.<\/p>\n<p>In families, respondents mostly use their main language with their children. In Ukrainianspeaking families, there is a partial shift toward mixed speech (Central Ukraine) or Russian (Southern Ukraine). In Russian-speaking families, this shift is toward Ukrainian with respect to mixed speech. The influence of the school language on respondents\u2019 speech shall be differentiated.\u00a0While the school language is quite significant for the skills formed during school education, e.g., reading and writing, it much less determines the choice of the respondents in their everyday speech.<\/p>\n<p>The peer environment also defines the development of children\u2019s\/teenagers\u2019 speech competencies. According to the respondents, Ukrainian prevails in peer groups. This is determined by a number of factors, e.g., the spread of Ukrainian-language education and preschool education, the increasing number of books in Ukrainian, television products and Internet content in Ukrainian, the increasing use of Ukrainian in culture, and public services.<\/p>\n<p><strong>Keywords:<\/strong> language socialization, language identity, Ukrainian-Russian code-mixing<\/p>\n<p><strong>REFERENCES<\/strong><\/p>\n<p>Azhniuk, B. M. (2021). Movna polityka: Ukra\u0457na i svit. Kyiv: Vydavnychyi dim Dmytra Byraho (in Ukrainian).<br \/>\nBlankenhorn, R. (2003). Pragmatische Spezifika der Kommunikation von Russlanddeutschen in Sibirien: Entlehnung von Diskursmarkern und Modifikatoren sowie Code-switching. Berliner slawistische Arbeiten, Band 20. Frankfurt am Main: Peter Lang (in German).<br \/>\nBracki, A. (2009). Sur\u017cyk. Historia i tera\u017aniejszo\u015b\u0107. Gda\u0144sk: Wydawnictwo Uniwersytetu Gda\u0144skiego (in Polish).<br \/>\nBraha, I. I. (2019). Etnomovna identyfikatsiia nosi\u0457v surzhyku. Zapysky z Ukra\u0457ns\u2019koho Movoznavstva, 26(2), 119\u2014127 (in Ukrainian).<br \/>\nDanylenko, A. (2016). Iazychie and Surzhyk: Mixing Languages and Identities in the UkrainianBorderlands. In T. Kamusella, M. Nomachi, &amp; C. Gibson (Eds.), The Palgrave Handbook of Slavic Languages, Identities and Borders (pp. 81\u2014100). London: Palgrave Macmillan.<br \/>\nDanylevs\u2019ka, O. M. (2019). Ukra\u0457ns\u2019ka mova v ukra\u0457ns\u2019kii shkoli na pochatku XXI stolittia: Sotsiolinhvistychni narysy. Kyiv: Vydavnychyi dim \u201cKyievo-Mohylians\u2019ka akademiia\u201d (in Ukrainian).<br \/>\nDel Gaudio, S. (2020). Language situation in the district of Ripky (\u010cernihiv, Ukraine). Russian Linguistics, 44, 177\u2014201.<br \/>\nHentschel, G. (2013). Belorusskii, russkii i belorussko-russkaia smeshannaia rech. Voprosy \u0456azykoznaniia, 1, 53\u201476 (in Russian).<br \/>\nHentschel, G., &amp; Taranenko, O. O. (2015). Movnyi landshaft Tsentral\u2019no\u0457 Ukra\u0457ny: Ukra\u0457ns\u2019ka mova, rosiis\u2019ka mova, \u201csurzhyk\u201d (Uzhyvannia \u2014 movna kompetentsiia \u2014 natsional\u2019ne pozy tsionuvannia). Movoznavstvo, 4, 3\u201425 (in Ukrainian).<br \/>\nHentschel, G., &amp; Taranenko, O. (2021). Bilingualism or tricodalism: Ukrainian, Russian and \u201cSur\u017eyk\u201d in Ukraine. Analysis and linguistic-geographical mapping. Die Welt der Slaven, 66(2), 268\u2014299.<br \/>\nHoncharova, M. (2015). Rol\u2019movy u formuvanni riznovydiv identychnostei. Mova i Suspil\u2019stvo, 6, 60\u201469 (in Ukrainian).<br \/>\nKittel, B., Linder, D., Br\u00fcggemann, M., Zeller, J. P., &amp; Hentschel, G. (2018). Sprachkontakt \u2014 Sprachmischung \u2014 Sprachwahl \u2014 Sprachwechsel: Eine sprachsoziologische Untersuchung der wei\u00dfrussisch-russisch gemischten Rede \u201cTrasjanka\u201d in Wei\u00dfrussland. Berlin: Peter Lang (in German).<br \/>\nLozyns\u2019kyi, P. M. (2010). Etnomovna heohrafiia Ukra\u0457ny [Dissertation extended summary for the Doctor of Geographical Sciences degree, L\u2019vivs\u2019kyi natsional\u2019nyi universytet imeni I. Franka]. Lviv: Vydavnytstvo LNU im. I. Franka (in Ukrainian).<br \/>\nMasenko, L. (2020). Konflikt mov ta identychnostei u postradians\u2019kii Ukra\u0457ni. Kyiv: Vydavnytstvo \u201cKlio\u201d (in Ukrainian).<br \/>\nPalins\u2019ka, O. (2019). Metaiazykovye refleksii nositelei ukrainsko-russkoi smeshannoi rechi. Wiener Slawistischer Almanach, 84, 327\u2014345 (in Russian).<br \/>\nPalinska, O., Reuther, T., &amp; Taranenko, O. (2021, December 12). Hybridisierung von zwei Seiten: Ukrainisch-Russisches und russisch-ukrainisches Code mixing im Kontext der (sozio)linguistischen Situation in der s\u00fcdlichen Ukraine entlang der K\u00fcste des Schwarzen Meers. Institut f\u00fcr Slavistik. https:\/\/uol.de\/slavistik\/forschung\/sprachwissenschaft\/hybri disierung-von-zwei-seiten (in German).<br \/>\nReis, A., Palinska, O., &amp; T., Taranenko, O. (2021, December 12). Variabilit\u00e4t und Stabilit\u00e4t im gemischten Substandard im extensiven und zeitstabilen Sprachkontakt: Der ukrainische Sur\u017eyk zwischen Ukrainisch und Russisch (Im Vergleich mit der wei\u00dfrussischen Trasjanka). Institut f\u00fcr Slavistik. https:\/\/uol.de\/slavistik\/forschung\/sprachwissenschaft\/ drittmittelprojekte\/variabilitaet-und-stabilitaet-im-gemischten-substandard-surzyk#c98833 (in German).<br \/>\nTaranenko, O. (2007). Ukrainian and Russian in contact: Attraction and estrangement. Inter national Journal of the Sociology of Language, 183, 119\u2014140.<br \/>\nTsikhots\u2019kyi, I. (2012). Antysurzhyk: U poshukakh movno\u0457 identychnosti. Visnyk L\u2019vivs\u2019koho Universytetu. Seriia Filolohichna, 57, 364\u2014366 (in Ukrainian).","protected":false},"excerpt":{"rendered":"<p>Oles\u0456a Palins&#8217;ka, PhD, Research Fellow, Institute of Slavic Studies, Carl von Ossietzky University of Oldenburg 114\u2014118 Ammerlender Heerstrasse, Oldenburg, Germany, D-26129 E-mail: palinska_o@yahoo.com https:\/\/orcid.org\/0000-0003-2623-7164 Heading:\u00a0Articles Language: Ukrainian Abstract: This article aims to analyze the features of linguistic socialization and formation of the language identity of the residents of central and southern regions of Ukraine, which [&hellip;]<\/p>\n","protected":false},"author":27,"featured_media":0,"parent":9883,"menu_order":0,"comment_status":"closed","ping_status":"closed","template":"page-doi.php","meta":[],"_links":{"self":[{"href":"https:\/\/ukrmova.iul-nasu.org.ua\/en\/wp-json\/wp\/v2\/pages\/9911"}],"collection":[{"href":"https:\/\/ukrmova.iul-nasu.org.ua\/en\/wp-json\/wp\/v2\/pages"}],"about":[{"href":"https:\/\/ukrmova.iul-nasu.org.ua\/en\/wp-json\/wp\/v2\/types\/page"}],"author":[{"embeddable":true,"href":"https:\/\/ukrmova.iul-nasu.org.ua\/en\/wp-json\/wp\/v2\/users\/27"}],"replies":[{"embeddable":true,"href":"https:\/\/ukrmova.iul-nasu.org.ua\/en\/wp-json\/wp\/v2\/comments?post=9911"}],"version-history":[{"count":4,"href":"https:\/\/ukrmova.iul-nasu.org.ua\/en\/wp-json\/wp\/v2\/pages\/9911\/revisions"}],"predecessor-version":[{"id":10168,"href":"https:\/\/ukrmova.iul-nasu.org.ua\/en\/wp-json\/wp\/v2\/pages\/9911\/revisions\/10168"}],"up":[{"embeddable":true,"href":"https:\/\/ukrmova.iul-nasu.org.ua\/en\/wp-json\/wp\/v2\/pages\/9883"}],"wp:attachment":[{"href":"https:\/\/ukrmova.iul-nasu.org.ua\/en\/wp-json\/wp\/v2\/media?parent=9911"}],"curies":[{"name":"wp","href":"https:\/\/api.w.org\/{rel}","templated":true}]}}