{"id":9916,"date":"2023-01-03T13:35:31","date_gmt":"2023-01-03T11:35:31","guid":{"rendered":"https:\/\/ukrmova.iul-nasu.org.ua\/?page_id=9916"},"modified":"2023-01-09T14:32:45","modified_gmt":"2023-01-09T12:32:45","slug":"dyspalatalizatsiya-praslov-yanskogo-ri-v-ukrayinskij-movi-casus-prizvyshh-na-uk-u-gutsulskyh-tserkovnyh-metrychnyh-knygah","status":"publish","type":"page","link":"https:\/\/ukrmova.iul-nasu.org.ua\/en\/https-ukrmova-iul-nasu-org-ua-https-ukrmova-iul-nasu-org-ua-vypusky-zhurnalu-html-html-html-html\/2022-2\/zhurnal-ukrayinska-mova-2-82-2022\/dyspalatalizatsiya-praslov-yanskogo-ri-v-ukrayinskij-movi-casus-prizvyshh-na-uk-u-gutsulskyh-tserkovnyh-metrychnyh-knygah.html","title":{"rendered":"Dispalatalization of Common Slavic *ri\u032f in Ukrainian: The case of family names in -uk- in the Hutsul parish registers"},"content":{"rendered":"<em><strong>Oksana Lebedivna<\/strong><\/em>, Ph.D. Candidate in Linguistics, Yukhymenko Family Doctoral School<br \/>\nof the National University of Kyiv-Mohyla Academy, Department of Ukrainian Language<br \/>\n2 Hryhorii Skovoroda St., Kyiv 04655, Ukraine<\/p>\n<p>E-mail: o.lebedivna@edu.ukma.ua<br \/>\nhttps:\/\/orcid.org\/0000-0003-3254-0098<\/p>\n<div><strong>Heading:\u00a0<\/strong>Articles<\/div>\n<div>\n<div><strong>Language:<\/strong> \u0415ngish<\/div>\n<\/div>\n<div><\/div>\n<div><strong>Abstract<\/strong>: Dispalatalization of the Common Slavic *r\u2019 refers to a phonological innovation realized on<br \/>\nbroad Slavic territory in the 10th\u201413th century. In Ukrainian, it did not encompass the Carpathian<br \/>\nregion, e.g., the Hutsul dialect and its Kryvorivnia dialect in particular. I argue that<br \/>\nthe tendency toward intrasyllabic harmony serves as a requirement for a lack of dispa latalization<br \/>\nof Common Slavic *r\u2019 in the Kryvorivnia dialect. I reinterpret the concept of intrasyllabic<br \/>\nharmony as first outlined by Roman Jakobson and further explored by George Y. Shevelov<br \/>\nwith respect to the tonality feature of flatness (rounded\/unrounded) for Common Slavic and<br \/>\nHutsul: most of the Kryvorivnia consonants are palatalized before unrounded vowels and<br \/>\nnonpalatalized before rounded vowels.<\/div>\n<div><\/div>\n<div>The earliest manifestations of the confusion between r and r\u2019 can be found in the Kry voriv<br \/>\nnia parish register books going back to the 1770s. Historical changes in spelling may have<br \/>\nthree reasons: 1) the non-Carpathian origin of a registrar; 2) standardization of Ukrainian in<br \/>\naccordance with Dnieper Ukrainian norms; 3) a lack of the morphonological value of a change.<\/div>\n<div><\/div>\n<div><strong>Keywords:<\/strong> Common Slavic *ri\u032f, Ukrainian, family names in -uk-, Kryvorivnia (Hutsul) dialect,<br \/>\nintrasyllabic harmony, dispalatalization<\/div>\n<div>\n<p><strong>LEGEND<\/strong><br \/>\nESUM 5 \u2014 Mel\u2032nychuk, O. S., Bilodid, I. K., Kolomiiets\u2032, V. T., Tkachenko, O. B., Boldyriev, R. V., Lukinova, T. B., Pivtorak, H. P. \u2026 Shamota, A. M. (Eds.). (1982\u20142012). Etymolohichnyi slovnyk ukra\u0457ns\u2032ko\u0457 movy (Vols. 1\u20147). Kyiv (in Ukrainian).<br \/>\nHerm \u2014 Herman, K. F. (1995). Atlas ukra\u00bfns\u2032kykh hovirok Pivnichno\u0457 Bukovyny. Fonetyka, fonolohiia. Chernivtsi: Chas (in Ukrainian).<br \/>\nKn 1919 \u2014 Knyha opovidyi tserkvy Kryvorivni z Bystretsem i Rikoiu vid 1\/1 1919 roku (Vol. 3) (in Ukrainian).<br \/>\nKn 1942 \u2014 Knyha opovidyi tserkvy z Kryvorivni z Berezhnytseiu vid 1\/5 1942 roku (Vol. 4) (in Ukrainian).<br \/>\nLib 1775 \u2014 Liber Natorum [1775\u2014789] Copulatorum [1775\u2014789] et Mortuorum [776\u2014788]. Krzywor\u00f3wnia (Vol. 1) (in Ukrainian, Polish, &amp; Latin).<br \/>\nLib 1784 \u2014 Liber Copulatorum [1784\u20141850] Natorum [1784\u20141809] ac Mortuorum [1784\u20141838]. Krzywor\u00f3wnia (in Ukrainian, Latin, &amp; Polish).<br \/>\nLib 809 \u2014 Liber Natorum [maia] 899\u2014828 [maia] (Vol. 3) (in Ukrainian, Latin, &amp; Polish).<br \/>\nLib 828 \u2014 Liber Natorum 11\/5 828 846. [Kryworiwnia] (Vol. 4) (in Ukrainian &amp; Latin).<br \/>\nLib 847 \u2014 Liber Natorum [Ecclesia?] gr. cath. Krzywor\u00f3wnia [ot] 847 [do] \u2014 867 (Vol. 5) (in Ukrainian &amp; Latin).<br \/>\nLib 1868 \u2014 Liber Nator\u016dm Ecclesiae gr. cath. Kryworowniae 1868 \u2014 22\/9 1906 (Vol. 6) (in Ukrainian &amp; Latin).<br \/>\nLib 839 \u2014 Liber Mortuorum Ecclesio Krzywor\u00f3wniaensis 839 \u00e4\u00ee 884 (Vol. 3) (in Ukrainian &amp; Latin).<br \/>\nLib 884 \u2014 Liber Mortuorum 884\u2014. Ecclesia parochialis in Krywor\u00f3wnia (Vol. 4) (in Ukrainian &amp; Latin).<br \/>\nLib Cop \u2014 Liber Copulatorum pro Ecclesia filiali in Bere\u017cnica ad Krzywor\u00f3wnia. Ab Anno D: MCMXXIV (1924) (Vol. 1) (in Ukrainian &amp; Latin).<br \/>\nLib Nat \u2014 Liber Natorum pro Ecclesia filiali in Bere\u017cnica ad Krzywor\u00f3wnia [Kryvorivnia].<br \/>\nAb Anno D: MCMXXIV [1924] (Vol. 1) (in Ukrainian, Latin, &amp; Polish).<br \/>\nMetr 906 \u2014 Metryka narodzhenykh tserkvy v Kryvorivny vid 28\/9 906\u2014 (Vol. 7) (in Ukrainian, Latin, &amp; Polish).<br \/>\nMetr 1940 \u2014 Metryka pomershykh tserkvy Kryvorivni z Berezhnytseiu vid 1\/1 1940 r. (Vol. 5) (in Ukrainian).<br \/>\nPravda \u2014 Lukashevych, L. (Ed.). (1867). Pravda. Pys\u2032mo Naukove i Literaturne, 1 (in Ukrainian).<br \/>\nProth 1818 \u2014 Prothocollon Banno cum 1818\u20141894 (in Ukrainian, Polish, &amp; Latin).<br \/>\nProth Miss \u2014 Prothocollon Missarum Fundationalum. Krywor\u00f3wnia (Vol. 2) (in German, Polish, Latin, &amp; Ukrainian).<br \/>\nProth Ord \u2014 Prothocollon Ordinarium Scolasticarum. [Krywor\u00f3wnia] (in Polish, German, Latin, &amp; Ukrainian).<br \/>\nSpons Par \u2014 Liber Sponsor\u016dm Parochiae Krzyworownia ab 851 [85\u03031] 1\/1 \u2014 1903 10\/2 (Vol. 3) (in Ukrainian &amp; Latin).<br \/>\nSpys \u2014 Spys parokhyian tserkvy v Kryvorivni. Rik zalozhennia 1900 (Vol. 1: A\u2014O, Vol. 2: P\u2014Ia) (in Ukrainian).<br \/>\nZoria 48 \u2014 Paventskyi, L. (Ed.). (1848). Zoria Halytska, 1 (in Ukrainian).<br \/>\nZoria 49 \u2014 Paventskyi, L. (Ed.). (1849). Zoria Halytska, 1, 2, 10, 11, 12, 13, 14, 15, 16, 18, 100\u2014104 (in Ukrainian).<\/p>\n<p><strong>REFERENCES<\/strong><br \/>\nAndersen, H. (1973). Abductive and deductive change. Language, 49(4), 765\u2014793.<br \/>\nAndersen, H. (2006a). Grammation, regrammation, and degrammation. Tense loss in Russian. Diachronica, 23(2), 231\u2014258.<br \/>\nAndersen, H. (2006b). Periphrastic futures in Slavic. Divergence and convergence. In K. Eksell &amp; T. Vinther (Ed.), Change in Verbal Systems. Issues in Explanation (pp. 9\u201445).<br \/>\nArsenych, P. (2004). Sviashchenychyi rid Burachyns\u2032kykh. Ivano-Frankivsk: Nova Zoria (in Ukrainian).<br \/>\nBethin, C. Y. (1993). The glide [i\u032f] \/ [j] in Late Common Slavic. In R. Maguire &amp; A. Timberlake (Eds.), American Contributions to the Eleventh International Congress of Slavists, Bra tislava, August-September 1993. Literature. Linguistics. Poetics (pp. 230\u2014250). Columbus, OH: Slavica.<br \/>\nBethin, C. Y. (1998). Slavic Prosody: Language Change and Phonological Theory. Cambridge University Press.<br \/>\nBevzenko, S. P. (1960). Istorychna morfolohiia ukra\u00bfns\u2032ko\u00bf movy. Uzhhorod: Zarakpats\u2032ke oblasne vydavnytstvo (in Ukrainian).<br \/>\nDanylenko, A. (2010). The Ukrainian Bible and the Valuev Circular of July 18, 1863. Acta Slavica Iaponica, 28, 1\u201421.<br \/>\nDanylenko, A. (2016). From the Bible to Shakespeare. Pantelejmon Kuli\u0161 (1819\u20141897) and the formation of Literary Ukrainian. Boston: Academic Studies Press.<br \/>\nHuzar, O. (1992). Movni pytannia na storinkakh zhurnalu \u201cOsnova.\u201d Kul\u2032tura Slova, 43, 6\u201412 (in Ukrainian).<br \/>\nLuchyk, V. V. (2014). Etymolohichnyi slovnyk toponimiv Ukra\u0457ny. 3700 heohrafichnykh nazv. Kyiv: Akademiia (in Ukrainian).<br \/>\nMel\u2032nychuk, O. S., Bahmut, A. I., Kolomiiets\u2032, V. T., Krytenko, A. P., Lukinova, T. B., Nikulin, H. I., Romanova, N. P., Tkachenko, O. B. (1966). Vstup do porivnial\u2032no-istorychnoho vyvchennia slov\u2032\u2032ians\u2032kykh mov. Kyiv: Naukova dumka (in Ukrainian).<br \/>\nMoser, M. (2017\u20142018). The fate of the \u201cRuthenian or Little Russian\u201d (Ukrainian) language in Austrian Galicia (1772\u20141867). Harvard Ukrainian Studies, 35(1\u20144), 87\u2014104.<br \/>\nPan\u2032kova, S., &amp; Starkov, V. (2009). Lysty Oleksiia Volians\u2032koho do Mykhaila Hrushevs\u2032koho za 1902\u20141927 roky. Ukra\u0457ns\u2032kyi Arkheohrafichnyi Shchorichnyk, 13\/14(16\/17), 555\u2014618 (in Ukrainian).<br \/>\nRehushevs\u2032kyi, Ie. S. (1994). Teoretychna borot\u2032ba navkolo pytan\u2032 rozvytku ukra\u0457ns\u2032ko\u0457 lite raturno\u0457 movy v 60-kh rokakh XIX st. i vidobrazhennia \u0457\u0457 na storinkakh \u201cOsnovy.\u201d Movoznavstvo,6, 39\u201445 (in Ukrainian).<br \/>\nSherekh, Y. (1949). Halychyna u formuvanni novo\u0457 ukra\u0457ns\u2032ko\u0457 literaturno\u0457 movy. Munich: Ukra\u0457ns\u2032kyi vil\u2032nyi universytet (in Ukrainian).<br \/>\nShevelov, G. Y. (1964). A prehistory of Slavic: The historical phonology of Common Slavic. Heidelberg: Carl Winter, Universit\u00e4tsverlag.<br \/>\nShevelov, G. Y. (1979). A historical phonology of the Ukrainian language. Heidelberg: Carl Winter, Universit\u00e4tsverlag.<br \/>\nShevelov, G. Y. (1993). Standard Ukrainian. In D. Husar Struk (Ed.), Internet Encyclopedia of Ukraine [Encyclopedia of Ukraine (Vol. 5: St\u2014Z)].<br \/>\nSkurzewska, A. (2016). Omelian Patrycki i j\u0119zykoznawstwo preskrypcyjne w Galicji w II po\u0142owie XIX wieku. Cracow: Scriptum (in Polish).<br \/>\nSymonenko, L. O. (2014). Ukra\u0457ns\u2032ka terminohrafiia: Stan i perspektyvy. Movoznavstvo, 4, 28\u201435 (in Ukrainian).<br \/>\nTimberlake, A. (1978). K istorii zadnen\u00e5bnyx fonem v severnoslavianskix iazykax. In HenrikBirnbaum (Ed.), American Contributions to the Eighth International Congress of Slavists, Zagreb and Ljubljana, September 3\u20149, 1978 (Vol. 1: Linguistics and Poetics, pp. 699\u2014726). Columbus, OH: Slavica Publishers.<br \/>\nTymoshenko, P. D. (2013). Studi\u0457 nad movoiu Tarasa Shevchenka. Kyiv: KMM (in Ukrainian).<br \/>\nWyslobocki, J. (Ed.). (1851). Juridisch-politische Terminologie f\u00fcr die slavischen Sprachen \u00d6sterreichs. Deutsch-ruthenische Geparat-Ausgabe. Vienna: Kaiserlich-K\u00f6niglichen Hof- und Staatsdruckerei (in German and Ukrainian).<br \/>\nZelenchuk, I., Zelenchuk, Ia., Rybaruk, O., &amp; Rybaruk, I. (2012). Istorychna znakhidka na Hutsul\u2032shchyni: Metrychni knyhy kryvorivnians\u2032ko\u0457 tserkvy Rizdva Presviato\u0457 Bohorodytsi. Ukra\u0457noznavstvo, 2, 242\u2014245 (in Ukrainian).<br \/>\nZhovtobriukh, M. A., Rusanivs\u2032kyi, V. M., &amp; Skliarenko, V. H. (1979). Istoriia ukra\u0457ns\u2032ko\u0457 movy. Fonetyka. Kyiv: Naukova dumka (in Ukrainian).<br \/>\nZhovtobriukh, M. A., Volokh, O. T., Samiilenko, S. P., &amp; Slyn\u2032ko, I. I. (1980). Istorychna hrama tyka ukra\u0457ns\u2032ko\u0457 movy. Kyiv: Vyshcha shkola (in Ukrainian).<\/p>\n<\/div>","protected":false},"excerpt":{"rendered":"<p>Oksana Lebedivna, Ph.D. Candidate in Linguistics, Yukhymenko Family Doctoral School of the National University of Kyiv-Mohyla Academy, Department of Ukrainian Language 2 Hryhorii Skovoroda St., Kyiv 04655, Ukraine E-mail: o.lebedivna@edu.ukma.ua https:\/\/orcid.org\/0000-0003-3254-0098 Heading:\u00a0Articles Language: \u0415ngish Abstract: Dispalatalization of the Common Slavic *r\u2019 refers to a phonological innovation realized on broad Slavic territory in the 10th\u201413th century. [&hellip;]<\/p>\n","protected":false},"author":27,"featured_media":0,"parent":9883,"menu_order":0,"comment_status":"closed","ping_status":"closed","template":"page-doi.php","meta":[],"_links":{"self":[{"href":"https:\/\/ukrmova.iul-nasu.org.ua\/en\/wp-json\/wp\/v2\/pages\/9916"}],"collection":[{"href":"https:\/\/ukrmova.iul-nasu.org.ua\/en\/wp-json\/wp\/v2\/pages"}],"about":[{"href":"https:\/\/ukrmova.iul-nasu.org.ua\/en\/wp-json\/wp\/v2\/types\/page"}],"author":[{"embeddable":true,"href":"https:\/\/ukrmova.iul-nasu.org.ua\/en\/wp-json\/wp\/v2\/users\/27"}],"replies":[{"embeddable":true,"href":"https:\/\/ukrmova.iul-nasu.org.ua\/en\/wp-json\/wp\/v2\/comments?post=9916"}],"version-history":[{"count":5,"href":"https:\/\/ukrmova.iul-nasu.org.ua\/en\/wp-json\/wp\/v2\/pages\/9916\/revisions"}],"predecessor-version":[{"id":10170,"href":"https:\/\/ukrmova.iul-nasu.org.ua\/en\/wp-json\/wp\/v2\/pages\/9916\/revisions\/10170"}],"up":[{"embeddable":true,"href":"https:\/\/ukrmova.iul-nasu.org.ua\/en\/wp-json\/wp\/v2\/pages\/9883"}],"wp:attachment":[{"href":"https:\/\/ukrmova.iul-nasu.org.ua\/en\/wp-json\/wp\/v2\/media?parent=9916"}],"curies":[{"name":"wp","href":"https:\/\/api.w.org\/{rel}","templated":true}]}}