{"id":9921,"date":"2023-01-03T13:40:19","date_gmt":"2023-01-03T11:40:19","guid":{"rendered":"https:\/\/ukrmova.iul-nasu.org.ua\/?page_id=9921"},"modified":"2023-01-03T13:40:19","modified_gmt":"2023-01-03T11:40:19","slug":"retsenziya-na-knygu-vasicek-m-dynamika-jihokarpatskych-nareci-prague-slovansky-ustav-av-cr-v-v-i-2020-416-pp-isbn-978-80-86420-74-5","status":"publish","type":"page","link":"https:\/\/ukrmova.iul-nasu.org.ua\/en\/https-ukrmova-iul-nasu-org-ua-https-ukrmova-iul-nasu-org-ua-vypusky-zhurnalu-html-html-html-html\/2022-2\/zhurnal-ukrayinska-mova-2-82-2022\/retsenziya-na-knygu-vasicek-m-dynamika-jihokarpatskych-nareci-prague-slovansky-ustav-av-cr-v-v-i-2020-416-pp-isbn-978-80-86420-74-5.html","title":{"rendered":"Review of the book: Va\u0161\u00ed\u010dek, M. Dynamika jihokarpatsk\u00fdch n\u00e1\u0159e\u010d\u00ed. Prague: Slovansk\u00fd \u00fastav AV \u010cR, v. v. i., 2020. 416 pp. ISBN 978-80-86420-74-5 (in Czech)"},"content":{"rendered":"<em><strong><span dir=\"ltr\" role=\"presentation\">Les<\/span><span dir=\"ltr\" role=\"presentation\">\u2032<\/span> <span dir=\"ltr\" role=\"presentation\">Belei<\/span><\/strong><\/em><span dir=\"ltr\" role=\"presentation\">, PhD, Research Fellow, Department of Languages of Ukraine, <\/span><span dir=\"ltr\" role=\"presentation\">Potebn\u00b3a Institute of Linguistics of the National Academy of Sciences of Ukraine<\/span><br role=\"presentation\" \/><span dir=\"ltr\" role=\"presentation\">4 Hrushevs<\/span><span dir=\"ltr\" role=\"presentation\">\u2032<\/span><span dir=\"ltr\" role=\"presentation\">kyi St., Kyiv, 01001<\/span><\/p>\n<p><strong>Heading:\u00a0<\/strong>Surveys and Reviews<strong><br \/>\n<\/strong><strong>Language:\u00a0<\/strong>Ukrainian","protected":false},"excerpt":{"rendered":"<p>Les\u2032 Belei, PhD, Research Fellow, Department of Languages of Ukraine, Potebn\u00b3a Institute of Linguistics of the National Academy of Sciences of Ukraine4 Hrushevs\u2032kyi St., Kyiv, 01001 Heading:\u00a0Surveys and Reviews Language:\u00a0Ukrainian<\/p>\n","protected":false},"author":27,"featured_media":0,"parent":9883,"menu_order":0,"comment_status":"closed","ping_status":"closed","template":"page-doi.php","meta":[],"_links":{"self":[{"href":"https:\/\/ukrmova.iul-nasu.org.ua\/en\/wp-json\/wp\/v2\/pages\/9921"}],"collection":[{"href":"https:\/\/ukrmova.iul-nasu.org.ua\/en\/wp-json\/wp\/v2\/pages"}],"about":[{"href":"https:\/\/ukrmova.iul-nasu.org.ua\/en\/wp-json\/wp\/v2\/types\/page"}],"author":[{"embeddable":true,"href":"https:\/\/ukrmova.iul-nasu.org.ua\/en\/wp-json\/wp\/v2\/users\/27"}],"replies":[{"embeddable":true,"href":"https:\/\/ukrmova.iul-nasu.org.ua\/en\/wp-json\/wp\/v2\/comments?post=9921"}],"version-history":[{"count":2,"href":"https:\/\/ukrmova.iul-nasu.org.ua\/en\/wp-json\/wp\/v2\/pages\/9921\/revisions"}],"predecessor-version":[{"id":9923,"href":"https:\/\/ukrmova.iul-nasu.org.ua\/en\/wp-json\/wp\/v2\/pages\/9921\/revisions\/9923"}],"up":[{"embeddable":true,"href":"https:\/\/ukrmova.iul-nasu.org.ua\/en\/wp-json\/wp\/v2\/pages\/9883"}],"wp:attachment":[{"href":"https:\/\/ukrmova.iul-nasu.org.ua\/en\/wp-json\/wp\/v2\/media?parent=9921"}],"curies":[{"name":"wp","href":"https:\/\/api.w.org\/{rel}","templated":true}]}}