{"id":9960,"date":"2023-01-03T13:50:32","date_gmt":"2023-01-03T11:50:32","guid":{"rendered":"https:\/\/ukrmova.iul-nasu.org.ua\/?page_id=9960"},"modified":"2023-01-16T13:59:31","modified_gmt":"2023-01-16T11:59:31","slug":"zhyttya-viddane-onomastytsi-shtryhy-do-naukovogo-portreta-iryny-myhajlivny-zhelyeznyak","status":"publish","type":"page","link":"https:\/\/ukrmova.iul-nasu.org.ua\/en\/https-ukrmova-iul-nasu-org-ua-https-ukrmova-iul-nasu-org-ua-vypusky-zhurnalu-html-html-html-html\/2022-2\/zhurnal-ukrayinska-mova-3-83-2022\/zhyttya-viddane-onomastytsi-shtryhy-do-naukovogo-portreta-iryny-myhajlivny-zhelyeznyak.html","title":{"rendered":"Life for onomastics: A scientific portrait of Iryna Mykhailivna Zhel\u0456ezniak"},"content":{"rendered":"<em><strong>Sviatoslav Verbych<\/strong><\/em>, Doctor of Philology, Senior Research, Department of History of the Ukrainian Language and Onomastics, Institute of Ukrainian Language of the National Academy of Sciences of Ukraine<br \/>\n4 Hrushevs\u02b9kyi St., Kyiv 01001, Ukraine<\/p>\n<p>E-mail: sviatoverb@ukr.net<br \/>\nhttps:\/\/orcid.org\/0000-0003-4671-1898<\/p>\n<p><strong>Heading:<\/strong> Scientific figures of Ukrainian linguists<br \/>\n<strong>Language:<\/strong>\u00a0Ukrainian<\/p>\n<p><strong>Abstract<\/strong>: The article characterizes the scientific achievements of the famous Ukrainian linguist I. M. Zheliezniak (April 25, 1932 \u2014 June 24, 2020) in various areas of national onomastics \u2014 anthroponymics, oikonymics, hydronymics, microtoponymics. The focus is on the multifaceted interests of the scientist: structural and semantic features of Old Slavic composite names, the origin of Ukrainian surnames, the etymology of Ukrainian and non-Slavic potamonyms, oiko nyms, oronyms, the formation of the Kyiv microtoponymicon, Ukrainian-non-Slavic (Ukrainian-South Slavic) hydronyms parallels, the problem of Slavic ethnogenesis through the prism of pro per names. The works of Iryna Mykhailivna, important for domestic onomastics, from various onomastics branches are described. Her organizational activities are outlined, in particular, as the head (1985\u20142002) of the first group of onomastics within the dialectology and onomastics sector of the Potebnia Institute of Linguistics of the Academy of Sciences of the Ukrainian SSR, and later the Department of Onomastics within the Institute of the Ukrainian Language of the National Academy of Sciences of Ukraine. Iryna Mykhailivna was the inspirer and organizer of onomastic seminars at the Potebnia Institute of Linguistics of the Academy of Sciences of the Ukrainian SSR and the Institute of the Ukrainian Language of the National Academy of Sciences of Ukraine, she was a scientific editor of collections of scientific works, known not only in Ukraine, but also abroad, and the author of onomastic articles in three editions of the Ukrainian language encyclopedia. The article emphasizes the importance of the scientific ideas of I. M. Zheliezniak for modern and future scientists-onomastics. The scientist\u2019s contribution to the formation of Ukrainian onomastic science is updated.<\/p>\n<p><strong>Keywords:<\/strong> anthroponyms, hydronyms, onomastics, onomastic studies, I. M. Zheliezniak<\/p>\n<p><strong>LEGEND<\/strong><br \/>\n\u00c0IuZR \u2014 Arhiv Iugo-Zapadnoi Rossii, izdavaemyi Vremennoiu komissieiu dlia razbora drevnih aktov, vysochaishe uchrezhdennuiu pri Kievskom, Podol&#8217;skom i Volynskom general-gubernatore. (1859\u20141914). (Vols. 1\u20148). Kyiv: Tipografi\u0456a G. T. Korchak-Novitskogo (in Ukrainian).<br \/>\nVesel. \u2014 Veselovskii, S. B. (1974). Onomastikon: Drevnerusskie imena, prozvishha i familii. Moscow: Nauka (in Russian).<br \/>\nESLHNPR \u2014 Stryzhak, O. S. (Ed.). (1985). Etymolohichnyi slovnyk litopysnykh heohrafichnykh nazv Pivdenno\u0457 Rusi. Kyiv: Naukova dumka (in Ukrainian).<br \/>\n\u0415SU\u041c \u2014 Mel\u02b9nychuk, O. S., Bilodid, I. K., Kolomiiets\u02b9, V. T., Tkachenko, O. B., Lukinova, T. B., Pivtorak, H. P., &amp; Skliarenko, V. H. (Eds.). (1982\u20142012). Etymolohichnyi slovnyk ukra\u0457ns\u02b9ko\u0457 movy: v 7 t. (Vols. 1\u20146). Kyiv: Naukova dumka (in Ukrainian).<br \/>\nL\u041c \u2014 Kravchenko, V. (Ed.). (2005). Lytovs\u02b9ka metryka. Knyha 561: Revizi\u0457 ukra\u0457ns\u02b9kykh zam kiv 1545 roku. Kyiv: [b. v.] (in Ukrainian).<\/p>\n<p><strong>REFERENCES<\/strong><br \/>\nVarbot, Zh. Zh. (1972). K rekonstruktsii cheredovaniia glasnyh v nekotoryh slavianskih etimologicheskih gnezdah. In O. N. Trubachev (Ed.), Etimologiia. 1970 (\u0440p. 55\u201464). Moscow: Nauka (in Russian).<br \/>\nVarbot, Zh. Zh. (1982). K rekonstruktsii i etimologii nekotoryh praslavianskih glagol\u02b9nyh osnov i otglagol\u02b9nyh imen. \u0406X (*zorit\u0456 \/ *zariti II, *obsog\u2033 i *obso\u017eiti, *sykn\u01ebti, *r\u02b9v\u02b9n\u02b9 i *ruja, *guzlo). In O. N. Trubachev (Ed.), Etimologiia. 1980 (\u0440p. 30\u201436). Moscow: Nauka (in Russian).<br \/>\nVerbych, S. O. (2017). Hidronimiia baseinu Dnistra. Lutsk: Teren (in Ukrainian).<br \/>\nZheliezniak, I. M. (1971). Do pokhodzhennia hidronima Tsybulnyk. In K. K. Tsiluiko (Ed.), Pytannia hidronimiky: Materialy III Respublikans\u02b9ko\u0457 onomastychno\u0457 (hidronimichno\u0457) narady (\u0440p. 55\u201460). Kyiv: Naukova dumka (in Ukrainian).<br \/>\nZheliezniak, I. M. (1977). Ukra\u0457ns\u02b9ki hidronimy vid osnovy *sal-. Movoznavstvo, 6, 49\u201454 (in Ukrainian).<br \/>\nZheliezniak, I. M. (1979). Hidronimy Ukra\u0457ny iak dzherelo vidnovlennia deiakykh heohrafichnykh terminiv. \u041covoznavstvo, 4, 46\u201452 (in Ukrainian).<br \/>\nZheliezniak, I. M. (1981). Balkans\u02b9ko-Ukra\u0457ns\u02b9ki vzaiemozv\u2033iazky i paraleli. In O. S. Stryzhak (Ed.), Hidronimiia Ukra\u0457ny v \u0457\u0457 mizhmovnykh i mizhdialektnykh zv\u2033iazkakh (\u0440p. 31\u201465). Kyiv: Naukova dumka (in Ukrainian).<br \/>\nZheliezniak, I. M. (1985). Z tiurks\u02b9ko\u0457 hidronimi\u0457Kyieva. Movoznavstvo, 3, 37\u201440 (in Ukrainian).<br \/>\nZheliezniak, I. M. (1987). Ros\u02b9 i etnolinhvistychni protsesy Seredn\u02b9onaddniprians\u02b9koho Pravo berezhzhia. Kyiv: Naukova dumka (in Ukrainian).<br \/>\nZheliezniak, I. M. (1988a). Hidronimiia Ukra\u0457ny ta problema slov\u2033ians\u02b9koho etnohenezu. In X Mizhnarodnyi z\u2033\u0457zd slavistiv. Sofiia, veresen\u02b9 1988 r. Slov\u2033ians\u02b9ke movoznavstvo. Dopovidi (\u0440p. 5\u201415). Kyiv: Naukova dumka (in Ukrainian).<br \/>\nZhelezniak, I. M. (1988b). Gidronimiia Ukrainy i problema slavianskogo etnogeneza. In X Mezhdunaroden kongres na slavistite. Sofiia 14\u201422 septemvri 1988 g.: Reziumeta na dokladite (\u0440. 638). Sofia: Izdatel\u02b9stvo na B\u2033lgarskata akademiia na naukite (in Russian).<br \/>\nZhelezniak, I. M. (1993). Evropeiskii areal oronimov s osnovoi *bheus-. In V. V. Ivanov (Ed.), Obshcheslavianskii lingvisticheskii atlas: Materialy i issledovaniia. 1988\u20141990 (\u0440p. 145\u2014155). Moscow: Nauka (in Russian).<br \/>\nZheliezniak, I. M. (1996). Onomastychna leksyka i ukra\u0457ns\u02b9kyi etnohenez. Visnyk Natsionalnoi \u00c0kademii Nauk Ukra\u0457ny, 1\u20142, 30\u201433 (in Ukrainian).<br \/>\nZheliezniak, I. M. (1996). Onomastyka ta periodyzatsiia hlotohenezu v Ukraini (Do postanovky pytannia). In A. Ivchenko &amp; O. Taranenko (Eds.), III Mizhnarodnyi konhres ukra\u0457nistiv (26\u201429 serpnia 1996 r.): Movoznavstvo (\u0440p. 68\u201473). Kharkiv: Oko (in Ukrainian).<br \/>\nZheliezniak, I. M. (1999). Hidronimiia baseinu Tetereva v konteksti balkans\u02b9kykh ta inshykh onomastychnykh zv\u2033iazkiv. In I. M. Zheliezniak (Ed.), Onomastyka Polissia (\u0440p. 110\u2014138). Kyiv: [b. v.] (in Ukrainian).<br \/>\nZheliezniak, I. M. (2000). Materialy do \u201cIstoryko-Etymolohichnoho slovnyka toponimii Kyieva\u201d. In I. M. Zheliezniak (Ed.), Ukra\u0457ns\u02b9ka proprial\u02b9na leksyka: Materialy naukovoho seminaru 13\u201414 veresnia 2000 r. (\u0440p. 50\u201455). Kyiv: Kyi (in Ukrainian).<br \/>\nZheliezniak, I. M. (2006). Oikonim Mozyr u slov\u2033ians\u02b9komu konteksti. In A. V. Solahau &amp; V. V. Shur (Eds.), Nadzionnyia prablemy leks\u0456kalog\u0456\u0456 \u0456 anamastyk\u0456 slaviansk\u0456h mou (\u0440p. 161\u2014162). Mazyr: MDPU \u0456mia \u0406. P. Shamiak\u0456na (in Ukrainian).<br \/>\nZheliezniak, I. M. (2011). Slov\u2033ians\u02b9ka antroponimika (Vybrani statti). Kyiv: Kyi (in Ukrainian).<br \/>\nZheliezniak, I. M. (2014). Ky\u0457vs\u02b9kyi toponimikon. Kyiv: Kyi (in Ukrainian).<br \/>\nKozlova, R. M. (1997). Struktura praslavianskogo slova (Praslavianskoe slovo v geneticheskom gnezde). Gomel: [b. i.] (in Russian).<br \/>\nLuchyk, V. V. (2014). Etymolohichnyi slovnyk toponimiv Ukra\u0457ny. Kyiv: Akademiia (in Ukrainian).<br \/>\nPetrov, V. P. (1972). Etnohenez slov\u2033ian: Dzherela, etapy rozvytku i problematyka. Kyiv: Naukova dumka (in Ukrainian).<br \/>\nTrubachev, O. N. (1968). Nazvaniia rek Pravoberezhnoi Ukrainy. Slovoobrazovanie. Etimologiia. Etnicheskaia interpretaciia. Moscow: Nauka (in Russian).<br \/>\nShul\u02b9hach, V. P. (2010). Leksychni arkhaizmy naddnistrians\u02b9kykh hovoriv (Etymolohichni no tatky). In Movoznavchi studii. Vyp. 3: Dialekt u linhvokul\u02b9turolohichnomu prostori (Za materialamy Mizhnarodno\u0457 naukovo\u0457 konferentsi\u0457 na poshanu 100-richchia vid dnia narodzhennia prof. Havryla Shyla) (\u0440p. 374\u2014377). Drohobych: Shvydkodruk (in Ukrainian).<br \/>\nHengst, K. (2008). Gedanken zur Erkl\u00e4rung des tschechischen Ortsnamens Cheb. Onomastica Slavogermanica, XXV, 80(5), 51\u201457 (in German).<br \/>\nJakubowicz, M. (2010). Drogi s\u0142\u00f3w na przestrzeni wiek\u00f3w: zarys s\u0142ownika motywacji semantycznych na materiale przymiotnik\u00f3w s\u0142owia\u0144skich odziedziczonych z pras\u0142owia\u0144szczyzny. Warszawa: Slawistyczny O\u015brodek Wydawniczy (in Polish).<br \/>\nMilewski, T. (1993). O pochodzeniu s\u0142owia\u0144skich imion z\u0142o\u017conych. In Teoria, typologia i historia j\u0119zyka (\u0440p. 226\u2014237). Krak\u00f3w: Universitas (in Polish).","protected":false},"excerpt":{"rendered":"<p>Sviatoslav Verbych, Doctor of Philology, Senior Research, Department of History of the Ukrainian Language and Onomastics, Institute of Ukrainian Language of the National Academy of Sciences of Ukraine 4 Hrushevs\u02b9kyi St., Kyiv 01001, Ukraine E-mail: sviatoverb@ukr.net https:\/\/orcid.org\/0000-0003-4671-1898 Heading: Scientific figures of Ukrainian linguists Language:\u00a0Ukrainian Abstract: The article characterizes the scientific achievements of the famous Ukrainian [&hellip;]<\/p>\n","protected":false},"author":27,"featured_media":0,"parent":9930,"menu_order":0,"comment_status":"closed","ping_status":"closed","template":"page-doi.php","meta":[],"_links":{"self":[{"href":"https:\/\/ukrmova.iul-nasu.org.ua\/en\/wp-json\/wp\/v2\/pages\/9960"}],"collection":[{"href":"https:\/\/ukrmova.iul-nasu.org.ua\/en\/wp-json\/wp\/v2\/pages"}],"about":[{"href":"https:\/\/ukrmova.iul-nasu.org.ua\/en\/wp-json\/wp\/v2\/types\/page"}],"author":[{"embeddable":true,"href":"https:\/\/ukrmova.iul-nasu.org.ua\/en\/wp-json\/wp\/v2\/users\/27"}],"replies":[{"embeddable":true,"href":"https:\/\/ukrmova.iul-nasu.org.ua\/en\/wp-json\/wp\/v2\/comments?post=9960"}],"version-history":[{"count":6,"href":"https:\/\/ukrmova.iul-nasu.org.ua\/en\/wp-json\/wp\/v2\/pages\/9960\/revisions"}],"predecessor-version":[{"id":10201,"href":"https:\/\/ukrmova.iul-nasu.org.ua\/en\/wp-json\/wp\/v2\/pages\/9960\/revisions\/10201"}],"up":[{"embeddable":true,"href":"https:\/\/ukrmova.iul-nasu.org.ua\/en\/wp-json\/wp\/v2\/pages\/9930"}],"wp:attachment":[{"href":"https:\/\/ukrmova.iul-nasu.org.ua\/en\/wp-json\/wp\/v2\/media?parent=9960"}],"curies":[{"name":"wp","href":"https:\/\/api.w.org\/{rel}","templated":true}]}}